{"id":7337,"date":"2021-02-02T18:02:40","date_gmt":"2021-02-02T17:02:42","guid":{"rendered":"http:\/\/cbdtest.wimbo.at\/?post_type=product&#038;p=7337"},"modified":"2021-08-19T11:50:55","modified_gmt":"2021-08-19T09:50:55","slug":"coleccion-kush","status":"publish","type":"product","link":"https:\/\/cbdtest.wimbo.at\/es\/cbd-produkt\/coleccion-kush\/","title":{"rendered":"COLECCI\u00d3N KUSH"},"content":{"rendered":"<h2> COLECCI\u00d3N KUSH de freya CBDCURE <\/h2>\n<p> Los amantes encontrar\u00e1n lo que su coraz\u00f3n desea en este set. La pieza central es definitivamente la excelente selecci\u00f3n de nuestras mejores flores de CBD. <\/p>\n<p> <strong> OG Kush CBD Blossoms <\/strong> es una de las variedades de CBD m\u00e1s conocidas y populares y no deber\u00eda faltar. <\/p>\n<p> Con la dulce <strong> Vanilla Kush <\/strong>, seguida de la <strong> Candy Kush <\/strong> de nuestra flor de CBG, hay tres variedades intensivas en sabor que definitivamente no querr\u00e1s prescindir de una vez los has probado. <\/p>\n<p> &#038; nbsp; <\/p>\n<ul>\n<li> <strong> Flores de CBD OG Kush <\/strong> <\/li>\n<\/ul>\n<p> Nuestras flores de c\u00e1\u00f1amo org\u00e1nico <strong> OG Kush <\/strong> se cultivan en interiores y son ricas en el ingrediente activo cannabidiol (CBD). <\/p>\n<p> <a href=\"http:\/\/cbdtest.wimbo.at\/og-kush-cbd-cannabis-strain\/\"> <strong> OG Kush <\/strong> <\/a> es una variedad con una Nombre que tambi\u00e9n es reconocido fuera del mundo cann\u00e1bico. A pesar de su fama, sus or\u00edgenes exactos siguen siendo un misterio. El significado de su nombre tambi\u00e9n es controvertido &#8211; el \u00abOG\u00bb alternativamente deber\u00eda representar lo siguiente: \u00abG\u00e1ngster original\u00bb, que significa su estatus como un bloque de construcci\u00f3n de la vieja escuela; \u00abCultivado en el oc\u00e9ano\u00bb en relaci\u00f3n con su origen a lo largo de la costa de California. <\/p>\n<ul>\n<li> <strong> Vanilla Kush <\/strong> <strong> Flores de CBD <\/strong> <\/li>\n<\/ul>\n<p> <strong> Vanilla Kush: <\/strong> se cultiva en interiores y es rica en el ingrediente activo cannabidiol (CBD). <\/p>\n<p> <a href=\"http:\/\/cbdtest.wimbo.at\/vanilla-kush-cannabis-strain\/\"> <strong> Perfil &#8211; Vanilla Kush <\/strong> <\/a> <strong> <\/ fuerte> tiene un perfil de vainilla complejo que a menudo se denomina casi tropical. Esto hace que Vanilla Kush sea una apuesta segura incluso para los quisquillosos. <\/p>\n<ul>\n<li> <strong> Cogollos de Candy Kush CBG <br \/>\n<\/strong> <\/li>\n<\/ul>\n<p> Nuestras flores org\u00e1nicas de c\u00e1\u00f1amo <strong> Candy Kush <\/strong> se cultivan en interiores y son ricas en el ingrediente activo cannabigerol (CBG). <\/p>\n<p> <strong> Candy Kush Profile <\/strong>: obtenida a partir de una variedad sativa dominante. Las flores son densas, t\u00edpicas de la variedad Sativa de color verde claro. Los tricomas se ven abundantes, como si los cogollos se hubieran sumergido en az\u00facar, lo que hace que los cogollos se vean casi borrosos desde la distancia. <\/p>\n","protected":false},"excerpt":{"rendered":"<p> <span style = \"font-weight: 400;\"> leer a mano <\/span> <\/p>\n<p> Interior &#038; lt; 6% de CBD <\/p>\n<p> &hellip; <a href=\"https:\/\/cbdtest.wimbo.at\/es\/cbd-produkt\/coleccion-kush\/\">Read More<\/a><\/p>\n","protected":false},"featured_media":5073,"comment_status":"open","ping_status":"closed","template":"","meta":[],"product_cat":[112],"product_tag":[],"yoast_head":"<!-- This site is optimized with the Yoast SEO plugin v17.7.1 - https:\/\/yoast.com\/wordpress\/plugins\/seo\/ -->\n<title>COLECCI\u00d3N KUSH | Ordene flores de CBD en l\u00ednea ahora<\/title>\n<meta name=\"description\" content=\"COLECCI\u00d3N KUSH CBD Blossoms Compre CBD Oil Aceite de CBD en calidad org\u00e1nica Solicite CBD en l\u00ednea ahora de freya CBDCURE\" \/>\n<meta name=\"robots\" content=\"noindex, follow, max-snippet:-1, max-image-preview:large, max-video-preview:-1\" \/>\n<meta property=\"og:locale\" content=\"es_ES\" \/>\n<meta property=\"og:type\" content=\"article\" \/>\n<meta property=\"og:title\" content=\"COLECCI\u00d3N KUSH | Ordene flores de CBD en l\u00ednea ahora\" \/>\n<meta property=\"og:description\" content=\"COLECCI\u00d3N KUSH CBD Blossoms Compre CBD Oil Aceite de CBD en calidad org\u00e1nica Solicite CBD en l\u00ednea ahora de freya CBDCURE\" \/>\n<meta property=\"og:url\" content=\"https:\/\/cbdtest.wimbo.at\/es\/cbd-produkt\/coleccion-kush\/\" \/>\n<meta property=\"og:site_name\" content=\"CBD Bl\u00fcten | CBD \u00d6l online bestellen | FREYA CBDCURE\" \/>\n<meta property=\"article:publisher\" content=\"https:\/\/www.facebook.com\/freyacbdcure\/\" \/>\n<meta property=\"article:modified_time\" content=\"2021-08-19T09:50:55+00:00\" \/>\n<meta property=\"og:image\" content=\"https:\/\/cbdtest.wimbo.at\/wp-content\/uploads\/2020\/09\/vanilla_kush_cbd.jpg\" \/>\n\t<meta property=\"og:image:width\" content=\"500\" \/>\n\t<meta property=\"og:image:height\" content=\"500\" \/>\n<meta name=\"twitter:card\" content=\"summary_large_image\" \/>\n<meta name=\"twitter:site\" content=\"@freya_cbd_cure\" \/>\n<meta name=\"twitter:label1\" content=\"Tiempo de lectura\" \/>\n\t<meta name=\"twitter:data1\" content=\"2 minutos\" \/>\n<script type=\"application\/ld+json\" class=\"yoast-schema-graph\">{\"@context\":\"https:\/\/schema.org\",\"@graph\":[{\"@type\":\"Organization\",\"@id\":\"https:\/\/cbdtest.wimbo.at\/#organization\",\"name\":\"CBD Bl\\u00fcten, \\u00d6l online kaufen | Freya cbdcure\",\"url\":\"https:\/\/cbdtest.wimbo.at\/\",\"sameAs\":[\"https:\/\/www.facebook.com\/freyacbdcure\/\",\"https:\/\/www.instagram.com\/freya_cbd_cure\/\",\"https:\/\/www.linkedin.com\/company\/freya-cbdcure\/\",\"https:\/\/www.pinterest.at\/freyacbdcure\/\",\"https:\/\/twitter.com\/freya_cbd_cure\"],\"logo\":{\"@type\":\"ImageObject\",\"@id\":\"https:\/\/cbdtest.wimbo.at\/#logo\",\"inLanguage\":\"es\",\"url\":\"http:\/\/cbdtest.wimbo.at\/wp-content\/uploads\/2020\/09\/freya_logo.png\",\"contentUrl\":\"http:\/\/cbdtest.wimbo.at\/wp-content\/uploads\/2020\/09\/freya_logo.png\",\"width\":800,\"height\":1073,\"caption\":\"CBD Bl\\u00fcten, \\u00d6l online kaufen | Freya cbdcure\"},\"image\":{\"@id\":\"https:\/\/cbdtest.wimbo.at\/#logo\"}},{\"@type\":\"WebSite\",\"@id\":\"https:\/\/cbdtest.wimbo.at\/#website\",\"url\":\"https:\/\/cbdtest.wimbo.at\/\",\"name\":\"CBD Bl\\u00fcten | CBD \\u00d6l online bestellen | FREYA CBDCURE\",\"description\":\"CBD \\u00d6l Produkte \/ CBD Bl\\u00fcten Bio Hanf einfach und bequem Online Kaufen\",\"publisher\":{\"@id\":\"https:\/\/cbdtest.wimbo.at\/#organization\"},\"potentialAction\":[{\"@type\":\"SearchAction\",\"target\":{\"@type\":\"EntryPoint\",\"urlTemplate\":\"https:\/\/cbdtest.wimbo.at\/?s={search_term_string}\"},\"query-input\":\"required name=search_term_string\"}],\"inLanguage\":\"es\"},{\"@type\":\"ImageObject\",\"@id\":\"https:\/\/cbdtest.wimbo.at\/es\/cbd-produkt\/coleccion-kush\/#primaryimage\",\"inLanguage\":\"es\",\"url\":\"https:\/\/cbdtest.wimbo.at\/wp-content\/uploads\/2020\/09\/vanilla_kush_cbd.jpg\",\"contentUrl\":\"https:\/\/cbdtest.wimbo.at\/wp-content\/uploads\/2020\/09\/vanilla_kush_cbd.jpg\",\"width\":500,\"height\":500,\"caption\":\"vanilla_kush_cbd\"},{\"@type\":\"WebPage\",\"@id\":\"https:\/\/cbdtest.wimbo.at\/es\/cbd-produkt\/coleccion-kush\/#webpage\",\"url\":\"https:\/\/cbdtest.wimbo.at\/es\/cbd-produkt\/coleccion-kush\/\",\"name\":\"COLECCI\\u00d3N KUSH | Ordene flores de CBD en l\\u00ednea ahora\",\"isPartOf\":{\"@id\":\"https:\/\/cbdtest.wimbo.at\/#website\"},\"primaryImageOfPage\":{\"@id\":\"https:\/\/cbdtest.wimbo.at\/es\/cbd-produkt\/coleccion-kush\/#primaryimage\"},\"datePublished\":\"2021-02-02T17:02:42+00:00\",\"dateModified\":\"2021-08-19T09:50:55+00:00\",\"description\":\"COLECCI\\u00d3N KUSH CBD Blossoms Compre CBD Oil Aceite de CBD en calidad org\\u00e1nica Solicite CBD en l\\u00ednea ahora de freya CBDCURE\",\"breadcrumb\":{\"@id\":\"https:\/\/cbdtest.wimbo.at\/es\/cbd-produkt\/coleccion-kush\/#breadcrumb\"},\"inLanguage\":\"es\",\"potentialAction\":[{\"@type\":\"ReadAction\",\"target\":[\"https:\/\/cbdtest.wimbo.at\/es\/cbd-produkt\/coleccion-kush\/\"]}]},{\"@type\":\"BreadcrumbList\",\"@id\":\"https:\/\/cbdtest.wimbo.at\/es\/cbd-produkt\/coleccion-kush\/#breadcrumb\",\"itemListElement\":[{\"@type\":\"ListItem\",\"position\":1,\"name\":\"Startseite\",\"item\":\"https:\/\/cbdtest.wimbo.at\/es\/\"},{\"@type\":\"ListItem\",\"position\":2,\"name\":\"CBD Tienda\",\"item\":\"https:\/\/cbdtest.wimbo.at\/es\/cbd-tienda\/\"},{\"@type\":\"ListItem\",\"position\":3,\"name\":\"COLECCI\\u00d3N KUSH\"}]}]}<\/script>\n<!-- \/ Yoast SEO plugin. -->","yoast_head_json":{"title":"COLECCI\u00d3N KUSH | Ordene flores de CBD en l\u00ednea ahora","description":"COLECCI\u00d3N KUSH CBD Blossoms Compre CBD Oil Aceite de CBD en calidad org\u00e1nica Solicite CBD en l\u00ednea ahora de freya CBDCURE","robots":{"index":"noindex","follow":"follow","max-snippet":"max-snippet:-1","max-image-preview":"max-image-preview:large","max-video-preview":"max-video-preview:-1"},"og_locale":"es_ES","og_type":"article","og_title":"COLECCI\u00d3N KUSH | Ordene flores de CBD en l\u00ednea ahora","og_description":"COLECCI\u00d3N KUSH CBD Blossoms Compre CBD Oil Aceite de CBD en calidad org\u00e1nica Solicite CBD en l\u00ednea ahora de freya CBDCURE","og_url":"https:\/\/cbdtest.wimbo.at\/es\/cbd-produkt\/coleccion-kush\/","og_site_name":"CBD Bl\u00fcten | CBD \u00d6l online bestellen | FREYA CBDCURE","article_publisher":"https:\/\/www.facebook.com\/freyacbdcure\/","article_modified_time":"2021-08-19T09:50:55+00:00","og_image":[{"width":500,"height":500,"url":"https:\/\/cbdtest.wimbo.at\/wp-content\/uploads\/2020\/09\/vanilla_kush_cbd.jpg","type":"image\/jpeg"}],"twitter_card":"summary_large_image","twitter_site":"@freya_cbd_cure","twitter_misc":{"Tiempo de lectura":"2 minutos"},"schema":{"@context":"https:\/\/schema.org","@graph":[{"@type":"Organization","@id":"https:\/\/cbdtest.wimbo.at\/#organization","name":"CBD Bl\u00fcten, \u00d6l online kaufen | Freya cbdcure","url":"https:\/\/cbdtest.wimbo.at\/","sameAs":["https:\/\/www.facebook.com\/freyacbdcure\/","https:\/\/www.instagram.com\/freya_cbd_cure\/","https:\/\/www.linkedin.com\/company\/freya-cbdcure\/","https:\/\/www.pinterest.at\/freyacbdcure\/","https:\/\/twitter.com\/freya_cbd_cure"],"logo":{"@type":"ImageObject","@id":"https:\/\/cbdtest.wimbo.at\/#logo","inLanguage":"es","url":"http:\/\/cbdtest.wimbo.at\/wp-content\/uploads\/2020\/09\/freya_logo.png","contentUrl":"http:\/\/cbdtest.wimbo.at\/wp-content\/uploads\/2020\/09\/freya_logo.png","width":800,"height":1073,"caption":"CBD Bl\u00fcten, \u00d6l online kaufen | Freya cbdcure"},"image":{"@id":"https:\/\/cbdtest.wimbo.at\/#logo"}},{"@type":"WebSite","@id":"https:\/\/cbdtest.wimbo.at\/#website","url":"https:\/\/cbdtest.wimbo.at\/","name":"CBD Bl\u00fcten | CBD \u00d6l online bestellen | FREYA CBDCURE","description":"CBD \u00d6l Produkte \/ CBD Bl\u00fcten Bio Hanf einfach und bequem Online Kaufen","publisher":{"@id":"https:\/\/cbdtest.wimbo.at\/#organization"},"potentialAction":[{"@type":"SearchAction","target":{"@type":"EntryPoint","urlTemplate":"https:\/\/cbdtest.wimbo.at\/?s={search_term_string}"},"query-input":"required name=search_term_string"}],"inLanguage":"es"},{"@type":"ImageObject","@id":"https:\/\/cbdtest.wimbo.at\/es\/cbd-produkt\/coleccion-kush\/#primaryimage","inLanguage":"es","url":"https:\/\/cbdtest.wimbo.at\/wp-content\/uploads\/2020\/09\/vanilla_kush_cbd.jpg","contentUrl":"https:\/\/cbdtest.wimbo.at\/wp-content\/uploads\/2020\/09\/vanilla_kush_cbd.jpg","width":500,"height":500,"caption":"vanilla_kush_cbd"},{"@type":"WebPage","@id":"https:\/\/cbdtest.wimbo.at\/es\/cbd-produkt\/coleccion-kush\/#webpage","url":"https:\/\/cbdtest.wimbo.at\/es\/cbd-produkt\/coleccion-kush\/","name":"COLECCI\u00d3N KUSH | Ordene flores de CBD en l\u00ednea ahora","isPartOf":{"@id":"https:\/\/cbdtest.wimbo.at\/#website"},"primaryImageOfPage":{"@id":"https:\/\/cbdtest.wimbo.at\/es\/cbd-produkt\/coleccion-kush\/#primaryimage"},"datePublished":"2021-02-02T17:02:42+00:00","dateModified":"2021-08-19T09:50:55+00:00","description":"COLECCI\u00d3N KUSH CBD Blossoms Compre CBD Oil Aceite de CBD en calidad org\u00e1nica Solicite CBD en l\u00ednea ahora de freya CBDCURE","breadcrumb":{"@id":"https:\/\/cbdtest.wimbo.at\/es\/cbd-produkt\/coleccion-kush\/#breadcrumb"},"inLanguage":"es","potentialAction":[{"@type":"ReadAction","target":["https:\/\/cbdtest.wimbo.at\/es\/cbd-produkt\/coleccion-kush\/"]}]},{"@type":"BreadcrumbList","@id":"https:\/\/cbdtest.wimbo.at\/es\/cbd-produkt\/coleccion-kush\/#breadcrumb","itemListElement":[{"@type":"ListItem","position":1,"name":"Startseite","item":"https:\/\/cbdtest.wimbo.at\/es\/"},{"@type":"ListItem","position":2,"name":"CBD Tienda","item":"https:\/\/cbdtest.wimbo.at\/es\/cbd-tienda\/"},{"@type":"ListItem","position":3,"name":"COLECCI\u00d3N KUSH"}]}]}},"_links":{"self":[{"href":"https:\/\/cbdtest.wimbo.at\/es\/wp-json\/wp\/v2\/product\/7337"}],"collection":[{"href":"https:\/\/cbdtest.wimbo.at\/es\/wp-json\/wp\/v2\/product"}],"about":[{"href":"https:\/\/cbdtest.wimbo.at\/es\/wp-json\/wp\/v2\/types\/product"}],"replies":[{"embeddable":true,"href":"https:\/\/cbdtest.wimbo.at\/es\/wp-json\/wp\/v2\/comments?post=7337"}],"version-history":[{"count":0,"href":"https:\/\/cbdtest.wimbo.at\/es\/wp-json\/wp\/v2\/product\/7337\/revisions"}],"wp:featuredmedia":[{"embeddable":true,"href":"https:\/\/cbdtest.wimbo.at\/es\/wp-json\/wp\/v2\/media\/5073"}],"wp:attachment":[{"href":"https:\/\/cbdtest.wimbo.at\/es\/wp-json\/wp\/v2\/media?parent=7337"}],"wp:term":[{"taxonomy":"product_cat","embeddable":true,"href":"https:\/\/cbdtest.wimbo.at\/es\/wp-json\/wp\/v2\/product_cat?post=7337"},{"taxonomy":"product_tag","embeddable":true,"href":"https:\/\/cbdtest.wimbo.at\/es\/wp-json\/wp\/v2\/product_tag?post=7337"}],"curies":[{"name":"wp","href":"https:\/\/api.w.org\/{rel}","templated":true}]}}