{"id":6764,"date":"2020-12-04T18:18:02","date_gmt":"2020-12-04T17:18:02","guid":{"rendered":"http:\/\/cbdtest.wimbo.at\/cbd-produkt\/cbd-lemon-1\/"},"modified":"2021-03-10T19:25:28","modified_gmt":"2021-03-10T18:25:28","slug":"cbd-lemon-1","status":"publish","type":"product","link":"https:\/\/cbdtest.wimbo.at\/es\/cbd-produkt\/cbd-lemon-1\/","title":{"rendered":"CBD Lemon #1"},"content":{"rendered":"<h2>CBD Lemon #1 &#8211; CA 40:1<\/h2>\n<p>es una <strong>variedad de CBD<\/strong> de freya-CBDCURE. Muestra un ratio<strong> CBD:THC<\/strong> de <strong>40:1.<\/strong><\/p>\n<p>El contenido medio de THC es del <strong>0,3%<\/strong>, el <strong>contenido de CBD<\/strong> es siempre al menos un <strong>12%<\/strong>.<\/p>\n<p>Esta variedad es perfectamente adecuada para la producci\u00f3n de flores.<\/p>\n<p><strong>Esta variedad muestra dos fenotipos diferentes<\/strong><\/p>\n<ul>\n<li>El <strong>fenotipo Indica<\/strong> crece muy denso y compacto.<\/li>\n<li>El<strong> fenotipo Sativa<\/strong> desarrolla flores a\u00fan m\u00e1s fuertes.<\/li>\n<\/ul>\n<p>Adem\u00e1s, como la mayor\u00eda de las cepas de Savita, este fenotipo es ligeramente m\u00e1s dif\u00edcil de cultivar que su hermana Indica.<\/p>\n<p>Sin embargo, no hay problema para que ambos fenotipos crezcan juntos. El rendimiento es alto, <strong>400 &#8211; 500 gramos \/ m2 en el interior<\/strong>. En el cultivo exterior hasta <strong>900 gramos por planta.<\/strong><\/p>\n<p>El aroma y el sabor son maravillosamente limonosos con un ligero toque de menta.<\/p>\n<p>La variedad tambi\u00e9n tiene un alto contenido de <strong>CBG, CBN, THCV<\/strong> y<strong> CBDV<\/strong>.<\/p>\n","protected":false},"excerpt":{"rendered":"<ul>\n<li>Variedad: H\u00edbrido Indica &#8211; Sativa<\/li>\n<li>Tipo de variedad: feminizada<\/li>\n<li>Gen\u00e9tica: Gen\u00e9tica secreta<\/li>\n<li>Sabor: lim\u00f3n \/ tierra \/ menta<\/li>\n<li>Tiempo de floraci\u00f3n en interior: 60 &#8211; 70 d\u00edas<\/li>\n<li>Tiempo de cosecha exterior: finales de septiembre<\/li>\n<li>Rendimiento en interiores: 400 &#8211; 500 g \/ m2<\/li>\n<li>Rendimiento en exterior: 600 &#8211; 900 gramos por planta<\/li>\n<li>Tama\u00f1o en interior: 80 &#8211; 130 cm<\/li>\n<li>Tama\u00f1o en exterior: hasta 350 cm<\/li>\n<li>Contenido de THC: &lt;0,3<\/li>\n<li>Contenido de CBD: 12%.<\/li>\n<\/ul>\n<p> &hellip; <a href=\"https:\/\/cbdtest.wimbo.at\/es\/cbd-produkt\/cbd-lemon-1\/\">Read More<\/a><\/p>\n","protected":false},"featured_media":6745,"comment_status":"open","ping_status":"closed","template":"","meta":[],"product_cat":[126],"product_tag":[],"yoast_head":"<!-- This site is optimized with the Yoast SEO plugin v17.7.1 - https:\/\/yoast.com\/wordpress\/plugins\/seo\/ -->\n<title>Lim\u00f3n CBD # 1 | Ordene semillas de CBD en l\u00ednea ahora | FREYA CBDCURE<\/title>\n<meta name=\"description\" content=\"CBD Lemon 1 es una variedad de CBD de freya CBDCURE Tiene un ratio CBD THC de 40 1 contenido de THC 0,3, contenido de CBD 12 | comprar online\" \/>\n<meta name=\"robots\" content=\"noindex, follow, max-snippet:-1, max-image-preview:large, max-video-preview:-1\" \/>\n<meta property=\"og:locale\" content=\"es_ES\" \/>\n<meta property=\"og:type\" content=\"article\" \/>\n<meta property=\"og:title\" content=\"Lim\u00f3n CBD # 1 | Ordene semillas de CBD en l\u00ednea ahora | FREYA CBDCURE\" \/>\n<meta property=\"og:description\" content=\"CBD Lemon 1 es una variedad de CBD de freya CBDCURE Tiene un ratio CBD THC de 40 1 contenido de THC 0,3, contenido de CBD 12 | comprar online\" \/>\n<meta property=\"og:url\" content=\"https:\/\/cbdtest.wimbo.at\/es\/cbd-produkt\/cbd-lemon-1\/\" \/>\n<meta property=\"og:site_name\" content=\"CBD Bl\u00fcten | CBD \u00d6l online bestellen | FREYA CBDCURE\" \/>\n<meta property=\"article:publisher\" content=\"https:\/\/www.facebook.com\/freyacbdcure\/\" \/>\n<meta property=\"article:modified_time\" content=\"2021-03-10T18:25:28+00:00\" \/>\n<meta property=\"og:image\" content=\"https:\/\/cbdtest.wimbo.at\/wp-content\/uploads\/2020\/12\/84988808.jpg\" \/>\n\t<meta property=\"og:image:width\" content=\"500\" \/>\n\t<meta property=\"og:image:height\" content=\"500\" \/>\n<meta name=\"twitter:card\" content=\"summary_large_image\" \/>\n<meta name=\"twitter:site\" content=\"@freya_cbd_cure\" \/>\n<meta name=\"twitter:label1\" content=\"Tiempo de lectura\" \/>\n\t<meta name=\"twitter:data1\" content=\"1 minuto\" \/>\n<script type=\"application\/ld+json\" class=\"yoast-schema-graph\">{\"@context\":\"https:\/\/schema.org\",\"@graph\":[{\"@type\":\"Organization\",\"@id\":\"https:\/\/cbdtest.wimbo.at\/#organization\",\"name\":\"CBD Bl\\u00fcten, \\u00d6l online kaufen | Freya cbdcure\",\"url\":\"https:\/\/cbdtest.wimbo.at\/\",\"sameAs\":[\"https:\/\/www.facebook.com\/freyacbdcure\/\",\"https:\/\/www.instagram.com\/freya_cbd_cure\/\",\"https:\/\/www.linkedin.com\/company\/freya-cbdcure\/\",\"https:\/\/www.pinterest.at\/freyacbdcure\/\",\"https:\/\/twitter.com\/freya_cbd_cure\"],\"logo\":{\"@type\":\"ImageObject\",\"@id\":\"https:\/\/cbdtest.wimbo.at\/#logo\",\"inLanguage\":\"es\",\"url\":\"http:\/\/cbdtest.wimbo.at\/wp-content\/uploads\/2020\/09\/freya_logo.png\",\"contentUrl\":\"http:\/\/cbdtest.wimbo.at\/wp-content\/uploads\/2020\/09\/freya_logo.png\",\"width\":800,\"height\":1073,\"caption\":\"CBD Bl\\u00fcten, \\u00d6l online kaufen | Freya cbdcure\"},\"image\":{\"@id\":\"https:\/\/cbdtest.wimbo.at\/#logo\"}},{\"@type\":\"WebSite\",\"@id\":\"https:\/\/cbdtest.wimbo.at\/#website\",\"url\":\"https:\/\/cbdtest.wimbo.at\/\",\"name\":\"CBD Bl\\u00fcten | CBD \\u00d6l online bestellen | FREYA CBDCURE\",\"description\":\"CBD \\u00d6l Produkte \/ CBD Bl\\u00fcten Bio Hanf einfach und bequem Online Kaufen\",\"publisher\":{\"@id\":\"https:\/\/cbdtest.wimbo.at\/#organization\"},\"potentialAction\":[{\"@type\":\"SearchAction\",\"target\":{\"@type\":\"EntryPoint\",\"urlTemplate\":\"https:\/\/cbdtest.wimbo.at\/?s={search_term_string}\"},\"query-input\":\"required name=search_term_string\"}],\"inLanguage\":\"es\"},{\"@type\":\"ImageObject\",\"@id\":\"https:\/\/cbdtest.wimbo.at\/es\/cbd-produkt\/cbd-lemon-1\/#primaryimage\",\"inLanguage\":\"es\",\"url\":\"https:\/\/cbdtest.wimbo.at\/wp-content\/uploads\/2020\/12\/84988808.jpg\",\"contentUrl\":\"https:\/\/cbdtest.wimbo.at\/wp-content\/uploads\/2020\/12\/84988808.jpg\",\"width\":500,\"height\":500,\"caption\":\"FREYA CBD\"},{\"@type\":\"WebPage\",\"@id\":\"https:\/\/cbdtest.wimbo.at\/es\/cbd-produkt\/cbd-lemon-1\/#webpage\",\"url\":\"https:\/\/cbdtest.wimbo.at\/es\/cbd-produkt\/cbd-lemon-1\/\",\"name\":\"Lim\\u00f3n CBD # 1 | Ordene semillas de CBD en l\\u00ednea ahora | FREYA CBDCURE\",\"isPartOf\":{\"@id\":\"https:\/\/cbdtest.wimbo.at\/#website\"},\"primaryImageOfPage\":{\"@id\":\"https:\/\/cbdtest.wimbo.at\/es\/cbd-produkt\/cbd-lemon-1\/#primaryimage\"},\"datePublished\":\"2020-12-04T17:18:02+00:00\",\"dateModified\":\"2021-03-10T18:25:28+00:00\",\"description\":\"CBD Lemon 1 es una variedad de CBD de freya CBDCURE Tiene un ratio CBD THC de 40 1 contenido de THC 0,3, contenido de CBD 12 | comprar online\",\"breadcrumb\":{\"@id\":\"https:\/\/cbdtest.wimbo.at\/es\/cbd-produkt\/cbd-lemon-1\/#breadcrumb\"},\"inLanguage\":\"es\",\"potentialAction\":[{\"@type\":\"ReadAction\",\"target\":[\"https:\/\/cbdtest.wimbo.at\/es\/cbd-produkt\/cbd-lemon-1\/\"]}]},{\"@type\":\"BreadcrumbList\",\"@id\":\"https:\/\/cbdtest.wimbo.at\/es\/cbd-produkt\/cbd-lemon-1\/#breadcrumb\",\"itemListElement\":[{\"@type\":\"ListItem\",\"position\":1,\"name\":\"Startseite\",\"item\":\"https:\/\/cbdtest.wimbo.at\/es\/\"},{\"@type\":\"ListItem\",\"position\":2,\"name\":\"CBD Tienda\",\"item\":\"https:\/\/cbdtest.wimbo.at\/es\/cbd-tienda\/\"},{\"@type\":\"ListItem\",\"position\":3,\"name\":\"CBD Lemon #1\"}]}]}<\/script>\n<!-- \/ Yoast SEO plugin. -->","yoast_head_json":{"title":"Lim\u00f3n CBD # 1 | Ordene semillas de CBD en l\u00ednea ahora | FREYA CBDCURE","description":"CBD Lemon 1 es una variedad de CBD de freya CBDCURE Tiene un ratio CBD THC de 40 1 contenido de THC 0,3, contenido de CBD 12 | comprar online","robots":{"index":"noindex","follow":"follow","max-snippet":"max-snippet:-1","max-image-preview":"max-image-preview:large","max-video-preview":"max-video-preview:-1"},"og_locale":"es_ES","og_type":"article","og_title":"Lim\u00f3n CBD # 1 | Ordene semillas de CBD en l\u00ednea ahora | FREYA CBDCURE","og_description":"CBD Lemon 1 es una variedad de CBD de freya CBDCURE Tiene un ratio CBD THC de 40 1 contenido de THC 0,3, contenido de CBD 12 | comprar online","og_url":"https:\/\/cbdtest.wimbo.at\/es\/cbd-produkt\/cbd-lemon-1\/","og_site_name":"CBD Bl\u00fcten | CBD \u00d6l online bestellen | FREYA CBDCURE","article_publisher":"https:\/\/www.facebook.com\/freyacbdcure\/","article_modified_time":"2021-03-10T18:25:28+00:00","og_image":[{"width":500,"height":500,"url":"https:\/\/cbdtest.wimbo.at\/wp-content\/uploads\/2020\/12\/84988808.jpg","type":"image\/jpeg"}],"twitter_card":"summary_large_image","twitter_site":"@freya_cbd_cure","twitter_misc":{"Tiempo de lectura":"1 minuto"},"schema":{"@context":"https:\/\/schema.org","@graph":[{"@type":"Organization","@id":"https:\/\/cbdtest.wimbo.at\/#organization","name":"CBD Bl\u00fcten, \u00d6l online kaufen | Freya cbdcure","url":"https:\/\/cbdtest.wimbo.at\/","sameAs":["https:\/\/www.facebook.com\/freyacbdcure\/","https:\/\/www.instagram.com\/freya_cbd_cure\/","https:\/\/www.linkedin.com\/company\/freya-cbdcure\/","https:\/\/www.pinterest.at\/freyacbdcure\/","https:\/\/twitter.com\/freya_cbd_cure"],"logo":{"@type":"ImageObject","@id":"https:\/\/cbdtest.wimbo.at\/#logo","inLanguage":"es","url":"http:\/\/cbdtest.wimbo.at\/wp-content\/uploads\/2020\/09\/freya_logo.png","contentUrl":"http:\/\/cbdtest.wimbo.at\/wp-content\/uploads\/2020\/09\/freya_logo.png","width":800,"height":1073,"caption":"CBD Bl\u00fcten, \u00d6l online kaufen | Freya cbdcure"},"image":{"@id":"https:\/\/cbdtest.wimbo.at\/#logo"}},{"@type":"WebSite","@id":"https:\/\/cbdtest.wimbo.at\/#website","url":"https:\/\/cbdtest.wimbo.at\/","name":"CBD Bl\u00fcten | CBD \u00d6l online bestellen | FREYA CBDCURE","description":"CBD \u00d6l Produkte \/ CBD Bl\u00fcten Bio Hanf einfach und bequem Online Kaufen","publisher":{"@id":"https:\/\/cbdtest.wimbo.at\/#organization"},"potentialAction":[{"@type":"SearchAction","target":{"@type":"EntryPoint","urlTemplate":"https:\/\/cbdtest.wimbo.at\/?s={search_term_string}"},"query-input":"required name=search_term_string"}],"inLanguage":"es"},{"@type":"ImageObject","@id":"https:\/\/cbdtest.wimbo.at\/es\/cbd-produkt\/cbd-lemon-1\/#primaryimage","inLanguage":"es","url":"https:\/\/cbdtest.wimbo.at\/wp-content\/uploads\/2020\/12\/84988808.jpg","contentUrl":"https:\/\/cbdtest.wimbo.at\/wp-content\/uploads\/2020\/12\/84988808.jpg","width":500,"height":500,"caption":"FREYA CBD"},{"@type":"WebPage","@id":"https:\/\/cbdtest.wimbo.at\/es\/cbd-produkt\/cbd-lemon-1\/#webpage","url":"https:\/\/cbdtest.wimbo.at\/es\/cbd-produkt\/cbd-lemon-1\/","name":"Lim\u00f3n CBD # 1 | Ordene semillas de CBD en l\u00ednea ahora | FREYA CBDCURE","isPartOf":{"@id":"https:\/\/cbdtest.wimbo.at\/#website"},"primaryImageOfPage":{"@id":"https:\/\/cbdtest.wimbo.at\/es\/cbd-produkt\/cbd-lemon-1\/#primaryimage"},"datePublished":"2020-12-04T17:18:02+00:00","dateModified":"2021-03-10T18:25:28+00:00","description":"CBD Lemon 1 es una variedad de CBD de freya CBDCURE Tiene un ratio CBD THC de 40 1 contenido de THC 0,3, contenido de CBD 12 | comprar online","breadcrumb":{"@id":"https:\/\/cbdtest.wimbo.at\/es\/cbd-produkt\/cbd-lemon-1\/#breadcrumb"},"inLanguage":"es","potentialAction":[{"@type":"ReadAction","target":["https:\/\/cbdtest.wimbo.at\/es\/cbd-produkt\/cbd-lemon-1\/"]}]},{"@type":"BreadcrumbList","@id":"https:\/\/cbdtest.wimbo.at\/es\/cbd-produkt\/cbd-lemon-1\/#breadcrumb","itemListElement":[{"@type":"ListItem","position":1,"name":"Startseite","item":"https:\/\/cbdtest.wimbo.at\/es\/"},{"@type":"ListItem","position":2,"name":"CBD Tienda","item":"https:\/\/cbdtest.wimbo.at\/es\/cbd-tienda\/"},{"@type":"ListItem","position":3,"name":"CBD Lemon #1"}]}]}},"_links":{"self":[{"href":"https:\/\/cbdtest.wimbo.at\/es\/wp-json\/wp\/v2\/product\/6764"}],"collection":[{"href":"https:\/\/cbdtest.wimbo.at\/es\/wp-json\/wp\/v2\/product"}],"about":[{"href":"https:\/\/cbdtest.wimbo.at\/es\/wp-json\/wp\/v2\/types\/product"}],"replies":[{"embeddable":true,"href":"https:\/\/cbdtest.wimbo.at\/es\/wp-json\/wp\/v2\/comments?post=6764"}],"version-history":[{"count":0,"href":"https:\/\/cbdtest.wimbo.at\/es\/wp-json\/wp\/v2\/product\/6764\/revisions"}],"wp:featuredmedia":[{"embeddable":true,"href":"https:\/\/cbdtest.wimbo.at\/es\/wp-json\/wp\/v2\/media\/6745"}],"wp:attachment":[{"href":"https:\/\/cbdtest.wimbo.at\/es\/wp-json\/wp\/v2\/media?parent=6764"}],"wp:term":[{"taxonomy":"product_cat","embeddable":true,"href":"https:\/\/cbdtest.wimbo.at\/es\/wp-json\/wp\/v2\/product_cat?post=6764"},{"taxonomy":"product_tag","embeddable":true,"href":"https:\/\/cbdtest.wimbo.at\/es\/wp-json\/wp\/v2\/product_tag?post=6764"}],"curies":[{"name":"wp","href":"https:\/\/api.w.org\/{rel}","templated":true}]}}