{"id":6757,"date":"2020-12-04T17:29:50","date_gmt":"2020-12-04T16:29:50","guid":{"rendered":"http:\/\/cbdtest.wimbo.at\/cbd-produkt\/vela-de-masaje-de-cannabis-3-en-1\/"},"modified":"2021-08-19T11:50:48","modified_gmt":"2021-08-19T09:50:48","slug":"vela-de-masaje-de-cannabis-3-en-1","status":"publish","type":"product","link":"https:\/\/cbdtest.wimbo.at\/es\/cbd-produkt\/vela-de-masaje-de-cannabis-3-en-1\/","title":{"rendered":"Vela de masaje de cannabis 3 en 1"},"content":{"rendered":"<h2>Vela de masaje de cannabis 3 en 1<\/h2>\n<p>\u00a1\u00dasalo como una vela arom\u00e1tica, aceite de masaje y b\u00e1lsamo!<\/p>\n<h3><strong>Menta y jazm\u00edn blanco<\/strong><\/h3>\n<p>El antiguo arte de la <strong>aromaterapia<\/strong> utiliza los aceites esenciales naturales de una planta para mejorar el estado de \u00e1nimo y promover el bienestar a trav\u00e9s de nuestro sentido m\u00e1s primitivo &#8211; nuestro sentido del olfato. El c\u00e1\u00f1amo se vaporiza cuando se quema para proporcionar beneficios de aromaterapia.<\/p>\n<p>Las <strong>velas de masaje 3 en 1 de cannabis<\/strong> est\u00e1n confeccionadas con<strong> cera de soja natural<\/strong>, <strong>extracto de Sativa L<\/strong> y <strong>aceite de semillas de c\u00e1\u00f1amo<\/strong>.<\/p>\n<p>El aceite esencial de c\u00e1\u00f1amo, uno de los aceites esenciales menos conocidos y \u00abtab\u00fa\u00bb, proporciona un aroma terap\u00e9utico. Eso promueve el equilibrio de la mente y el cuerpo reduciendo el estr\u00e9s, relajando el cuerpo y mejorando la mente.<\/p>\n<p>Las velas con aceites esenciales y aromas son una forma f\u00e1cil de aprovechar los beneficios de la aromaterapia.<\/p>\n<p><strong>Sin SLS, sin paraben, sin sulfato, sin parafina, sin BPA, sin ftalato, vegano y libre de crueldad.<\/strong><\/p>\n<p>Recipiente reutilizable &#8211; Cada vela se vierte en un recipiente de vidrio de doble pared que puede ser reutilizado como recipiente para bebidas calientes.<\/p>\n<h3>Aromaterapia<\/h3>\n<p><strong>Utilizar:<\/strong><\/p>\n<p>Enciende la vela y espera de 15 a 20 minutos para que la superficie de cera se derrita. Este \u00faltimo tiene un punto de fusi\u00f3n muy bajo (44 \u00b0 C) y por lo tanto est\u00e1 caliente sin estar caliente.<\/p>\n<p>Apaga la vela y verifica la temperatura de la cera.<\/p>\n<p>Cuando la temperatura sea la adecuada, vierte una peque\u00f1a cantidad de cera en la palma de tu mano y comienza a masajear donde quieras.<\/p>\n<p>Personalmente, uso mi vela de masaje como humectante aplicando la cera derretida en piernas y brazos sin olvidar los codos y los talones que son muy \u00e1speros en invierno (recuerda usar calcetines despu\u00e9s).<\/p>\n<p>La cera se solidificar\u00e1 gradualmente, pero incluso cuando se vuelva cremosa, se estirar\u00e1 y penetrar\u00e1 bien en la piel.<\/p>\n<p><strong>Precauciones:<\/strong><\/p>\n<p><strong>Nunca deje una vela encendida sin vigilancia.<\/strong><\/p>\n<p>Las mujeres embarazadas o en per\u00edodo de lactancia deben estar atentas y buscar el consejo de un m\u00e9dico antes de usar el producto.<\/p>\n<p>Deje de usar el producto si se produce irritaci\u00f3n de la piel. Evite los ojos y las membranas mucosas.<\/p>\n<p>No ingiera el producto.<\/p>\n<p>Mant\u00e9ngase fuera del alcance de ni\u00f1os y animales.<\/p>\n<p>No calentar en el microondas.<\/p>\n<p>Guardar en lugar fresco y seco.<\/p>\n<p>Mantenga la mecha corta (aproximadamente 1 cm) para evitar que la mecha se queme en la vela (lo cual no es un drama en s\u00ed mismo, pero es menos est\u00e9tico).<\/p>\n<p>La cantidad de aceite esencial \/ esencia arom\u00e1tica est\u00e1 destinada al uso corporal.<\/p>\n<p><em>No hay ninguna recomendaci\u00f3n oficial para el CBD. La informaci\u00f3n de esta p\u00e1gina s\u00f3lo pretende ser un buen punto de partida y no debe considerarse como un consejo m\u00e9dico.<\/em><\/p>\n","protected":false},"excerpt":{"rendered":"<p><strong>Hecho a mano en Tirol (Austria)<\/strong><\/p>\n<ul>\n<li>Contenido: 210ml &#8211; 7 oz<\/li>\n<li>Aceite con esencia de menta y jazm\u00edn blanco<\/li>\n<li>Extracto de Sativa L &#8211; 10mg de cannabinoides activo<\/li>\n<li>Aceite de macadamia<\/li>\n<li>Aceite de semillas de c\u00e1\u00f1amo<\/li>\n<li>Manteca de karit\u00e9<\/li>\n<li>Vitamina E<\/li>\n<li>Cera de soja natural<\/li>\n<li>Mecha de c\u00e1\u00f1amo para una combusti\u00f3n limpia<\/li>\n<li>35 horas de quemado<\/li>\n<li>Ingredientes limpios<\/li>\n<li>Recipiente de vidrio de doble pared reutilizable<\/li>\n<\/ul>\n<p> &hellip; <a href=\"https:\/\/cbdtest.wimbo.at\/es\/cbd-produkt\/vela-de-masaje-de-cannabis-3-en-1\/\">Read More<\/a><\/p>\n","protected":false},"featured_media":6979,"comment_status":"open","ping_status":"closed","template":"","meta":[],"product_cat":[128],"product_tag":[],"yoast_head":"<!-- This site is optimized with the Yoast SEO plugin v17.7.1 - https:\/\/yoast.com\/wordpress\/plugins\/seo\/ -->\n<title>Vela de masaje de cannabis 3 en 1 | CBD 10 mg | Ordene en l\u00ednea ahora<\/title>\n<meta name=\"description\" content=\"Cannabis vela de masaje 3 en 1 flores de CBD comprar aceite de CBD aceite de CBD en calidad org\u00e1nica Pida CBD en l\u00ednea ahora de FREYA\" \/>\n<meta name=\"robots\" content=\"noindex, follow, max-snippet:-1, max-image-preview:large, max-video-preview:-1\" \/>\n<meta property=\"og:locale\" content=\"es_ES\" \/>\n<meta property=\"og:type\" content=\"article\" \/>\n<meta property=\"og:title\" content=\"Vela de masaje de cannabis 3 en 1 | CBD 10 mg | Ordene en l\u00ednea ahora\" \/>\n<meta property=\"og:description\" content=\"Cannabis vela de masaje 3 en 1 flores de CBD comprar aceite de CBD aceite de CBD en calidad org\u00e1nica Pida CBD en l\u00ednea ahora de FREYA\" \/>\n<meta property=\"og:url\" content=\"https:\/\/cbdtest.wimbo.at\/es\/cbd-produkt\/vela-de-masaje-de-cannabis-3-en-1\/\" \/>\n<meta property=\"og:site_name\" content=\"CBD Bl\u00fcten | CBD \u00d6l online bestellen | FREYA CBDCURE\" \/>\n<meta property=\"article:publisher\" content=\"https:\/\/www.facebook.com\/freyacbdcure\/\" \/>\n<meta property=\"article:modified_time\" content=\"2021-08-19T09:50:48+00:00\" \/>\n<meta property=\"og:image\" content=\"https:\/\/cbdtest.wimbo.at\/wp-content\/uploads\/2020\/12\/Candle_2-2.jpg\" \/>\n\t<meta property=\"og:image:width\" content=\"852\" \/>\n\t<meta property=\"og:image:height\" content=\"852\" \/>\n<meta name=\"twitter:card\" content=\"summary_large_image\" \/>\n<meta name=\"twitter:site\" content=\"@freya_cbd_cure\" \/>\n<meta name=\"twitter:label1\" content=\"Tiempo de lectura\" \/>\n\t<meta name=\"twitter:data1\" content=\"2 minutos\" \/>\n<script type=\"application\/ld+json\" class=\"yoast-schema-graph\">{\"@context\":\"https:\/\/schema.org\",\"@graph\":[{\"@type\":\"Organization\",\"@id\":\"https:\/\/cbdtest.wimbo.at\/#organization\",\"name\":\"CBD Bl\\u00fcten, \\u00d6l online kaufen | Freya cbdcure\",\"url\":\"https:\/\/cbdtest.wimbo.at\/\",\"sameAs\":[\"https:\/\/www.facebook.com\/freyacbdcure\/\",\"https:\/\/www.instagram.com\/freya_cbd_cure\/\",\"https:\/\/www.linkedin.com\/company\/freya-cbdcure\/\",\"https:\/\/www.pinterest.at\/freyacbdcure\/\",\"https:\/\/twitter.com\/freya_cbd_cure\"],\"logo\":{\"@type\":\"ImageObject\",\"@id\":\"https:\/\/cbdtest.wimbo.at\/#logo\",\"inLanguage\":\"es\",\"url\":\"http:\/\/cbdtest.wimbo.at\/wp-content\/uploads\/2020\/09\/freya_logo.png\",\"contentUrl\":\"http:\/\/cbdtest.wimbo.at\/wp-content\/uploads\/2020\/09\/freya_logo.png\",\"width\":800,\"height\":1073,\"caption\":\"CBD Bl\\u00fcten, \\u00d6l online kaufen | Freya cbdcure\"},\"image\":{\"@id\":\"https:\/\/cbdtest.wimbo.at\/#logo\"}},{\"@type\":\"WebSite\",\"@id\":\"https:\/\/cbdtest.wimbo.at\/#website\",\"url\":\"https:\/\/cbdtest.wimbo.at\/\",\"name\":\"CBD Bl\\u00fcten | CBD \\u00d6l online bestellen | FREYA CBDCURE\",\"description\":\"CBD \\u00d6l Produkte \/ CBD Bl\\u00fcten Bio Hanf einfach und bequem Online Kaufen\",\"publisher\":{\"@id\":\"https:\/\/cbdtest.wimbo.at\/#organization\"},\"potentialAction\":[{\"@type\":\"SearchAction\",\"target\":{\"@type\":\"EntryPoint\",\"urlTemplate\":\"https:\/\/cbdtest.wimbo.at\/?s={search_term_string}\"},\"query-input\":\"required name=search_term_string\"}],\"inLanguage\":\"es\"},{\"@type\":\"ImageObject\",\"@id\":\"https:\/\/cbdtest.wimbo.at\/es\/cbd-produkt\/vela-de-masaje-de-cannabis-3-en-1\/#primaryimage\",\"inLanguage\":\"es\",\"url\":\"https:\/\/cbdtest.wimbo.at\/wp-content\/uploads\/2020\/12\/Candle_2-2.jpg\",\"contentUrl\":\"https:\/\/cbdtest.wimbo.at\/wp-content\/uploads\/2020\/12\/Candle_2-2.jpg\",\"width\":852,\"height\":852,\"caption\":\"Vela de masaje de cannabis 3 en 1\"},{\"@type\":\"WebPage\",\"@id\":\"https:\/\/cbdtest.wimbo.at\/es\/cbd-produkt\/vela-de-masaje-de-cannabis-3-en-1\/#webpage\",\"url\":\"https:\/\/cbdtest.wimbo.at\/es\/cbd-produkt\/vela-de-masaje-de-cannabis-3-en-1\/\",\"name\":\"Vela de masaje de cannabis 3 en 1 | CBD 10 mg | Ordene en l\\u00ednea ahora\",\"isPartOf\":{\"@id\":\"https:\/\/cbdtest.wimbo.at\/#website\"},\"primaryImageOfPage\":{\"@id\":\"https:\/\/cbdtest.wimbo.at\/es\/cbd-produkt\/vela-de-masaje-de-cannabis-3-en-1\/#primaryimage\"},\"datePublished\":\"2020-12-04T16:29:50+00:00\",\"dateModified\":\"2021-08-19T09:50:48+00:00\",\"description\":\"Cannabis vela de masaje 3 en 1 flores de CBD comprar aceite de CBD aceite de CBD en calidad org\\u00e1nica Pida CBD en l\\u00ednea ahora de FREYA\",\"breadcrumb\":{\"@id\":\"https:\/\/cbdtest.wimbo.at\/es\/cbd-produkt\/vela-de-masaje-de-cannabis-3-en-1\/#breadcrumb\"},\"inLanguage\":\"es\",\"potentialAction\":[{\"@type\":\"ReadAction\",\"target\":[\"https:\/\/cbdtest.wimbo.at\/es\/cbd-produkt\/vela-de-masaje-de-cannabis-3-en-1\/\"]}]},{\"@type\":\"BreadcrumbList\",\"@id\":\"https:\/\/cbdtest.wimbo.at\/es\/cbd-produkt\/vela-de-masaje-de-cannabis-3-en-1\/#breadcrumb\",\"itemListElement\":[{\"@type\":\"ListItem\",\"position\":1,\"name\":\"Startseite\",\"item\":\"https:\/\/cbdtest.wimbo.at\/es\/\"},{\"@type\":\"ListItem\",\"position\":2,\"name\":\"CBD Tienda\",\"item\":\"https:\/\/cbdtest.wimbo.at\/es\/cbd-tienda\/\"},{\"@type\":\"ListItem\",\"position\":3,\"name\":\"Vela de masaje de cannabis 3 en 1\"}]}]}<\/script>\n<!-- \/ Yoast SEO plugin. -->","yoast_head_json":{"title":"Vela de masaje de cannabis 3 en 1 | CBD 10 mg | Ordene en l\u00ednea ahora","description":"Cannabis vela de masaje 3 en 1 flores de CBD comprar aceite de CBD aceite de CBD en calidad org\u00e1nica Pida CBD en l\u00ednea ahora de FREYA","robots":{"index":"noindex","follow":"follow","max-snippet":"max-snippet:-1","max-image-preview":"max-image-preview:large","max-video-preview":"max-video-preview:-1"},"og_locale":"es_ES","og_type":"article","og_title":"Vela de masaje de cannabis 3 en 1 | CBD 10 mg | Ordene en l\u00ednea ahora","og_description":"Cannabis vela de masaje 3 en 1 flores de CBD comprar aceite de CBD aceite de CBD en calidad org\u00e1nica Pida CBD en l\u00ednea ahora de FREYA","og_url":"https:\/\/cbdtest.wimbo.at\/es\/cbd-produkt\/vela-de-masaje-de-cannabis-3-en-1\/","og_site_name":"CBD Bl\u00fcten | CBD \u00d6l online bestellen | FREYA CBDCURE","article_publisher":"https:\/\/www.facebook.com\/freyacbdcure\/","article_modified_time":"2021-08-19T09:50:48+00:00","og_image":[{"width":852,"height":852,"url":"https:\/\/cbdtest.wimbo.at\/wp-content\/uploads\/2020\/12\/Candle_2-2.jpg","type":"image\/jpeg"}],"twitter_card":"summary_large_image","twitter_site":"@freya_cbd_cure","twitter_misc":{"Tiempo de lectura":"2 minutos"},"schema":{"@context":"https:\/\/schema.org","@graph":[{"@type":"Organization","@id":"https:\/\/cbdtest.wimbo.at\/#organization","name":"CBD Bl\u00fcten, \u00d6l online kaufen | Freya cbdcure","url":"https:\/\/cbdtest.wimbo.at\/","sameAs":["https:\/\/www.facebook.com\/freyacbdcure\/","https:\/\/www.instagram.com\/freya_cbd_cure\/","https:\/\/www.linkedin.com\/company\/freya-cbdcure\/","https:\/\/www.pinterest.at\/freyacbdcure\/","https:\/\/twitter.com\/freya_cbd_cure"],"logo":{"@type":"ImageObject","@id":"https:\/\/cbdtest.wimbo.at\/#logo","inLanguage":"es","url":"http:\/\/cbdtest.wimbo.at\/wp-content\/uploads\/2020\/09\/freya_logo.png","contentUrl":"http:\/\/cbdtest.wimbo.at\/wp-content\/uploads\/2020\/09\/freya_logo.png","width":800,"height":1073,"caption":"CBD Bl\u00fcten, \u00d6l online kaufen | Freya cbdcure"},"image":{"@id":"https:\/\/cbdtest.wimbo.at\/#logo"}},{"@type":"WebSite","@id":"https:\/\/cbdtest.wimbo.at\/#website","url":"https:\/\/cbdtest.wimbo.at\/","name":"CBD Bl\u00fcten | CBD \u00d6l online bestellen | FREYA CBDCURE","description":"CBD \u00d6l Produkte \/ CBD Bl\u00fcten Bio Hanf einfach und bequem Online Kaufen","publisher":{"@id":"https:\/\/cbdtest.wimbo.at\/#organization"},"potentialAction":[{"@type":"SearchAction","target":{"@type":"EntryPoint","urlTemplate":"https:\/\/cbdtest.wimbo.at\/?s={search_term_string}"},"query-input":"required name=search_term_string"}],"inLanguage":"es"},{"@type":"ImageObject","@id":"https:\/\/cbdtest.wimbo.at\/es\/cbd-produkt\/vela-de-masaje-de-cannabis-3-en-1\/#primaryimage","inLanguage":"es","url":"https:\/\/cbdtest.wimbo.at\/wp-content\/uploads\/2020\/12\/Candle_2-2.jpg","contentUrl":"https:\/\/cbdtest.wimbo.at\/wp-content\/uploads\/2020\/12\/Candle_2-2.jpg","width":852,"height":852,"caption":"Vela de masaje de cannabis 3 en 1"},{"@type":"WebPage","@id":"https:\/\/cbdtest.wimbo.at\/es\/cbd-produkt\/vela-de-masaje-de-cannabis-3-en-1\/#webpage","url":"https:\/\/cbdtest.wimbo.at\/es\/cbd-produkt\/vela-de-masaje-de-cannabis-3-en-1\/","name":"Vela de masaje de cannabis 3 en 1 | CBD 10 mg | Ordene en l\u00ednea ahora","isPartOf":{"@id":"https:\/\/cbdtest.wimbo.at\/#website"},"primaryImageOfPage":{"@id":"https:\/\/cbdtest.wimbo.at\/es\/cbd-produkt\/vela-de-masaje-de-cannabis-3-en-1\/#primaryimage"},"datePublished":"2020-12-04T16:29:50+00:00","dateModified":"2021-08-19T09:50:48+00:00","description":"Cannabis vela de masaje 3 en 1 flores de CBD comprar aceite de CBD aceite de CBD en calidad org\u00e1nica Pida CBD en l\u00ednea ahora de FREYA","breadcrumb":{"@id":"https:\/\/cbdtest.wimbo.at\/es\/cbd-produkt\/vela-de-masaje-de-cannabis-3-en-1\/#breadcrumb"},"inLanguage":"es","potentialAction":[{"@type":"ReadAction","target":["https:\/\/cbdtest.wimbo.at\/es\/cbd-produkt\/vela-de-masaje-de-cannabis-3-en-1\/"]}]},{"@type":"BreadcrumbList","@id":"https:\/\/cbdtest.wimbo.at\/es\/cbd-produkt\/vela-de-masaje-de-cannabis-3-en-1\/#breadcrumb","itemListElement":[{"@type":"ListItem","position":1,"name":"Startseite","item":"https:\/\/cbdtest.wimbo.at\/es\/"},{"@type":"ListItem","position":2,"name":"CBD Tienda","item":"https:\/\/cbdtest.wimbo.at\/es\/cbd-tienda\/"},{"@type":"ListItem","position":3,"name":"Vela de masaje de cannabis 3 en 1"}]}]}},"_links":{"self":[{"href":"https:\/\/cbdtest.wimbo.at\/es\/wp-json\/wp\/v2\/product\/6757"}],"collection":[{"href":"https:\/\/cbdtest.wimbo.at\/es\/wp-json\/wp\/v2\/product"}],"about":[{"href":"https:\/\/cbdtest.wimbo.at\/es\/wp-json\/wp\/v2\/types\/product"}],"replies":[{"embeddable":true,"href":"https:\/\/cbdtest.wimbo.at\/es\/wp-json\/wp\/v2\/comments?post=6757"}],"version-history":[{"count":0,"href":"https:\/\/cbdtest.wimbo.at\/es\/wp-json\/wp\/v2\/product\/6757\/revisions"}],"wp:featuredmedia":[{"embeddable":true,"href":"https:\/\/cbdtest.wimbo.at\/es\/wp-json\/wp\/v2\/media\/6979"}],"wp:attachment":[{"href":"https:\/\/cbdtest.wimbo.at\/es\/wp-json\/wp\/v2\/media?parent=6757"}],"wp:term":[{"taxonomy":"product_cat","embeddable":true,"href":"https:\/\/cbdtest.wimbo.at\/es\/wp-json\/wp\/v2\/product_cat?post=6757"},{"taxonomy":"product_tag","embeddable":true,"href":"https:\/\/cbdtest.wimbo.at\/es\/wp-json\/wp\/v2\/product_tag?post=6757"}],"curies":[{"name":"wp","href":"https:\/\/api.w.org\/{rel}","templated":true}]}}