{"id":6035,"date":"2020-06-03T10:05:23","date_gmt":"2020-06-03T08:05:23","guid":{"rendered":"http:\/\/cbdtest.wimbo.at\/produkt\/aceite-de-cbd-premium-al-5-espectro-completo-10-ml\/"},"modified":"2021-08-19T11:50:49","modified_gmt":"2021-08-19T09:50:49","slug":"aceite-de-cbd-premium-al-5-espectro-completo-10-ml","status":"publish","type":"product","link":"https:\/\/cbdtest.wimbo.at\/es\/cbd-produkt\/aceite-de-cbd-premium-al-5-espectro-completo-10-ml\/","title":{"rendered":"Aceite de CBD premium 5% &#8211; espectro completo 10 ml"},"content":{"rendered":"<h2><strong>Aceite de CBD de espectro completo 5%<\/strong><\/h2>\n<p>Un producto de cannabis elaborado en Suiza y procedente de agricultura ecol\u00f3gica sostenible. El aceite de CBD oscuro saturado de espectro completo es rico en ingredientes naturales controlados y tiene un olor ligeramente a nuez.<\/p>\n<p>El aceite de espectro completo al 5% de CBD es particularmente rico en cannabinoides, \u00e1cidos cannabinoides, vitaminas y \u00e1cidos grasos esenciales. El terpeno que le da al c\u00e1\u00f1amo su sabor y aroma natural le da un aroma armonioso. El aceite no contiene ning\u00fan extracto de CBD cristalino ni sustancias nocivas, contenido de THC &lt;0,2%.<\/p>\n<p><strong>controlado, local, org\u00e1nico, vegano, no animal, sostenible<\/strong><\/p>\n<p>Los productos de <a href=\"http:\/\/cbdtest.wimbo.at\/es\/guia-definitiva-para-el-aceite-de-canamo-de-espectro-completo\/\">CBD de espectro completo<\/a> de freya &#8211; CBDCURE se fabrican en una de las mejores instalaciones de producci\u00f3n de CBD en Europa. Es por eso que nuestro CBD es de la m\u00e1s alta calidad. Nuestra instalaci\u00f3n cuenta con todos los certificados ISO de sostenibilidad, pureza, conciencia medioambiental, entorno laboral y eficiencia energ\u00e9tica.<\/p>\n<p>Es rico en cannabinoides activos, un grupo de compuestos que juegan un papel vital en el mantenimiento de la homeostasis corporal. Gracias al proceso de ultrafiltraci\u00f3n, se puede envasar una gran cantidad de valor nutricional en una sola gota de aceite freya CBDCURE CBD<br \/>Nuestro c\u00e1\u00f1amo org\u00e1nico se cultiva especialmente para nuestros productos y se refina en los Alpes sin aditivos.<\/p>\n<ul>\n<li><strong>Terpenos<\/strong>: sustancia que se encuentra en el aceite de CBD y que le da al cannabis su aroma \u00fanico. Tambi\u00e9n se encuentran com\u00fanmente en hierbas, frutas y plantas.<\/li>\n<li><strong>Flavonoides<\/strong>: compuestos polifen\u00f3licos con altas propiedades antioxidantes.<\/li>\n<li><strong>Fitonutrientes<\/strong>: los fitonutrientes son los qu\u00edmicos que produce el c\u00e1\u00f1amo para mantenerlo saludable.<\/li>\n<\/ul>\n<p>Nuestro aceite de c\u00e1\u00f1amo de gran prestigio no contiene aditivos artificiales, solo cannabinoides activos 100% naturales. Este aceite de CBD de alta calidad se obtiene de plantas de c\u00e1\u00f1amo cultivadas legalmente y no contiene aditivos ni pesticidas da\u00f1inos.<\/p>\n<p><em>Debido a las regulaciones legales, se\u00f1alamos que seg\u00fan AGES (Agencia Austriaca de Seguridad Alimentaria) no se recomienda el consumo y est\u00e1 prohibido su uso posterior. Tampoco estamos autorizados a proporcionar informaci\u00f3n sobre la dosis o el efecto.<\/em><\/p>\n","protected":false},"excerpt":{"rendered":"<ul>\n<li>\n<p>Volumen: 10 ml (1 botella con 10 ml)<br \/>N\u00famero de gotas: aprox.250<br \/>Porcentaje de cannabinoides: 5%<br \/>Cantidad total de cannabinoides: 500 mg<br \/>Contenido de THC: THC 0,2%<br \/>M\u00e9todo de extracci\u00f3n: extracci\u00f3n de CO2 supercr\u00edtico<br \/>Ingredientes: aceite de semilla de c\u00e1\u00f1amo, extracto de c\u00e1\u00f1amo (Cannabis sativa L)<\/p>\n<p>Las gotas de aceite freya CBDCURE CBD comienzan con una base de CBD robusta y sin sabor para un mayor bienestar y vitalidad. Las gotas de CBD son el mejor m\u00e9todo de aplicaci\u00f3n para sentir los efectos del CBD m\u00e1s r\u00e1pido.<\/p>\n<\/li>\n<\/ul>\n<p> &hellip; <a href=\"https:\/\/cbdtest.wimbo.at\/es\/cbd-produkt\/aceite-de-cbd-premium-al-5-espectro-completo-10-ml\/\">Read More<\/a><\/p>\n","protected":false},"featured_media":5127,"comment_status":"open","ping_status":"closed","template":"","meta":[],"product_cat":[120],"product_tag":[],"yoast_head":"<!-- This site is optimized with the Yoast SEO plugin v17.7.1 - https:\/\/yoast.com\/wordpress\/plugins\/seo\/ -->\n<title>Comprar aceite de CBD | Flores de CBD | Ordene aceite de CBD en l\u00ednea ahora | FREYA CBD<\/title>\n<meta name=\"description\" content=\"5 Aceite de CBD Premium Full Spectrum 10ml CBD Blossom CBD Oil en calidad org\u00e1nica Ahora pida CBD directamente en l\u00ednea de freya CBDCURE\" \/>\n<meta name=\"robots\" content=\"noindex, follow, max-snippet:-1, max-image-preview:large, max-video-preview:-1\" \/>\n<meta property=\"og:locale\" content=\"es_ES\" \/>\n<meta property=\"og:type\" content=\"article\" \/>\n<meta property=\"og:title\" content=\"Comprar aceite de CBD | Flores de CBD | Ordene aceite de CBD en l\u00ednea ahora | FREYA CBD\" \/>\n<meta property=\"og:description\" content=\"5 Aceite de CBD Premium Full Spectrum 10ml CBD Blossom CBD Oil en calidad org\u00e1nica Ahora pida CBD directamente en l\u00ednea de freya CBDCURE\" \/>\n<meta property=\"og:url\" content=\"https:\/\/cbdtest.wimbo.at\/es\/cbd-produkt\/aceite-de-cbd-premium-al-5-espectro-completo-10-ml\/\" \/>\n<meta property=\"og:site_name\" content=\"CBD Bl\u00fcten | CBD \u00d6l online bestellen | FREYA CBDCURE\" \/>\n<meta property=\"article:publisher\" content=\"https:\/\/www.facebook.com\/freyacbdcure\/\" \/>\n<meta property=\"article:modified_time\" content=\"2021-08-19T09:50:49+00:00\" \/>\n<meta property=\"og:image\" content=\"https:\/\/cbdtest.wimbo.at\/wp-content\/uploads\/2020\/06\/freya_cbd-oel-5.jpg\" \/>\n\t<meta property=\"og:image:width\" content=\"2048\" \/>\n\t<meta property=\"og:image:height\" content=\"2048\" \/>\n<meta name=\"twitter:card\" content=\"summary_large_image\" \/>\n<meta name=\"twitter:site\" content=\"@freya_cbd_cure\" \/>\n<meta name=\"twitter:label1\" content=\"Tiempo de lectura\" \/>\n\t<meta name=\"twitter:data1\" content=\"2 minutos\" \/>\n<script type=\"application\/ld+json\" class=\"yoast-schema-graph\">{\"@context\":\"https:\/\/schema.org\",\"@graph\":[{\"@type\":\"Organization\",\"@id\":\"https:\/\/cbdtest.wimbo.at\/#organization\",\"name\":\"CBD Bl\\u00fcten, \\u00d6l online kaufen | Freya cbdcure\",\"url\":\"https:\/\/cbdtest.wimbo.at\/\",\"sameAs\":[\"https:\/\/www.facebook.com\/freyacbdcure\/\",\"https:\/\/www.instagram.com\/freya_cbd_cure\/\",\"https:\/\/www.linkedin.com\/company\/freya-cbdcure\/\",\"https:\/\/www.pinterest.at\/freyacbdcure\/\",\"https:\/\/twitter.com\/freya_cbd_cure\"],\"logo\":{\"@type\":\"ImageObject\",\"@id\":\"https:\/\/cbdtest.wimbo.at\/#logo\",\"inLanguage\":\"es\",\"url\":\"http:\/\/cbdtest.wimbo.at\/wp-content\/uploads\/2020\/09\/freya_logo.png\",\"contentUrl\":\"http:\/\/cbdtest.wimbo.at\/wp-content\/uploads\/2020\/09\/freya_logo.png\",\"width\":800,\"height\":1073,\"caption\":\"CBD Bl\\u00fcten, \\u00d6l online kaufen | Freya cbdcure\"},\"image\":{\"@id\":\"https:\/\/cbdtest.wimbo.at\/#logo\"}},{\"@type\":\"WebSite\",\"@id\":\"https:\/\/cbdtest.wimbo.at\/#website\",\"url\":\"https:\/\/cbdtest.wimbo.at\/\",\"name\":\"CBD Bl\\u00fcten | CBD \\u00d6l online bestellen | FREYA CBDCURE\",\"description\":\"CBD \\u00d6l Produkte \/ CBD Bl\\u00fcten Bio Hanf einfach und bequem Online Kaufen\",\"publisher\":{\"@id\":\"https:\/\/cbdtest.wimbo.at\/#organization\"},\"potentialAction\":[{\"@type\":\"SearchAction\",\"target\":{\"@type\":\"EntryPoint\",\"urlTemplate\":\"https:\/\/cbdtest.wimbo.at\/?s={search_term_string}\"},\"query-input\":\"required name=search_term_string\"}],\"inLanguage\":\"es\"},{\"@type\":\"ImageObject\",\"@id\":\"https:\/\/cbdtest.wimbo.at\/es\/cbd-produkt\/aceite-de-cbd-premium-al-5-espectro-completo-10-ml\/#primaryimage\",\"inLanguage\":\"es\",\"url\":\"https:\/\/cbdtest.wimbo.at\/wp-content\/uploads\/2020\/06\/freya_cbd-oel-5.jpg\",\"contentUrl\":\"https:\/\/cbdtest.wimbo.at\/wp-content\/uploads\/2020\/06\/freya_cbd-oel-5.jpg\",\"width\":2048,\"height\":2048,\"caption\":\"5% de aceite de CBD premium - espectro completo\"},{\"@type\":\"WebPage\",\"@id\":\"https:\/\/cbdtest.wimbo.at\/es\/cbd-produkt\/aceite-de-cbd-premium-al-5-espectro-completo-10-ml\/#webpage\",\"url\":\"https:\/\/cbdtest.wimbo.at\/es\/cbd-produkt\/aceite-de-cbd-premium-al-5-espectro-completo-10-ml\/\",\"name\":\"Comprar aceite de CBD | Flores de CBD | Ordene aceite de CBD en l\\u00ednea ahora | FREYA CBD\",\"isPartOf\":{\"@id\":\"https:\/\/cbdtest.wimbo.at\/#website\"},\"primaryImageOfPage\":{\"@id\":\"https:\/\/cbdtest.wimbo.at\/es\/cbd-produkt\/aceite-de-cbd-premium-al-5-espectro-completo-10-ml\/#primaryimage\"},\"datePublished\":\"2020-06-03T08:05:23+00:00\",\"dateModified\":\"2021-08-19T09:50:49+00:00\",\"description\":\"5 Aceite de CBD Premium Full Spectrum 10ml CBD Blossom CBD Oil en calidad org\\u00e1nica Ahora pida CBD directamente en l\\u00ednea de freya CBDCURE\",\"breadcrumb\":{\"@id\":\"https:\/\/cbdtest.wimbo.at\/es\/cbd-produkt\/aceite-de-cbd-premium-al-5-espectro-completo-10-ml\/#breadcrumb\"},\"inLanguage\":\"es\",\"potentialAction\":[{\"@type\":\"ReadAction\",\"target\":[\"https:\/\/cbdtest.wimbo.at\/es\/cbd-produkt\/aceite-de-cbd-premium-al-5-espectro-completo-10-ml\/\"]}]},{\"@type\":\"BreadcrumbList\",\"@id\":\"https:\/\/cbdtest.wimbo.at\/es\/cbd-produkt\/aceite-de-cbd-premium-al-5-espectro-completo-10-ml\/#breadcrumb\",\"itemListElement\":[{\"@type\":\"ListItem\",\"position\":1,\"name\":\"Startseite\",\"item\":\"https:\/\/cbdtest.wimbo.at\/es\/\"},{\"@type\":\"ListItem\",\"position\":2,\"name\":\"CBD Tienda\",\"item\":\"https:\/\/cbdtest.wimbo.at\/es\/cbd-tienda\/\"},{\"@type\":\"ListItem\",\"position\":3,\"name\":\"Aceite de CBD premium 5% &#8211; espectro completo 10 ml\"}]}]}<\/script>\n<!-- \/ Yoast SEO plugin. -->","yoast_head_json":{"title":"Comprar aceite de CBD | Flores de CBD | Ordene aceite de CBD en l\u00ednea ahora | FREYA CBD","description":"5 Aceite de CBD Premium Full Spectrum 10ml CBD Blossom CBD Oil en calidad org\u00e1nica Ahora pida CBD directamente en l\u00ednea de freya CBDCURE","robots":{"index":"noindex","follow":"follow","max-snippet":"max-snippet:-1","max-image-preview":"max-image-preview:large","max-video-preview":"max-video-preview:-1"},"og_locale":"es_ES","og_type":"article","og_title":"Comprar aceite de CBD | Flores de CBD | Ordene aceite de CBD en l\u00ednea ahora | FREYA CBD","og_description":"5 Aceite de CBD Premium Full Spectrum 10ml CBD Blossom CBD Oil en calidad org\u00e1nica Ahora pida CBD directamente en l\u00ednea de freya CBDCURE","og_url":"https:\/\/cbdtest.wimbo.at\/es\/cbd-produkt\/aceite-de-cbd-premium-al-5-espectro-completo-10-ml\/","og_site_name":"CBD Bl\u00fcten | CBD \u00d6l online bestellen | FREYA CBDCURE","article_publisher":"https:\/\/www.facebook.com\/freyacbdcure\/","article_modified_time":"2021-08-19T09:50:49+00:00","og_image":[{"width":2048,"height":2048,"url":"https:\/\/cbdtest.wimbo.at\/wp-content\/uploads\/2020\/06\/freya_cbd-oel-5.jpg","type":"image\/jpeg"}],"twitter_card":"summary_large_image","twitter_site":"@freya_cbd_cure","twitter_misc":{"Tiempo de lectura":"2 minutos"},"schema":{"@context":"https:\/\/schema.org","@graph":[{"@type":"Organization","@id":"https:\/\/cbdtest.wimbo.at\/#organization","name":"CBD Bl\u00fcten, \u00d6l online kaufen | Freya cbdcure","url":"https:\/\/cbdtest.wimbo.at\/","sameAs":["https:\/\/www.facebook.com\/freyacbdcure\/","https:\/\/www.instagram.com\/freya_cbd_cure\/","https:\/\/www.linkedin.com\/company\/freya-cbdcure\/","https:\/\/www.pinterest.at\/freyacbdcure\/","https:\/\/twitter.com\/freya_cbd_cure"],"logo":{"@type":"ImageObject","@id":"https:\/\/cbdtest.wimbo.at\/#logo","inLanguage":"es","url":"http:\/\/cbdtest.wimbo.at\/wp-content\/uploads\/2020\/09\/freya_logo.png","contentUrl":"http:\/\/cbdtest.wimbo.at\/wp-content\/uploads\/2020\/09\/freya_logo.png","width":800,"height":1073,"caption":"CBD Bl\u00fcten, \u00d6l online kaufen | Freya cbdcure"},"image":{"@id":"https:\/\/cbdtest.wimbo.at\/#logo"}},{"@type":"WebSite","@id":"https:\/\/cbdtest.wimbo.at\/#website","url":"https:\/\/cbdtest.wimbo.at\/","name":"CBD Bl\u00fcten | CBD \u00d6l online bestellen | FREYA CBDCURE","description":"CBD \u00d6l Produkte \/ CBD Bl\u00fcten Bio Hanf einfach und bequem Online Kaufen","publisher":{"@id":"https:\/\/cbdtest.wimbo.at\/#organization"},"potentialAction":[{"@type":"SearchAction","target":{"@type":"EntryPoint","urlTemplate":"https:\/\/cbdtest.wimbo.at\/?s={search_term_string}"},"query-input":"required name=search_term_string"}],"inLanguage":"es"},{"@type":"ImageObject","@id":"https:\/\/cbdtest.wimbo.at\/es\/cbd-produkt\/aceite-de-cbd-premium-al-5-espectro-completo-10-ml\/#primaryimage","inLanguage":"es","url":"https:\/\/cbdtest.wimbo.at\/wp-content\/uploads\/2020\/06\/freya_cbd-oel-5.jpg","contentUrl":"https:\/\/cbdtest.wimbo.at\/wp-content\/uploads\/2020\/06\/freya_cbd-oel-5.jpg","width":2048,"height":2048,"caption":"5% de aceite de CBD premium - espectro completo"},{"@type":"WebPage","@id":"https:\/\/cbdtest.wimbo.at\/es\/cbd-produkt\/aceite-de-cbd-premium-al-5-espectro-completo-10-ml\/#webpage","url":"https:\/\/cbdtest.wimbo.at\/es\/cbd-produkt\/aceite-de-cbd-premium-al-5-espectro-completo-10-ml\/","name":"Comprar aceite de CBD | Flores de CBD | Ordene aceite de CBD en l\u00ednea ahora | FREYA CBD","isPartOf":{"@id":"https:\/\/cbdtest.wimbo.at\/#website"},"primaryImageOfPage":{"@id":"https:\/\/cbdtest.wimbo.at\/es\/cbd-produkt\/aceite-de-cbd-premium-al-5-espectro-completo-10-ml\/#primaryimage"},"datePublished":"2020-06-03T08:05:23+00:00","dateModified":"2021-08-19T09:50:49+00:00","description":"5 Aceite de CBD Premium Full Spectrum 10ml CBD Blossom CBD Oil en calidad org\u00e1nica Ahora pida CBD directamente en l\u00ednea de freya CBDCURE","breadcrumb":{"@id":"https:\/\/cbdtest.wimbo.at\/es\/cbd-produkt\/aceite-de-cbd-premium-al-5-espectro-completo-10-ml\/#breadcrumb"},"inLanguage":"es","potentialAction":[{"@type":"ReadAction","target":["https:\/\/cbdtest.wimbo.at\/es\/cbd-produkt\/aceite-de-cbd-premium-al-5-espectro-completo-10-ml\/"]}]},{"@type":"BreadcrumbList","@id":"https:\/\/cbdtest.wimbo.at\/es\/cbd-produkt\/aceite-de-cbd-premium-al-5-espectro-completo-10-ml\/#breadcrumb","itemListElement":[{"@type":"ListItem","position":1,"name":"Startseite","item":"https:\/\/cbdtest.wimbo.at\/es\/"},{"@type":"ListItem","position":2,"name":"CBD Tienda","item":"https:\/\/cbdtest.wimbo.at\/es\/cbd-tienda\/"},{"@type":"ListItem","position":3,"name":"Aceite de CBD premium 5% &#8211; espectro completo 10 ml"}]}]}},"_links":{"self":[{"href":"https:\/\/cbdtest.wimbo.at\/es\/wp-json\/wp\/v2\/product\/6035"}],"collection":[{"href":"https:\/\/cbdtest.wimbo.at\/es\/wp-json\/wp\/v2\/product"}],"about":[{"href":"https:\/\/cbdtest.wimbo.at\/es\/wp-json\/wp\/v2\/types\/product"}],"replies":[{"embeddable":true,"href":"https:\/\/cbdtest.wimbo.at\/es\/wp-json\/wp\/v2\/comments?post=6035"}],"version-history":[{"count":0,"href":"https:\/\/cbdtest.wimbo.at\/es\/wp-json\/wp\/v2\/product\/6035\/revisions"}],"wp:featuredmedia":[{"embeddable":true,"href":"https:\/\/cbdtest.wimbo.at\/es\/wp-json\/wp\/v2\/media\/5127"}],"wp:attachment":[{"href":"https:\/\/cbdtest.wimbo.at\/es\/wp-json\/wp\/v2\/media?parent=6035"}],"wp:term":[{"taxonomy":"product_cat","embeddable":true,"href":"https:\/\/cbdtest.wimbo.at\/es\/wp-json\/wp\/v2\/product_cat?post=6035"},{"taxonomy":"product_tag","embeddable":true,"href":"https:\/\/cbdtest.wimbo.at\/es\/wp-json\/wp\/v2\/product_tag?post=6035"}],"curies":[{"name":"wp","href":"https:\/\/api.w.org\/{rel}","templated":true}]}}