{"id":6021,"date":"2020-06-03T10:13:37","date_gmt":"2020-06-03T08:13:37","guid":{"rendered":"http:\/\/cbdtest.wimbo.at\/produkt\/aceite-de-cbd-premium-al-10-espectro-completo\/"},"modified":"2021-05-02T18:19:48","modified_gmt":"2021-05-02T16:19:48","slug":"aceite-de-cbd-premium-al-10-espectro-completo","status":"publish","type":"product","link":"https:\/\/cbdtest.wimbo.at\/es\/cbd-produkt\/aceite-de-cbd-premium-al-10-espectro-completo\/","title":{"rendered":"Aceite de CBD premium 10% &#8211; espectro completo"},"content":{"rendered":"<h2><strong>Aceite de CBD de espectro completo 10%<\/strong><\/h2>\n<p>El aceite de CBD genuino a base de MCT se cultiva org\u00e1nicamente en Europa y se obtiene de las flores y hojas de plantas de c\u00e1\u00f1amo org\u00e1nico cultivadas localmente. No se extrae del tallo de la planta de c\u00e1\u00f1amo, lo que significa que no se garantiza ning\u00fan contenido de THC. No se utilizan pesticidas para hacer crecer el cultivo, y el c\u00e1\u00f1amo cultivado org\u00e1nicamente es probado rigurosamente por un laboratorio certificado e independiente para garantizar que obtenga el <strong>CBD org\u00e1nico aut\u00e9ntico y de la m\u00e1s alta calidad.<\/strong><\/p>\n<p><a href=\"http:\/\/cbdtest.wimbo.at\/es\/guia-definitiva-para-el-aceite-de-canamo-de-espectro-completo\/\" data-mce-href=\"http:\/\/cbdtest.wimbo.at\/es\/guia-definitiva-para-el-aceite-de-canamo-de-espectro-completo\/\">Espectro completo<\/a> Se sabe que este compuesto de cannabidiol ha demostrado ser prometedor en varios usos medicinales; se deriva directamente de la planta de c\u00e1\u00f1amo. Durante la extracci\u00f3n del <strong>aceite de CBD<\/strong> de la planta de c\u00e1\u00f1amo, se utiliza el m\u00e9todo SFE (extracci\u00f3n de fluido supercr\u00edtico) para asegurar la absorci\u00f3n total del aceite para mezclarlo con los terpenoides naturales para obtener resultados efectivos. El m\u00e9todo de extracci\u00f3n utilizado en su fabricaci\u00f3n cuenta para la purificaci\u00f3n del aceite.<\/p>\n<p><em>Debido a las regulaciones legales, se\u00f1alamos que seg\u00fan AGES (Agencia Austriaca de Seguridad Alimentaria) no se recomienda el consumo y est\u00e1 prohibido su uso posterior. Tampoco estamos autorizados a proporcionar informaci\u00f3n sobre la dosis o el efecto.<\/em><\/p>\n","protected":false},"excerpt":{"rendered":"<ul>\n<li>Volumen: 10 ml (1 botella con 10 ml)<br \/>N\u00famero de gotas: aprox.250<br \/>Porcentaje de cannabinoides: 10%<br \/>Cantidad total de cannabinoides: 1000 mg<br \/>Contenido de THC: THC 0,2%<br \/>M\u00e9todo de extracci\u00f3n: extracci\u00f3n de CO2 supercr\u00edtico<br \/>Ingredientes: aceite MCT, extracto de c\u00e1\u00f1amo (Cannabis sativa L)<\/li>\n<\/ul>\n<p>Las gotas de aceite freya CBDCURE CBD comienzan con una base de CBD robusta y sin sabor para un mayor bienestar y vitalidad. Las gotas de CBD son el mejor m\u00e9todo de aplicaci\u00f3n para sentir los efectos del CBD m\u00e1s r\u00e1pidamente.<\/p>\n<p> &hellip; <a href=\"https:\/\/cbdtest.wimbo.at\/es\/cbd-produkt\/aceite-de-cbd-premium-al-10-espectro-completo\/\">Read More<\/a><\/p>\n","protected":false},"featured_media":4838,"comment_status":"open","ping_status":"closed","template":"","meta":[],"product_cat":[120],"product_tag":[],"yoast_head":"<!-- This site is optimized with the Yoast SEO plugin v17.7.1 - https:\/\/yoast.com\/wordpress\/plugins\/seo\/ -->\n<title>Comprar aceite de CBD | Flores de CBD | Ordene aceite de CBD en l\u00ednea ahora | FREYA CBD<\/title>\n<meta name=\"description\" content=\"10 Compre Aceite de CBD Premium Aceite de CBD de espectro completo en calidad org\u00e1nica Solicite CBD en l\u00ednea ahora de freya CBDCURE\" \/>\n<meta name=\"robots\" content=\"noindex, follow, max-snippet:-1, max-image-preview:large, max-video-preview:-1\" \/>\n<meta property=\"og:locale\" content=\"es_ES\" \/>\n<meta property=\"og:type\" content=\"article\" \/>\n<meta property=\"og:title\" content=\"Comprar aceite de CBD | Flores de CBD | Ordene aceite de CBD en l\u00ednea ahora | FREYA CBD\" \/>\n<meta property=\"og:description\" content=\"10 Compre Aceite de CBD Premium Aceite de CBD de espectro completo en calidad org\u00e1nica Solicite CBD en l\u00ednea ahora de freya CBDCURE\" \/>\n<meta property=\"og:url\" content=\"https:\/\/cbdtest.wimbo.at\/es\/cbd-produkt\/aceite-de-cbd-premium-al-10-espectro-completo\/\" \/>\n<meta property=\"og:site_name\" content=\"CBD Bl\u00fcten | CBD \u00d6l online bestellen | FREYA CBDCURE\" \/>\n<meta property=\"article:publisher\" content=\"https:\/\/www.facebook.com\/freyacbdcure\/\" \/>\n<meta property=\"article:modified_time\" content=\"2021-05-02T16:19:48+00:00\" \/>\n<meta property=\"og:image\" content=\"https:\/\/cbdtest.wimbo.at\/wp-content\/uploads\/2020\/06\/freya_cbd-oel-10.jpg\" \/>\n\t<meta property=\"og:image:width\" content=\"2048\" \/>\n\t<meta property=\"og:image:height\" content=\"2048\" \/>\n<meta name=\"twitter:card\" content=\"summary_large_image\" \/>\n<meta name=\"twitter:site\" content=\"@freya_cbd_cure\" \/>\n<meta name=\"twitter:label1\" content=\"Tiempo de lectura\" \/>\n\t<meta name=\"twitter:data1\" content=\"1 minuto\" \/>\n<script type=\"application\/ld+json\" class=\"yoast-schema-graph\">{\"@context\":\"https:\/\/schema.org\",\"@graph\":[{\"@type\":\"Organization\",\"@id\":\"https:\/\/cbdtest.wimbo.at\/#organization\",\"name\":\"CBD Bl\\u00fcten, \\u00d6l online kaufen | Freya cbdcure\",\"url\":\"https:\/\/cbdtest.wimbo.at\/\",\"sameAs\":[\"https:\/\/www.facebook.com\/freyacbdcure\/\",\"https:\/\/www.instagram.com\/freya_cbd_cure\/\",\"https:\/\/www.linkedin.com\/company\/freya-cbdcure\/\",\"https:\/\/www.pinterest.at\/freyacbdcure\/\",\"https:\/\/twitter.com\/freya_cbd_cure\"],\"logo\":{\"@type\":\"ImageObject\",\"@id\":\"https:\/\/cbdtest.wimbo.at\/#logo\",\"inLanguage\":\"es\",\"url\":\"http:\/\/cbdtest.wimbo.at\/wp-content\/uploads\/2020\/09\/freya_logo.png\",\"contentUrl\":\"http:\/\/cbdtest.wimbo.at\/wp-content\/uploads\/2020\/09\/freya_logo.png\",\"width\":800,\"height\":1073,\"caption\":\"CBD Bl\\u00fcten, \\u00d6l online kaufen | Freya cbdcure\"},\"image\":{\"@id\":\"https:\/\/cbdtest.wimbo.at\/#logo\"}},{\"@type\":\"WebSite\",\"@id\":\"https:\/\/cbdtest.wimbo.at\/#website\",\"url\":\"https:\/\/cbdtest.wimbo.at\/\",\"name\":\"CBD Bl\\u00fcten | CBD \\u00d6l online bestellen | FREYA CBDCURE\",\"description\":\"CBD \\u00d6l Produkte \/ CBD Bl\\u00fcten Bio Hanf einfach und bequem Online Kaufen\",\"publisher\":{\"@id\":\"https:\/\/cbdtest.wimbo.at\/#organization\"},\"potentialAction\":[{\"@type\":\"SearchAction\",\"target\":{\"@type\":\"EntryPoint\",\"urlTemplate\":\"https:\/\/cbdtest.wimbo.at\/?s={search_term_string}\"},\"query-input\":\"required name=search_term_string\"}],\"inLanguage\":\"es\"},{\"@type\":\"ImageObject\",\"@id\":\"https:\/\/cbdtest.wimbo.at\/es\/cbd-produkt\/aceite-de-cbd-premium-al-10-espectro-completo\/#primaryimage\",\"inLanguage\":\"es\",\"url\":\"https:\/\/cbdtest.wimbo.at\/wp-content\/uploads\/2020\/06\/freya_cbd-oel-10.jpg\",\"contentUrl\":\"https:\/\/cbdtest.wimbo.at\/wp-content\/uploads\/2020\/06\/freya_cbd-oel-10.jpg\",\"width\":2048,\"height\":2048,\"caption\":\"20% Premium CBD \\u00d6l \\u2013 Vollspektrum 10ml\"},{\"@type\":\"WebPage\",\"@id\":\"https:\/\/cbdtest.wimbo.at\/es\/cbd-produkt\/aceite-de-cbd-premium-al-10-espectro-completo\/#webpage\",\"url\":\"https:\/\/cbdtest.wimbo.at\/es\/cbd-produkt\/aceite-de-cbd-premium-al-10-espectro-completo\/\",\"name\":\"Comprar aceite de CBD | Flores de CBD | Ordene aceite de CBD en l\\u00ednea ahora | FREYA CBD\",\"isPartOf\":{\"@id\":\"https:\/\/cbdtest.wimbo.at\/#website\"},\"primaryImageOfPage\":{\"@id\":\"https:\/\/cbdtest.wimbo.at\/es\/cbd-produkt\/aceite-de-cbd-premium-al-10-espectro-completo\/#primaryimage\"},\"datePublished\":\"2020-06-03T08:13:37+00:00\",\"dateModified\":\"2021-05-02T16:19:48+00:00\",\"description\":\"10 Compre Aceite de CBD Premium Aceite de CBD de espectro completo en calidad org\\u00e1nica Solicite CBD en l\\u00ednea ahora de freya CBDCURE\",\"breadcrumb\":{\"@id\":\"https:\/\/cbdtest.wimbo.at\/es\/cbd-produkt\/aceite-de-cbd-premium-al-10-espectro-completo\/#breadcrumb\"},\"inLanguage\":\"es\",\"potentialAction\":[{\"@type\":\"ReadAction\",\"target\":[\"https:\/\/cbdtest.wimbo.at\/es\/cbd-produkt\/aceite-de-cbd-premium-al-10-espectro-completo\/\"]}]},{\"@type\":\"BreadcrumbList\",\"@id\":\"https:\/\/cbdtest.wimbo.at\/es\/cbd-produkt\/aceite-de-cbd-premium-al-10-espectro-completo\/#breadcrumb\",\"itemListElement\":[{\"@type\":\"ListItem\",\"position\":1,\"name\":\"Startseite\",\"item\":\"https:\/\/cbdtest.wimbo.at\/es\/\"},{\"@type\":\"ListItem\",\"position\":2,\"name\":\"CBD Tienda\",\"item\":\"https:\/\/cbdtest.wimbo.at\/es\/cbd-tienda\/\"},{\"@type\":\"ListItem\",\"position\":3,\"name\":\"Aceite de CBD premium 10% &#8211; espectro completo\"}]}]}<\/script>\n<!-- \/ Yoast SEO plugin. -->","yoast_head_json":{"title":"Comprar aceite de CBD | Flores de CBD | Ordene aceite de CBD en l\u00ednea ahora | FREYA CBD","description":"10 Compre Aceite de CBD Premium Aceite de CBD de espectro completo en calidad org\u00e1nica Solicite CBD en l\u00ednea ahora de freya CBDCURE","robots":{"index":"noindex","follow":"follow","max-snippet":"max-snippet:-1","max-image-preview":"max-image-preview:large","max-video-preview":"max-video-preview:-1"},"og_locale":"es_ES","og_type":"article","og_title":"Comprar aceite de CBD | Flores de CBD | Ordene aceite de CBD en l\u00ednea ahora | FREYA CBD","og_description":"10 Compre Aceite de CBD Premium Aceite de CBD de espectro completo en calidad org\u00e1nica Solicite CBD en l\u00ednea ahora de freya CBDCURE","og_url":"https:\/\/cbdtest.wimbo.at\/es\/cbd-produkt\/aceite-de-cbd-premium-al-10-espectro-completo\/","og_site_name":"CBD Bl\u00fcten | CBD \u00d6l online bestellen | FREYA CBDCURE","article_publisher":"https:\/\/www.facebook.com\/freyacbdcure\/","article_modified_time":"2021-05-02T16:19:48+00:00","og_image":[{"width":2048,"height":2048,"url":"https:\/\/cbdtest.wimbo.at\/wp-content\/uploads\/2020\/06\/freya_cbd-oel-10.jpg","type":"image\/jpeg"}],"twitter_card":"summary_large_image","twitter_site":"@freya_cbd_cure","twitter_misc":{"Tiempo de lectura":"1 minuto"},"schema":{"@context":"https:\/\/schema.org","@graph":[{"@type":"Organization","@id":"https:\/\/cbdtest.wimbo.at\/#organization","name":"CBD Bl\u00fcten, \u00d6l online kaufen | Freya cbdcure","url":"https:\/\/cbdtest.wimbo.at\/","sameAs":["https:\/\/www.facebook.com\/freyacbdcure\/","https:\/\/www.instagram.com\/freya_cbd_cure\/","https:\/\/www.linkedin.com\/company\/freya-cbdcure\/","https:\/\/www.pinterest.at\/freyacbdcure\/","https:\/\/twitter.com\/freya_cbd_cure"],"logo":{"@type":"ImageObject","@id":"https:\/\/cbdtest.wimbo.at\/#logo","inLanguage":"es","url":"http:\/\/cbdtest.wimbo.at\/wp-content\/uploads\/2020\/09\/freya_logo.png","contentUrl":"http:\/\/cbdtest.wimbo.at\/wp-content\/uploads\/2020\/09\/freya_logo.png","width":800,"height":1073,"caption":"CBD Bl\u00fcten, \u00d6l online kaufen | Freya cbdcure"},"image":{"@id":"https:\/\/cbdtest.wimbo.at\/#logo"}},{"@type":"WebSite","@id":"https:\/\/cbdtest.wimbo.at\/#website","url":"https:\/\/cbdtest.wimbo.at\/","name":"CBD Bl\u00fcten | CBD \u00d6l online bestellen | FREYA CBDCURE","description":"CBD \u00d6l Produkte \/ CBD Bl\u00fcten Bio Hanf einfach und bequem Online Kaufen","publisher":{"@id":"https:\/\/cbdtest.wimbo.at\/#organization"},"potentialAction":[{"@type":"SearchAction","target":{"@type":"EntryPoint","urlTemplate":"https:\/\/cbdtest.wimbo.at\/?s={search_term_string}"},"query-input":"required name=search_term_string"}],"inLanguage":"es"},{"@type":"ImageObject","@id":"https:\/\/cbdtest.wimbo.at\/es\/cbd-produkt\/aceite-de-cbd-premium-al-10-espectro-completo\/#primaryimage","inLanguage":"es","url":"https:\/\/cbdtest.wimbo.at\/wp-content\/uploads\/2020\/06\/freya_cbd-oel-10.jpg","contentUrl":"https:\/\/cbdtest.wimbo.at\/wp-content\/uploads\/2020\/06\/freya_cbd-oel-10.jpg","width":2048,"height":2048,"caption":"20% Premium CBD \u00d6l \u2013 Vollspektrum 10ml"},{"@type":"WebPage","@id":"https:\/\/cbdtest.wimbo.at\/es\/cbd-produkt\/aceite-de-cbd-premium-al-10-espectro-completo\/#webpage","url":"https:\/\/cbdtest.wimbo.at\/es\/cbd-produkt\/aceite-de-cbd-premium-al-10-espectro-completo\/","name":"Comprar aceite de CBD | Flores de CBD | Ordene aceite de CBD en l\u00ednea ahora | FREYA CBD","isPartOf":{"@id":"https:\/\/cbdtest.wimbo.at\/#website"},"primaryImageOfPage":{"@id":"https:\/\/cbdtest.wimbo.at\/es\/cbd-produkt\/aceite-de-cbd-premium-al-10-espectro-completo\/#primaryimage"},"datePublished":"2020-06-03T08:13:37+00:00","dateModified":"2021-05-02T16:19:48+00:00","description":"10 Compre Aceite de CBD Premium Aceite de CBD de espectro completo en calidad org\u00e1nica Solicite CBD en l\u00ednea ahora de freya CBDCURE","breadcrumb":{"@id":"https:\/\/cbdtest.wimbo.at\/es\/cbd-produkt\/aceite-de-cbd-premium-al-10-espectro-completo\/#breadcrumb"},"inLanguage":"es","potentialAction":[{"@type":"ReadAction","target":["https:\/\/cbdtest.wimbo.at\/es\/cbd-produkt\/aceite-de-cbd-premium-al-10-espectro-completo\/"]}]},{"@type":"BreadcrumbList","@id":"https:\/\/cbdtest.wimbo.at\/es\/cbd-produkt\/aceite-de-cbd-premium-al-10-espectro-completo\/#breadcrumb","itemListElement":[{"@type":"ListItem","position":1,"name":"Startseite","item":"https:\/\/cbdtest.wimbo.at\/es\/"},{"@type":"ListItem","position":2,"name":"CBD Tienda","item":"https:\/\/cbdtest.wimbo.at\/es\/cbd-tienda\/"},{"@type":"ListItem","position":3,"name":"Aceite de CBD premium 10% &#8211; espectro completo"}]}]}},"_links":{"self":[{"href":"https:\/\/cbdtest.wimbo.at\/es\/wp-json\/wp\/v2\/product\/6021"}],"collection":[{"href":"https:\/\/cbdtest.wimbo.at\/es\/wp-json\/wp\/v2\/product"}],"about":[{"href":"https:\/\/cbdtest.wimbo.at\/es\/wp-json\/wp\/v2\/types\/product"}],"replies":[{"embeddable":true,"href":"https:\/\/cbdtest.wimbo.at\/es\/wp-json\/wp\/v2\/comments?post=6021"}],"version-history":[{"count":0,"href":"https:\/\/cbdtest.wimbo.at\/es\/wp-json\/wp\/v2\/product\/6021\/revisions"}],"wp:featuredmedia":[{"embeddable":true,"href":"https:\/\/cbdtest.wimbo.at\/es\/wp-json\/wp\/v2\/media\/4838"}],"wp:attachment":[{"href":"https:\/\/cbdtest.wimbo.at\/es\/wp-json\/wp\/v2\/media?parent=6021"}],"wp:term":[{"taxonomy":"product_cat","embeddable":true,"href":"https:\/\/cbdtest.wimbo.at\/es\/wp-json\/wp\/v2\/product_cat?post=6021"},{"taxonomy":"product_tag","embeddable":true,"href":"https:\/\/cbdtest.wimbo.at\/es\/wp-json\/wp\/v2\/product_tag?post=6021"}],"curies":[{"name":"wp","href":"https:\/\/api.w.org\/{rel}","templated":true}]}}