{"id":6016,"date":"2020-06-03T10:16:48","date_gmt":"2020-06-03T08:16:48","guid":{"rendered":"http:\/\/cbdtest.wimbo.at\/produkt\/flores-de-cbd-de-canamo-organico-vanilla-kush\/"},"modified":"2021-08-19T11:50:57","modified_gmt":"2021-08-19T09:50:57","slug":"flores-de-canamo-organico-cbd-vanilla-kush","status":"publish","type":"product","link":"https:\/\/cbdtest.wimbo.at\/es\/cbd-produkt\/flores-de-canamo-organico-cbd-vanilla-kush\/","title":{"rendered":"Flores de c\u00e1\u00f1amo org\u00e1nico CBD- VANILLA KUSH"},"content":{"rendered":"<h2>Flores de Vanilla Kush CBD<\/h2>\n<p>Nuestras flores de c\u00e1\u00f1amo org\u00e1nico de <strong>Vanilla\u00a0Kush<\/strong> se cultivan en interiores y son ricas en el ingrediente activo cannabidiol (CBD).<\/p>\n<p><a href=\"http:\/\/cbdtest.wimbo.at\/es\/cepa-de-cannabis-vanilla-kush\/\"><strong>Vanilla Kush<\/strong><\/a> tiene un perfil de vainilla complejo que a menudo se conoce como casi tropical. Esto hace que Vanilla Kush sea una apuesta segura, incluso para los m\u00e1s exigentes. Cuando abres el frasco, te golpea una esencia dulce y natural.<\/p>\n<p><strong>Perfil de Vanilla Kush:<\/strong> nuestras flores de CBD premium solo contienen terpenos naturales, a los que no se les agrega nada en el proceso de fabricaci\u00f3n o despu\u00e9s. Ha sido curada durante mucho tiempo para incluir los terpenos naturales que brotan durante la fase de cultivo.<\/p>\n<ul>\n<li>Densidad: media<\/li>\n<li>Terpenos primarios: beta mirceno, alfa humuleno, alfa pineno: beta cariofileno: (2,68% de terpenos totales)<\/li>\n<li>Sabores principales: canela, vainilla, manzanilla, galleta<\/li>\n<li>Perfil olfativo: Tiene un aroma rico, que se acent\u00faa con un poco de brillo c\u00edtrico: La impresi\u00f3n general es de una media luna de vainilla. Quemar o romper las flores proporciona un olor m\u00e1s parecido al de un horno.<\/li>\n<li>Perfil de sabor: Similar a la variedad de cannabis original, hach\u00eds y especiado como una \u00edndica cl\u00e1sica.<\/li>\n<\/ul>\n<p><strong>Cultivo:<\/strong> se cultiva de acuerdo con estrictas pautas de cultivo y producci\u00f3n y se procesa suavemente para obtener flores de cannabis con CBD de alta calidad. Estas flores recolectadas a mano se cultivan org\u00e1nicamente en Suiza sin el uso de fertilizantes qu\u00edmicos o pesticidas para garantizar la mejor calidad y preservar las propiedades organol\u00e9pticas de las flores.<\/p>\n<p><strong>Cosecha:<\/strong> son flores de cannabis de CBD sin semillas, recogidas a mano, sin hojas ni tallos. El sabor impresiona con una nota fresca y afrutada.<\/p>\n<p><strong>Envasado:<\/strong> Llenamos el frasco, por lo que nuestras flores de CBD freya-CBDCURE est\u00e1n protegidas permanentemente de la desecaci\u00f3n y la calidad se conserva durante mucho tiempo. Junto al papel, el vidrio es la materia prima m\u00e1s f\u00e1cil de reciclar.<\/p>\n<p>Nuestras flores de c\u00e1\u00f1amo son analizadas en laboratorio, hay certificados disponibles. El contenido de CBD ronda el 6% y el contenido de THC es inferior al 0,2%.<\/p>\n<p>Aviso legal: estos productos no est\u00e1n destinados a ser utilizados como alimento. No se venden para fumar.<\/p>\n","protected":false},"excerpt":{"rendered":"<p><span style=\"font-weight: 400;\">Leer a los ganadores de copa a mano<\/span><\/p>\n<p>indoor &lt; 6 % CBD<\/p>\n<p>&nbsp;<\/p>\n<p> &hellip; <a href=\"https:\/\/cbdtest.wimbo.at\/es\/cbd-produkt\/flores-de-canamo-organico-cbd-vanilla-kush\/\">Read More<\/a><\/p>\n","protected":false},"featured_media":4855,"comment_status":"open","ping_status":"closed","template":"","meta":[],"product_cat":[112],"product_tag":[],"yoast_head":"<!-- This site is optimized with the Yoast SEO plugin v17.7.1 - https:\/\/yoast.com\/wordpress\/plugins\/seo\/ -->\n<title>VANILLA KUSH | Flores de CBD | Ordene aceite de CBD en l\u00ednea ahora | FREYA CBD<\/title>\n<meta name=\"description\" content=\"Compre flores de CBD de c\u00e1\u00f1amo org\u00e1nico VANILLA KUSH Flores de CBD Aceite de CBD Aceite de CBD en calidad org\u00e1nica Pida CBD en l\u00ednea ahora de freya CBDCURE\" \/>\n<meta name=\"robots\" content=\"noindex, follow, max-snippet:-1, max-image-preview:large, max-video-preview:-1\" \/>\n<meta property=\"og:locale\" content=\"es_ES\" \/>\n<meta property=\"og:type\" content=\"article\" \/>\n<meta property=\"og:title\" content=\"VANILLA KUSH | Flores de CBD | Ordene aceite de CBD en l\u00ednea ahora | FREYA CBD\" \/>\n<meta property=\"og:description\" content=\"Compre flores de CBD de c\u00e1\u00f1amo org\u00e1nico VANILLA KUSH Flores de CBD Aceite de CBD Aceite de CBD en calidad org\u00e1nica Pida CBD en l\u00ednea ahora de freya CBDCURE\" \/>\n<meta property=\"og:url\" content=\"https:\/\/cbdtest.wimbo.at\/es\/cbd-produkt\/flores-de-canamo-organico-cbd-vanilla-kush\/\" \/>\n<meta property=\"og:site_name\" content=\"CBD Bl\u00fcten | CBD \u00d6l online bestellen | FREYA CBDCURE\" \/>\n<meta property=\"article:publisher\" content=\"https:\/\/www.facebook.com\/freyacbdcure\/\" \/>\n<meta property=\"article:modified_time\" content=\"2021-08-19T09:50:57+00:00\" \/>\n<meta property=\"og:image\" content=\"https:\/\/cbdtest.wimbo.at\/wp-content\/uploads\/2020\/06\/freya_cbd-vanilla-kush.-1.jpg\" \/>\n\t<meta property=\"og:image:width\" content=\"2048\" \/>\n\t<meta property=\"og:image:height\" content=\"2048\" \/>\n<meta name=\"twitter:card\" content=\"summary_large_image\" \/>\n<meta name=\"twitter:site\" content=\"@freya_cbd_cure\" \/>\n<meta name=\"twitter:label1\" content=\"Tiempo de lectura\" \/>\n\t<meta name=\"twitter:data1\" content=\"2 minutos\" \/>\n<script type=\"application\/ld+json\" class=\"yoast-schema-graph\">{\"@context\":\"https:\/\/schema.org\",\"@graph\":[{\"@type\":\"Organization\",\"@id\":\"https:\/\/cbdtest.wimbo.at\/#organization\",\"name\":\"CBD Bl\\u00fcten, \\u00d6l online kaufen | Freya cbdcure\",\"url\":\"https:\/\/cbdtest.wimbo.at\/\",\"sameAs\":[\"https:\/\/www.facebook.com\/freyacbdcure\/\",\"https:\/\/www.instagram.com\/freya_cbd_cure\/\",\"https:\/\/www.linkedin.com\/company\/freya-cbdcure\/\",\"https:\/\/www.pinterest.at\/freyacbdcure\/\",\"https:\/\/twitter.com\/freya_cbd_cure\"],\"logo\":{\"@type\":\"ImageObject\",\"@id\":\"https:\/\/cbdtest.wimbo.at\/#logo\",\"inLanguage\":\"es\",\"url\":\"http:\/\/cbdtest.wimbo.at\/wp-content\/uploads\/2020\/09\/freya_logo.png\",\"contentUrl\":\"http:\/\/cbdtest.wimbo.at\/wp-content\/uploads\/2020\/09\/freya_logo.png\",\"width\":800,\"height\":1073,\"caption\":\"CBD Bl\\u00fcten, \\u00d6l online kaufen | Freya cbdcure\"},\"image\":{\"@id\":\"https:\/\/cbdtest.wimbo.at\/#logo\"}},{\"@type\":\"WebSite\",\"@id\":\"https:\/\/cbdtest.wimbo.at\/#website\",\"url\":\"https:\/\/cbdtest.wimbo.at\/\",\"name\":\"CBD Bl\\u00fcten | CBD \\u00d6l online bestellen | FREYA CBDCURE\",\"description\":\"CBD \\u00d6l Produkte \/ CBD Bl\\u00fcten Bio Hanf einfach und bequem Online Kaufen\",\"publisher\":{\"@id\":\"https:\/\/cbdtest.wimbo.at\/#organization\"},\"potentialAction\":[{\"@type\":\"SearchAction\",\"target\":{\"@type\":\"EntryPoint\",\"urlTemplate\":\"https:\/\/cbdtest.wimbo.at\/?s={search_term_string}\"},\"query-input\":\"required name=search_term_string\"}],\"inLanguage\":\"es\"},{\"@type\":\"ImageObject\",\"@id\":\"https:\/\/cbdtest.wimbo.at\/es\/cbd-produkt\/flores-de-canamo-organico-cbd-vanilla-kush\/#primaryimage\",\"inLanguage\":\"es\",\"url\":\"https:\/\/cbdtest.wimbo.at\/wp-content\/uploads\/2020\/06\/freya_cbd-vanilla-kush.-1.jpg\",\"contentUrl\":\"https:\/\/cbdtest.wimbo.at\/wp-content\/uploads\/2020\/06\/freya_cbd-vanilla-kush.-1.jpg\",\"width\":2048,\"height\":2048,\"caption\":\"Bio Hanf CBD Bl\\u00fcten \\u2013 Vanilla KUSH\"},{\"@type\":\"WebPage\",\"@id\":\"https:\/\/cbdtest.wimbo.at\/es\/cbd-produkt\/flores-de-canamo-organico-cbd-vanilla-kush\/#webpage\",\"url\":\"https:\/\/cbdtest.wimbo.at\/es\/cbd-produkt\/flores-de-canamo-organico-cbd-vanilla-kush\/\",\"name\":\"VANILLA KUSH | Flores de CBD | Ordene aceite de CBD en l\\u00ednea ahora | FREYA CBD\",\"isPartOf\":{\"@id\":\"https:\/\/cbdtest.wimbo.at\/#website\"},\"primaryImageOfPage\":{\"@id\":\"https:\/\/cbdtest.wimbo.at\/es\/cbd-produkt\/flores-de-canamo-organico-cbd-vanilla-kush\/#primaryimage\"},\"datePublished\":\"2020-06-03T08:16:48+00:00\",\"dateModified\":\"2021-08-19T09:50:57+00:00\",\"description\":\"Compre flores de CBD de c\\u00e1\\u00f1amo org\\u00e1nico VANILLA KUSH Flores de CBD Aceite de CBD Aceite de CBD en calidad org\\u00e1nica Pida CBD en l\\u00ednea ahora de freya CBDCURE\",\"breadcrumb\":{\"@id\":\"https:\/\/cbdtest.wimbo.at\/es\/cbd-produkt\/flores-de-canamo-organico-cbd-vanilla-kush\/#breadcrumb\"},\"inLanguage\":\"es\",\"potentialAction\":[{\"@type\":\"ReadAction\",\"target\":[\"https:\/\/cbdtest.wimbo.at\/es\/cbd-produkt\/flores-de-canamo-organico-cbd-vanilla-kush\/\"]}]},{\"@type\":\"BreadcrumbList\",\"@id\":\"https:\/\/cbdtest.wimbo.at\/es\/cbd-produkt\/flores-de-canamo-organico-cbd-vanilla-kush\/#breadcrumb\",\"itemListElement\":[{\"@type\":\"ListItem\",\"position\":1,\"name\":\"Startseite\",\"item\":\"https:\/\/cbdtest.wimbo.at\/es\/\"},{\"@type\":\"ListItem\",\"position\":2,\"name\":\"CBD Tienda\",\"item\":\"https:\/\/cbdtest.wimbo.at\/es\/cbd-tienda\/\"},{\"@type\":\"ListItem\",\"position\":3,\"name\":\"Flores de c\\u00e1\\u00f1amo org\\u00e1nico CBD- VANILLA KUSH\"}]}]}<\/script>\n<!-- \/ Yoast SEO plugin. -->","yoast_head_json":{"title":"VANILLA KUSH | Flores de CBD | Ordene aceite de CBD en l\u00ednea ahora | FREYA CBD","description":"Compre flores de CBD de c\u00e1\u00f1amo org\u00e1nico VANILLA KUSH Flores de CBD Aceite de CBD Aceite de CBD en calidad org\u00e1nica Pida CBD en l\u00ednea ahora de freya CBDCURE","robots":{"index":"noindex","follow":"follow","max-snippet":"max-snippet:-1","max-image-preview":"max-image-preview:large","max-video-preview":"max-video-preview:-1"},"og_locale":"es_ES","og_type":"article","og_title":"VANILLA KUSH | Flores de CBD | Ordene aceite de CBD en l\u00ednea ahora | FREYA CBD","og_description":"Compre flores de CBD de c\u00e1\u00f1amo org\u00e1nico VANILLA KUSH Flores de CBD Aceite de CBD Aceite de CBD en calidad org\u00e1nica Pida CBD en l\u00ednea ahora de freya CBDCURE","og_url":"https:\/\/cbdtest.wimbo.at\/es\/cbd-produkt\/flores-de-canamo-organico-cbd-vanilla-kush\/","og_site_name":"CBD Bl\u00fcten | CBD \u00d6l online bestellen | FREYA CBDCURE","article_publisher":"https:\/\/www.facebook.com\/freyacbdcure\/","article_modified_time":"2021-08-19T09:50:57+00:00","og_image":[{"width":2048,"height":2048,"url":"https:\/\/cbdtest.wimbo.at\/wp-content\/uploads\/2020\/06\/freya_cbd-vanilla-kush.-1.jpg","type":"image\/jpeg"}],"twitter_card":"summary_large_image","twitter_site":"@freya_cbd_cure","twitter_misc":{"Tiempo de lectura":"2 minutos"},"schema":{"@context":"https:\/\/schema.org","@graph":[{"@type":"Organization","@id":"https:\/\/cbdtest.wimbo.at\/#organization","name":"CBD Bl\u00fcten, \u00d6l online kaufen | Freya cbdcure","url":"https:\/\/cbdtest.wimbo.at\/","sameAs":["https:\/\/www.facebook.com\/freyacbdcure\/","https:\/\/www.instagram.com\/freya_cbd_cure\/","https:\/\/www.linkedin.com\/company\/freya-cbdcure\/","https:\/\/www.pinterest.at\/freyacbdcure\/","https:\/\/twitter.com\/freya_cbd_cure"],"logo":{"@type":"ImageObject","@id":"https:\/\/cbdtest.wimbo.at\/#logo","inLanguage":"es","url":"http:\/\/cbdtest.wimbo.at\/wp-content\/uploads\/2020\/09\/freya_logo.png","contentUrl":"http:\/\/cbdtest.wimbo.at\/wp-content\/uploads\/2020\/09\/freya_logo.png","width":800,"height":1073,"caption":"CBD Bl\u00fcten, \u00d6l online kaufen | Freya cbdcure"},"image":{"@id":"https:\/\/cbdtest.wimbo.at\/#logo"}},{"@type":"WebSite","@id":"https:\/\/cbdtest.wimbo.at\/#website","url":"https:\/\/cbdtest.wimbo.at\/","name":"CBD Bl\u00fcten | CBD \u00d6l online bestellen | FREYA CBDCURE","description":"CBD \u00d6l Produkte \/ CBD Bl\u00fcten Bio Hanf einfach und bequem Online Kaufen","publisher":{"@id":"https:\/\/cbdtest.wimbo.at\/#organization"},"potentialAction":[{"@type":"SearchAction","target":{"@type":"EntryPoint","urlTemplate":"https:\/\/cbdtest.wimbo.at\/?s={search_term_string}"},"query-input":"required name=search_term_string"}],"inLanguage":"es"},{"@type":"ImageObject","@id":"https:\/\/cbdtest.wimbo.at\/es\/cbd-produkt\/flores-de-canamo-organico-cbd-vanilla-kush\/#primaryimage","inLanguage":"es","url":"https:\/\/cbdtest.wimbo.at\/wp-content\/uploads\/2020\/06\/freya_cbd-vanilla-kush.-1.jpg","contentUrl":"https:\/\/cbdtest.wimbo.at\/wp-content\/uploads\/2020\/06\/freya_cbd-vanilla-kush.-1.jpg","width":2048,"height":2048,"caption":"Bio Hanf CBD Bl\u00fcten \u2013 Vanilla KUSH"},{"@type":"WebPage","@id":"https:\/\/cbdtest.wimbo.at\/es\/cbd-produkt\/flores-de-canamo-organico-cbd-vanilla-kush\/#webpage","url":"https:\/\/cbdtest.wimbo.at\/es\/cbd-produkt\/flores-de-canamo-organico-cbd-vanilla-kush\/","name":"VANILLA KUSH | Flores de CBD | Ordene aceite de CBD en l\u00ednea ahora | FREYA CBD","isPartOf":{"@id":"https:\/\/cbdtest.wimbo.at\/#website"},"primaryImageOfPage":{"@id":"https:\/\/cbdtest.wimbo.at\/es\/cbd-produkt\/flores-de-canamo-organico-cbd-vanilla-kush\/#primaryimage"},"datePublished":"2020-06-03T08:16:48+00:00","dateModified":"2021-08-19T09:50:57+00:00","description":"Compre flores de CBD de c\u00e1\u00f1amo org\u00e1nico VANILLA KUSH Flores de CBD Aceite de CBD Aceite de CBD en calidad org\u00e1nica Pida CBD en l\u00ednea ahora de freya CBDCURE","breadcrumb":{"@id":"https:\/\/cbdtest.wimbo.at\/es\/cbd-produkt\/flores-de-canamo-organico-cbd-vanilla-kush\/#breadcrumb"},"inLanguage":"es","potentialAction":[{"@type":"ReadAction","target":["https:\/\/cbdtest.wimbo.at\/es\/cbd-produkt\/flores-de-canamo-organico-cbd-vanilla-kush\/"]}]},{"@type":"BreadcrumbList","@id":"https:\/\/cbdtest.wimbo.at\/es\/cbd-produkt\/flores-de-canamo-organico-cbd-vanilla-kush\/#breadcrumb","itemListElement":[{"@type":"ListItem","position":1,"name":"Startseite","item":"https:\/\/cbdtest.wimbo.at\/es\/"},{"@type":"ListItem","position":2,"name":"CBD Tienda","item":"https:\/\/cbdtest.wimbo.at\/es\/cbd-tienda\/"},{"@type":"ListItem","position":3,"name":"Flores de c\u00e1\u00f1amo org\u00e1nico CBD- VANILLA KUSH"}]}]}},"_links":{"self":[{"href":"https:\/\/cbdtest.wimbo.at\/es\/wp-json\/wp\/v2\/product\/6016"}],"collection":[{"href":"https:\/\/cbdtest.wimbo.at\/es\/wp-json\/wp\/v2\/product"}],"about":[{"href":"https:\/\/cbdtest.wimbo.at\/es\/wp-json\/wp\/v2\/types\/product"}],"replies":[{"embeddable":true,"href":"https:\/\/cbdtest.wimbo.at\/es\/wp-json\/wp\/v2\/comments?post=6016"}],"version-history":[{"count":0,"href":"https:\/\/cbdtest.wimbo.at\/es\/wp-json\/wp\/v2\/product\/6016\/revisions"}],"wp:featuredmedia":[{"embeddable":true,"href":"https:\/\/cbdtest.wimbo.at\/es\/wp-json\/wp\/v2\/media\/4855"}],"wp:attachment":[{"href":"https:\/\/cbdtest.wimbo.at\/es\/wp-json\/wp\/v2\/media?parent=6016"}],"wp:term":[{"taxonomy":"product_cat","embeddable":true,"href":"https:\/\/cbdtest.wimbo.at\/es\/wp-json\/wp\/v2\/product_cat?post=6016"},{"taxonomy":"product_tag","embeddable":true,"href":"https:\/\/cbdtest.wimbo.at\/es\/wp-json\/wp\/v2\/product_tag?post=6016"}],"curies":[{"name":"wp","href":"https:\/\/api.w.org\/{rel}","templated":true}]}}