{"id":6008,"date":"2020-06-03T10:19:52","date_gmt":"2020-06-03T08:19:52","guid":{"rendered":"http:\/\/cbdtest.wimbo.at\/produkt\/flores-de-cbd-de-canamo-organico-og-kush\/"},"modified":"2021-08-19T11:50:59","modified_gmt":"2021-08-19T09:50:59","slug":"flores-de-canamo-organico-cbd-og-kush","status":"publish","type":"product","link":"https:\/\/cbdtest.wimbo.at\/es\/cbd-produkt\/flores-de-canamo-organico-cbd-og-kush\/","title":{"rendered":"Flores de c\u00e1\u00f1amo org\u00e1nico CBD &#8211; OG KUSH"},"content":{"rendered":"<p><strong>Flores de CBD OG Kush<\/strong><\/p>\n<p>Nuestras flores de c\u00e1\u00f1amo org\u00e1nicas <strong>OG Kush<\/strong> se cultivan en interiores y son ricas en el ingrediente activo cannabidiol (CBD).<\/p>\n<p><a href=\"http:\/\/cbdtest.wimbo.at\/es\/og-kush-cbd-cepa-de-cannabis\/\"><strong>OG Kush<\/strong> <\/a>es una variedad con un nombre que tambi\u00e9n est\u00e1 ganando reconocimiento fuera del mundo del cannabis. A pesar de su fama, sus or\u00edgenes exactos siguen siendo un misterio. El significado de su nombre tambi\u00e9n es controvertido &#8211; el \u00abOG\u00bb alternativamente deber\u00eda representar lo siguiente: \u00abG\u00e1ngster original\u00bb, que significa su estatus como un bloque de construcci\u00f3n de la vieja escuela; \u00abOc\u00e9ano cultivado\u00bb en relaci\u00f3n con su origen a lo largo de la costa de California.<\/p>\n<p><strong>OG Kush Profile:<\/strong> tiene flores de tama\u00f1o mediano a grande en forma de pepita con una estructura densa similar a una \u00edndica. Las flores de color verde claro con detalles en verde m\u00e1s oscuro hacen que estas flores sean \u00abO.G.\u00bb.<\/p>\n<p><strong>OG Kush Aroma:<\/strong> es un humo de m\u00faltiples aromas que se adapta al estado de \u00e1nimo y la mentalidad del usuario.<\/p>\n<ul>\n<li>Densidad: media<\/li>\n<li>Terpenos primarios: b-cariofileno, b-nerolidol, a-bisabolol (2,28% de terpenos totales)<\/li>\n<li>Aromas principales: canela, naranja, manzanilla, l\u00fapulo, lavanda<\/li>\n<li>Perfil olfativo: \u00bfTiene un olor a humedad que se acent\u00faa con un poco de brillo c\u00edtrico? La impresi\u00f3n general es la de una cerveza artesanal lupulada. Quemar o romper los cogollos produce un olor m\u00e1s parecido al del pino.<\/li>\n<li>Perfil de sabor: Similar a la variedad de cannabis original, hach\u00eds y especiado como una \u00edndica cl\u00e1sica.<\/li>\n<\/ul>\n<p><strong>Cultivo:<\/strong> se cultiva de acuerdo con estrictas pautas de cultivo y producci\u00f3n y se procesa suavemente para obtener flores de cannabis con CBD de alta calidad. Estas flores recolectadas a mano se cultivan org\u00e1nicamente en Suiza sin el uso de fertilizantes qu\u00edmicos o pesticidas para garantizar la mejor calidad y preservar las propiedades organol\u00e9pticas de las flores.<\/p>\n<p><strong>Cosecha:<\/strong> son flores de cannabis de CBD sin semillas, recogidas a mano, sin hojas ni tallos. El sabor impresiona con una nota fresca y afrutada.<\/p>\n<p><strong>Envasado:<\/strong> Llenamos el frasco, por lo que nuestras flores de CBD freya-CBDCURE est\u00e1n protegidas permanentemente de la desecaci\u00f3n y la calidad se conserva durante mucho tiempo. Junto al papel, el vidrio es la materia prima m\u00e1s f\u00e1cil de reciclar.<\/p>\n<p>Nuestras flores de c\u00e1\u00f1amo son analizadas en laboratorio, hay certificados disponibles. El contenido de CBD ronda el 6% y el contenido de THC es inferior al 0,2%.<\/p>\n<p>Aviso legal: estos productos no est\u00e1n destinados a ser utilizados como alimento. No se venden para fumar.<\/p>\n","protected":false},"excerpt":{"rendered":"<p><span style=\"font-weight: 400;\">Cogollos premium seleccionados a mano<\/span><\/p>\n<p>indoor &lt; 6 % CBD<\/p>\n<p>&nbsp;<\/p>\n<p> &hellip; <a href=\"https:\/\/cbdtest.wimbo.at\/es\/cbd-produkt\/flores-de-canamo-organico-cbd-og-kush\/\">Read More<\/a><\/p>\n","protected":false},"featured_media":4850,"comment_status":"open","ping_status":"closed","template":"","meta":[],"product_cat":[112],"product_tag":[],"yoast_head":"<!-- This site is optimized with the Yoast SEO plugin v17.7.1 - https:\/\/yoast.com\/wordpress\/plugins\/seo\/ -->\n<title>OG KUSH | Flores de CBD | Ordene aceite de CBD en l\u00ednea ahora | FREYA CBD<\/title>\n<meta name=\"description\" content=\"Compre flores de CBD de c\u00e1\u00f1amo org\u00e1nico OG KUSH Flores de CBD Aceite de CBD Aceite de CBD en calidad org\u00e1nica Solicite CBD en l\u00ednea ahora de freya CBDCURE\" \/>\n<meta name=\"robots\" content=\"noindex, follow, max-snippet:-1, max-image-preview:large, max-video-preview:-1\" \/>\n<meta property=\"og:locale\" content=\"es_ES\" \/>\n<meta property=\"og:type\" content=\"article\" \/>\n<meta property=\"og:title\" content=\"OG KUSH | Flores de CBD | Ordene aceite de CBD en l\u00ednea ahora | FREYA CBD\" \/>\n<meta property=\"og:description\" content=\"Compre flores de CBD de c\u00e1\u00f1amo org\u00e1nico OG KUSH Flores de CBD Aceite de CBD Aceite de CBD en calidad org\u00e1nica Solicite CBD en l\u00ednea ahora de freya CBDCURE\" \/>\n<meta property=\"og:url\" content=\"https:\/\/cbdtest.wimbo.at\/es\/cbd-produkt\/flores-de-canamo-organico-cbd-og-kush\/\" \/>\n<meta property=\"og:site_name\" content=\"CBD Bl\u00fcten | CBD \u00d6l online bestellen | FREYA CBDCURE\" \/>\n<meta property=\"article:publisher\" content=\"https:\/\/www.facebook.com\/freyacbdcure\/\" \/>\n<meta property=\"article:modified_time\" content=\"2021-08-19T09:50:59+00:00\" \/>\n<meta property=\"og:image\" content=\"https:\/\/cbdtest.wimbo.at\/wp-content\/uploads\/2020\/06\/freya_cbd-og-kush..jpg\" \/>\n\t<meta property=\"og:image:width\" content=\"2048\" \/>\n\t<meta property=\"og:image:height\" content=\"2048\" \/>\n<meta name=\"twitter:card\" content=\"summary_large_image\" \/>\n<meta name=\"twitter:site\" content=\"@freya_cbd_cure\" \/>\n<meta name=\"twitter:label1\" content=\"Tiempo de lectura\" \/>\n\t<meta name=\"twitter:data1\" content=\"2 minutos\" \/>\n<script type=\"application\/ld+json\" class=\"yoast-schema-graph\">{\"@context\":\"https:\/\/schema.org\",\"@graph\":[{\"@type\":\"Organization\",\"@id\":\"https:\/\/cbdtest.wimbo.at\/#organization\",\"name\":\"CBD Bl\\u00fcten, \\u00d6l online kaufen | Freya cbdcure\",\"url\":\"https:\/\/cbdtest.wimbo.at\/\",\"sameAs\":[\"https:\/\/www.facebook.com\/freyacbdcure\/\",\"https:\/\/www.instagram.com\/freya_cbd_cure\/\",\"https:\/\/www.linkedin.com\/company\/freya-cbdcure\/\",\"https:\/\/www.pinterest.at\/freyacbdcure\/\",\"https:\/\/twitter.com\/freya_cbd_cure\"],\"logo\":{\"@type\":\"ImageObject\",\"@id\":\"https:\/\/cbdtest.wimbo.at\/#logo\",\"inLanguage\":\"es\",\"url\":\"http:\/\/cbdtest.wimbo.at\/wp-content\/uploads\/2020\/09\/freya_logo.png\",\"contentUrl\":\"http:\/\/cbdtest.wimbo.at\/wp-content\/uploads\/2020\/09\/freya_logo.png\",\"width\":800,\"height\":1073,\"caption\":\"CBD Bl\\u00fcten, \\u00d6l online kaufen | Freya cbdcure\"},\"image\":{\"@id\":\"https:\/\/cbdtest.wimbo.at\/#logo\"}},{\"@type\":\"WebSite\",\"@id\":\"https:\/\/cbdtest.wimbo.at\/#website\",\"url\":\"https:\/\/cbdtest.wimbo.at\/\",\"name\":\"CBD Bl\\u00fcten | CBD \\u00d6l online bestellen | FREYA CBDCURE\",\"description\":\"CBD \\u00d6l Produkte \/ CBD Bl\\u00fcten Bio Hanf einfach und bequem Online Kaufen\",\"publisher\":{\"@id\":\"https:\/\/cbdtest.wimbo.at\/#organization\"},\"potentialAction\":[{\"@type\":\"SearchAction\",\"target\":{\"@type\":\"EntryPoint\",\"urlTemplate\":\"https:\/\/cbdtest.wimbo.at\/?s={search_term_string}\"},\"query-input\":\"required name=search_term_string\"}],\"inLanguage\":\"es\"},{\"@type\":\"ImageObject\",\"@id\":\"https:\/\/cbdtest.wimbo.at\/es\/cbd-produkt\/flores-de-canamo-organico-cbd-og-kush\/#primaryimage\",\"inLanguage\":\"es\",\"url\":\"https:\/\/cbdtest.wimbo.at\/wp-content\/uploads\/2020\/06\/freya_cbd-og-kush..jpg\",\"contentUrl\":\"https:\/\/cbdtest.wimbo.at\/wp-content\/uploads\/2020\/06\/freya_cbd-og-kush..jpg\",\"width\":2048,\"height\":2048,\"caption\":\"Bio Hanf CBD Bl\\u00fcten \\u2013 OG KUSH\"},{\"@type\":\"WebPage\",\"@id\":\"https:\/\/cbdtest.wimbo.at\/es\/cbd-produkt\/flores-de-canamo-organico-cbd-og-kush\/#webpage\",\"url\":\"https:\/\/cbdtest.wimbo.at\/es\/cbd-produkt\/flores-de-canamo-organico-cbd-og-kush\/\",\"name\":\"OG KUSH | Flores de CBD | Ordene aceite de CBD en l\\u00ednea ahora | FREYA CBD\",\"isPartOf\":{\"@id\":\"https:\/\/cbdtest.wimbo.at\/#website\"},\"primaryImageOfPage\":{\"@id\":\"https:\/\/cbdtest.wimbo.at\/es\/cbd-produkt\/flores-de-canamo-organico-cbd-og-kush\/#primaryimage\"},\"datePublished\":\"2020-06-03T08:19:52+00:00\",\"dateModified\":\"2021-08-19T09:50:59+00:00\",\"description\":\"Compre flores de CBD de c\\u00e1\\u00f1amo org\\u00e1nico OG KUSH Flores de CBD Aceite de CBD Aceite de CBD en calidad org\\u00e1nica Solicite CBD en l\\u00ednea ahora de freya CBDCURE\",\"breadcrumb\":{\"@id\":\"https:\/\/cbdtest.wimbo.at\/es\/cbd-produkt\/flores-de-canamo-organico-cbd-og-kush\/#breadcrumb\"},\"inLanguage\":\"es\",\"potentialAction\":[{\"@type\":\"ReadAction\",\"target\":[\"https:\/\/cbdtest.wimbo.at\/es\/cbd-produkt\/flores-de-canamo-organico-cbd-og-kush\/\"]}]},{\"@type\":\"BreadcrumbList\",\"@id\":\"https:\/\/cbdtest.wimbo.at\/es\/cbd-produkt\/flores-de-canamo-organico-cbd-og-kush\/#breadcrumb\",\"itemListElement\":[{\"@type\":\"ListItem\",\"position\":1,\"name\":\"Startseite\",\"item\":\"https:\/\/cbdtest.wimbo.at\/es\/\"},{\"@type\":\"ListItem\",\"position\":2,\"name\":\"CBD Tienda\",\"item\":\"https:\/\/cbdtest.wimbo.at\/es\/cbd-tienda\/\"},{\"@type\":\"ListItem\",\"position\":3,\"name\":\"Flores de c\\u00e1\\u00f1amo org\\u00e1nico CBD &#8211; OG KUSH\"}]}]}<\/script>\n<!-- \/ Yoast SEO plugin. -->","yoast_head_json":{"title":"OG KUSH | Flores de CBD | Ordene aceite de CBD en l\u00ednea ahora | FREYA CBD","description":"Compre flores de CBD de c\u00e1\u00f1amo org\u00e1nico OG KUSH Flores de CBD Aceite de CBD Aceite de CBD en calidad org\u00e1nica Solicite CBD en l\u00ednea ahora de freya CBDCURE","robots":{"index":"noindex","follow":"follow","max-snippet":"max-snippet:-1","max-image-preview":"max-image-preview:large","max-video-preview":"max-video-preview:-1"},"og_locale":"es_ES","og_type":"article","og_title":"OG KUSH | Flores de CBD | Ordene aceite de CBD en l\u00ednea ahora | FREYA CBD","og_description":"Compre flores de CBD de c\u00e1\u00f1amo org\u00e1nico OG KUSH Flores de CBD Aceite de CBD Aceite de CBD en calidad org\u00e1nica Solicite CBD en l\u00ednea ahora de freya CBDCURE","og_url":"https:\/\/cbdtest.wimbo.at\/es\/cbd-produkt\/flores-de-canamo-organico-cbd-og-kush\/","og_site_name":"CBD Bl\u00fcten | CBD \u00d6l online bestellen | FREYA CBDCURE","article_publisher":"https:\/\/www.facebook.com\/freyacbdcure\/","article_modified_time":"2021-08-19T09:50:59+00:00","og_image":[{"width":2048,"height":2048,"url":"https:\/\/cbdtest.wimbo.at\/wp-content\/uploads\/2020\/06\/freya_cbd-og-kush..jpg","type":"image\/jpeg"}],"twitter_card":"summary_large_image","twitter_site":"@freya_cbd_cure","twitter_misc":{"Tiempo de lectura":"2 minutos"},"schema":{"@context":"https:\/\/schema.org","@graph":[{"@type":"Organization","@id":"https:\/\/cbdtest.wimbo.at\/#organization","name":"CBD Bl\u00fcten, \u00d6l online kaufen | Freya cbdcure","url":"https:\/\/cbdtest.wimbo.at\/","sameAs":["https:\/\/www.facebook.com\/freyacbdcure\/","https:\/\/www.instagram.com\/freya_cbd_cure\/","https:\/\/www.linkedin.com\/company\/freya-cbdcure\/","https:\/\/www.pinterest.at\/freyacbdcure\/","https:\/\/twitter.com\/freya_cbd_cure"],"logo":{"@type":"ImageObject","@id":"https:\/\/cbdtest.wimbo.at\/#logo","inLanguage":"es","url":"http:\/\/cbdtest.wimbo.at\/wp-content\/uploads\/2020\/09\/freya_logo.png","contentUrl":"http:\/\/cbdtest.wimbo.at\/wp-content\/uploads\/2020\/09\/freya_logo.png","width":800,"height":1073,"caption":"CBD Bl\u00fcten, \u00d6l online kaufen | Freya cbdcure"},"image":{"@id":"https:\/\/cbdtest.wimbo.at\/#logo"}},{"@type":"WebSite","@id":"https:\/\/cbdtest.wimbo.at\/#website","url":"https:\/\/cbdtest.wimbo.at\/","name":"CBD Bl\u00fcten | CBD \u00d6l online bestellen | FREYA CBDCURE","description":"CBD \u00d6l Produkte \/ CBD Bl\u00fcten Bio Hanf einfach und bequem Online Kaufen","publisher":{"@id":"https:\/\/cbdtest.wimbo.at\/#organization"},"potentialAction":[{"@type":"SearchAction","target":{"@type":"EntryPoint","urlTemplate":"https:\/\/cbdtest.wimbo.at\/?s={search_term_string}"},"query-input":"required name=search_term_string"}],"inLanguage":"es"},{"@type":"ImageObject","@id":"https:\/\/cbdtest.wimbo.at\/es\/cbd-produkt\/flores-de-canamo-organico-cbd-og-kush\/#primaryimage","inLanguage":"es","url":"https:\/\/cbdtest.wimbo.at\/wp-content\/uploads\/2020\/06\/freya_cbd-og-kush..jpg","contentUrl":"https:\/\/cbdtest.wimbo.at\/wp-content\/uploads\/2020\/06\/freya_cbd-og-kush..jpg","width":2048,"height":2048,"caption":"Bio Hanf CBD Bl\u00fcten \u2013 OG KUSH"},{"@type":"WebPage","@id":"https:\/\/cbdtest.wimbo.at\/es\/cbd-produkt\/flores-de-canamo-organico-cbd-og-kush\/#webpage","url":"https:\/\/cbdtest.wimbo.at\/es\/cbd-produkt\/flores-de-canamo-organico-cbd-og-kush\/","name":"OG KUSH | Flores de CBD | Ordene aceite de CBD en l\u00ednea ahora | FREYA CBD","isPartOf":{"@id":"https:\/\/cbdtest.wimbo.at\/#website"},"primaryImageOfPage":{"@id":"https:\/\/cbdtest.wimbo.at\/es\/cbd-produkt\/flores-de-canamo-organico-cbd-og-kush\/#primaryimage"},"datePublished":"2020-06-03T08:19:52+00:00","dateModified":"2021-08-19T09:50:59+00:00","description":"Compre flores de CBD de c\u00e1\u00f1amo org\u00e1nico OG KUSH Flores de CBD Aceite de CBD Aceite de CBD en calidad org\u00e1nica Solicite CBD en l\u00ednea ahora de freya CBDCURE","breadcrumb":{"@id":"https:\/\/cbdtest.wimbo.at\/es\/cbd-produkt\/flores-de-canamo-organico-cbd-og-kush\/#breadcrumb"},"inLanguage":"es","potentialAction":[{"@type":"ReadAction","target":["https:\/\/cbdtest.wimbo.at\/es\/cbd-produkt\/flores-de-canamo-organico-cbd-og-kush\/"]}]},{"@type":"BreadcrumbList","@id":"https:\/\/cbdtest.wimbo.at\/es\/cbd-produkt\/flores-de-canamo-organico-cbd-og-kush\/#breadcrumb","itemListElement":[{"@type":"ListItem","position":1,"name":"Startseite","item":"https:\/\/cbdtest.wimbo.at\/es\/"},{"@type":"ListItem","position":2,"name":"CBD Tienda","item":"https:\/\/cbdtest.wimbo.at\/es\/cbd-tienda\/"},{"@type":"ListItem","position":3,"name":"Flores de c\u00e1\u00f1amo org\u00e1nico CBD &#8211; OG KUSH"}]}]}},"_links":{"self":[{"href":"https:\/\/cbdtest.wimbo.at\/es\/wp-json\/wp\/v2\/product\/6008"}],"collection":[{"href":"https:\/\/cbdtest.wimbo.at\/es\/wp-json\/wp\/v2\/product"}],"about":[{"href":"https:\/\/cbdtest.wimbo.at\/es\/wp-json\/wp\/v2\/types\/product"}],"replies":[{"embeddable":true,"href":"https:\/\/cbdtest.wimbo.at\/es\/wp-json\/wp\/v2\/comments?post=6008"}],"version-history":[{"count":0,"href":"https:\/\/cbdtest.wimbo.at\/es\/wp-json\/wp\/v2\/product\/6008\/revisions"}],"wp:featuredmedia":[{"embeddable":true,"href":"https:\/\/cbdtest.wimbo.at\/es\/wp-json\/wp\/v2\/media\/4850"}],"wp:attachment":[{"href":"https:\/\/cbdtest.wimbo.at\/es\/wp-json\/wp\/v2\/media?parent=6008"}],"wp:term":[{"taxonomy":"product_cat","embeddable":true,"href":"https:\/\/cbdtest.wimbo.at\/es\/wp-json\/wp\/v2\/product_cat?post=6008"},{"taxonomy":"product_tag","embeddable":true,"href":"https:\/\/cbdtest.wimbo.at\/es\/wp-json\/wp\/v2\/product_tag?post=6008"}],"curies":[{"name":"wp","href":"https:\/\/api.w.org\/{rel}","templated":true}]}}