{"id":6002,"date":"2020-06-03T10:23:44","date_gmt":"2020-06-03T08:23:44","guid":{"rendered":"http:\/\/cbdtest.wimbo.at\/produkt\/flores-de-cbd-de-canamo-organico-queso\/"},"modified":"2021-08-19T11:50:58","modified_gmt":"2021-08-19T09:50:58","slug":"flores-de-cbd-de-canamo-organico-cheese","status":"publish","type":"product","link":"https:\/\/cbdtest.wimbo.at\/es\/cbd-produkt\/flores-de-cbd-de-canamo-organico-cheese\/","title":{"rendered":"Flores de c\u00e1\u00f1amo org\u00e1nico CBD &#8211; CHEESE"},"content":{"rendered":"<h2>Flores de CBD &#8211; Cheese<\/h2>\n<p>Nuestras flores de c\u00e1\u00f1amo org\u00e1nico <strong>Cheese<\/strong> se cultivan al aire libre y son ricas en el ingrediente activo cannabidiol (CBD).<\/p>\n<p><strong>Cheese Perfil:<\/strong> flores h\u00edbridas de CBD que brindan un sabor inolvidable adem\u00e1s de una sensaci\u00f3n equilibrada y relajante. Las flores son de tama\u00f1o mediano y tienen una estructura floral de densidad media. Se trata de una variedad muy resinosa y las flores est\u00e1n adecuadamente cubiertas de tricomas blancos y pegajosos.<\/p>\n<p><strong>Aroma:<\/strong> El queso es picante, las flores tienen principalmente un aroma a frutos del bosque, heredado de la variedad parental Blueberry. Esta dulzura se completa con un toque picante de queso, que algunos han comparado con un queso crema o un parfait con frutos rojos.<\/p>\n<ul>\n<li>Terpenos primarios: mirceno, cis-nerolidol, b-cariofileno (1,11% de terpenos totales)<\/li>\n<li>Aromas principales: l\u00fapulo, canela, flores, madera, naranja<br \/>\nPerfil de sabor: cuando las flores se fuman o vaporizan, el humo es denso y expande los pulmones y puede causar tos severa en los usuarios que reciben un golpe suficientemente grande. Tan pronto como los fumadores hayan superado este picor acuoso y cosquilleante en el paladar, notar\u00e1n un sabor a ar\u00e1ndano completamente afrutado cuando exhalen, sin funk cursi.<\/li>\n<li>Perfil de olor: esta variedad tiene un aroma picante \u00abcursi\u00bb. Las flores tienen principalmente un olor a frutos del bosque heredado de la cepa parental Blueberry. Esta dulzura se completa con un toque picante de queso, que algunos han comparado con un queso crema o un parfait con frutos rojos.<\/li>\n<\/ul>\n<p><strong>Cultivo:<\/strong> se cultiva de acuerdo con estrictas pautas de cultivo y producci\u00f3n y se procesa suavemente para obtener flores de cannabis con CBD de alta calidad. Estas flores recolectadas a mano se cultivan org\u00e1nicamente en Suiza sin el uso de fertilizantes qu\u00edmicos o pesticidas para garantizar la mejor calidad y preservar las propiedades organol\u00e9pticas de las flores.<\/p>\n<p><strong>Cosecha:<\/strong> son flores de cannabis de CBD sin semillas, recogidas a mano, sin hojas ni tallos. El sabor impresiona con una nota fresca y afrutada.<\/p>\n<p><strong>Envasado:<\/strong> Llenamos el frasco, por lo que nuestras flores de CBD freya-CBDCURE est\u00e1n protegidas permanentemente de la desecaci\u00f3n y la calidad se conserva durante mucho tiempo. Junto al papel, el vidrio es la materia prima m\u00e1s f\u00e1cil de reciclar.<\/p>\n<p>Nuestras flores de c\u00e1\u00f1amo son analizadas en laboratorio, hay certificados disponibles. El contenido de CBD ronda el 6% y el contenido de THC es inferior al 0,2%.<\/p>\n<p><em>Aviso legal: estos productos no est\u00e1n destinados a ser utilizados como alimento. No se venden para fumar.<\/em><\/p>\n","protected":false},"excerpt":{"rendered":"<p><span style=\"font-weight: 400;\">Escogido a mano de la vieja escuela<\/span><\/p>\n<p>Exterior &lt; 6 % CBD<\/p>\n<p>&nbsp;<\/p>\n<p> &hellip; <a href=\"https:\/\/cbdtest.wimbo.at\/es\/cbd-produkt\/flores-de-cbd-de-canamo-organico-cheese\/\">Read More<\/a><\/p>\n","protected":false},"featured_media":5157,"comment_status":"open","ping_status":"closed","template":"","meta":[],"product_cat":[112],"product_tag":[],"yoast_head":"<!-- This site is optimized with the Yoast SEO plugin v17.7.1 - https:\/\/yoast.com\/wordpress\/plugins\/seo\/ -->\n<title>QUESO | Flores de CBD | Ordene aceite de CBD en l\u00ednea ahora | FREYA CBD<\/title>\n<meta name=\"description\" content=\"Flores de CBD de c\u00e1\u00f1amo org\u00e1nico Flores de CBD de QUESO Compre aceite de CBD Aceite de CBD en calidad org\u00e1nica Solicite CBD en l\u00ednea ahora de FREYA Cbdcure\" \/>\n<meta name=\"robots\" content=\"noindex, follow, max-snippet:-1, max-image-preview:large, max-video-preview:-1\" \/>\n<meta property=\"og:locale\" content=\"es_ES\" \/>\n<meta property=\"og:type\" content=\"article\" \/>\n<meta property=\"og:title\" content=\"QUESO | Flores de CBD | Ordene aceite de CBD en l\u00ednea ahora | FREYA CBD\" \/>\n<meta property=\"og:description\" content=\"Flores de CBD de c\u00e1\u00f1amo org\u00e1nico Flores de CBD de QUESO Compre aceite de CBD Aceite de CBD en calidad org\u00e1nica Solicite CBD en l\u00ednea ahora de FREYA Cbdcure\" \/>\n<meta property=\"og:url\" content=\"https:\/\/cbdtest.wimbo.at\/es\/cbd-produkt\/flores-de-cbd-de-canamo-organico-cheese\/\" \/>\n<meta property=\"og:site_name\" content=\"CBD Bl\u00fcten | CBD \u00d6l online bestellen | FREYA CBDCURE\" \/>\n<meta property=\"article:publisher\" content=\"https:\/\/www.facebook.com\/freyacbdcure\/\" \/>\n<meta property=\"article:modified_time\" content=\"2021-08-19T09:50:58+00:00\" \/>\n<meta property=\"og:image\" content=\"https:\/\/cbdtest.wimbo.at\/wp-content\/uploads\/2020\/06\/freya_cbd-cheese..jpg\" \/>\n\t<meta property=\"og:image:width\" content=\"2048\" \/>\n\t<meta property=\"og:image:height\" content=\"2048\" \/>\n<meta name=\"twitter:card\" content=\"summary_large_image\" \/>\n<meta name=\"twitter:site\" content=\"@freya_cbd_cure\" \/>\n<meta name=\"twitter:label1\" content=\"Tiempo de lectura\" \/>\n\t<meta name=\"twitter:data1\" content=\"2 minutos\" \/>\n<script type=\"application\/ld+json\" class=\"yoast-schema-graph\">{\"@context\":\"https:\/\/schema.org\",\"@graph\":[{\"@type\":\"Organization\",\"@id\":\"https:\/\/cbdtest.wimbo.at\/#organization\",\"name\":\"CBD Bl\\u00fcten, \\u00d6l online kaufen | Freya cbdcure\",\"url\":\"https:\/\/cbdtest.wimbo.at\/\",\"sameAs\":[\"https:\/\/www.facebook.com\/freyacbdcure\/\",\"https:\/\/www.instagram.com\/freya_cbd_cure\/\",\"https:\/\/www.linkedin.com\/company\/freya-cbdcure\/\",\"https:\/\/www.pinterest.at\/freyacbdcure\/\",\"https:\/\/twitter.com\/freya_cbd_cure\"],\"logo\":{\"@type\":\"ImageObject\",\"@id\":\"https:\/\/cbdtest.wimbo.at\/#logo\",\"inLanguage\":\"es\",\"url\":\"http:\/\/cbdtest.wimbo.at\/wp-content\/uploads\/2020\/09\/freya_logo.png\",\"contentUrl\":\"http:\/\/cbdtest.wimbo.at\/wp-content\/uploads\/2020\/09\/freya_logo.png\",\"width\":800,\"height\":1073,\"caption\":\"CBD Bl\\u00fcten, \\u00d6l online kaufen | Freya cbdcure\"},\"image\":{\"@id\":\"https:\/\/cbdtest.wimbo.at\/#logo\"}},{\"@type\":\"WebSite\",\"@id\":\"https:\/\/cbdtest.wimbo.at\/#website\",\"url\":\"https:\/\/cbdtest.wimbo.at\/\",\"name\":\"CBD Bl\\u00fcten | CBD \\u00d6l online bestellen | FREYA CBDCURE\",\"description\":\"CBD \\u00d6l Produkte \/ CBD Bl\\u00fcten Bio Hanf einfach und bequem Online Kaufen\",\"publisher\":{\"@id\":\"https:\/\/cbdtest.wimbo.at\/#organization\"},\"potentialAction\":[{\"@type\":\"SearchAction\",\"target\":{\"@type\":\"EntryPoint\",\"urlTemplate\":\"https:\/\/cbdtest.wimbo.at\/?s={search_term_string}\"},\"query-input\":\"required name=search_term_string\"}],\"inLanguage\":\"es\"},{\"@type\":\"ImageObject\",\"@id\":\"https:\/\/cbdtest.wimbo.at\/es\/cbd-produkt\/flores-de-cbd-de-canamo-organico-cheese\/#primaryimage\",\"inLanguage\":\"es\",\"url\":\"https:\/\/cbdtest.wimbo.at\/wp-content\/uploads\/2020\/06\/freya_cbd-cheese..jpg\",\"contentUrl\":\"https:\/\/cbdtest.wimbo.at\/wp-content\/uploads\/2020\/06\/freya_cbd-cheese..jpg\",\"width\":2048,\"height\":2048,\"caption\":\"Flores de c\\u00e1\\u00f1amo org\\u00e1nico CBD - CHEESE\"},{\"@type\":\"WebPage\",\"@id\":\"https:\/\/cbdtest.wimbo.at\/es\/cbd-produkt\/flores-de-cbd-de-canamo-organico-cheese\/#webpage\",\"url\":\"https:\/\/cbdtest.wimbo.at\/es\/cbd-produkt\/flores-de-cbd-de-canamo-organico-cheese\/\",\"name\":\"QUESO | Flores de CBD | Ordene aceite de CBD en l\\u00ednea ahora | FREYA CBD\",\"isPartOf\":{\"@id\":\"https:\/\/cbdtest.wimbo.at\/#website\"},\"primaryImageOfPage\":{\"@id\":\"https:\/\/cbdtest.wimbo.at\/es\/cbd-produkt\/flores-de-cbd-de-canamo-organico-cheese\/#primaryimage\"},\"datePublished\":\"2020-06-03T08:23:44+00:00\",\"dateModified\":\"2021-08-19T09:50:58+00:00\",\"description\":\"Flores de CBD de c\\u00e1\\u00f1amo org\\u00e1nico Flores de CBD de QUESO Compre aceite de CBD Aceite de CBD en calidad org\\u00e1nica Solicite CBD en l\\u00ednea ahora de FREYA Cbdcure\",\"breadcrumb\":{\"@id\":\"https:\/\/cbdtest.wimbo.at\/es\/cbd-produkt\/flores-de-cbd-de-canamo-organico-cheese\/#breadcrumb\"},\"inLanguage\":\"es\",\"potentialAction\":[{\"@type\":\"ReadAction\",\"target\":[\"https:\/\/cbdtest.wimbo.at\/es\/cbd-produkt\/flores-de-cbd-de-canamo-organico-cheese\/\"]}]},{\"@type\":\"BreadcrumbList\",\"@id\":\"https:\/\/cbdtest.wimbo.at\/es\/cbd-produkt\/flores-de-cbd-de-canamo-organico-cheese\/#breadcrumb\",\"itemListElement\":[{\"@type\":\"ListItem\",\"position\":1,\"name\":\"Startseite\",\"item\":\"https:\/\/cbdtest.wimbo.at\/es\/\"},{\"@type\":\"ListItem\",\"position\":2,\"name\":\"CBD Tienda\",\"item\":\"https:\/\/cbdtest.wimbo.at\/es\/cbd-tienda\/\"},{\"@type\":\"ListItem\",\"position\":3,\"name\":\"Flores de c\\u00e1\\u00f1amo org\\u00e1nico CBD &#8211; CHEESE\"}]}]}<\/script>\n<!-- \/ Yoast SEO plugin. -->","yoast_head_json":{"title":"QUESO | Flores de CBD | Ordene aceite de CBD en l\u00ednea ahora | FREYA CBD","description":"Flores de CBD de c\u00e1\u00f1amo org\u00e1nico Flores de CBD de QUESO Compre aceite de CBD Aceite de CBD en calidad org\u00e1nica Solicite CBD en l\u00ednea ahora de FREYA Cbdcure","robots":{"index":"noindex","follow":"follow","max-snippet":"max-snippet:-1","max-image-preview":"max-image-preview:large","max-video-preview":"max-video-preview:-1"},"og_locale":"es_ES","og_type":"article","og_title":"QUESO | Flores de CBD | Ordene aceite de CBD en l\u00ednea ahora | FREYA CBD","og_description":"Flores de CBD de c\u00e1\u00f1amo org\u00e1nico Flores de CBD de QUESO Compre aceite de CBD Aceite de CBD en calidad org\u00e1nica Solicite CBD en l\u00ednea ahora de FREYA Cbdcure","og_url":"https:\/\/cbdtest.wimbo.at\/es\/cbd-produkt\/flores-de-cbd-de-canamo-organico-cheese\/","og_site_name":"CBD Bl\u00fcten | CBD \u00d6l online bestellen | FREYA CBDCURE","article_publisher":"https:\/\/www.facebook.com\/freyacbdcure\/","article_modified_time":"2021-08-19T09:50:58+00:00","og_image":[{"width":2048,"height":2048,"url":"https:\/\/cbdtest.wimbo.at\/wp-content\/uploads\/2020\/06\/freya_cbd-cheese..jpg","type":"image\/jpeg"}],"twitter_card":"summary_large_image","twitter_site":"@freya_cbd_cure","twitter_misc":{"Tiempo de lectura":"2 minutos"},"schema":{"@context":"https:\/\/schema.org","@graph":[{"@type":"Organization","@id":"https:\/\/cbdtest.wimbo.at\/#organization","name":"CBD Bl\u00fcten, \u00d6l online kaufen | Freya cbdcure","url":"https:\/\/cbdtest.wimbo.at\/","sameAs":["https:\/\/www.facebook.com\/freyacbdcure\/","https:\/\/www.instagram.com\/freya_cbd_cure\/","https:\/\/www.linkedin.com\/company\/freya-cbdcure\/","https:\/\/www.pinterest.at\/freyacbdcure\/","https:\/\/twitter.com\/freya_cbd_cure"],"logo":{"@type":"ImageObject","@id":"https:\/\/cbdtest.wimbo.at\/#logo","inLanguage":"es","url":"http:\/\/cbdtest.wimbo.at\/wp-content\/uploads\/2020\/09\/freya_logo.png","contentUrl":"http:\/\/cbdtest.wimbo.at\/wp-content\/uploads\/2020\/09\/freya_logo.png","width":800,"height":1073,"caption":"CBD Bl\u00fcten, \u00d6l online kaufen | Freya cbdcure"},"image":{"@id":"https:\/\/cbdtest.wimbo.at\/#logo"}},{"@type":"WebSite","@id":"https:\/\/cbdtest.wimbo.at\/#website","url":"https:\/\/cbdtest.wimbo.at\/","name":"CBD Bl\u00fcten | CBD \u00d6l online bestellen | FREYA CBDCURE","description":"CBD \u00d6l Produkte \/ CBD Bl\u00fcten Bio Hanf einfach und bequem Online Kaufen","publisher":{"@id":"https:\/\/cbdtest.wimbo.at\/#organization"},"potentialAction":[{"@type":"SearchAction","target":{"@type":"EntryPoint","urlTemplate":"https:\/\/cbdtest.wimbo.at\/?s={search_term_string}"},"query-input":"required name=search_term_string"}],"inLanguage":"es"},{"@type":"ImageObject","@id":"https:\/\/cbdtest.wimbo.at\/es\/cbd-produkt\/flores-de-cbd-de-canamo-organico-cheese\/#primaryimage","inLanguage":"es","url":"https:\/\/cbdtest.wimbo.at\/wp-content\/uploads\/2020\/06\/freya_cbd-cheese..jpg","contentUrl":"https:\/\/cbdtest.wimbo.at\/wp-content\/uploads\/2020\/06\/freya_cbd-cheese..jpg","width":2048,"height":2048,"caption":"Flores de c\u00e1\u00f1amo org\u00e1nico CBD - CHEESE"},{"@type":"WebPage","@id":"https:\/\/cbdtest.wimbo.at\/es\/cbd-produkt\/flores-de-cbd-de-canamo-organico-cheese\/#webpage","url":"https:\/\/cbdtest.wimbo.at\/es\/cbd-produkt\/flores-de-cbd-de-canamo-organico-cheese\/","name":"QUESO | Flores de CBD | Ordene aceite de CBD en l\u00ednea ahora | FREYA CBD","isPartOf":{"@id":"https:\/\/cbdtest.wimbo.at\/#website"},"primaryImageOfPage":{"@id":"https:\/\/cbdtest.wimbo.at\/es\/cbd-produkt\/flores-de-cbd-de-canamo-organico-cheese\/#primaryimage"},"datePublished":"2020-06-03T08:23:44+00:00","dateModified":"2021-08-19T09:50:58+00:00","description":"Flores de CBD de c\u00e1\u00f1amo org\u00e1nico Flores de CBD de QUESO Compre aceite de CBD Aceite de CBD en calidad org\u00e1nica Solicite CBD en l\u00ednea ahora de FREYA Cbdcure","breadcrumb":{"@id":"https:\/\/cbdtest.wimbo.at\/es\/cbd-produkt\/flores-de-cbd-de-canamo-organico-cheese\/#breadcrumb"},"inLanguage":"es","potentialAction":[{"@type":"ReadAction","target":["https:\/\/cbdtest.wimbo.at\/es\/cbd-produkt\/flores-de-cbd-de-canamo-organico-cheese\/"]}]},{"@type":"BreadcrumbList","@id":"https:\/\/cbdtest.wimbo.at\/es\/cbd-produkt\/flores-de-cbd-de-canamo-organico-cheese\/#breadcrumb","itemListElement":[{"@type":"ListItem","position":1,"name":"Startseite","item":"https:\/\/cbdtest.wimbo.at\/es\/"},{"@type":"ListItem","position":2,"name":"CBD Tienda","item":"https:\/\/cbdtest.wimbo.at\/es\/cbd-tienda\/"},{"@type":"ListItem","position":3,"name":"Flores de c\u00e1\u00f1amo org\u00e1nico CBD &#8211; CHEESE"}]}]}},"_links":{"self":[{"href":"https:\/\/cbdtest.wimbo.at\/es\/wp-json\/wp\/v2\/product\/6002"}],"collection":[{"href":"https:\/\/cbdtest.wimbo.at\/es\/wp-json\/wp\/v2\/product"}],"about":[{"href":"https:\/\/cbdtest.wimbo.at\/es\/wp-json\/wp\/v2\/types\/product"}],"replies":[{"embeddable":true,"href":"https:\/\/cbdtest.wimbo.at\/es\/wp-json\/wp\/v2\/comments?post=6002"}],"version-history":[{"count":0,"href":"https:\/\/cbdtest.wimbo.at\/es\/wp-json\/wp\/v2\/product\/6002\/revisions"}],"wp:featuredmedia":[{"embeddable":true,"href":"https:\/\/cbdtest.wimbo.at\/es\/wp-json\/wp\/v2\/media\/5157"}],"wp:attachment":[{"href":"https:\/\/cbdtest.wimbo.at\/es\/wp-json\/wp\/v2\/media?parent=6002"}],"wp:term":[{"taxonomy":"product_cat","embeddable":true,"href":"https:\/\/cbdtest.wimbo.at\/es\/wp-json\/wp\/v2\/product_cat?post=6002"},{"taxonomy":"product_tag","embeddable":true,"href":"https:\/\/cbdtest.wimbo.at\/es\/wp-json\/wp\/v2\/product_tag?post=6002"}],"curies":[{"name":"wp","href":"https:\/\/api.w.org\/{rel}","templated":true}]}}