{"id":5969,"date":"2020-06-03T10:24:12","date_gmt":"2020-06-03T08:24:12","guid":{"rendered":"http:\/\/cbdtest.wimbo.at\/produkt\/bio-hanf-cbd-blueten-candy-kush\/"},"modified":"2021-08-19T11:50:58","modified_gmt":"2021-08-19T09:50:58","slug":"flores-de-canamo-organico-cbg-candy-kush","status":"publish","type":"product","link":"https:\/\/cbdtest.wimbo.at\/es\/cbd-produkt\/flores-de-canamo-organico-cbg-candy-kush\/","title":{"rendered":"Flores de c\u00e1\u00f1amo org\u00e1nico CBG\u2013 CANDY KUSH"},"content":{"rendered":"<h2><strong>Flores de CBG Candy Kush<\/strong><\/h2>\n<p>Nuestras flores de c\u00e1\u00f1amo org\u00e1nico <strong>Candy Kush<\/strong> se cultivan en interiores y son ricas en el ingrediente activo Cannabigerol (CBG).<\/p>\n<p><strong>Perfil de Candy Kush:<\/strong> obtenida a partir de una cepa predominantemente Sativa. Las flores son densas, t\u00edpicas de la variedad Sativa de color verde claro. Los tricomas se ven abundantes, como si las flores pudieran haber sido sumergidas en az\u00facar, haciendo que las flores se vean casi borrosas desde la distancia.<\/p>\n<ul>\n<li>Densidad: media a alta<\/li>\n<li>Alpha Pinene \u2013 24.16% \u2013 Retenci\u00f3n de memoria, estado de alerta<\/li>\n<li>Myrcene \u2013 23.85% \u2013 Sedante, relajante, potencia el THC<\/li>\n<li>Beta Pinene \u2013 20.76% \u2013 Retenci\u00f3n de memoria, estado de alerta<\/li>\n<li>Camphene \u2013 15.11% \u2013 Alivio del dolor<\/li>\n<li>Pulegol \u2013 6.49% \u2013 Antiinflamatorio<\/li>\n<\/ul>\n<p><strong>Cultivo:<\/strong> se cultiva de acuerdo con estrictas pautas de cultivo y producci\u00f3n y se procesa suavemente para obtener flores de cannabis con CBD de alta calidad. Estas flores recolectadas a mano se cultivan org\u00e1nicamente en Suiza sin el uso de fertilizantes qu\u00edmicos o pesticidas para garantizar la mejor calidad y preservar las propiedades organol\u00e9pticas de las flores.<\/p>\n<p><strong>Cosecha:<\/strong> son flores de cannabis de CBG sin semillas, recogidas a mano, sin hojas ni tallos. El sabor impresiona con una nota fresca y afrutada.<\/p>\n<p><strong>Envasado:<\/strong> Llenamos el frasco, por lo que nuestras flores de CBG freya-CBDCURE est\u00e1n protegidas permanentemente de la desecaci\u00f3n y la calidad se conserva durante mucho tiempo. Junto al papel, el vidrio es la materia prima m\u00e1s f\u00e1cil de reciclar.<\/p>\n<p>Nuestras flores de c\u00e1\u00f1amo son analizadas en laboratorio, hay certificados disponibles. El contenido de CBG ronda el 6% y el contenido de THC es inferior al 0,2%.<\/p>\n<p>Aviso legal: estos productos no est\u00e1n destinados a ser utilizados como alimento. No se venden para fumar<\/p>\n","protected":false},"excerpt":{"rendered":"<p>Seleccionado a mano<\/p>\n<p>Indoor &lt; 6 % CBG<\/p>\n<p>&nbsp; &hellip; <a href=\"https:\/\/cbdtest.wimbo.at\/es\/cbd-produkt\/flores-de-canamo-organico-cbg-candy-kush\/\">Read More<\/a><\/p>\n","protected":false},"featured_media":5732,"comment_status":"open","ping_status":"closed","template":"","meta":[],"product_cat":[112],"product_tag":[],"yoast_head":"<!-- This site is optimized with the Yoast SEO plugin v17.7.1 - https:\/\/yoast.com\/wordpress\/plugins\/seo\/ -->\n<title>Flores de CBG | CANDY KUSH | Ordene CBD en l\u00ednea ahora de FREYA<\/title>\n<meta name=\"description\" content=\"C\u00e1\u00f1amo org\u00e1nico CBG Blossoms CANDY KUSH en calidad org\u00e1nica Pida CBD Blossoms CBD Oil en l\u00ednea ahora FREYA CBDCURE | Calidad premium\" \/>\n<meta name=\"robots\" content=\"noindex, follow, max-snippet:-1, max-image-preview:large, max-video-preview:-1\" \/>\n<meta property=\"og:locale\" content=\"es_ES\" \/>\n<meta property=\"og:type\" content=\"article\" \/>\n<meta property=\"og:title\" content=\"Flores de CBG | CANDY KUSH | Ordene CBD en l\u00ednea ahora de FREYA\" \/>\n<meta property=\"og:description\" content=\"C\u00e1\u00f1amo org\u00e1nico CBG Blossoms CANDY KUSH en calidad org\u00e1nica Pida CBD Blossoms CBD Oil en l\u00ednea ahora FREYA CBDCURE | Calidad premium\" \/>\n<meta property=\"og:url\" content=\"https:\/\/cbdtest.wimbo.at\/es\/cbd-produkt\/flores-de-canamo-organico-cbg-candy-kush\/\" \/>\n<meta property=\"og:site_name\" content=\"CBD Bl\u00fcten | CBD \u00d6l online bestellen | FREYA CBDCURE\" \/>\n<meta property=\"article:publisher\" content=\"https:\/\/www.facebook.com\/freyacbdcure\/\" \/>\n<meta property=\"article:modified_time\" content=\"2021-08-19T09:50:58+00:00\" \/>\n<meta property=\"og:image\" content=\"https:\/\/cbdtest.wimbo.at\/wp-content\/uploads\/2020\/06\/freya_cbd-2-2.jpg\" \/>\n\t<meta property=\"og:image:width\" content=\"2048\" \/>\n\t<meta property=\"og:image:height\" content=\"2048\" \/>\n<meta name=\"twitter:card\" content=\"summary_large_image\" \/>\n<meta name=\"twitter:site\" content=\"@freya_cbd_cure\" \/>\n<meta name=\"twitter:label1\" content=\"Tiempo de lectura\" \/>\n\t<meta name=\"twitter:data1\" content=\"1 minuto\" \/>\n<script type=\"application\/ld+json\" class=\"yoast-schema-graph\">{\"@context\":\"https:\/\/schema.org\",\"@graph\":[{\"@type\":\"Organization\",\"@id\":\"https:\/\/cbdtest.wimbo.at\/#organization\",\"name\":\"CBD Bl\\u00fcten, \\u00d6l online kaufen | Freya cbdcure\",\"url\":\"https:\/\/cbdtest.wimbo.at\/\",\"sameAs\":[\"https:\/\/www.facebook.com\/freyacbdcure\/\",\"https:\/\/www.instagram.com\/freya_cbd_cure\/\",\"https:\/\/www.linkedin.com\/company\/freya-cbdcure\/\",\"https:\/\/www.pinterest.at\/freyacbdcure\/\",\"https:\/\/twitter.com\/freya_cbd_cure\"],\"logo\":{\"@type\":\"ImageObject\",\"@id\":\"https:\/\/cbdtest.wimbo.at\/#logo\",\"inLanguage\":\"es\",\"url\":\"http:\/\/cbdtest.wimbo.at\/wp-content\/uploads\/2020\/09\/freya_logo.png\",\"contentUrl\":\"http:\/\/cbdtest.wimbo.at\/wp-content\/uploads\/2020\/09\/freya_logo.png\",\"width\":800,\"height\":1073,\"caption\":\"CBD Bl\\u00fcten, \\u00d6l online kaufen | Freya cbdcure\"},\"image\":{\"@id\":\"https:\/\/cbdtest.wimbo.at\/#logo\"}},{\"@type\":\"WebSite\",\"@id\":\"https:\/\/cbdtest.wimbo.at\/#website\",\"url\":\"https:\/\/cbdtest.wimbo.at\/\",\"name\":\"CBD Bl\\u00fcten | CBD \\u00d6l online bestellen | FREYA CBDCURE\",\"description\":\"CBD \\u00d6l Produkte \/ CBD Bl\\u00fcten Bio Hanf einfach und bequem Online Kaufen\",\"publisher\":{\"@id\":\"https:\/\/cbdtest.wimbo.at\/#organization\"},\"potentialAction\":[{\"@type\":\"SearchAction\",\"target\":{\"@type\":\"EntryPoint\",\"urlTemplate\":\"https:\/\/cbdtest.wimbo.at\/?s={search_term_string}\"},\"query-input\":\"required name=search_term_string\"}],\"inLanguage\":\"es\"},{\"@type\":\"ImageObject\",\"@id\":\"https:\/\/cbdtest.wimbo.at\/es\/cbd-produkt\/flores-de-canamo-organico-cbg-candy-kush\/#primaryimage\",\"inLanguage\":\"es\",\"url\":\"https:\/\/cbdtest.wimbo.at\/wp-content\/uploads\/2020\/06\/freya_cbd-2-2.jpg\",\"contentUrl\":\"https:\/\/cbdtest.wimbo.at\/wp-content\/uploads\/2020\/06\/freya_cbd-2-2.jpg\",\"width\":2048,\"height\":2048,\"caption\":\"CBD Gesund? CBD Bl\\u00fcten in bester Qualit\\u00e4t\"},{\"@type\":\"WebPage\",\"@id\":\"https:\/\/cbdtest.wimbo.at\/es\/cbd-produkt\/flores-de-canamo-organico-cbg-candy-kush\/#webpage\",\"url\":\"https:\/\/cbdtest.wimbo.at\/es\/cbd-produkt\/flores-de-canamo-organico-cbg-candy-kush\/\",\"name\":\"Flores de CBG | CANDY KUSH | Ordene CBD en l\\u00ednea ahora de FREYA\",\"isPartOf\":{\"@id\":\"https:\/\/cbdtest.wimbo.at\/#website\"},\"primaryImageOfPage\":{\"@id\":\"https:\/\/cbdtest.wimbo.at\/es\/cbd-produkt\/flores-de-canamo-organico-cbg-candy-kush\/#primaryimage\"},\"datePublished\":\"2020-06-03T08:24:12+00:00\",\"dateModified\":\"2021-08-19T09:50:58+00:00\",\"description\":\"C\\u00e1\\u00f1amo org\\u00e1nico CBG Blossoms CANDY KUSH en calidad org\\u00e1nica Pida CBD Blossoms CBD Oil en l\\u00ednea ahora FREYA CBDCURE | Calidad premium\",\"breadcrumb\":{\"@id\":\"https:\/\/cbdtest.wimbo.at\/es\/cbd-produkt\/flores-de-canamo-organico-cbg-candy-kush\/#breadcrumb\"},\"inLanguage\":\"es\",\"potentialAction\":[{\"@type\":\"ReadAction\",\"target\":[\"https:\/\/cbdtest.wimbo.at\/es\/cbd-produkt\/flores-de-canamo-organico-cbg-candy-kush\/\"]}]},{\"@type\":\"BreadcrumbList\",\"@id\":\"https:\/\/cbdtest.wimbo.at\/es\/cbd-produkt\/flores-de-canamo-organico-cbg-candy-kush\/#breadcrumb\",\"itemListElement\":[{\"@type\":\"ListItem\",\"position\":1,\"name\":\"Startseite\",\"item\":\"https:\/\/cbdtest.wimbo.at\/es\/\"},{\"@type\":\"ListItem\",\"position\":2,\"name\":\"CBD Tienda\",\"item\":\"https:\/\/cbdtest.wimbo.at\/es\/cbd-tienda\/\"},{\"@type\":\"ListItem\",\"position\":3,\"name\":\"Flores de c\\u00e1\\u00f1amo org\\u00e1nico CBG\\u2013 CANDY KUSH\"}]}]}<\/script>\n<!-- \/ Yoast SEO plugin. -->","yoast_head_json":{"title":"Flores de CBG | CANDY KUSH | Ordene CBD en l\u00ednea ahora de FREYA","description":"C\u00e1\u00f1amo org\u00e1nico CBG Blossoms CANDY KUSH en calidad org\u00e1nica Pida CBD Blossoms CBD Oil en l\u00ednea ahora FREYA CBDCURE | Calidad premium","robots":{"index":"noindex","follow":"follow","max-snippet":"max-snippet:-1","max-image-preview":"max-image-preview:large","max-video-preview":"max-video-preview:-1"},"og_locale":"es_ES","og_type":"article","og_title":"Flores de CBG | CANDY KUSH | Ordene CBD en l\u00ednea ahora de FREYA","og_description":"C\u00e1\u00f1amo org\u00e1nico CBG Blossoms CANDY KUSH en calidad org\u00e1nica Pida CBD Blossoms CBD Oil en l\u00ednea ahora FREYA CBDCURE | Calidad premium","og_url":"https:\/\/cbdtest.wimbo.at\/es\/cbd-produkt\/flores-de-canamo-organico-cbg-candy-kush\/","og_site_name":"CBD Bl\u00fcten | CBD \u00d6l online bestellen | FREYA CBDCURE","article_publisher":"https:\/\/www.facebook.com\/freyacbdcure\/","article_modified_time":"2021-08-19T09:50:58+00:00","og_image":[{"width":2048,"height":2048,"url":"https:\/\/cbdtest.wimbo.at\/wp-content\/uploads\/2020\/06\/freya_cbd-2-2.jpg","type":"image\/jpeg"}],"twitter_card":"summary_large_image","twitter_site":"@freya_cbd_cure","twitter_misc":{"Tiempo de lectura":"1 minuto"},"schema":{"@context":"https:\/\/schema.org","@graph":[{"@type":"Organization","@id":"https:\/\/cbdtest.wimbo.at\/#organization","name":"CBD Bl\u00fcten, \u00d6l online kaufen | Freya cbdcure","url":"https:\/\/cbdtest.wimbo.at\/","sameAs":["https:\/\/www.facebook.com\/freyacbdcure\/","https:\/\/www.instagram.com\/freya_cbd_cure\/","https:\/\/www.linkedin.com\/company\/freya-cbdcure\/","https:\/\/www.pinterest.at\/freyacbdcure\/","https:\/\/twitter.com\/freya_cbd_cure"],"logo":{"@type":"ImageObject","@id":"https:\/\/cbdtest.wimbo.at\/#logo","inLanguage":"es","url":"http:\/\/cbdtest.wimbo.at\/wp-content\/uploads\/2020\/09\/freya_logo.png","contentUrl":"http:\/\/cbdtest.wimbo.at\/wp-content\/uploads\/2020\/09\/freya_logo.png","width":800,"height":1073,"caption":"CBD Bl\u00fcten, \u00d6l online kaufen | Freya cbdcure"},"image":{"@id":"https:\/\/cbdtest.wimbo.at\/#logo"}},{"@type":"WebSite","@id":"https:\/\/cbdtest.wimbo.at\/#website","url":"https:\/\/cbdtest.wimbo.at\/","name":"CBD Bl\u00fcten | CBD \u00d6l online bestellen | FREYA CBDCURE","description":"CBD \u00d6l Produkte \/ CBD Bl\u00fcten Bio Hanf einfach und bequem Online Kaufen","publisher":{"@id":"https:\/\/cbdtest.wimbo.at\/#organization"},"potentialAction":[{"@type":"SearchAction","target":{"@type":"EntryPoint","urlTemplate":"https:\/\/cbdtest.wimbo.at\/?s={search_term_string}"},"query-input":"required name=search_term_string"}],"inLanguage":"es"},{"@type":"ImageObject","@id":"https:\/\/cbdtest.wimbo.at\/es\/cbd-produkt\/flores-de-canamo-organico-cbg-candy-kush\/#primaryimage","inLanguage":"es","url":"https:\/\/cbdtest.wimbo.at\/wp-content\/uploads\/2020\/06\/freya_cbd-2-2.jpg","contentUrl":"https:\/\/cbdtest.wimbo.at\/wp-content\/uploads\/2020\/06\/freya_cbd-2-2.jpg","width":2048,"height":2048,"caption":"CBD Gesund? CBD Bl\u00fcten in bester Qualit\u00e4t"},{"@type":"WebPage","@id":"https:\/\/cbdtest.wimbo.at\/es\/cbd-produkt\/flores-de-canamo-organico-cbg-candy-kush\/#webpage","url":"https:\/\/cbdtest.wimbo.at\/es\/cbd-produkt\/flores-de-canamo-organico-cbg-candy-kush\/","name":"Flores de CBG | CANDY KUSH | Ordene CBD en l\u00ednea ahora de FREYA","isPartOf":{"@id":"https:\/\/cbdtest.wimbo.at\/#website"},"primaryImageOfPage":{"@id":"https:\/\/cbdtest.wimbo.at\/es\/cbd-produkt\/flores-de-canamo-organico-cbg-candy-kush\/#primaryimage"},"datePublished":"2020-06-03T08:24:12+00:00","dateModified":"2021-08-19T09:50:58+00:00","description":"C\u00e1\u00f1amo org\u00e1nico CBG Blossoms CANDY KUSH en calidad org\u00e1nica Pida CBD Blossoms CBD Oil en l\u00ednea ahora FREYA CBDCURE | Calidad premium","breadcrumb":{"@id":"https:\/\/cbdtest.wimbo.at\/es\/cbd-produkt\/flores-de-canamo-organico-cbg-candy-kush\/#breadcrumb"},"inLanguage":"es","potentialAction":[{"@type":"ReadAction","target":["https:\/\/cbdtest.wimbo.at\/es\/cbd-produkt\/flores-de-canamo-organico-cbg-candy-kush\/"]}]},{"@type":"BreadcrumbList","@id":"https:\/\/cbdtest.wimbo.at\/es\/cbd-produkt\/flores-de-canamo-organico-cbg-candy-kush\/#breadcrumb","itemListElement":[{"@type":"ListItem","position":1,"name":"Startseite","item":"https:\/\/cbdtest.wimbo.at\/es\/"},{"@type":"ListItem","position":2,"name":"CBD Tienda","item":"https:\/\/cbdtest.wimbo.at\/es\/cbd-tienda\/"},{"@type":"ListItem","position":3,"name":"Flores de c\u00e1\u00f1amo org\u00e1nico CBG\u2013 CANDY KUSH"}]}]}},"_links":{"self":[{"href":"https:\/\/cbdtest.wimbo.at\/es\/wp-json\/wp\/v2\/product\/5969"}],"collection":[{"href":"https:\/\/cbdtest.wimbo.at\/es\/wp-json\/wp\/v2\/product"}],"about":[{"href":"https:\/\/cbdtest.wimbo.at\/es\/wp-json\/wp\/v2\/types\/product"}],"replies":[{"embeddable":true,"href":"https:\/\/cbdtest.wimbo.at\/es\/wp-json\/wp\/v2\/comments?post=5969"}],"version-history":[{"count":0,"href":"https:\/\/cbdtest.wimbo.at\/es\/wp-json\/wp\/v2\/product\/5969\/revisions"}],"wp:featuredmedia":[{"embeddable":true,"href":"https:\/\/cbdtest.wimbo.at\/es\/wp-json\/wp\/v2\/media\/5732"}],"wp:attachment":[{"href":"https:\/\/cbdtest.wimbo.at\/es\/wp-json\/wp\/v2\/media?parent=5969"}],"wp:term":[{"taxonomy":"product_cat","embeddable":true,"href":"https:\/\/cbdtest.wimbo.at\/es\/wp-json\/wp\/v2\/product_cat?post=5969"},{"taxonomy":"product_tag","embeddable":true,"href":"https:\/\/cbdtest.wimbo.at\/es\/wp-json\/wp\/v2\/product_tag?post=5969"}],"curies":[{"name":"wp","href":"https:\/\/api.w.org\/{rel}","templated":true}]}}