{"id":5960,"date":"2020-10-15T15:26:51","date_gmt":"2020-10-15T13:26:51","guid":{"rendered":"http:\/\/cbdtest.wimbo.at\/produkt\/heilen-mit-cbd\/"},"modified":"2021-02-13T18:42:08","modified_gmt":"2021-02-13T17:42:08","slug":"curacion-con-cbd","status":"publish","type":"product","link":"https:\/\/cbdtest.wimbo.at\/es\/cbd-produkt\/curacion-con-cbd\/","title":{"rendered":"Curaci\u00f3n con CBD"},"content":{"rendered":"<h2>Curaci\u00f3n sin efectos secundarios<\/h2>\n<p><strong>El cannabidiol, abreviado CBD,<\/strong> es un componente del cannabis que puede ayudar con el dolor, la inflamaci\u00f3n, la ansiedad, pero tambi\u00e9n con enfermedades como migra\u00f1as, diabetes y depresi\u00f3n. A diferencia del intoxicante ingrediente activo del cannabis, el THC, est\u00e1 legalmente disponible.<br \/>\n<strong>Leonard Leinow es un pionero en la investigaci\u00f3n del CBD.<\/strong> Junto con la antrop\u00f3loga cultural Juliana Birnbaum, presentar\u00e1 los \u00faltimos hallazgos cient\u00edficos y dejar\u00e1 que numerosos profesionales m\u00e9dicos con experiencia en la terapia con CBD expresen su opini\u00f3n.<br \/>\nEste es el primer manual con base cient\u00edfica sobre la ingesta y la dosificaci\u00f3n de CBD y los usos terap\u00e9uticos para una amplia variedad de quejas, para m\u00e9dicos, pacientes y consumidores preocupados por su salud.<\/p>\n<p><strong>Leonard Leinow<\/strong> tiene tres d\u00e9cadas de experiencia cultivando y estudiando cannabis medicinal. En 2009 fund\u00f3 Synergy Wellness, un colectivo de cannabis en California que elabora productos org\u00e1nicos y naturales para uso m\u00e9dico. Son especialistas en CBD y pioneros en el campo.<\/p>\n<p><strong>Juliana Birnbaum<\/strong> es antrop\u00f3loga cultural y ha vivido y trabajado en Estados Unidos, Europa, Jap\u00f3n, Nepal, Costa Rica y Brasil. Ha escrito para una variedad de peri\u00f3dicos, revistas, blogs y antolog\u00edas sobre ecoaldeas, derechos de nacimiento y justicia social.<\/p>\n","protected":false},"excerpt":{"rendered":"<p>El manual de base cient\u00edfica para la aplicaci\u00f3n m\u00e9dica del cannabidiol<\/p>\n<p><strong>Leonard Leinow<\/strong> tiene tres d\u00e9cadas de experiencia cultivando y estudiando cannabis medicinal.<\/p>\n<ul class=\"a-unordered-list a-nostyle a-vertical a-spacing-none detail-bullet-list\">\n<li>Tapa blanda: 384 p\u00e1ginas<\/li>\n<li>ISBN-10: 374231078X<\/li>\n<li>ISBN-13: 978-3742310781<\/li>\n<li>Dimensiones del producto: 14,5 x 2,44 x 21,5 cm<\/li>\n<li>Publicado en: riva (11 de septiembre de 2019)<\/li>\n<li>Idioma: aleman<\/li>\n<\/ul>\n<p> &hellip; <a href=\"https:\/\/cbdtest.wimbo.at\/es\/cbd-produkt\/curacion-con-cbd\/\">Read More<\/a><\/p>\n","protected":false},"featured_media":5415,"comment_status":"open","ping_status":"closed","template":"","meta":[],"product_cat":[116],"product_tag":[],"yoast_head":"<!-- This site is optimized with the Yoast SEO plugin v17.7.1 - https:\/\/yoast.com\/wordpress\/plugins\/seo\/ -->\n<title>Curaci\u00f3n con CBD | Aceite de CBD en calidad org\u00e1nica | Compre flores de CBD ahora<\/title>\n<meta name=\"description\" content=\"Curaci\u00f3n con flores de CBD Compre aceite de CBD Aceite de CBD en calidad org\u00e1nica Solicite CBD en l\u00ednea ahora de freya CBDCURE\" \/>\n<meta name=\"robots\" content=\"noindex, follow, max-snippet:-1, max-image-preview:large, max-video-preview:-1\" \/>\n<meta property=\"og:locale\" content=\"es_ES\" \/>\n<meta property=\"og:type\" content=\"article\" \/>\n<meta property=\"og:title\" content=\"Curaci\u00f3n con CBD | Aceite de CBD en calidad org\u00e1nica | Compre flores de CBD ahora\" \/>\n<meta property=\"og:description\" content=\"Curaci\u00f3n con flores de CBD Compre aceite de CBD Aceite de CBD en calidad org\u00e1nica Solicite CBD en l\u00ednea ahora de freya CBDCURE\" \/>\n<meta property=\"og:url\" content=\"https:\/\/cbdtest.wimbo.at\/es\/cbd-produkt\/curacion-con-cbd\/\" \/>\n<meta property=\"og:site_name\" content=\"CBD Bl\u00fcten | CBD \u00d6l online bestellen | FREYA CBDCURE\" \/>\n<meta property=\"article:publisher\" content=\"https:\/\/www.facebook.com\/freyacbdcure\/\" \/>\n<meta property=\"article:modified_time\" content=\"2021-02-13T17:42:08+00:00\" \/>\n<meta property=\"og:image\" content=\"https:\/\/cbdtest.wimbo.at\/wp-content\/uploads\/2020\/10\/Heilen-mit-CBD.jpeg\" \/>\n\t<meta property=\"og:image:width\" content=\"405\" \/>\n\t<meta property=\"og:image:height\" content=\"600\" \/>\n<meta name=\"twitter:card\" content=\"summary_large_image\" \/>\n<meta name=\"twitter:site\" content=\"@freya_cbd_cure\" \/>\n<meta name=\"twitter:label1\" content=\"Tiempo de lectura\" \/>\n\t<meta name=\"twitter:data1\" content=\"1 minuto\" \/>\n<script type=\"application\/ld+json\" class=\"yoast-schema-graph\">{\"@context\":\"https:\/\/schema.org\",\"@graph\":[{\"@type\":\"Organization\",\"@id\":\"https:\/\/cbdtest.wimbo.at\/#organization\",\"name\":\"CBD Bl\\u00fcten, \\u00d6l online kaufen | Freya cbdcure\",\"url\":\"https:\/\/cbdtest.wimbo.at\/\",\"sameAs\":[\"https:\/\/www.facebook.com\/freyacbdcure\/\",\"https:\/\/www.instagram.com\/freya_cbd_cure\/\",\"https:\/\/www.linkedin.com\/company\/freya-cbdcure\/\",\"https:\/\/www.pinterest.at\/freyacbdcure\/\",\"https:\/\/twitter.com\/freya_cbd_cure\"],\"logo\":{\"@type\":\"ImageObject\",\"@id\":\"https:\/\/cbdtest.wimbo.at\/#logo\",\"inLanguage\":\"es\",\"url\":\"http:\/\/cbdtest.wimbo.at\/wp-content\/uploads\/2020\/09\/freya_logo.png\",\"contentUrl\":\"http:\/\/cbdtest.wimbo.at\/wp-content\/uploads\/2020\/09\/freya_logo.png\",\"width\":800,\"height\":1073,\"caption\":\"CBD Bl\\u00fcten, \\u00d6l online kaufen | Freya cbdcure\"},\"image\":{\"@id\":\"https:\/\/cbdtest.wimbo.at\/#logo\"}},{\"@type\":\"WebSite\",\"@id\":\"https:\/\/cbdtest.wimbo.at\/#website\",\"url\":\"https:\/\/cbdtest.wimbo.at\/\",\"name\":\"CBD Bl\\u00fcten | CBD \\u00d6l online bestellen | FREYA CBDCURE\",\"description\":\"CBD \\u00d6l Produkte \/ CBD Bl\\u00fcten Bio Hanf einfach und bequem Online Kaufen\",\"publisher\":{\"@id\":\"https:\/\/cbdtest.wimbo.at\/#organization\"},\"potentialAction\":[{\"@type\":\"SearchAction\",\"target\":{\"@type\":\"EntryPoint\",\"urlTemplate\":\"https:\/\/cbdtest.wimbo.at\/?s={search_term_string}\"},\"query-input\":\"required name=search_term_string\"}],\"inLanguage\":\"es\"},{\"@type\":\"ImageObject\",\"@id\":\"https:\/\/cbdtest.wimbo.at\/es\/cbd-produkt\/curacion-con-cbd\/#primaryimage\",\"inLanguage\":\"es\",\"url\":\"https:\/\/cbdtest.wimbo.at\/wp-content\/uploads\/2020\/10\/Heilen-mit-CBD.jpeg\",\"contentUrl\":\"https:\/\/cbdtest.wimbo.at\/wp-content\/uploads\/2020\/10\/Heilen-mit-CBD.jpeg\",\"width\":405,\"height\":600,\"caption\":\"Das wissenschaftlich fundierte Handbuch f\\u00fcr die medizinische Anwendung von Cannabidiol.\"},{\"@type\":\"WebPage\",\"@id\":\"https:\/\/cbdtest.wimbo.at\/es\/cbd-produkt\/curacion-con-cbd\/#webpage\",\"url\":\"https:\/\/cbdtest.wimbo.at\/es\/cbd-produkt\/curacion-con-cbd\/\",\"name\":\"Curaci\\u00f3n con CBD | Aceite de CBD en calidad org\\u00e1nica | Compre flores de CBD ahora\",\"isPartOf\":{\"@id\":\"https:\/\/cbdtest.wimbo.at\/#website\"},\"primaryImageOfPage\":{\"@id\":\"https:\/\/cbdtest.wimbo.at\/es\/cbd-produkt\/curacion-con-cbd\/#primaryimage\"},\"datePublished\":\"2020-10-15T13:26:51+00:00\",\"dateModified\":\"2021-02-13T17:42:08+00:00\",\"description\":\"Curaci\\u00f3n con flores de CBD Compre aceite de CBD Aceite de CBD en calidad org\\u00e1nica Solicite CBD en l\\u00ednea ahora de freya CBDCURE\",\"breadcrumb\":{\"@id\":\"https:\/\/cbdtest.wimbo.at\/es\/cbd-produkt\/curacion-con-cbd\/#breadcrumb\"},\"inLanguage\":\"es\",\"potentialAction\":[{\"@type\":\"ReadAction\",\"target\":[\"https:\/\/cbdtest.wimbo.at\/es\/cbd-produkt\/curacion-con-cbd\/\"]}]},{\"@type\":\"BreadcrumbList\",\"@id\":\"https:\/\/cbdtest.wimbo.at\/es\/cbd-produkt\/curacion-con-cbd\/#breadcrumb\",\"itemListElement\":[{\"@type\":\"ListItem\",\"position\":1,\"name\":\"Startseite\",\"item\":\"https:\/\/cbdtest.wimbo.at\/es\/\"},{\"@type\":\"ListItem\",\"position\":2,\"name\":\"CBD Tienda\",\"item\":\"https:\/\/cbdtest.wimbo.at\/es\/cbd-tienda\/\"},{\"@type\":\"ListItem\",\"position\":3,\"name\":\"Curaci\\u00f3n con CBD\"}]}]}<\/script>\n<!-- \/ Yoast SEO plugin. -->","yoast_head_json":{"title":"Curaci\u00f3n con CBD | Aceite de CBD en calidad org\u00e1nica | Compre flores de CBD ahora","description":"Curaci\u00f3n con flores de CBD Compre aceite de CBD Aceite de CBD en calidad org\u00e1nica Solicite CBD en l\u00ednea ahora de freya CBDCURE","robots":{"index":"noindex","follow":"follow","max-snippet":"max-snippet:-1","max-image-preview":"max-image-preview:large","max-video-preview":"max-video-preview:-1"},"og_locale":"es_ES","og_type":"article","og_title":"Curaci\u00f3n con CBD | Aceite de CBD en calidad org\u00e1nica | Compre flores de CBD ahora","og_description":"Curaci\u00f3n con flores de CBD Compre aceite de CBD Aceite de CBD en calidad org\u00e1nica Solicite CBD en l\u00ednea ahora de freya CBDCURE","og_url":"https:\/\/cbdtest.wimbo.at\/es\/cbd-produkt\/curacion-con-cbd\/","og_site_name":"CBD Bl\u00fcten | CBD \u00d6l online bestellen | FREYA CBDCURE","article_publisher":"https:\/\/www.facebook.com\/freyacbdcure\/","article_modified_time":"2021-02-13T17:42:08+00:00","og_image":[{"width":405,"height":600,"url":"https:\/\/cbdtest.wimbo.at\/wp-content\/uploads\/2020\/10\/Heilen-mit-CBD.jpeg","type":"image\/jpeg"}],"twitter_card":"summary_large_image","twitter_site":"@freya_cbd_cure","twitter_misc":{"Tiempo de lectura":"1 minuto"},"schema":{"@context":"https:\/\/schema.org","@graph":[{"@type":"Organization","@id":"https:\/\/cbdtest.wimbo.at\/#organization","name":"CBD Bl\u00fcten, \u00d6l online kaufen | Freya cbdcure","url":"https:\/\/cbdtest.wimbo.at\/","sameAs":["https:\/\/www.facebook.com\/freyacbdcure\/","https:\/\/www.instagram.com\/freya_cbd_cure\/","https:\/\/www.linkedin.com\/company\/freya-cbdcure\/","https:\/\/www.pinterest.at\/freyacbdcure\/","https:\/\/twitter.com\/freya_cbd_cure"],"logo":{"@type":"ImageObject","@id":"https:\/\/cbdtest.wimbo.at\/#logo","inLanguage":"es","url":"http:\/\/cbdtest.wimbo.at\/wp-content\/uploads\/2020\/09\/freya_logo.png","contentUrl":"http:\/\/cbdtest.wimbo.at\/wp-content\/uploads\/2020\/09\/freya_logo.png","width":800,"height":1073,"caption":"CBD Bl\u00fcten, \u00d6l online kaufen | Freya cbdcure"},"image":{"@id":"https:\/\/cbdtest.wimbo.at\/#logo"}},{"@type":"WebSite","@id":"https:\/\/cbdtest.wimbo.at\/#website","url":"https:\/\/cbdtest.wimbo.at\/","name":"CBD Bl\u00fcten | CBD \u00d6l online bestellen | FREYA CBDCURE","description":"CBD \u00d6l Produkte \/ CBD Bl\u00fcten Bio Hanf einfach und bequem Online Kaufen","publisher":{"@id":"https:\/\/cbdtest.wimbo.at\/#organization"},"potentialAction":[{"@type":"SearchAction","target":{"@type":"EntryPoint","urlTemplate":"https:\/\/cbdtest.wimbo.at\/?s={search_term_string}"},"query-input":"required name=search_term_string"}],"inLanguage":"es"},{"@type":"ImageObject","@id":"https:\/\/cbdtest.wimbo.at\/es\/cbd-produkt\/curacion-con-cbd\/#primaryimage","inLanguage":"es","url":"https:\/\/cbdtest.wimbo.at\/wp-content\/uploads\/2020\/10\/Heilen-mit-CBD.jpeg","contentUrl":"https:\/\/cbdtest.wimbo.at\/wp-content\/uploads\/2020\/10\/Heilen-mit-CBD.jpeg","width":405,"height":600,"caption":"Das wissenschaftlich fundierte Handbuch f\u00fcr die medizinische Anwendung von Cannabidiol."},{"@type":"WebPage","@id":"https:\/\/cbdtest.wimbo.at\/es\/cbd-produkt\/curacion-con-cbd\/#webpage","url":"https:\/\/cbdtest.wimbo.at\/es\/cbd-produkt\/curacion-con-cbd\/","name":"Curaci\u00f3n con CBD | Aceite de CBD en calidad org\u00e1nica | Compre flores de CBD ahora","isPartOf":{"@id":"https:\/\/cbdtest.wimbo.at\/#website"},"primaryImageOfPage":{"@id":"https:\/\/cbdtest.wimbo.at\/es\/cbd-produkt\/curacion-con-cbd\/#primaryimage"},"datePublished":"2020-10-15T13:26:51+00:00","dateModified":"2021-02-13T17:42:08+00:00","description":"Curaci\u00f3n con flores de CBD Compre aceite de CBD Aceite de CBD en calidad org\u00e1nica Solicite CBD en l\u00ednea ahora de freya CBDCURE","breadcrumb":{"@id":"https:\/\/cbdtest.wimbo.at\/es\/cbd-produkt\/curacion-con-cbd\/#breadcrumb"},"inLanguage":"es","potentialAction":[{"@type":"ReadAction","target":["https:\/\/cbdtest.wimbo.at\/es\/cbd-produkt\/curacion-con-cbd\/"]}]},{"@type":"BreadcrumbList","@id":"https:\/\/cbdtest.wimbo.at\/es\/cbd-produkt\/curacion-con-cbd\/#breadcrumb","itemListElement":[{"@type":"ListItem","position":1,"name":"Startseite","item":"https:\/\/cbdtest.wimbo.at\/es\/"},{"@type":"ListItem","position":2,"name":"CBD Tienda","item":"https:\/\/cbdtest.wimbo.at\/es\/cbd-tienda\/"},{"@type":"ListItem","position":3,"name":"Curaci\u00f3n con CBD"}]}]}},"_links":{"self":[{"href":"https:\/\/cbdtest.wimbo.at\/es\/wp-json\/wp\/v2\/product\/5960"}],"collection":[{"href":"https:\/\/cbdtest.wimbo.at\/es\/wp-json\/wp\/v2\/product"}],"about":[{"href":"https:\/\/cbdtest.wimbo.at\/es\/wp-json\/wp\/v2\/types\/product"}],"replies":[{"embeddable":true,"href":"https:\/\/cbdtest.wimbo.at\/es\/wp-json\/wp\/v2\/comments?post=5960"}],"version-history":[{"count":0,"href":"https:\/\/cbdtest.wimbo.at\/es\/wp-json\/wp\/v2\/product\/5960\/revisions"}],"wp:featuredmedia":[{"embeddable":true,"href":"https:\/\/cbdtest.wimbo.at\/es\/wp-json\/wp\/v2\/media\/5415"}],"wp:attachment":[{"href":"https:\/\/cbdtest.wimbo.at\/es\/wp-json\/wp\/v2\/media?parent=5960"}],"wp:term":[{"taxonomy":"product_cat","embeddable":true,"href":"https:\/\/cbdtest.wimbo.at\/es\/wp-json\/wp\/v2\/product_cat?post=5960"},{"taxonomy":"product_tag","embeddable":true,"href":"https:\/\/cbdtest.wimbo.at\/es\/wp-json\/wp\/v2\/product_tag?post=5960"}],"curies":[{"name":"wp","href":"https:\/\/api.w.org\/{rel}","templated":true}]}}