{"id":5958,"date":"2020-10-15T15:32:43","date_gmt":"2020-10-15T13:32:43","guid":{"rendered":"http:\/\/cbdtest.wimbo.at\/produkt\/saludable-con-aceite-de-cbd\/"},"modified":"2021-02-13T18:39:40","modified_gmt":"2021-02-13T17:39:40","slug":"saludable-con-aceite-de-cbd","status":"publish","type":"product","link":"https:\/\/cbdtest.wimbo.at\/es\/cbd-produkt\/saludable-con-aceite-de-cbd\/","title":{"rendered":"Saludable con aceite de CBD"},"content":{"rendered":"<h2>\u00a1La gu\u00eda para m\u00e1s salud gracias al aceite de CBD!<\/h2>\n<p>Bastan unas gotas de <strong>cannabidiol (CBD)<\/strong> para convertir bebidas, snacks, dulces o productos de belleza en verdaderas curas milagrosas para la <strong>salud y la belleza<\/strong>. \u00a1Porque el aceite de cannabis est\u00e1 lleno de poderes beneficiosos! En esta gu\u00eda podr\u00e1s conocer todo <strong>sobre los efectos<\/strong>, uso, autotratamiento y <strong>preparar 40 recetas<\/strong> <strong>con el extracto de la planta de c\u00e1\u00f1amo,<\/strong> que alivian eficazmente s\u00edntomas como el estr\u00e9s, el dolor, las migra\u00f1as o los trastornos del sue\u00f1o.<\/p>\n<p><strong>Aceite de CBD: \u00a1la tendencia de EE. UU.!<\/strong><br \/>Descubra el poder de la <strong>planta medicinal<\/strong> en su propio cuerpo, sin \u00abcolocarse\u00bb. Porque el cannabidiol se obtiene de la planta del c\u00e1\u00f1amo, pero no tiene ning\u00fan efecto intoxicante. En cambio, naturalmente aumenta su <strong>vitalidad<\/strong>. Gracias al CBD en el matcha latte, la bebida del desayuno aumenta su productividad, el coco y el arroz de hierbas aseguran la paz y la relajaci\u00f3n y el b\u00e1lsamo de masaje hace que los <strong>dolores de cabeza desaparezcan<\/strong>. Los productos de cannabidiol tambi\u00e9n se pueden comprar legalmente y sin receta en este pa\u00eds.<\/p>\n<p><strong>Conocimiento experto en profundidad sobre el CBD:<\/strong> el autor, Dr. Rachna Patel, es m\u00e9dica y experta reconocida <strong>internacionalmente en el campo del cannabis medicinal.<\/strong> Ella pone fin a los clich\u00e9s del c\u00e1\u00f1amo y explica<strong> todo lo que necesitas saber sobre el extracto de una manera comprensible.<\/strong><\/p>\n<p><strong>40 recetas f\u00e1ciles con aceite de CBD:<\/strong> aqu\u00ed encontrar\u00e1 recetas de bebidas como batidos de bayas, bocadillos dulces y salados como bocados de cacao o galletas de ch\u00eda. Tambi\u00e9n hay instrucciones para los productos de bienestar, desde la loci\u00f3n refrescante de aloe vera hasta el rodillo de relajaci\u00f3n.<\/p>\n<p><strong>M\u00e1s bienestar y vitalidad con CBD: \u00a1Es por eso que el frasco peque\u00f1o con el gran efecto no debe faltar en ning\u00fan botiqu\u00edn!<\/strong><\/p>\n<p>Dr. Rachna Patel es m\u00e9dica y experta reconocida internacionalmente en el campo del cannabis medicinal. En sus cursos y sesiones de asesoramiento, proporciona una comprensi\u00f3n clara de qu\u00e9 esperar cuando se usan productos de CBD, al tiempo que elimina las preocupaciones que las personas tienen sobre el tratamiento con CBD. Ha ayudado a personas de muchos pa\u00edses a lidiar con una variedad de afecciones m\u00e9dicas, que incluyen ansiedad e inquietud, dolor cr\u00f3nico, insomnio y m\u00e1s.<\/p>\n","protected":false},"excerpt":{"rendered":"<p>La cura milagrosa para el estr\u00e9s, el dolor, los trastornos del sue\u00f1o y m\u00e1s. Con m\u00e1s de 40 recetas de nutrici\u00f3n y belleza<\/p>\n<p><strong>40 recetas f\u00e1ciles con aceite de CBD:<\/strong> aqu\u00ed encontrar\u00e1 recetas de bebidas como batidos de bayas, bocadillos dulces y salados como bocados de cacao o galletas de ch\u00eda. Tambi\u00e9n hay instrucciones para productos de bienestar.<\/p>\n<ul class=\"a-unordered-list a-nostyle a-vertical a-spacing-none detail-bullet-list\">\n<li>Tapa blanda: 128 p\u00e1ginas<\/li>\n<li>ISBN-10: 3831038929<\/li>\n<li>ISBN-13: 978-3831038923<\/li>\n<li>Dimensiones del producto: 19,6 x 1,2 x 23,4 cm<\/li>\n<li>Editor: Dorling Kindersley (19 de diciembre de 2019)<\/li>\n<li>Peso del art\u00edculo: 435 g<\/li>\n<li>Idioma: aleman<\/li>\n<\/ul>\n<p> &hellip; <a href=\"https:\/\/cbdtest.wimbo.at\/es\/cbd-produkt\/saludable-con-aceite-de-cbd\/\">Read More<\/a><\/p>\n","protected":false},"featured_media":5420,"comment_status":"open","ping_status":"closed","template":"","meta":[],"product_cat":[116],"product_tag":[],"yoast_head":"<!-- This site is optimized with the Yoast SEO plugin v17.7.1 - https:\/\/yoast.com\/wordpress\/plugins\/seo\/ -->\n<title>Saludable con aceite de CBD | Ordene CBD en l\u00ednea ahora de FREYA<\/title>\n<meta name=\"description\" content=\"Saludable con aceite de CBD Compre CBD Blossoms Aceite de CBD Aceite de CBD en calidad org\u00e1nica Solicite CBD en l\u00ednea ahora de freya CBDCURE\" \/>\n<meta name=\"robots\" content=\"noindex, follow, max-snippet:-1, max-image-preview:large, max-video-preview:-1\" \/>\n<meta property=\"og:locale\" content=\"es_ES\" \/>\n<meta property=\"og:type\" content=\"article\" \/>\n<meta property=\"og:title\" content=\"Saludable con aceite de CBD | Ordene CBD en l\u00ednea ahora de FREYA\" \/>\n<meta property=\"og:description\" content=\"Saludable con aceite de CBD Compre CBD Blossoms Aceite de CBD Aceite de CBD en calidad org\u00e1nica Solicite CBD en l\u00ednea ahora de freya CBDCURE\" \/>\n<meta property=\"og:url\" content=\"https:\/\/cbdtest.wimbo.at\/es\/cbd-produkt\/saludable-con-aceite-de-cbd\/\" \/>\n<meta property=\"og:site_name\" content=\"CBD Bl\u00fcten | CBD \u00d6l online bestellen | FREYA CBDCURE\" \/>\n<meta property=\"article:publisher\" content=\"https:\/\/www.facebook.com\/freyacbdcure\/\" \/>\n<meta property=\"article:modified_time\" content=\"2021-02-13T17:39:40+00:00\" \/>\n<meta property=\"og:image\" content=\"https:\/\/cbdtest.wimbo.at\/wp-content\/uploads\/2020\/10\/Gesund-mit-CBD-Oel.jpeg\" \/>\n\t<meta property=\"og:image:width\" content=\"486\" \/>\n\t<meta property=\"og:image:height\" content=\"600\" \/>\n<meta name=\"twitter:card\" content=\"summary_large_image\" \/>\n<meta name=\"twitter:site\" content=\"@freya_cbd_cure\" \/>\n<meta name=\"twitter:label1\" content=\"Tiempo de lectura\" \/>\n\t<meta name=\"twitter:data1\" content=\"2 minutos\" \/>\n<script type=\"application\/ld+json\" class=\"yoast-schema-graph\">{\"@context\":\"https:\/\/schema.org\",\"@graph\":[{\"@type\":\"Organization\",\"@id\":\"https:\/\/cbdtest.wimbo.at\/#organization\",\"name\":\"CBD Bl\\u00fcten, \\u00d6l online kaufen | Freya cbdcure\",\"url\":\"https:\/\/cbdtest.wimbo.at\/\",\"sameAs\":[\"https:\/\/www.facebook.com\/freyacbdcure\/\",\"https:\/\/www.instagram.com\/freya_cbd_cure\/\",\"https:\/\/www.linkedin.com\/company\/freya-cbdcure\/\",\"https:\/\/www.pinterest.at\/freyacbdcure\/\",\"https:\/\/twitter.com\/freya_cbd_cure\"],\"logo\":{\"@type\":\"ImageObject\",\"@id\":\"https:\/\/cbdtest.wimbo.at\/#logo\",\"inLanguage\":\"es\",\"url\":\"http:\/\/cbdtest.wimbo.at\/wp-content\/uploads\/2020\/09\/freya_logo.png\",\"contentUrl\":\"http:\/\/cbdtest.wimbo.at\/wp-content\/uploads\/2020\/09\/freya_logo.png\",\"width\":800,\"height\":1073,\"caption\":\"CBD Bl\\u00fcten, \\u00d6l online kaufen | Freya cbdcure\"},\"image\":{\"@id\":\"https:\/\/cbdtest.wimbo.at\/#logo\"}},{\"@type\":\"WebSite\",\"@id\":\"https:\/\/cbdtest.wimbo.at\/#website\",\"url\":\"https:\/\/cbdtest.wimbo.at\/\",\"name\":\"CBD Bl\\u00fcten | CBD \\u00d6l online bestellen | FREYA CBDCURE\",\"description\":\"CBD \\u00d6l Produkte \/ CBD Bl\\u00fcten Bio Hanf einfach und bequem Online Kaufen\",\"publisher\":{\"@id\":\"https:\/\/cbdtest.wimbo.at\/#organization\"},\"potentialAction\":[{\"@type\":\"SearchAction\",\"target\":{\"@type\":\"EntryPoint\",\"urlTemplate\":\"https:\/\/cbdtest.wimbo.at\/?s={search_term_string}\"},\"query-input\":\"required name=search_term_string\"}],\"inLanguage\":\"es\"},{\"@type\":\"ImageObject\",\"@id\":\"https:\/\/cbdtest.wimbo.at\/es\/cbd-produkt\/saludable-con-aceite-de-cbd\/#primaryimage\",\"inLanguage\":\"es\",\"url\":\"https:\/\/cbdtest.wimbo.at\/wp-content\/uploads\/2020\/10\/Gesund-mit-CBD-Oel.jpeg\",\"contentUrl\":\"https:\/\/cbdtest.wimbo.at\/wp-content\/uploads\/2020\/10\/Gesund-mit-CBD-Oel.jpeg\",\"width\":486,\"height\":600,\"caption\":\"Saludable con aceite de CBD\"},{\"@type\":\"WebPage\",\"@id\":\"https:\/\/cbdtest.wimbo.at\/es\/cbd-produkt\/saludable-con-aceite-de-cbd\/#webpage\",\"url\":\"https:\/\/cbdtest.wimbo.at\/es\/cbd-produkt\/saludable-con-aceite-de-cbd\/\",\"name\":\"Saludable con aceite de CBD | Ordene CBD en l\\u00ednea ahora de FREYA\",\"isPartOf\":{\"@id\":\"https:\/\/cbdtest.wimbo.at\/#website\"},\"primaryImageOfPage\":{\"@id\":\"https:\/\/cbdtest.wimbo.at\/es\/cbd-produkt\/saludable-con-aceite-de-cbd\/#primaryimage\"},\"datePublished\":\"2020-10-15T13:32:43+00:00\",\"dateModified\":\"2021-02-13T17:39:40+00:00\",\"description\":\"Saludable con aceite de CBD Compre CBD Blossoms Aceite de CBD Aceite de CBD en calidad org\\u00e1nica Solicite CBD en l\\u00ednea ahora de freya CBDCURE\",\"breadcrumb\":{\"@id\":\"https:\/\/cbdtest.wimbo.at\/es\/cbd-produkt\/saludable-con-aceite-de-cbd\/#breadcrumb\"},\"inLanguage\":\"es\",\"potentialAction\":[{\"@type\":\"ReadAction\",\"target\":[\"https:\/\/cbdtest.wimbo.at\/es\/cbd-produkt\/saludable-con-aceite-de-cbd\/\"]}]},{\"@type\":\"BreadcrumbList\",\"@id\":\"https:\/\/cbdtest.wimbo.at\/es\/cbd-produkt\/saludable-con-aceite-de-cbd\/#breadcrumb\",\"itemListElement\":[{\"@type\":\"ListItem\",\"position\":1,\"name\":\"Startseite\",\"item\":\"https:\/\/cbdtest.wimbo.at\/es\/\"},{\"@type\":\"ListItem\",\"position\":2,\"name\":\"CBD Tienda\",\"item\":\"https:\/\/cbdtest.wimbo.at\/es\/cbd-tienda\/\"},{\"@type\":\"ListItem\",\"position\":3,\"name\":\"Saludable con aceite de CBD\"}]}]}<\/script>\n<!-- \/ Yoast SEO plugin. -->","yoast_head_json":{"title":"Saludable con aceite de CBD | Ordene CBD en l\u00ednea ahora de FREYA","description":"Saludable con aceite de CBD Compre CBD Blossoms Aceite de CBD Aceite de CBD en calidad org\u00e1nica Solicite CBD en l\u00ednea ahora de freya CBDCURE","robots":{"index":"noindex","follow":"follow","max-snippet":"max-snippet:-1","max-image-preview":"max-image-preview:large","max-video-preview":"max-video-preview:-1"},"og_locale":"es_ES","og_type":"article","og_title":"Saludable con aceite de CBD | Ordene CBD en l\u00ednea ahora de FREYA","og_description":"Saludable con aceite de CBD Compre CBD Blossoms Aceite de CBD Aceite de CBD en calidad org\u00e1nica Solicite CBD en l\u00ednea ahora de freya CBDCURE","og_url":"https:\/\/cbdtest.wimbo.at\/es\/cbd-produkt\/saludable-con-aceite-de-cbd\/","og_site_name":"CBD Bl\u00fcten | CBD \u00d6l online bestellen | FREYA CBDCURE","article_publisher":"https:\/\/www.facebook.com\/freyacbdcure\/","article_modified_time":"2021-02-13T17:39:40+00:00","og_image":[{"width":486,"height":600,"url":"https:\/\/cbdtest.wimbo.at\/wp-content\/uploads\/2020\/10\/Gesund-mit-CBD-Oel.jpeg","type":"image\/jpeg"}],"twitter_card":"summary_large_image","twitter_site":"@freya_cbd_cure","twitter_misc":{"Tiempo de lectura":"2 minutos"},"schema":{"@context":"https:\/\/schema.org","@graph":[{"@type":"Organization","@id":"https:\/\/cbdtest.wimbo.at\/#organization","name":"CBD Bl\u00fcten, \u00d6l online kaufen | Freya cbdcure","url":"https:\/\/cbdtest.wimbo.at\/","sameAs":["https:\/\/www.facebook.com\/freyacbdcure\/","https:\/\/www.instagram.com\/freya_cbd_cure\/","https:\/\/www.linkedin.com\/company\/freya-cbdcure\/","https:\/\/www.pinterest.at\/freyacbdcure\/","https:\/\/twitter.com\/freya_cbd_cure"],"logo":{"@type":"ImageObject","@id":"https:\/\/cbdtest.wimbo.at\/#logo","inLanguage":"es","url":"http:\/\/cbdtest.wimbo.at\/wp-content\/uploads\/2020\/09\/freya_logo.png","contentUrl":"http:\/\/cbdtest.wimbo.at\/wp-content\/uploads\/2020\/09\/freya_logo.png","width":800,"height":1073,"caption":"CBD Bl\u00fcten, \u00d6l online kaufen | Freya cbdcure"},"image":{"@id":"https:\/\/cbdtest.wimbo.at\/#logo"}},{"@type":"WebSite","@id":"https:\/\/cbdtest.wimbo.at\/#website","url":"https:\/\/cbdtest.wimbo.at\/","name":"CBD Bl\u00fcten | CBD \u00d6l online bestellen | FREYA CBDCURE","description":"CBD \u00d6l Produkte \/ CBD Bl\u00fcten Bio Hanf einfach und bequem Online Kaufen","publisher":{"@id":"https:\/\/cbdtest.wimbo.at\/#organization"},"potentialAction":[{"@type":"SearchAction","target":{"@type":"EntryPoint","urlTemplate":"https:\/\/cbdtest.wimbo.at\/?s={search_term_string}"},"query-input":"required name=search_term_string"}],"inLanguage":"es"},{"@type":"ImageObject","@id":"https:\/\/cbdtest.wimbo.at\/es\/cbd-produkt\/saludable-con-aceite-de-cbd\/#primaryimage","inLanguage":"es","url":"https:\/\/cbdtest.wimbo.at\/wp-content\/uploads\/2020\/10\/Gesund-mit-CBD-Oel.jpeg","contentUrl":"https:\/\/cbdtest.wimbo.at\/wp-content\/uploads\/2020\/10\/Gesund-mit-CBD-Oel.jpeg","width":486,"height":600,"caption":"Saludable con aceite de CBD"},{"@type":"WebPage","@id":"https:\/\/cbdtest.wimbo.at\/es\/cbd-produkt\/saludable-con-aceite-de-cbd\/#webpage","url":"https:\/\/cbdtest.wimbo.at\/es\/cbd-produkt\/saludable-con-aceite-de-cbd\/","name":"Saludable con aceite de CBD | Ordene CBD en l\u00ednea ahora de FREYA","isPartOf":{"@id":"https:\/\/cbdtest.wimbo.at\/#website"},"primaryImageOfPage":{"@id":"https:\/\/cbdtest.wimbo.at\/es\/cbd-produkt\/saludable-con-aceite-de-cbd\/#primaryimage"},"datePublished":"2020-10-15T13:32:43+00:00","dateModified":"2021-02-13T17:39:40+00:00","description":"Saludable con aceite de CBD Compre CBD Blossoms Aceite de CBD Aceite de CBD en calidad org\u00e1nica Solicite CBD en l\u00ednea ahora de freya CBDCURE","breadcrumb":{"@id":"https:\/\/cbdtest.wimbo.at\/es\/cbd-produkt\/saludable-con-aceite-de-cbd\/#breadcrumb"},"inLanguage":"es","potentialAction":[{"@type":"ReadAction","target":["https:\/\/cbdtest.wimbo.at\/es\/cbd-produkt\/saludable-con-aceite-de-cbd\/"]}]},{"@type":"BreadcrumbList","@id":"https:\/\/cbdtest.wimbo.at\/es\/cbd-produkt\/saludable-con-aceite-de-cbd\/#breadcrumb","itemListElement":[{"@type":"ListItem","position":1,"name":"Startseite","item":"https:\/\/cbdtest.wimbo.at\/es\/"},{"@type":"ListItem","position":2,"name":"CBD Tienda","item":"https:\/\/cbdtest.wimbo.at\/es\/cbd-tienda\/"},{"@type":"ListItem","position":3,"name":"Saludable con aceite de CBD"}]}]}},"_links":{"self":[{"href":"https:\/\/cbdtest.wimbo.at\/es\/wp-json\/wp\/v2\/product\/5958"}],"collection":[{"href":"https:\/\/cbdtest.wimbo.at\/es\/wp-json\/wp\/v2\/product"}],"about":[{"href":"https:\/\/cbdtest.wimbo.at\/es\/wp-json\/wp\/v2\/types\/product"}],"replies":[{"embeddable":true,"href":"https:\/\/cbdtest.wimbo.at\/es\/wp-json\/wp\/v2\/comments?post=5958"}],"version-history":[{"count":0,"href":"https:\/\/cbdtest.wimbo.at\/es\/wp-json\/wp\/v2\/product\/5958\/revisions"}],"wp:featuredmedia":[{"embeddable":true,"href":"https:\/\/cbdtest.wimbo.at\/es\/wp-json\/wp\/v2\/media\/5420"}],"wp:attachment":[{"href":"https:\/\/cbdtest.wimbo.at\/es\/wp-json\/wp\/v2\/media?parent=5958"}],"wp:term":[{"taxonomy":"product_cat","embeddable":true,"href":"https:\/\/cbdtest.wimbo.at\/es\/wp-json\/wp\/v2\/product_cat?post=5958"},{"taxonomy":"product_tag","embeddable":true,"href":"https:\/\/cbdtest.wimbo.at\/es\/wp-json\/wp\/v2\/product_tag?post=5958"}],"curies":[{"name":"wp","href":"https:\/\/api.w.org\/{rel}","templated":true}]}}