{"id":5949,"date":"2020-10-15T16:46:37","date_gmt":"2020-10-15T14:46:37","guid":{"rendered":"http:\/\/cbdtest.wimbo.at\/produkt\/la-biblia-del-cbd\/"},"modified":"2021-07-07T18:41:48","modified_gmt":"2021-07-07T16:41:48","slug":"la-biblia-del-cbd","status":"publish","type":"product","link":"https:\/\/cbdtest.wimbo.at\/es\/cbd-produkt\/la-biblia-del-cbd\/","title":{"rendered":"La Biblia del CBD"},"content":{"rendered":"<h2><strong>\u00a1Cannabis y la revoluci\u00f3n del bienestar que cambiar\u00e1 tu vida!<\/strong><\/h2>\n<p>Trate el dolor de forma segura, alivie el estr\u00e9s y aprenda la ciencia detr\u00e1s del CBD y el THC con esta gu\u00eda de un m\u00e9dico, investigador y experto destacado en la medicina del cannabis.<\/p>\n<ul>\n<li>\u00bfCu\u00e1l es la diferencia entre los aceites de CBD de venta libre y los aceites de cannabis medicinal?<\/li>\n<li>\u00bfQu\u00e9 es la ciencia?<\/li>\n<li>\u00bfFunciona realmente y para qu\u00e9?<\/li>\n<\/ul>\n<p>Estamos en medio de una revoluci\u00f3n m\u00e9dica con respecto a la planta de cannabis y sus usos. El cannabis medicinal ha ganado atenci\u00f3n en el tratamiento de enfermedades graves cuando fallan las drogas. <strong>El aceite de CBD se ha vuelto incre\u00edblemente popular<\/strong> como producto de bienestar con cientos de marcas que salen volando de los estantes de las calles principales. Sin embargo, todav\u00eda existe confusi\u00f3n acerca de lo que puede hacer y c\u00f3mo se puede utilizar tanto para el bienestar como para el cuidado personal y el tratamiento de dolencias.<\/p>\n<p><strong>Dr. Dani Gordon, m\u00e9dico certificado<\/strong> y experto internacional en<strong> CBD, cannabis y medicina natural,<\/strong> escribi\u00f3 la Biblia de CBD para explicar c\u00f3mo el CBD y el cannabis medicinal pueden usarse para tratar el dolor de forma segura, reducir el estr\u00e9s y crear una sensaci\u00f3n m\u00e1s profunda de bienestar. . Con gu\u00edas sobre dosificaci\u00f3n, abastecimiento, diferentes productos y m\u00e1s, esta es una herramienta imprescindible para cualquiera que est\u00e9 listo para dar el siguiente paso en su viaje hacia el bienestar general.<\/p>\n","protected":false},"excerpt":{"rendered":"<p>\u00a1El <strong>cannabis<\/strong> y la revoluci\u00f3n del <strong>bienestar cambiar\u00e1n<\/strong> tu vida!<\/p>\n<ul>\n<li>Tapa blanda: 336 p\u00e1ginas<\/li>\n<li>ISBN-10: 1538736063<\/li>\n<li>ISBN-13: 978-1538736067<\/li>\n<li>Dimensiones del producto: 13,84 x 2,92 x 20,83 cm<\/li>\n<li>Editorial: Grand Central Publishing; 1a edici\u00f3n (15 deseptiembre de 2020)<\/li>\n<li>Idioma: ingl\u00e9s<\/li>\n<\/ul>\n<ul><\/ul>\n<p> &hellip; <a href=\"https:\/\/cbdtest.wimbo.at\/es\/cbd-produkt\/la-biblia-del-cbd\/\">Read More<\/a><\/p>\n","protected":false},"featured_media":5442,"comment_status":"open","ping_status":"closed","template":"","meta":[],"product_cat":[116],"product_tag":[],"yoast_head":"<!-- This site is optimized with the Yoast SEO plugin v17.7.1 - https:\/\/yoast.com\/wordpress\/plugins\/seo\/ -->\n<title>La Biblia del CBD | Flores de CBD | Ordene aceite de CBD en l\u00ednea ahora | FREYA CBD<\/title>\n<meta name=\"description\" content=\"La Biblia de CBD Compre CBD Blossoms Aceite de CBD Aceite de CBD en calidad org\u00e1nica Pida CBD en l\u00ednea ahora de freya CBDCURE\" \/>\n<meta name=\"robots\" content=\"noindex, follow, max-snippet:-1, max-image-preview:large, max-video-preview:-1\" \/>\n<meta property=\"og:locale\" content=\"es_ES\" \/>\n<meta property=\"og:type\" content=\"article\" \/>\n<meta property=\"og:title\" content=\"La Biblia del CBD | Flores de CBD | Ordene aceite de CBD en l\u00ednea ahora | FREYA CBD\" \/>\n<meta property=\"og:description\" content=\"La Biblia de CBD Compre CBD Blossoms Aceite de CBD Aceite de CBD en calidad org\u00e1nica Pida CBD en l\u00ednea ahora de freya CBDCURE\" \/>\n<meta property=\"og:url\" content=\"https:\/\/cbdtest.wimbo.at\/es\/cbd-produkt\/la-biblia-del-cbd\/\" \/>\n<meta property=\"og:site_name\" content=\"CBD Bl\u00fcten | CBD \u00d6l online bestellen | FREYA CBDCURE\" \/>\n<meta property=\"article:publisher\" content=\"https:\/\/www.facebook.com\/freyacbdcure\/\" \/>\n<meta property=\"article:modified_time\" content=\"2021-07-07T16:41:48+00:00\" \/>\n<meta property=\"og:image\" content=\"https:\/\/cbdtest.wimbo.at\/wp-content\/uploads\/2020\/10\/The-CBD-Bible.jpeg\" \/>\n\t<meta property=\"og:image:width\" content=\"400\" \/>\n\t<meta property=\"og:image:height\" content=\"600\" \/>\n<meta name=\"twitter:card\" content=\"summary_large_image\" \/>\n<meta name=\"twitter:site\" content=\"@freya_cbd_cure\" \/>\n<meta name=\"twitter:label1\" content=\"Tiempo de lectura\" \/>\n\t<meta name=\"twitter:data1\" content=\"1 minuto\" \/>\n<script type=\"application\/ld+json\" class=\"yoast-schema-graph\">{\"@context\":\"https:\/\/schema.org\",\"@graph\":[{\"@type\":\"Organization\",\"@id\":\"https:\/\/cbdtest.wimbo.at\/#organization\",\"name\":\"CBD Bl\\u00fcten, \\u00d6l online kaufen | Freya cbdcure\",\"url\":\"https:\/\/cbdtest.wimbo.at\/\",\"sameAs\":[\"https:\/\/www.facebook.com\/freyacbdcure\/\",\"https:\/\/www.instagram.com\/freya_cbd_cure\/\",\"https:\/\/www.linkedin.com\/company\/freya-cbdcure\/\",\"https:\/\/www.pinterest.at\/freyacbdcure\/\",\"https:\/\/twitter.com\/freya_cbd_cure\"],\"logo\":{\"@type\":\"ImageObject\",\"@id\":\"https:\/\/cbdtest.wimbo.at\/#logo\",\"inLanguage\":\"es\",\"url\":\"http:\/\/cbdtest.wimbo.at\/wp-content\/uploads\/2020\/09\/freya_logo.png\",\"contentUrl\":\"http:\/\/cbdtest.wimbo.at\/wp-content\/uploads\/2020\/09\/freya_logo.png\",\"width\":800,\"height\":1073,\"caption\":\"CBD Bl\\u00fcten, \\u00d6l online kaufen | Freya cbdcure\"},\"image\":{\"@id\":\"https:\/\/cbdtest.wimbo.at\/#logo\"}},{\"@type\":\"WebSite\",\"@id\":\"https:\/\/cbdtest.wimbo.at\/#website\",\"url\":\"https:\/\/cbdtest.wimbo.at\/\",\"name\":\"CBD Bl\\u00fcten | CBD \\u00d6l online bestellen | FREYA CBDCURE\",\"description\":\"CBD \\u00d6l Produkte \/ CBD Bl\\u00fcten Bio Hanf einfach und bequem Online Kaufen\",\"publisher\":{\"@id\":\"https:\/\/cbdtest.wimbo.at\/#organization\"},\"potentialAction\":[{\"@type\":\"SearchAction\",\"target\":{\"@type\":\"EntryPoint\",\"urlTemplate\":\"https:\/\/cbdtest.wimbo.at\/?s={search_term_string}\"},\"query-input\":\"required name=search_term_string\"}],\"inLanguage\":\"es\"},{\"@type\":\"ImageObject\",\"@id\":\"https:\/\/cbdtest.wimbo.at\/es\/cbd-produkt\/la-biblia-del-cbd\/#primaryimage\",\"inLanguage\":\"es\",\"url\":\"https:\/\/cbdtest.wimbo.at\/wp-content\/uploads\/2020\/10\/The-CBD-Bible.jpeg\",\"contentUrl\":\"https:\/\/cbdtest.wimbo.at\/wp-content\/uploads\/2020\/10\/The-CBD-Bible.jpeg\",\"width\":400,\"height\":600,\"caption\":\"La Biblia del CBD\"},{\"@type\":\"WebPage\",\"@id\":\"https:\/\/cbdtest.wimbo.at\/es\/cbd-produkt\/la-biblia-del-cbd\/#webpage\",\"url\":\"https:\/\/cbdtest.wimbo.at\/es\/cbd-produkt\/la-biblia-del-cbd\/\",\"name\":\"La Biblia del CBD | Flores de CBD | Ordene aceite de CBD en l\\u00ednea ahora | FREYA CBD\",\"isPartOf\":{\"@id\":\"https:\/\/cbdtest.wimbo.at\/#website\"},\"primaryImageOfPage\":{\"@id\":\"https:\/\/cbdtest.wimbo.at\/es\/cbd-produkt\/la-biblia-del-cbd\/#primaryimage\"},\"datePublished\":\"2020-10-15T14:46:37+00:00\",\"dateModified\":\"2021-07-07T16:41:48+00:00\",\"description\":\"La Biblia de CBD Compre CBD Blossoms Aceite de CBD Aceite de CBD en calidad org\\u00e1nica Pida CBD en l\\u00ednea ahora de freya CBDCURE\",\"breadcrumb\":{\"@id\":\"https:\/\/cbdtest.wimbo.at\/es\/cbd-produkt\/la-biblia-del-cbd\/#breadcrumb\"},\"inLanguage\":\"es\",\"potentialAction\":[{\"@type\":\"ReadAction\",\"target\":[\"https:\/\/cbdtest.wimbo.at\/es\/cbd-produkt\/la-biblia-del-cbd\/\"]}]},{\"@type\":\"BreadcrumbList\",\"@id\":\"https:\/\/cbdtest.wimbo.at\/es\/cbd-produkt\/la-biblia-del-cbd\/#breadcrumb\",\"itemListElement\":[{\"@type\":\"ListItem\",\"position\":1,\"name\":\"Startseite\",\"item\":\"https:\/\/cbdtest.wimbo.at\/es\/\"},{\"@type\":\"ListItem\",\"position\":2,\"name\":\"CBD Tienda\",\"item\":\"https:\/\/cbdtest.wimbo.at\/es\/cbd-tienda\/\"},{\"@type\":\"ListItem\",\"position\":3,\"name\":\"La Biblia del CBD\"}]}]}<\/script>\n<!-- \/ Yoast SEO plugin. -->","yoast_head_json":{"title":"La Biblia del CBD | Flores de CBD | Ordene aceite de CBD en l\u00ednea ahora | FREYA CBD","description":"La Biblia de CBD Compre CBD Blossoms Aceite de CBD Aceite de CBD en calidad org\u00e1nica Pida CBD en l\u00ednea ahora de freya CBDCURE","robots":{"index":"noindex","follow":"follow","max-snippet":"max-snippet:-1","max-image-preview":"max-image-preview:large","max-video-preview":"max-video-preview:-1"},"og_locale":"es_ES","og_type":"article","og_title":"La Biblia del CBD | Flores de CBD | Ordene aceite de CBD en l\u00ednea ahora | FREYA CBD","og_description":"La Biblia de CBD Compre CBD Blossoms Aceite de CBD Aceite de CBD en calidad org\u00e1nica Pida CBD en l\u00ednea ahora de freya CBDCURE","og_url":"https:\/\/cbdtest.wimbo.at\/es\/cbd-produkt\/la-biblia-del-cbd\/","og_site_name":"CBD Bl\u00fcten | CBD \u00d6l online bestellen | FREYA CBDCURE","article_publisher":"https:\/\/www.facebook.com\/freyacbdcure\/","article_modified_time":"2021-07-07T16:41:48+00:00","og_image":[{"width":400,"height":600,"url":"https:\/\/cbdtest.wimbo.at\/wp-content\/uploads\/2020\/10\/The-CBD-Bible.jpeg","type":"image\/jpeg"}],"twitter_card":"summary_large_image","twitter_site":"@freya_cbd_cure","twitter_misc":{"Tiempo de lectura":"1 minuto"},"schema":{"@context":"https:\/\/schema.org","@graph":[{"@type":"Organization","@id":"https:\/\/cbdtest.wimbo.at\/#organization","name":"CBD Bl\u00fcten, \u00d6l online kaufen | Freya cbdcure","url":"https:\/\/cbdtest.wimbo.at\/","sameAs":["https:\/\/www.facebook.com\/freyacbdcure\/","https:\/\/www.instagram.com\/freya_cbd_cure\/","https:\/\/www.linkedin.com\/company\/freya-cbdcure\/","https:\/\/www.pinterest.at\/freyacbdcure\/","https:\/\/twitter.com\/freya_cbd_cure"],"logo":{"@type":"ImageObject","@id":"https:\/\/cbdtest.wimbo.at\/#logo","inLanguage":"es","url":"http:\/\/cbdtest.wimbo.at\/wp-content\/uploads\/2020\/09\/freya_logo.png","contentUrl":"http:\/\/cbdtest.wimbo.at\/wp-content\/uploads\/2020\/09\/freya_logo.png","width":800,"height":1073,"caption":"CBD Bl\u00fcten, \u00d6l online kaufen | Freya cbdcure"},"image":{"@id":"https:\/\/cbdtest.wimbo.at\/#logo"}},{"@type":"WebSite","@id":"https:\/\/cbdtest.wimbo.at\/#website","url":"https:\/\/cbdtest.wimbo.at\/","name":"CBD Bl\u00fcten | CBD \u00d6l online bestellen | FREYA CBDCURE","description":"CBD \u00d6l Produkte \/ CBD Bl\u00fcten Bio Hanf einfach und bequem Online Kaufen","publisher":{"@id":"https:\/\/cbdtest.wimbo.at\/#organization"},"potentialAction":[{"@type":"SearchAction","target":{"@type":"EntryPoint","urlTemplate":"https:\/\/cbdtest.wimbo.at\/?s={search_term_string}"},"query-input":"required name=search_term_string"}],"inLanguage":"es"},{"@type":"ImageObject","@id":"https:\/\/cbdtest.wimbo.at\/es\/cbd-produkt\/la-biblia-del-cbd\/#primaryimage","inLanguage":"es","url":"https:\/\/cbdtest.wimbo.at\/wp-content\/uploads\/2020\/10\/The-CBD-Bible.jpeg","contentUrl":"https:\/\/cbdtest.wimbo.at\/wp-content\/uploads\/2020\/10\/The-CBD-Bible.jpeg","width":400,"height":600,"caption":"La Biblia del CBD"},{"@type":"WebPage","@id":"https:\/\/cbdtest.wimbo.at\/es\/cbd-produkt\/la-biblia-del-cbd\/#webpage","url":"https:\/\/cbdtest.wimbo.at\/es\/cbd-produkt\/la-biblia-del-cbd\/","name":"La Biblia del CBD | Flores de CBD | Ordene aceite de CBD en l\u00ednea ahora | FREYA CBD","isPartOf":{"@id":"https:\/\/cbdtest.wimbo.at\/#website"},"primaryImageOfPage":{"@id":"https:\/\/cbdtest.wimbo.at\/es\/cbd-produkt\/la-biblia-del-cbd\/#primaryimage"},"datePublished":"2020-10-15T14:46:37+00:00","dateModified":"2021-07-07T16:41:48+00:00","description":"La Biblia de CBD Compre CBD Blossoms Aceite de CBD Aceite de CBD en calidad org\u00e1nica Pida CBD en l\u00ednea ahora de freya CBDCURE","breadcrumb":{"@id":"https:\/\/cbdtest.wimbo.at\/es\/cbd-produkt\/la-biblia-del-cbd\/#breadcrumb"},"inLanguage":"es","potentialAction":[{"@type":"ReadAction","target":["https:\/\/cbdtest.wimbo.at\/es\/cbd-produkt\/la-biblia-del-cbd\/"]}]},{"@type":"BreadcrumbList","@id":"https:\/\/cbdtest.wimbo.at\/es\/cbd-produkt\/la-biblia-del-cbd\/#breadcrumb","itemListElement":[{"@type":"ListItem","position":1,"name":"Startseite","item":"https:\/\/cbdtest.wimbo.at\/es\/"},{"@type":"ListItem","position":2,"name":"CBD Tienda","item":"https:\/\/cbdtest.wimbo.at\/es\/cbd-tienda\/"},{"@type":"ListItem","position":3,"name":"La Biblia del CBD"}]}]}},"_links":{"self":[{"href":"https:\/\/cbdtest.wimbo.at\/es\/wp-json\/wp\/v2\/product\/5949"}],"collection":[{"href":"https:\/\/cbdtest.wimbo.at\/es\/wp-json\/wp\/v2\/product"}],"about":[{"href":"https:\/\/cbdtest.wimbo.at\/es\/wp-json\/wp\/v2\/types\/product"}],"replies":[{"embeddable":true,"href":"https:\/\/cbdtest.wimbo.at\/es\/wp-json\/wp\/v2\/comments?post=5949"}],"version-history":[{"count":0,"href":"https:\/\/cbdtest.wimbo.at\/es\/wp-json\/wp\/v2\/product\/5949\/revisions"}],"wp:featuredmedia":[{"embeddable":true,"href":"https:\/\/cbdtest.wimbo.at\/es\/wp-json\/wp\/v2\/media\/5442"}],"wp:attachment":[{"href":"https:\/\/cbdtest.wimbo.at\/es\/wp-json\/wp\/v2\/media?parent=5949"}],"wp:term":[{"taxonomy":"product_cat","embeddable":true,"href":"https:\/\/cbdtest.wimbo.at\/es\/wp-json\/wp\/v2\/product_cat?post=5949"},{"taxonomy":"product_tag","embeddable":true,"href":"https:\/\/cbdtest.wimbo.at\/es\/wp-json\/wp\/v2\/product_tag?post=5949"}],"curies":[{"name":"wp","href":"https:\/\/api.w.org\/{rel}","templated":true}]}}