{"id":8220,"date":"2021-11-24T23:28:26","date_gmt":"2021-11-24T22:28:26","guid":{"rendered":"http:\/\/cbdtest.wimbo.at\/mi-cuenta-2\/"},"modified":"2021-11-24T23:28:26","modified_gmt":"2021-11-24T22:28:26","slug":"mi-cuenta-2","status":"publish","type":"page","link":"https:\/\/cbdtest.wimbo.at\/es\/mi-cuenta-2\/","title":{"rendered":"Mi cuenta"},"content":{"rendered":"<div class=\"woocommerce\"><\/div>\n","protected":false},"excerpt":{"rendered":"","protected":false},"author":1,"featured_media":0,"parent":0,"menu_order":0,"comment_status":"closed","ping_status":"closed","template":"","meta":[],"yoast_head":"<!-- This site is optimized with the Yoast SEO plugin v17.7.1 - https:\/\/yoast.com\/wordpress\/plugins\/seo\/ -->\n<title>Mi cuenta - CBD Bl\u00fcten | CBD \u00d6l online bestellen | FREYA CBDCURE<\/title>\n<meta name=\"description\" content=\"Mi cuenta CBD Bl\u00fcten \/ CBD \u00d6l kaufen | CBD \u00d6l in Bio Qualit\u00e4t | Jetzt CBD direkt online bestellen bei FREYA Cbdcure\" \/>\n<meta name=\"robots\" content=\"noindex, follow, max-snippet:-1, max-image-preview:large, max-video-preview:-1\" \/>\n<meta property=\"og:locale\" content=\"es_ES\" \/>\n<meta property=\"og:type\" content=\"article\" \/>\n<meta property=\"og:title\" content=\"Mi cuenta - CBD Bl\u00fcten | CBD \u00d6l online bestellen | FREYA CBDCURE\" \/>\n<meta property=\"og:description\" content=\"Mi cuenta CBD Bl\u00fcten \/ CBD \u00d6l kaufen | CBD \u00d6l in Bio Qualit\u00e4t | Jetzt CBD direkt online bestellen bei FREYA Cbdcure\" \/>\n<meta property=\"og:url\" content=\"https:\/\/cbdtest.wimbo.at\/es\/mi-cuenta-2\/\" \/>\n<meta property=\"og:site_name\" content=\"CBD Bl\u00fcten | CBD \u00d6l online bestellen | FREYA CBDCURE\" \/>\n<meta property=\"article:publisher\" content=\"https:\/\/www.facebook.com\/freyacbdcure\/\" \/>\n<meta name=\"twitter:card\" content=\"summary_large_image\" \/>\n<meta name=\"twitter:site\" content=\"@freya_cbd_cure\" \/>\n<script type=\"application\/ld+json\" class=\"yoast-schema-graph\">{\"@context\":\"https:\/\/schema.org\",\"@graph\":[{\"@type\":\"Organization\",\"@id\":\"https:\/\/cbdtest.wimbo.at\/#organization\",\"name\":\"CBD Bl\\u00fcten, \\u00d6l online kaufen | Freya cbdcure\",\"url\":\"https:\/\/cbdtest.wimbo.at\/\",\"sameAs\":[\"https:\/\/www.facebook.com\/freyacbdcure\/\",\"https:\/\/www.instagram.com\/freya_cbd_cure\/\",\"https:\/\/www.linkedin.com\/company\/freya-cbdcure\/\",\"https:\/\/www.pinterest.at\/freyacbdcure\/\",\"https:\/\/twitter.com\/freya_cbd_cure\"],\"logo\":{\"@type\":\"ImageObject\",\"@id\":\"https:\/\/cbdtest.wimbo.at\/#logo\",\"inLanguage\":\"es\",\"url\":\"http:\/\/cbdtest.wimbo.at\/wp-content\/uploads\/2020\/09\/freya_logo.png\",\"contentUrl\":\"http:\/\/cbdtest.wimbo.at\/wp-content\/uploads\/2020\/09\/freya_logo.png\",\"width\":800,\"height\":1073,\"caption\":\"CBD Bl\\u00fcten, \\u00d6l online kaufen | Freya cbdcure\"},\"image\":{\"@id\":\"https:\/\/cbdtest.wimbo.at\/#logo\"}},{\"@type\":\"WebSite\",\"@id\":\"https:\/\/cbdtest.wimbo.at\/#website\",\"url\":\"https:\/\/cbdtest.wimbo.at\/\",\"name\":\"CBD Bl\\u00fcten | CBD \\u00d6l online bestellen | FREYA CBDCURE\",\"description\":\"CBD \\u00d6l Produkte \/ CBD Bl\\u00fcten Bio Hanf einfach und bequem Online Kaufen\",\"publisher\":{\"@id\":\"https:\/\/cbdtest.wimbo.at\/#organization\"},\"potentialAction\":[{\"@type\":\"SearchAction\",\"target\":{\"@type\":\"EntryPoint\",\"urlTemplate\":\"https:\/\/cbdtest.wimbo.at\/?s={search_term_string}\"},\"query-input\":\"required name=search_term_string\"}],\"inLanguage\":\"es\"},{\"@type\":\"WebPage\",\"@id\":\"https:\/\/cbdtest.wimbo.at\/es\/mi-cuenta-2\/#webpage\",\"url\":\"https:\/\/cbdtest.wimbo.at\/es\/mi-cuenta-2\/\",\"name\":\"Mi cuenta - CBD Bl\\u00fcten | CBD \\u00d6l online bestellen | FREYA CBDCURE\",\"isPartOf\":{\"@id\":\"https:\/\/cbdtest.wimbo.at\/#website\"},\"datePublished\":\"2021-11-24T22:28:26+00:00\",\"dateModified\":\"2021-11-24T22:28:26+00:00\",\"description\":\"Mi cuenta CBD Bl\\u00fcten \/ CBD \\u00d6l kaufen | CBD \\u00d6l in Bio Qualit\\u00e4t | Jetzt CBD direkt online bestellen bei FREYA Cbdcure\",\"breadcrumb\":{\"@id\":\"https:\/\/cbdtest.wimbo.at\/es\/mi-cuenta-2\/#breadcrumb\"},\"inLanguage\":\"es\",\"potentialAction\":[{\"@type\":\"ReadAction\",\"target\":[\"https:\/\/cbdtest.wimbo.at\/es\/mi-cuenta-2\/\"]}]},{\"@type\":\"BreadcrumbList\",\"@id\":\"https:\/\/cbdtest.wimbo.at\/es\/mi-cuenta-2\/#breadcrumb\",\"itemListElement\":[{\"@type\":\"ListItem\",\"position\":1,\"name\":\"Startseite\",\"item\":\"https:\/\/cbdtest.wimbo.at\/es\/\"},{\"@type\":\"ListItem\",\"position\":2,\"name\":\"Mi cuenta\"}]}]}<\/script>\n<!-- \/ Yoast SEO plugin. -->","yoast_head_json":{"title":"Mi cuenta - CBD Bl\u00fcten | CBD \u00d6l online bestellen | FREYA CBDCURE","description":"Mi cuenta CBD Bl\u00fcten \/ CBD \u00d6l kaufen | CBD \u00d6l in Bio Qualit\u00e4t | Jetzt CBD direkt online bestellen bei FREYA Cbdcure","robots":{"index":"noindex","follow":"follow","max-snippet":"max-snippet:-1","max-image-preview":"max-image-preview:large","max-video-preview":"max-video-preview:-1"},"og_locale":"es_ES","og_type":"article","og_title":"Mi cuenta - CBD Bl\u00fcten | CBD \u00d6l online bestellen | FREYA CBDCURE","og_description":"Mi cuenta CBD Bl\u00fcten \/ CBD \u00d6l kaufen | CBD \u00d6l in Bio Qualit\u00e4t | Jetzt CBD direkt online bestellen bei FREYA Cbdcure","og_url":"https:\/\/cbdtest.wimbo.at\/es\/mi-cuenta-2\/","og_site_name":"CBD Bl\u00fcten | CBD \u00d6l online bestellen | FREYA CBDCURE","article_publisher":"https:\/\/www.facebook.com\/freyacbdcure\/","twitter_card":"summary_large_image","twitter_site":"@freya_cbd_cure","schema":{"@context":"https:\/\/schema.org","@graph":[{"@type":"Organization","@id":"https:\/\/cbdtest.wimbo.at\/#organization","name":"CBD Bl\u00fcten, \u00d6l online kaufen | Freya cbdcure","url":"https:\/\/cbdtest.wimbo.at\/","sameAs":["https:\/\/www.facebook.com\/freyacbdcure\/","https:\/\/www.instagram.com\/freya_cbd_cure\/","https:\/\/www.linkedin.com\/company\/freya-cbdcure\/","https:\/\/www.pinterest.at\/freyacbdcure\/","https:\/\/twitter.com\/freya_cbd_cure"],"logo":{"@type":"ImageObject","@id":"https:\/\/cbdtest.wimbo.at\/#logo","inLanguage":"es","url":"http:\/\/cbdtest.wimbo.at\/wp-content\/uploads\/2020\/09\/freya_logo.png","contentUrl":"http:\/\/cbdtest.wimbo.at\/wp-content\/uploads\/2020\/09\/freya_logo.png","width":800,"height":1073,"caption":"CBD Bl\u00fcten, \u00d6l online kaufen | Freya cbdcure"},"image":{"@id":"https:\/\/cbdtest.wimbo.at\/#logo"}},{"@type":"WebSite","@id":"https:\/\/cbdtest.wimbo.at\/#website","url":"https:\/\/cbdtest.wimbo.at\/","name":"CBD Bl\u00fcten | CBD \u00d6l online bestellen | FREYA CBDCURE","description":"CBD \u00d6l Produkte \/ CBD Bl\u00fcten Bio Hanf einfach und bequem Online Kaufen","publisher":{"@id":"https:\/\/cbdtest.wimbo.at\/#organization"},"potentialAction":[{"@type":"SearchAction","target":{"@type":"EntryPoint","urlTemplate":"https:\/\/cbdtest.wimbo.at\/?s={search_term_string}"},"query-input":"required name=search_term_string"}],"inLanguage":"es"},{"@type":"WebPage","@id":"https:\/\/cbdtest.wimbo.at\/es\/mi-cuenta-2\/#webpage","url":"https:\/\/cbdtest.wimbo.at\/es\/mi-cuenta-2\/","name":"Mi cuenta - CBD Bl\u00fcten | CBD \u00d6l online bestellen | FREYA CBDCURE","isPartOf":{"@id":"https:\/\/cbdtest.wimbo.at\/#website"},"datePublished":"2021-11-24T22:28:26+00:00","dateModified":"2021-11-24T22:28:26+00:00","description":"Mi cuenta CBD Bl\u00fcten \/ CBD \u00d6l kaufen | CBD \u00d6l in Bio Qualit\u00e4t | Jetzt CBD direkt online bestellen bei FREYA Cbdcure","breadcrumb":{"@id":"https:\/\/cbdtest.wimbo.at\/es\/mi-cuenta-2\/#breadcrumb"},"inLanguage":"es","potentialAction":[{"@type":"ReadAction","target":["https:\/\/cbdtest.wimbo.at\/es\/mi-cuenta-2\/"]}]},{"@type":"BreadcrumbList","@id":"https:\/\/cbdtest.wimbo.at\/es\/mi-cuenta-2\/#breadcrumb","itemListElement":[{"@type":"ListItem","position":1,"name":"Startseite","item":"https:\/\/cbdtest.wimbo.at\/es\/"},{"@type":"ListItem","position":2,"name":"Mi cuenta"}]}]}},"_links":{"self":[{"href":"https:\/\/cbdtest.wimbo.at\/es\/wp-json\/wp\/v2\/pages\/8220"}],"collection":[{"href":"https:\/\/cbdtest.wimbo.at\/es\/wp-json\/wp\/v2\/pages"}],"about":[{"href":"https:\/\/cbdtest.wimbo.at\/es\/wp-json\/wp\/v2\/types\/page"}],"author":[{"embeddable":true,"href":"https:\/\/cbdtest.wimbo.at\/es\/wp-json\/wp\/v2\/users\/1"}],"replies":[{"embeddable":true,"href":"https:\/\/cbdtest.wimbo.at\/es\/wp-json\/wp\/v2\/comments?post=8220"}],"version-history":[{"count":0,"href":"https:\/\/cbdtest.wimbo.at\/es\/wp-json\/wp\/v2\/pages\/8220\/revisions"}],"wp:attachment":[{"href":"https:\/\/cbdtest.wimbo.at\/es\/wp-json\/wp\/v2\/media?parent=8220"}],"curies":[{"name":"wp","href":"https:\/\/api.w.org\/{rel}","templated":true}]}}