{"id":5257,"date":"2020-10-07T20:45:08","date_gmt":"2020-10-07T18:45:08","guid":{"rendered":"http:\/\/cbdtest.wimbo.at\/shipping-delivery\/"},"modified":"2021-03-06T17:46:06","modified_gmt":"2021-03-06T16:46:06","slug":"shipping-delivery","status":"publish","type":"page","link":"https:\/\/cbdtest.wimbo.at\/es\/shipping-delivery\/","title":{"rendered":"Env\u00edo y entrega"},"content":{"rendered":"\t\t<div data-elementor-type=\"wp-page\" data-elementor-id=\"5257\" class=\"elementor elementor-5257 elementor-3016\" data-elementor-settings=\"[]\">\n\t\t\t\t\t\t<div class=\"elementor-inner\">\n\t\t\t\t\t\t\t<div class=\"elementor-section-wrap\">\n\t\t\t\t\t\t\t<section class=\"elementor-section elementor-top-section elementor-element elementor-element-11dc9b9 elementor-section-boxed elementor-section-height-default elementor-section-height-default\" data-id=\"11dc9b9\" data-element_type=\"section\">\n\t\t\t\t\t\t<div class=\"elementor-container elementor-column-gap-default\">\n\t\t\t\t\t\t\t<div class=\"elementor-row\">\n\t\t\t\t\t<div class=\"elementor-column elementor-col-100 elementor-top-column elementor-element elementor-element-a946179\" data-id=\"a946179\" data-element_type=\"column\">\n\t\t\t<div class=\"elementor-column-wrap elementor-element-populated\">\n\t\t\t\t\t\t\t<div class=\"elementor-widget-wrap\">\n\t\t\t\t\t\t<div class=\"elementor-element elementor-element-109ca55 elementor-widget elementor-widget-text-editor\" data-id=\"109ca55\" data-element_type=\"widget\" data-widget_type=\"text-editor.default\">\n\t\t\t\t<div class=\"elementor-widget-container\">\n\t\t\t\t\t\t\t\t<div class=\"elementor-text-editor elementor-clearfix\">\n\t\t\t\t<h3>Austria<\/h3>\n<ul>\n<li>4.90 Euro<\/li>\n<li> a partir de 60,00 euros sin gastos de env\u00edo<\/li>\n<li>per\u00edodo de entrega = dependiente del producto<\/li>\n<li> prepago \/ efectivo en la entrega \/ sepa \/ tarjeta de cr\u00e9dito<\/li>\n<\/ul>\n<div>\n<h3 style=\"font-family: -apple-system, BlinkMacSystemFont, &quot;Segoe UI&quot;, Roboto, Oxygen-Sans, Ubuntu, Cantarell, &quot;Helvetica Neue&quot;, sans-serif; color: rgb(51, 51, 51); font-style: normal;\">Alemania<\/h3>\n<ul>\n<li>6.90 Euro<\/li>\n<li> a partir de 60,00 euros sin gastos de env\u00edo<\/li>\n<li>per\u00edodo de entrega = dependiente del producto<\/li>\n<li> prepago \/ efectivo en la entrega \/ sepa \/ tarjeta de cr\u00e9dito<\/li>\n<\/ul>\n<\/div>\n<h3>Uni\u00f3n Europea<\/h3>\n<ul>\n<li>10,80 Euro<\/li>\n<li> a partir de 100,00 euros libres de gastos de env\u00edo<\/li>\n<li>per\u00edodo de entrega = dependiente del producto<\/li>\n<li> prepago \/ efectivo en la entrega \/ sepa \/ tarjeta de cr\u00e9ditoAlemania<\/li>\n<\/ul>\t\t\t\t\t<\/div>\n\t\t\t\t\t\t<\/div>\n\t\t\t\t<\/div>\n\t\t\t\t\t\t<\/div>\n\t\t\t\t\t<\/div>\n\t\t<\/div>\n\t\t\t\t\t\t\t\t<\/div>\n\t\t\t\t\t<\/div>\n\t\t<\/section>\n\t\t\t\t\t\t<\/div>\n\t\t\t\t\t\t<\/div>\n\t\t\t\t\t<\/div>\n\t\t","protected":false},"excerpt":{"rendered":"<p>Austria 4.90 Euro a partir de 60,00 euros sin gastos de env\u00edo per\u00edodo de entrega = dependiente del producto prepago \/ efectivo en la entrega \/ sepa \/ tarjeta de cr\u00e9dito Alemania 6.90 Euro a partir de 60,00 euros sin &hellip; <a href=\"https:\/\/cbdtest.wimbo.at\/es\/shipping-delivery\/\">Read More<\/a><\/p>\n","protected":false},"author":1,"featured_media":0,"parent":0,"menu_order":35,"comment_status":"closed","ping_status":"open","template":"","meta":[],"yoast_head":"<!-- This site is optimized with the Yoast SEO plugin v17.7.1 - https:\/\/yoast.com\/wordpress\/plugins\/seo\/ -->\n<title>Env\u00edo y entrega | Solicite aceite de CBD en l\u00ednea freya CBDCURE<\/title>\n<meta name=\"description\" content=\"nv\u00edo y entrega Compre CBD Blossoms CBD Oil Aceite de CBD en calidad org\u00e1nica Solicite CBD en l\u00ednea ahora de freya CBDCURE\" \/>\n<meta name=\"robots\" content=\"noindex, follow, max-snippet:-1, max-image-preview:large, max-video-preview:-1\" \/>\n<meta property=\"og:locale\" content=\"es_ES\" \/>\n<meta property=\"og:type\" content=\"article\" \/>\n<meta property=\"og:title\" content=\"Env\u00edo y entrega | Solicite aceite de CBD en l\u00ednea freya CBDCURE\" \/>\n<meta property=\"og:description\" content=\"nv\u00edo y entrega Compre CBD Blossoms CBD Oil Aceite de CBD en calidad org\u00e1nica Solicite CBD en l\u00ednea ahora de freya CBDCURE\" \/>\n<meta property=\"og:url\" content=\"https:\/\/cbdtest.wimbo.at\/es\/shipping-delivery\/\" \/>\n<meta property=\"og:site_name\" content=\"CBD Bl\u00fcten | CBD \u00d6l online bestellen | FREYA CBDCURE\" \/>\n<meta property=\"article:publisher\" content=\"https:\/\/www.facebook.com\/freyacbdcure\/\" \/>\n<meta property=\"article:modified_time\" content=\"2021-03-06T16:46:06+00:00\" \/>\n<meta name=\"twitter:card\" content=\"summary_large_image\" \/>\n<meta name=\"twitter:site\" content=\"@freya_cbd_cure\" \/>\n<meta name=\"twitter:label1\" content=\"Tiempo de lectura\" \/>\n\t<meta name=\"twitter:data1\" content=\"1 minuto\" \/>\n<script type=\"application\/ld+json\" class=\"yoast-schema-graph\">{\"@context\":\"https:\/\/schema.org\",\"@graph\":[{\"@type\":\"Organization\",\"@id\":\"https:\/\/cbdtest.wimbo.at\/#organization\",\"name\":\"CBD Bl\\u00fcten, \\u00d6l online kaufen | Freya cbdcure\",\"url\":\"https:\/\/cbdtest.wimbo.at\/\",\"sameAs\":[\"https:\/\/www.facebook.com\/freyacbdcure\/\",\"https:\/\/www.instagram.com\/freya_cbd_cure\/\",\"https:\/\/www.linkedin.com\/company\/freya-cbdcure\/\",\"https:\/\/www.pinterest.at\/freyacbdcure\/\",\"https:\/\/twitter.com\/freya_cbd_cure\"],\"logo\":{\"@type\":\"ImageObject\",\"@id\":\"https:\/\/cbdtest.wimbo.at\/#logo\",\"inLanguage\":\"es\",\"url\":\"http:\/\/cbdtest.wimbo.at\/wp-content\/uploads\/2020\/09\/freya_logo.png\",\"contentUrl\":\"http:\/\/cbdtest.wimbo.at\/wp-content\/uploads\/2020\/09\/freya_logo.png\",\"width\":800,\"height\":1073,\"caption\":\"CBD Bl\\u00fcten, \\u00d6l online kaufen | Freya cbdcure\"},\"image\":{\"@id\":\"https:\/\/cbdtest.wimbo.at\/#logo\"}},{\"@type\":\"WebSite\",\"@id\":\"https:\/\/cbdtest.wimbo.at\/#website\",\"url\":\"https:\/\/cbdtest.wimbo.at\/\",\"name\":\"CBD Bl\\u00fcten | CBD \\u00d6l online bestellen | FREYA CBDCURE\",\"description\":\"CBD \\u00d6l Produkte \/ CBD Bl\\u00fcten Bio Hanf einfach und bequem Online Kaufen\",\"publisher\":{\"@id\":\"https:\/\/cbdtest.wimbo.at\/#organization\"},\"potentialAction\":[{\"@type\":\"SearchAction\",\"target\":{\"@type\":\"EntryPoint\",\"urlTemplate\":\"https:\/\/cbdtest.wimbo.at\/?s={search_term_string}\"},\"query-input\":\"required name=search_term_string\"}],\"inLanguage\":\"es\"},{\"@type\":\"WebPage\",\"@id\":\"https:\/\/cbdtest.wimbo.at\/es\/shipping-delivery\/#webpage\",\"url\":\"https:\/\/cbdtest.wimbo.at\/es\/shipping-delivery\/\",\"name\":\"Env\\u00edo y entrega | Solicite aceite de CBD en l\\u00ednea freya CBDCURE\",\"isPartOf\":{\"@id\":\"https:\/\/cbdtest.wimbo.at\/#website\"},\"datePublished\":\"2020-10-07T18:45:08+00:00\",\"dateModified\":\"2021-03-06T16:46:06+00:00\",\"description\":\"nv\\u00edo y entrega Compre CBD Blossoms CBD Oil Aceite de CBD en calidad org\\u00e1nica Solicite CBD en l\\u00ednea ahora de freya CBDCURE\",\"breadcrumb\":{\"@id\":\"https:\/\/cbdtest.wimbo.at\/es\/shipping-delivery\/#breadcrumb\"},\"inLanguage\":\"es\",\"potentialAction\":[{\"@type\":\"ReadAction\",\"target\":[\"https:\/\/cbdtest.wimbo.at\/es\/shipping-delivery\/\"]}]},{\"@type\":\"BreadcrumbList\",\"@id\":\"https:\/\/cbdtest.wimbo.at\/es\/shipping-delivery\/#breadcrumb\",\"itemListElement\":[{\"@type\":\"ListItem\",\"position\":1,\"name\":\"Startseite\",\"item\":\"https:\/\/cbdtest.wimbo.at\/es\/\"},{\"@type\":\"ListItem\",\"position\":2,\"name\":\"Env\\u00edo y entrega\"}]}]}<\/script>\n<!-- \/ Yoast SEO plugin. -->","yoast_head_json":{"title":"Env\u00edo y entrega | Solicite aceite de CBD en l\u00ednea freya CBDCURE","description":"nv\u00edo y entrega Compre CBD Blossoms CBD Oil Aceite de CBD en calidad org\u00e1nica Solicite CBD en l\u00ednea ahora de freya CBDCURE","robots":{"index":"noindex","follow":"follow","max-snippet":"max-snippet:-1","max-image-preview":"max-image-preview:large","max-video-preview":"max-video-preview:-1"},"og_locale":"es_ES","og_type":"article","og_title":"Env\u00edo y entrega | Solicite aceite de CBD en l\u00ednea freya CBDCURE","og_description":"nv\u00edo y entrega Compre CBD Blossoms CBD Oil Aceite de CBD en calidad org\u00e1nica Solicite CBD en l\u00ednea ahora de freya CBDCURE","og_url":"https:\/\/cbdtest.wimbo.at\/es\/shipping-delivery\/","og_site_name":"CBD Bl\u00fcten | CBD \u00d6l online bestellen | FREYA CBDCURE","article_publisher":"https:\/\/www.facebook.com\/freyacbdcure\/","article_modified_time":"2021-03-06T16:46:06+00:00","twitter_card":"summary_large_image","twitter_site":"@freya_cbd_cure","twitter_misc":{"Tiempo de lectura":"1 minuto"},"schema":{"@context":"https:\/\/schema.org","@graph":[{"@type":"Organization","@id":"https:\/\/cbdtest.wimbo.at\/#organization","name":"CBD Bl\u00fcten, \u00d6l online kaufen | Freya cbdcure","url":"https:\/\/cbdtest.wimbo.at\/","sameAs":["https:\/\/www.facebook.com\/freyacbdcure\/","https:\/\/www.instagram.com\/freya_cbd_cure\/","https:\/\/www.linkedin.com\/company\/freya-cbdcure\/","https:\/\/www.pinterest.at\/freyacbdcure\/","https:\/\/twitter.com\/freya_cbd_cure"],"logo":{"@type":"ImageObject","@id":"https:\/\/cbdtest.wimbo.at\/#logo","inLanguage":"es","url":"http:\/\/cbdtest.wimbo.at\/wp-content\/uploads\/2020\/09\/freya_logo.png","contentUrl":"http:\/\/cbdtest.wimbo.at\/wp-content\/uploads\/2020\/09\/freya_logo.png","width":800,"height":1073,"caption":"CBD Bl\u00fcten, \u00d6l online kaufen | Freya cbdcure"},"image":{"@id":"https:\/\/cbdtest.wimbo.at\/#logo"}},{"@type":"WebSite","@id":"https:\/\/cbdtest.wimbo.at\/#website","url":"https:\/\/cbdtest.wimbo.at\/","name":"CBD Bl\u00fcten | CBD \u00d6l online bestellen | FREYA CBDCURE","description":"CBD \u00d6l Produkte \/ CBD Bl\u00fcten Bio Hanf einfach und bequem Online Kaufen","publisher":{"@id":"https:\/\/cbdtest.wimbo.at\/#organization"},"potentialAction":[{"@type":"SearchAction","target":{"@type":"EntryPoint","urlTemplate":"https:\/\/cbdtest.wimbo.at\/?s={search_term_string}"},"query-input":"required name=search_term_string"}],"inLanguage":"es"},{"@type":"WebPage","@id":"https:\/\/cbdtest.wimbo.at\/es\/shipping-delivery\/#webpage","url":"https:\/\/cbdtest.wimbo.at\/es\/shipping-delivery\/","name":"Env\u00edo y entrega | Solicite aceite de CBD en l\u00ednea freya CBDCURE","isPartOf":{"@id":"https:\/\/cbdtest.wimbo.at\/#website"},"datePublished":"2020-10-07T18:45:08+00:00","dateModified":"2021-03-06T16:46:06+00:00","description":"nv\u00edo y entrega Compre CBD Blossoms CBD Oil Aceite de CBD en calidad org\u00e1nica Solicite CBD en l\u00ednea ahora de freya CBDCURE","breadcrumb":{"@id":"https:\/\/cbdtest.wimbo.at\/es\/shipping-delivery\/#breadcrumb"},"inLanguage":"es","potentialAction":[{"@type":"ReadAction","target":["https:\/\/cbdtest.wimbo.at\/es\/shipping-delivery\/"]}]},{"@type":"BreadcrumbList","@id":"https:\/\/cbdtest.wimbo.at\/es\/shipping-delivery\/#breadcrumb","itemListElement":[{"@type":"ListItem","position":1,"name":"Startseite","item":"https:\/\/cbdtest.wimbo.at\/es\/"},{"@type":"ListItem","position":2,"name":"Env\u00edo y entrega"}]}]}},"_links":{"self":[{"href":"https:\/\/cbdtest.wimbo.at\/es\/wp-json\/wp\/v2\/pages\/5257"}],"collection":[{"href":"https:\/\/cbdtest.wimbo.at\/es\/wp-json\/wp\/v2\/pages"}],"about":[{"href":"https:\/\/cbdtest.wimbo.at\/es\/wp-json\/wp\/v2\/types\/page"}],"author":[{"embeddable":true,"href":"https:\/\/cbdtest.wimbo.at\/es\/wp-json\/wp\/v2\/users\/1"}],"replies":[{"embeddable":true,"href":"https:\/\/cbdtest.wimbo.at\/es\/wp-json\/wp\/v2\/comments?post=5257"}],"version-history":[{"count":0,"href":"https:\/\/cbdtest.wimbo.at\/es\/wp-json\/wp\/v2\/pages\/5257\/revisions"}],"wp:attachment":[{"href":"https:\/\/cbdtest.wimbo.at\/es\/wp-json\/wp\/v2\/media?parent=5257"}],"curies":[{"name":"wp","href":"https:\/\/api.w.org\/{rel}","templated":true}]}}