{"id":5213,"date":"2020-10-07T19:28:11","date_gmt":"2020-10-07T17:28:11","guid":{"rendered":"http:\/\/cbdtest.wimbo.at\/politica-de-cancelacion\/"},"modified":"2021-03-05T19:36:35","modified_gmt":"2021-03-05T18:36:35","slug":"politica-de-cancelacion","status":"publish","type":"page","link":"https:\/\/cbdtest.wimbo.at\/es\/politica-de-cancelacion\/","title":{"rendered":"Pol\u00edtica de cancelaci\u00f3n"},"content":{"rendered":"\n<p><\/p>\n\n\n\n<p>Tiene derecho a cancelar este contrato dentro de los catorce d\u00edas sin dar ning\u00fan motivo. El per\u00edodo de cancelaci\u00f3n es de catorce d\u00edas a partir del d\u00eda en que usted o un tercero designado por usted, que no es el transportista, tom\u00f3 posesi\u00f3n de la primera mercanc\u00eda. Para ejercer su derecho de desistimiento, debe enviarnos una declaraci\u00f3n clara (empresa freya-CBDCURE, Speckbacherstrasse 28\/3, 6074 Rinn, n\u00famero de tel\u00e9fono: 06649113053, direcci\u00f3n de correo electr\u00f3nico: office@freya-cbdcure.com) mediante una declaraci\u00f3n clara (por ejemplo, por correo postal enviado carta, fax o correo electr\u00f3nico) de su decisi\u00f3n de rescindir este contrato. Puede utilizar el formulario de retiro modelo adjunto para este prop\u00f3sito, pero esto no es obligatorio. Para cumplir con el plazo de cancelaci\u00f3n, es suficiente que env\u00ede su notificaci\u00f3n de ejercicio de su derecho de cancelaci\u00f3n antes de que expire el per\u00edodo de cancelaci\u00f3n.<\/p>\n\n\n\n<p>El derecho de desistimiento no se aplica a los contratos<\/p>\n\n\n\n<ul><li>para la entrega de bienes no prefabricados y para cuya producci\u00f3n sea decisiva una selecci\u00f3n o determinaci\u00f3n individual por parte del consumidor o que se adapten claramente a las necesidades personales del consumidor;<\/li><li>para la entrega de mercanc\u00edas que puedan deteriorarse r\u00e1pidamente o cuya fecha de caducidad se exceda r\u00e1pidamente;<\/li><li>para la entrega de bebidas alcoh\u00f3licas, cuyo precio se acord\u00f3 al concluir el contrato, pero que no puede entregarse antes de los 30 d\u00edas posteriores a la celebraci\u00f3n del contrato y cuyo valor actual depende de las fluctuaciones en el mercado sobre las que el empresario no tiene influencia;<\/li><li><p>para la entrega de peri\u00f3dicos, revistas o revistas con excepci\u00f3n de los contratos de suscripci\u00f3n.<\/p><\/li><\/ul>\n\n\n\n<ul><li>para la entrega de productos sellados que no son aptos para devoluci\u00f3n por razones de protecci\u00f3n de la salud o higiene si su sello se ha quitado despu\u00e9s de la entrega;<\/li><li>para la entrega de mercanc\u00edas si, debido a su naturaleza, estuvieran inseparablemente mezcladas con otras mercanc\u00edas despu\u00e9s de la entrega;<\/li><li>para la entrega de grabaciones de audio o video o software de computadora en un paquete sellado, si el sello se ha quitado despu\u00e9s de la entrega.<\/li><\/ul>\n\n\n\n<p>(Si desea cancelar el contrato, complete este formulario y env\u00edelo de vuelta).<\/p>\n\n\n\n<ul><li><p>Yo \/ nosotros () por la presente revoco el contrato celebrado por m\u00ed \/ nosotros () para la compra de los siguientes bienes (*)<\/p><\/li><li><p>Pedido el () \/ recibido el ()<\/p><\/li><li><p>Nombre del consumidor (s)<br><br><\/p><\/li><li><p>Direcci\u00f3n del consumidor (s)<br><br><\/p><\/li><li><p>Firma del consumidor (s) (solo cuando se notifica en papel)<br><br><\/p><\/li><li><p>fecha<\/p>\r\n<p>&#8212;&#8212;&#8212;&#8212;&#8212;&#8212;&#8212;&#8212;&#8212;&#8212;&#8212;&#8212;&#8212;<\/p>\r\n<p>(*) T\u00e1chese donde no corresponda.<\/p><\/li><\/ul>\n","protected":false},"excerpt":{"rendered":"<p>Tiene derecho a cancelar este contrato dentro de los catorce d\u00edas sin dar ning\u00fan motivo. El per\u00edodo de cancelaci\u00f3n es de catorce d\u00edas a partir del d\u00eda en que usted o un tercero designado por usted, que no es el &hellip; <a href=\"https:\/\/cbdtest.wimbo.at\/es\/politica-de-cancelacion\/\">Read More<\/a><\/p>\n","protected":false},"author":1,"featured_media":0,"parent":0,"menu_order":0,"comment_status":"closed","ping_status":"closed","template":"","meta":[],"yoast_head":"<!-- This site is optimized with the Yoast SEO plugin v17.7.1 - https:\/\/yoast.com\/wordpress\/plugins\/seo\/ -->\n<title>Pol\u00edtica de cancelaci\u00f3n | Flores de CBD | Aceite de CBD | FREYA CBD<\/title>\n<meta name=\"description\" content=\"Un consumidor es cualquier persona f\u00edsica que concluye una transacci\u00f3n legal con fines que no son predominantemente comerciales ni de ...\" \/>\n<meta name=\"robots\" content=\"noindex, follow, max-snippet:-1, max-image-preview:large, max-video-preview:-1\" \/>\n<meta property=\"og:locale\" content=\"es_ES\" \/>\n<meta property=\"og:type\" content=\"article\" \/>\n<meta property=\"og:title\" content=\"Pol\u00edtica de cancelaci\u00f3n | Flores de CBD | Aceite de CBD | FREYA CBD\" \/>\n<meta property=\"og:description\" content=\"Un consumidor es cualquier persona f\u00edsica que concluye una transacci\u00f3n legal con fines que no son predominantemente comerciales ni de ...\" \/>\n<meta property=\"og:url\" content=\"https:\/\/cbdtest.wimbo.at\/es\/politica-de-cancelacion\/\" \/>\n<meta property=\"og:site_name\" content=\"CBD Bl\u00fcten | CBD \u00d6l online bestellen | FREYA CBDCURE\" \/>\n<meta property=\"article:publisher\" content=\"https:\/\/www.facebook.com\/freyacbdcure\/\" \/>\n<meta property=\"article:modified_time\" content=\"2021-03-05T18:36:35+00:00\" \/>\n<meta name=\"twitter:card\" content=\"summary_large_image\" \/>\n<meta name=\"twitter:site\" content=\"@freya_cbd_cure\" \/>\n<meta name=\"twitter:label1\" content=\"Tiempo de lectura\" \/>\n\t<meta name=\"twitter:data1\" content=\"2 minutos\" \/>\n<script type=\"application\/ld+json\" class=\"yoast-schema-graph\">{\"@context\":\"https:\/\/schema.org\",\"@graph\":[{\"@type\":\"Organization\",\"@id\":\"https:\/\/cbdtest.wimbo.at\/#organization\",\"name\":\"CBD Bl\\u00fcten, \\u00d6l online kaufen | Freya cbdcure\",\"url\":\"https:\/\/cbdtest.wimbo.at\/\",\"sameAs\":[\"https:\/\/www.facebook.com\/freyacbdcure\/\",\"https:\/\/www.instagram.com\/freya_cbd_cure\/\",\"https:\/\/www.linkedin.com\/company\/freya-cbdcure\/\",\"https:\/\/www.pinterest.at\/freyacbdcure\/\",\"https:\/\/twitter.com\/freya_cbd_cure\"],\"logo\":{\"@type\":\"ImageObject\",\"@id\":\"https:\/\/cbdtest.wimbo.at\/#logo\",\"inLanguage\":\"es\",\"url\":\"http:\/\/cbdtest.wimbo.at\/wp-content\/uploads\/2020\/09\/freya_logo.png\",\"contentUrl\":\"http:\/\/cbdtest.wimbo.at\/wp-content\/uploads\/2020\/09\/freya_logo.png\",\"width\":800,\"height\":1073,\"caption\":\"CBD Bl\\u00fcten, \\u00d6l online kaufen | Freya cbdcure\"},\"image\":{\"@id\":\"https:\/\/cbdtest.wimbo.at\/#logo\"}},{\"@type\":\"WebSite\",\"@id\":\"https:\/\/cbdtest.wimbo.at\/#website\",\"url\":\"https:\/\/cbdtest.wimbo.at\/\",\"name\":\"CBD Bl\\u00fcten | CBD \\u00d6l online bestellen | FREYA CBDCURE\",\"description\":\"CBD \\u00d6l Produkte \/ CBD Bl\\u00fcten Bio Hanf einfach und bequem Online Kaufen\",\"publisher\":{\"@id\":\"https:\/\/cbdtest.wimbo.at\/#organization\"},\"potentialAction\":[{\"@type\":\"SearchAction\",\"target\":{\"@type\":\"EntryPoint\",\"urlTemplate\":\"https:\/\/cbdtest.wimbo.at\/?s={search_term_string}\"},\"query-input\":\"required name=search_term_string\"}],\"inLanguage\":\"es\"},{\"@type\":\"WebPage\",\"@id\":\"https:\/\/cbdtest.wimbo.at\/es\/politica-de-cancelacion\/#webpage\",\"url\":\"https:\/\/cbdtest.wimbo.at\/es\/politica-de-cancelacion\/\",\"name\":\"Pol\\u00edtica de cancelaci\\u00f3n | Flores de CBD | Aceite de CBD | FREYA CBD\",\"isPartOf\":{\"@id\":\"https:\/\/cbdtest.wimbo.at\/#website\"},\"datePublished\":\"2020-10-07T17:28:11+00:00\",\"dateModified\":\"2021-03-05T18:36:35+00:00\",\"description\":\"Un consumidor es cualquier persona f\\u00edsica que concluye una transacci\\u00f3n legal con fines que no son predominantemente comerciales ni de ...\",\"breadcrumb\":{\"@id\":\"https:\/\/cbdtest.wimbo.at\/es\/politica-de-cancelacion\/#breadcrumb\"},\"inLanguage\":\"es\",\"potentialAction\":[{\"@type\":\"ReadAction\",\"target\":[\"https:\/\/cbdtest.wimbo.at\/es\/politica-de-cancelacion\/\"]}]},{\"@type\":\"BreadcrumbList\",\"@id\":\"https:\/\/cbdtest.wimbo.at\/es\/politica-de-cancelacion\/#breadcrumb\",\"itemListElement\":[{\"@type\":\"ListItem\",\"position\":1,\"name\":\"Startseite\",\"item\":\"https:\/\/cbdtest.wimbo.at\/es\/\"},{\"@type\":\"ListItem\",\"position\":2,\"name\":\"Pol\\u00edtica de cancelaci\\u00f3n\"}]}]}<\/script>\n<!-- \/ Yoast SEO plugin. -->","yoast_head_json":{"title":"Pol\u00edtica de cancelaci\u00f3n | Flores de CBD | Aceite de CBD | FREYA CBD","description":"Un consumidor es cualquier persona f\u00edsica que concluye una transacci\u00f3n legal con fines que no son predominantemente comerciales ni de ...","robots":{"index":"noindex","follow":"follow","max-snippet":"max-snippet:-1","max-image-preview":"max-image-preview:large","max-video-preview":"max-video-preview:-1"},"og_locale":"es_ES","og_type":"article","og_title":"Pol\u00edtica de cancelaci\u00f3n | Flores de CBD | Aceite de CBD | FREYA CBD","og_description":"Un consumidor es cualquier persona f\u00edsica que concluye una transacci\u00f3n legal con fines que no son predominantemente comerciales ni de ...","og_url":"https:\/\/cbdtest.wimbo.at\/es\/politica-de-cancelacion\/","og_site_name":"CBD Bl\u00fcten | CBD \u00d6l online bestellen | FREYA CBDCURE","article_publisher":"https:\/\/www.facebook.com\/freyacbdcure\/","article_modified_time":"2021-03-05T18:36:35+00:00","twitter_card":"summary_large_image","twitter_site":"@freya_cbd_cure","twitter_misc":{"Tiempo de lectura":"2 minutos"},"schema":{"@context":"https:\/\/schema.org","@graph":[{"@type":"Organization","@id":"https:\/\/cbdtest.wimbo.at\/#organization","name":"CBD Bl\u00fcten, \u00d6l online kaufen | Freya cbdcure","url":"https:\/\/cbdtest.wimbo.at\/","sameAs":["https:\/\/www.facebook.com\/freyacbdcure\/","https:\/\/www.instagram.com\/freya_cbd_cure\/","https:\/\/www.linkedin.com\/company\/freya-cbdcure\/","https:\/\/www.pinterest.at\/freyacbdcure\/","https:\/\/twitter.com\/freya_cbd_cure"],"logo":{"@type":"ImageObject","@id":"https:\/\/cbdtest.wimbo.at\/#logo","inLanguage":"es","url":"http:\/\/cbdtest.wimbo.at\/wp-content\/uploads\/2020\/09\/freya_logo.png","contentUrl":"http:\/\/cbdtest.wimbo.at\/wp-content\/uploads\/2020\/09\/freya_logo.png","width":800,"height":1073,"caption":"CBD Bl\u00fcten, \u00d6l online kaufen | Freya cbdcure"},"image":{"@id":"https:\/\/cbdtest.wimbo.at\/#logo"}},{"@type":"WebSite","@id":"https:\/\/cbdtest.wimbo.at\/#website","url":"https:\/\/cbdtest.wimbo.at\/","name":"CBD Bl\u00fcten | CBD \u00d6l online bestellen | FREYA CBDCURE","description":"CBD \u00d6l Produkte \/ CBD Bl\u00fcten Bio Hanf einfach und bequem Online Kaufen","publisher":{"@id":"https:\/\/cbdtest.wimbo.at\/#organization"},"potentialAction":[{"@type":"SearchAction","target":{"@type":"EntryPoint","urlTemplate":"https:\/\/cbdtest.wimbo.at\/?s={search_term_string}"},"query-input":"required name=search_term_string"}],"inLanguage":"es"},{"@type":"WebPage","@id":"https:\/\/cbdtest.wimbo.at\/es\/politica-de-cancelacion\/#webpage","url":"https:\/\/cbdtest.wimbo.at\/es\/politica-de-cancelacion\/","name":"Pol\u00edtica de cancelaci\u00f3n | Flores de CBD | Aceite de CBD | FREYA CBD","isPartOf":{"@id":"https:\/\/cbdtest.wimbo.at\/#website"},"datePublished":"2020-10-07T17:28:11+00:00","dateModified":"2021-03-05T18:36:35+00:00","description":"Un consumidor es cualquier persona f\u00edsica que concluye una transacci\u00f3n legal con fines que no son predominantemente comerciales ni de ...","breadcrumb":{"@id":"https:\/\/cbdtest.wimbo.at\/es\/politica-de-cancelacion\/#breadcrumb"},"inLanguage":"es","potentialAction":[{"@type":"ReadAction","target":["https:\/\/cbdtest.wimbo.at\/es\/politica-de-cancelacion\/"]}]},{"@type":"BreadcrumbList","@id":"https:\/\/cbdtest.wimbo.at\/es\/politica-de-cancelacion\/#breadcrumb","itemListElement":[{"@type":"ListItem","position":1,"name":"Startseite","item":"https:\/\/cbdtest.wimbo.at\/es\/"},{"@type":"ListItem","position":2,"name":"Pol\u00edtica de cancelaci\u00f3n"}]}]}},"_links":{"self":[{"href":"https:\/\/cbdtest.wimbo.at\/es\/wp-json\/wp\/v2\/pages\/5213"}],"collection":[{"href":"https:\/\/cbdtest.wimbo.at\/es\/wp-json\/wp\/v2\/pages"}],"about":[{"href":"https:\/\/cbdtest.wimbo.at\/es\/wp-json\/wp\/v2\/types\/page"}],"author":[{"embeddable":true,"href":"https:\/\/cbdtest.wimbo.at\/es\/wp-json\/wp\/v2\/users\/1"}],"replies":[{"embeddable":true,"href":"https:\/\/cbdtest.wimbo.at\/es\/wp-json\/wp\/v2\/comments?post=5213"}],"version-history":[{"count":0,"href":"https:\/\/cbdtest.wimbo.at\/es\/wp-json\/wp\/v2\/pages\/5213\/revisions"}],"wp:attachment":[{"href":"https:\/\/cbdtest.wimbo.at\/es\/wp-json\/wp\/v2\/media?parent=5213"}],"curies":[{"name":"wp","href":"https:\/\/api.w.org\/{rel}","templated":true}]}}