{"id":6754,"date":"2020-12-04T17:29:50","date_gmt":"2020-12-04T16:29:50","guid":{"rendered":"http:\/\/cbdtest.wimbo.at\/cbd-produkt\/cannabis-3-in-1-massage-candle\/"},"modified":"2021-08-19T11:50:47","modified_gmt":"2021-08-19T09:50:47","slug":"cannabis-3-in-1-massage-candle","status":"publish","type":"product","link":"https:\/\/cbdtest.wimbo.at\/en\/cbd-produkt\/cannabis-3-in-1-massage-candle\/","title":{"rendered":"Cannabis 3-in-1-Massage-Candle"},"content":{"rendered":"<h2>Cannabis 3-in-1 massage candle<\/h2>\n<p>Use it as a scented candle, massage oil and balm!<\/p>\n<h3><strong>Mint &amp; white jasmine<\/strong><\/h3>\n<p>An ancient art of <strong>aromatherapy<\/strong> uses the natural essential oils of a plant to enhance mood and promote well-being through our most primal sense &#8211; our sense of smell. Hemp evaporates when burned to provide aromatherapy benefits.<\/p>\n<p><strong>Cannabis 3-in-1 massage candles<\/strong> are poured with<strong> natural soy wa<\/strong>x, <strong>Sativa L extract<\/strong> and<strong> hemp seed oil<\/strong>.<\/p>\n<p>Hemp essential oil, one of the least known and &#8220;tabooed&#8221; essential oils, provides a therapeutic aroma. That promotes the balance of mind and body by relieving stress and relaxing the body and stimulating the mind.<\/p>\n<p>The use of candles infused with essential oils and fragrances is an easy way to take advantage of the benefits of aromatherapy.<\/p>\n<p><strong>SLS-free, paraben-free, sulphate-free, paraffin-free, BPA-free, pthalate-free, vegan and cruelty-free<\/strong>.<\/p>\n<p>With a reusable container &#8211; Each candle is poured into a double-walled glass container which can be reused as a drinking vessel for hot drinks.<\/p>\n<h3>Aromatherapy<\/h3>\n<p><strong>Use:<\/strong><\/p>\n<p>Light the candle and wait 15-20 minutes for the wax surface to melt. The latter has a very low melting point (44 \u00b0 C) and is therefore hot without being hot.<\/p>\n<p>Extinguish the candle and check the temperature of the wax.<\/p>\n<p>When the temperature is appropriate, pour a small amount of wax into the palm of your hand and begin massaging where you want it.<\/p>\n<p>Personally, I use my massage candle as a moisturizer by applying the melted wax to my legs and arms without forgetting about the elbows and heels which are very rough in winter (remember to wear socks afterwards).<\/p>\n<p>The wax will gradually solidify, but even when it becomes creamy, it will stretch and penetrate the skin well.<\/p>\n<p><strong>Precautions:<\/strong><\/p>\n<p><strong>Never leave a lit candle unattended.<\/strong><\/p>\n<p>Pregnant or breastfeeding women should be vigilant and seek advice from a doctor before use.<\/p>\n<p>Stop using the product if skin irritation occurs. Avoid eyes and mucous membranes.<\/p>\n<p>Do not ingest the product.<\/p>\n<p>Keep out of the reach of children and animals.<\/p>\n<p>Do not heat up in the microwave.<\/p>\n<p>Store in a cool and dry place.<\/p>\n<p>Keep the wick short (about 1 cm) to avoid getting charred wick in your candle (which is not drama in itself, but less aesthetic).<\/p>\n<p>The amount of essential oil \/ aromatic essence is intended for body use.<\/p>\n<p><em>There is no official recommendation for CBD. The information on this page is intended only as a good starting point and should not be considered as medical advice.<\/em><\/p>\n","protected":false},"excerpt":{"rendered":"<p><strong>Poured by hand in Tyrol (Austria)<\/strong><\/p>\n<ul>\n<li>Content: 210ml &#8211; 7 oz<\/li>\n<li>Mint and white jasmine scented oil<\/li>\n<li>Sativa L extract &#8211; 10mg Active Cannabinoids<\/li>\n<li>Macadamia oil<\/li>\n<li>Hemp seed oil<\/li>\n<li>Shea Butter<\/li>\n<li>Vitamin E<\/li>\n<li>Natural soy wax<\/li>\n<li>Hemp wick for clean combustion<\/li>\n<li>35 hours burning time<\/li>\n<li>Clean ingredients<\/li>\n<li>Reusable double-walled glass vessel<\/li>\n<\/ul>\n<p> &hellip; <a href=\"https:\/\/cbdtest.wimbo.at\/en\/cbd-produkt\/cannabis-3-in-1-massage-candle\/\">Read More<\/a><\/p>\n","protected":false},"featured_media":6978,"comment_status":"open","ping_status":"closed","template":"","meta":[],"product_cat":[127],"product_tag":[],"yoast_head":"<!-- This site is optimized with the Yoast SEO plugin v17.7.1 - https:\/\/yoast.com\/wordpress\/plugins\/seo\/ -->\n<title>Cannabis 3-in-1 massage candle | CBD 10mg | Order online now<\/title>\n<meta name=\"description\" content=\"Cannabis 3 in 1 massage candle CBD flowers buy CBD oil CBD oil in organic quality Order CBD online now from FREYA\" \/>\n<meta name=\"robots\" content=\"noindex, follow, max-snippet:-1, max-image-preview:large, max-video-preview:-1\" \/>\n<meta property=\"og:locale\" content=\"en_US\" \/>\n<meta property=\"og:type\" content=\"article\" \/>\n<meta property=\"og:title\" content=\"Cannabis 3-in-1 massage candle | CBD 10mg | Order online now\" \/>\n<meta property=\"og:description\" content=\"Cannabis 3 in 1 massage candle CBD flowers buy CBD oil CBD oil in organic quality Order CBD online now from FREYA\" \/>\n<meta property=\"og:url\" content=\"https:\/\/cbdtest.wimbo.at\/en\/cbd-produkt\/cannabis-3-in-1-massage-candle\/\" \/>\n<meta property=\"og:site_name\" content=\"CBD Bl\u00fcten | CBD \u00d6l online bestellen | FREYA CBDCURE\" \/>\n<meta property=\"article:publisher\" content=\"https:\/\/www.facebook.com\/freyacbdcure\/\" \/>\n<meta property=\"article:modified_time\" content=\"2021-08-19T09:50:47+00:00\" \/>\n<meta property=\"og:image\" content=\"https:\/\/cbdtest.wimbo.at\/wp-content\/uploads\/2020\/12\/Candle_2-2.jpg\" \/>\n\t<meta property=\"og:image:width\" content=\"852\" \/>\n\t<meta property=\"og:image:height\" content=\"852\" \/>\n<meta name=\"twitter:card\" content=\"summary_large_image\" \/>\n<meta name=\"twitter:site\" content=\"@freya_cbd_cure\" \/>\n<meta name=\"twitter:label1\" content=\"Est. reading time\" \/>\n\t<meta name=\"twitter:data1\" content=\"2 minutes\" \/>\n<script type=\"application\/ld+json\" class=\"yoast-schema-graph\">{\"@context\":\"https:\/\/schema.org\",\"@graph\":[{\"@type\":\"Organization\",\"@id\":\"https:\/\/cbdtest.wimbo.at\/#organization\",\"name\":\"CBD Bl\\u00fcten, \\u00d6l online kaufen | Freya cbdcure\",\"url\":\"https:\/\/cbdtest.wimbo.at\/\",\"sameAs\":[\"https:\/\/www.facebook.com\/freyacbdcure\/\",\"https:\/\/www.instagram.com\/freya_cbd_cure\/\",\"https:\/\/www.linkedin.com\/company\/freya-cbdcure\/\",\"https:\/\/www.pinterest.at\/freyacbdcure\/\",\"https:\/\/twitter.com\/freya_cbd_cure\"],\"logo\":{\"@type\":\"ImageObject\",\"@id\":\"https:\/\/cbdtest.wimbo.at\/#logo\",\"inLanguage\":\"en-US\",\"url\":\"http:\/\/cbdtest.wimbo.at\/wp-content\/uploads\/2020\/09\/freya_logo.png\",\"contentUrl\":\"http:\/\/cbdtest.wimbo.at\/wp-content\/uploads\/2020\/09\/freya_logo.png\",\"width\":800,\"height\":1073,\"caption\":\"CBD Bl\\u00fcten, \\u00d6l online kaufen | Freya cbdcure\"},\"image\":{\"@id\":\"https:\/\/cbdtest.wimbo.at\/#logo\"}},{\"@type\":\"WebSite\",\"@id\":\"https:\/\/cbdtest.wimbo.at\/#website\",\"url\":\"https:\/\/cbdtest.wimbo.at\/\",\"name\":\"CBD Bl\\u00fcten | CBD \\u00d6l online bestellen | FREYA CBDCURE\",\"description\":\"CBD \\u00d6l Produkte \/ CBD Bl\\u00fcten Bio Hanf einfach und bequem Online Kaufen\",\"publisher\":{\"@id\":\"https:\/\/cbdtest.wimbo.at\/#organization\"},\"potentialAction\":[{\"@type\":\"SearchAction\",\"target\":{\"@type\":\"EntryPoint\",\"urlTemplate\":\"https:\/\/cbdtest.wimbo.at\/?s={search_term_string}\"},\"query-input\":\"required name=search_term_string\"}],\"inLanguage\":\"en-US\"},{\"@type\":\"ImageObject\",\"@id\":\"https:\/\/cbdtest.wimbo.at\/en\/cbd-produkt\/cannabis-3-in-1-massage-candle\/#primaryimage\",\"inLanguage\":\"en-US\",\"url\":\"https:\/\/cbdtest.wimbo.at\/wp-content\/uploads\/2020\/12\/Candle_2-2.jpg\",\"contentUrl\":\"https:\/\/cbdtest.wimbo.at\/wp-content\/uploads\/2020\/12\/Candle_2-2.jpg\",\"width\":852,\"height\":852,\"caption\":\"Cannabis 3-in-1 massage candle\"},{\"@type\":\"WebPage\",\"@id\":\"https:\/\/cbdtest.wimbo.at\/en\/cbd-produkt\/cannabis-3-in-1-massage-candle\/#webpage\",\"url\":\"https:\/\/cbdtest.wimbo.at\/en\/cbd-produkt\/cannabis-3-in-1-massage-candle\/\",\"name\":\"Cannabis 3-in-1 massage candle | CBD 10mg | Order online now\",\"isPartOf\":{\"@id\":\"https:\/\/cbdtest.wimbo.at\/#website\"},\"primaryImageOfPage\":{\"@id\":\"https:\/\/cbdtest.wimbo.at\/en\/cbd-produkt\/cannabis-3-in-1-massage-candle\/#primaryimage\"},\"datePublished\":\"2020-12-04T16:29:50+00:00\",\"dateModified\":\"2021-08-19T09:50:47+00:00\",\"description\":\"Cannabis 3 in 1 massage candle CBD flowers buy CBD oil CBD oil in organic quality Order CBD online now from FREYA\",\"breadcrumb\":{\"@id\":\"https:\/\/cbdtest.wimbo.at\/en\/cbd-produkt\/cannabis-3-in-1-massage-candle\/#breadcrumb\"},\"inLanguage\":\"en-US\",\"potentialAction\":[{\"@type\":\"ReadAction\",\"target\":[\"https:\/\/cbdtest.wimbo.at\/en\/cbd-produkt\/cannabis-3-in-1-massage-candle\/\"]}]},{\"@type\":\"BreadcrumbList\",\"@id\":\"https:\/\/cbdtest.wimbo.at\/en\/cbd-produkt\/cannabis-3-in-1-massage-candle\/#breadcrumb\",\"itemListElement\":[{\"@type\":\"ListItem\",\"position\":1,\"name\":\"Startseite\",\"item\":\"https:\/\/cbdtest.wimbo.at\/en\/\"},{\"@type\":\"ListItem\",\"position\":2,\"name\":\"Shop\",\"item\":\"https:\/\/cbdtest.wimbo.at\/en\/shop\/\"},{\"@type\":\"ListItem\",\"position\":3,\"name\":\"Cannabis 3-in-1-Massage-Candle\"}]}]}<\/script>\n<!-- \/ Yoast SEO plugin. -->","yoast_head_json":{"title":"Cannabis 3-in-1 massage candle | CBD 10mg | Order online now","description":"Cannabis 3 in 1 massage candle CBD flowers buy CBD oil CBD oil in organic quality Order CBD online now from FREYA","robots":{"index":"noindex","follow":"follow","max-snippet":"max-snippet:-1","max-image-preview":"max-image-preview:large","max-video-preview":"max-video-preview:-1"},"og_locale":"en_US","og_type":"article","og_title":"Cannabis 3-in-1 massage candle | CBD 10mg | Order online now","og_description":"Cannabis 3 in 1 massage candle CBD flowers buy CBD oil CBD oil in organic quality Order CBD online now from FREYA","og_url":"https:\/\/cbdtest.wimbo.at\/en\/cbd-produkt\/cannabis-3-in-1-massage-candle\/","og_site_name":"CBD Bl\u00fcten | CBD \u00d6l online bestellen | FREYA CBDCURE","article_publisher":"https:\/\/www.facebook.com\/freyacbdcure\/","article_modified_time":"2021-08-19T09:50:47+00:00","og_image":[{"width":852,"height":852,"url":"https:\/\/cbdtest.wimbo.at\/wp-content\/uploads\/2020\/12\/Candle_2-2.jpg","type":"image\/jpeg"}],"twitter_card":"summary_large_image","twitter_site":"@freya_cbd_cure","twitter_misc":{"Est. reading time":"2 minutes"},"schema":{"@context":"https:\/\/schema.org","@graph":[{"@type":"Organization","@id":"https:\/\/cbdtest.wimbo.at\/#organization","name":"CBD Bl\u00fcten, \u00d6l online kaufen | Freya cbdcure","url":"https:\/\/cbdtest.wimbo.at\/","sameAs":["https:\/\/www.facebook.com\/freyacbdcure\/","https:\/\/www.instagram.com\/freya_cbd_cure\/","https:\/\/www.linkedin.com\/company\/freya-cbdcure\/","https:\/\/www.pinterest.at\/freyacbdcure\/","https:\/\/twitter.com\/freya_cbd_cure"],"logo":{"@type":"ImageObject","@id":"https:\/\/cbdtest.wimbo.at\/#logo","inLanguage":"en-US","url":"http:\/\/cbdtest.wimbo.at\/wp-content\/uploads\/2020\/09\/freya_logo.png","contentUrl":"http:\/\/cbdtest.wimbo.at\/wp-content\/uploads\/2020\/09\/freya_logo.png","width":800,"height":1073,"caption":"CBD Bl\u00fcten, \u00d6l online kaufen | Freya cbdcure"},"image":{"@id":"https:\/\/cbdtest.wimbo.at\/#logo"}},{"@type":"WebSite","@id":"https:\/\/cbdtest.wimbo.at\/#website","url":"https:\/\/cbdtest.wimbo.at\/","name":"CBD Bl\u00fcten | CBD \u00d6l online bestellen | FREYA CBDCURE","description":"CBD \u00d6l Produkte \/ CBD Bl\u00fcten Bio Hanf einfach und bequem Online Kaufen","publisher":{"@id":"https:\/\/cbdtest.wimbo.at\/#organization"},"potentialAction":[{"@type":"SearchAction","target":{"@type":"EntryPoint","urlTemplate":"https:\/\/cbdtest.wimbo.at\/?s={search_term_string}"},"query-input":"required name=search_term_string"}],"inLanguage":"en-US"},{"@type":"ImageObject","@id":"https:\/\/cbdtest.wimbo.at\/en\/cbd-produkt\/cannabis-3-in-1-massage-candle\/#primaryimage","inLanguage":"en-US","url":"https:\/\/cbdtest.wimbo.at\/wp-content\/uploads\/2020\/12\/Candle_2-2.jpg","contentUrl":"https:\/\/cbdtest.wimbo.at\/wp-content\/uploads\/2020\/12\/Candle_2-2.jpg","width":852,"height":852,"caption":"Cannabis 3-in-1 massage candle"},{"@type":"WebPage","@id":"https:\/\/cbdtest.wimbo.at\/en\/cbd-produkt\/cannabis-3-in-1-massage-candle\/#webpage","url":"https:\/\/cbdtest.wimbo.at\/en\/cbd-produkt\/cannabis-3-in-1-massage-candle\/","name":"Cannabis 3-in-1 massage candle | CBD 10mg | Order online now","isPartOf":{"@id":"https:\/\/cbdtest.wimbo.at\/#website"},"primaryImageOfPage":{"@id":"https:\/\/cbdtest.wimbo.at\/en\/cbd-produkt\/cannabis-3-in-1-massage-candle\/#primaryimage"},"datePublished":"2020-12-04T16:29:50+00:00","dateModified":"2021-08-19T09:50:47+00:00","description":"Cannabis 3 in 1 massage candle CBD flowers buy CBD oil CBD oil in organic quality Order CBD online now from FREYA","breadcrumb":{"@id":"https:\/\/cbdtest.wimbo.at\/en\/cbd-produkt\/cannabis-3-in-1-massage-candle\/#breadcrumb"},"inLanguage":"en-US","potentialAction":[{"@type":"ReadAction","target":["https:\/\/cbdtest.wimbo.at\/en\/cbd-produkt\/cannabis-3-in-1-massage-candle\/"]}]},{"@type":"BreadcrumbList","@id":"https:\/\/cbdtest.wimbo.at\/en\/cbd-produkt\/cannabis-3-in-1-massage-candle\/#breadcrumb","itemListElement":[{"@type":"ListItem","position":1,"name":"Startseite","item":"https:\/\/cbdtest.wimbo.at\/en\/"},{"@type":"ListItem","position":2,"name":"Shop","item":"https:\/\/cbdtest.wimbo.at\/en\/shop\/"},{"@type":"ListItem","position":3,"name":"Cannabis 3-in-1-Massage-Candle"}]}]}},"_links":{"self":[{"href":"https:\/\/cbdtest.wimbo.at\/en\/wp-json\/wp\/v2\/product\/6754"}],"collection":[{"href":"https:\/\/cbdtest.wimbo.at\/en\/wp-json\/wp\/v2\/product"}],"about":[{"href":"https:\/\/cbdtest.wimbo.at\/en\/wp-json\/wp\/v2\/types\/product"}],"replies":[{"embeddable":true,"href":"https:\/\/cbdtest.wimbo.at\/en\/wp-json\/wp\/v2\/comments?post=6754"}],"version-history":[{"count":0,"href":"https:\/\/cbdtest.wimbo.at\/en\/wp-json\/wp\/v2\/product\/6754\/revisions"}],"wp:featuredmedia":[{"embeddable":true,"href":"https:\/\/cbdtest.wimbo.at\/en\/wp-json\/wp\/v2\/media\/6978"}],"wp:attachment":[{"href":"https:\/\/cbdtest.wimbo.at\/en\/wp-json\/wp\/v2\/media?parent=6754"}],"wp:term":[{"taxonomy":"product_cat","embeddable":true,"href":"https:\/\/cbdtest.wimbo.at\/en\/wp-json\/wp\/v2\/product_cat?post=6754"},{"taxonomy":"product_tag","embeddable":true,"href":"https:\/\/cbdtest.wimbo.at\/en\/wp-json\/wp\/v2\/product_tag?post=6754"}],"curies":[{"name":"wp","href":"https:\/\/api.w.org\/{rel}","templated":true}]}}