{"id":6032,"date":"2020-06-03T10:05:23","date_gmt":"2020-06-03T08:05:23","guid":{"rendered":"http:\/\/cbdtest.wimbo.at\/produkt\/5-premium-cbd-oel-vollspektrum-10ml\/"},"modified":"2021-08-19T11:50:48","modified_gmt":"2021-08-19T09:50:48","slug":"5-premium-cbd-oil-fullspectrum-10ml","status":"publish","type":"product","link":"https:\/\/cbdtest.wimbo.at\/en\/cbd-produkt\/5-premium-cbd-oil-fullspectrum-10ml\/","title":{"rendered":"5% Premium CBD oil &#8211; full spectrum 10ml"},"content":{"rendered":"<h2><strong>Full spectrum CBD oil 5%<\/strong><\/h2>\n<p>A cannabis product made in Switzerland and from sustainable organic farming. Saturated, full-spectrum, dark CBD oil is rich in natural, controlled ingredients and has a slightly nutty odor.<\/p>\n<p><strong>5% CBD full spectrum oil<\/strong> is particularly rich in cannabinoids, cannabinoid acids, vitamins and essential fatty acids. The terpene that gives hemp its natural taste and aroma gives it a harmonious aroma. The oil does not contain any crystalline CBD extract or harmful substances, THC content &lt;0.2%.<\/p>\n<p><strong>controlled, local, organic, vegan, non-animal, sustainable<\/strong><\/p>\n<p><a href=\"http:\/\/cbdtest.wimbo.at\/en\/definitive-guide-to-full-spectrum-hemp-oil\/\">Full spectrum<\/a> CBD products from freya &#8211; CBDCURE are manufactured in one of the best production facilities for CBD in Europe. That is why our CBD is of the highest quality. Our facility has all ISO certificates for sustainability, purity, environmental awareness, work environment and energy efficiency.<\/p>\n<p>Is rich in active cannabinoids, a group of compounds that play a vital role in maintaining body homeostasis. Thanks to the ultrafiltration process, a large amount of nutritional value can be packed into a single drop of freya CBDCURE CBD oil<br \/>\nOur organic hemp is specially grown for our products and refined in the Alps without any additives.<\/p>\n<ul>\n<li><strong>Terpenes<\/strong> &#8211; The substance found in CBD oil that gives cannabis its unique aroma. They are also commonly found in herbs, fruits, and plants.<\/li>\n<li><strong>Flavonoids<\/strong> &#8211; polyphenolic compounds with high antioxidant properties.<\/li>\n<li><strong>Phytonutrients<\/strong> &#8211; Phytonutrients are the chemicals that hemp produces to keep it healthy.<\/li>\n<\/ul>\n<p>Our highly regarded hemp oil does not contain any artificial additives, only 100% natural, active cannabinoids. This high quality CBD oil is obtained from legally grown hemp plants and does not contain any harmful additives or pesticides.<\/p>\n<p><em>Due to legal regulations, we point out that according to AGES (Austrian Agency for Food Safety) consumption is not recommended and further use is prohibited. We are also not authorized to provide information on dosage or effect.<\/em><\/p>\n","protected":false},"excerpt":{"rendered":"<ul>\n<li>\n<p>Volume: 10 ml (1 bottle with 10 ml)<br \/>Number of drops: approx. 250<br \/>Percentage of cannabinoids: 5%<br \/>Total amount of cannabinoids: 500 mg<br \/>THC content: THC 0.2%<br \/>Extraction method: supercritical CO2 extraction<br \/>Ingredients: hemp seed oil, hemp extract (Cannabis sativa L)<\/p>\n<p>freya CBDCURE CBD oil drops start with a robust, unflavored CBD base for more well-being and vitality. CBD drops are the best application method to feel the effects of CBD the fastest.<\/p>\n<\/li>\n<\/ul>\n<p> &hellip; <a href=\"https:\/\/cbdtest.wimbo.at\/en\/cbd-produkt\/5-premium-cbd-oil-fullspectrum-10ml\/\">Read More<\/a><\/p>\n","protected":false},"featured_media":5126,"comment_status":"open","ping_status":"closed","template":"","meta":[],"product_cat":[118],"product_tag":[],"yoast_head":"<!-- This site is optimized with the Yoast SEO plugin v17.7.1 - https:\/\/yoast.com\/wordpress\/plugins\/seo\/ -->\n<title>Buy CBD Oil | CBD flowers | Order CBD oil online now | FREYA CBD<\/title>\n<meta name=\"description\" content=\"5 Premium CBD Oil Full Spectrum 10ml CBD Blossoms CBD Oil in organic quality Order CBD online now from freya CBDCURE\" \/>\n<meta name=\"robots\" content=\"noindex, follow, max-snippet:-1, max-image-preview:large, max-video-preview:-1\" \/>\n<meta property=\"og:locale\" content=\"en_US\" \/>\n<meta property=\"og:type\" content=\"article\" \/>\n<meta property=\"og:title\" content=\"Buy CBD Oil | CBD flowers | Order CBD oil online now | FREYA CBD\" \/>\n<meta property=\"og:description\" content=\"5 Premium CBD Oil Full Spectrum 10ml CBD Blossoms CBD Oil in organic quality Order CBD online now from freya CBDCURE\" \/>\n<meta property=\"og:url\" content=\"https:\/\/cbdtest.wimbo.at\/en\/cbd-produkt\/5-premium-cbd-oil-fullspectrum-10ml\/\" \/>\n<meta property=\"og:site_name\" content=\"CBD Bl\u00fcten | CBD \u00d6l online bestellen | FREYA CBDCURE\" \/>\n<meta property=\"article:publisher\" content=\"https:\/\/www.facebook.com\/freyacbdcure\/\" \/>\n<meta property=\"article:modified_time\" content=\"2021-08-19T09:50:48+00:00\" \/>\n<meta property=\"og:image\" content=\"https:\/\/cbdtest.wimbo.at\/wp-content\/uploads\/2020\/06\/freya_cbd-oel-5.jpg\" \/>\n\t<meta property=\"og:image:width\" content=\"2048\" \/>\n\t<meta property=\"og:image:height\" content=\"2048\" \/>\n<meta name=\"twitter:card\" content=\"summary_large_image\" \/>\n<meta name=\"twitter:site\" content=\"@freya_cbd_cure\" \/>\n<meta name=\"twitter:label1\" content=\"Est. reading time\" \/>\n\t<meta name=\"twitter:data1\" content=\"2 minutes\" \/>\n<script type=\"application\/ld+json\" class=\"yoast-schema-graph\">{\"@context\":\"https:\/\/schema.org\",\"@graph\":[{\"@type\":\"Organization\",\"@id\":\"https:\/\/cbdtest.wimbo.at\/#organization\",\"name\":\"CBD Bl\\u00fcten, \\u00d6l online kaufen | Freya cbdcure\",\"url\":\"https:\/\/cbdtest.wimbo.at\/\",\"sameAs\":[\"https:\/\/www.facebook.com\/freyacbdcure\/\",\"https:\/\/www.instagram.com\/freya_cbd_cure\/\",\"https:\/\/www.linkedin.com\/company\/freya-cbdcure\/\",\"https:\/\/www.pinterest.at\/freyacbdcure\/\",\"https:\/\/twitter.com\/freya_cbd_cure\"],\"logo\":{\"@type\":\"ImageObject\",\"@id\":\"https:\/\/cbdtest.wimbo.at\/#logo\",\"inLanguage\":\"en-US\",\"url\":\"http:\/\/cbdtest.wimbo.at\/wp-content\/uploads\/2020\/09\/freya_logo.png\",\"contentUrl\":\"http:\/\/cbdtest.wimbo.at\/wp-content\/uploads\/2020\/09\/freya_logo.png\",\"width\":800,\"height\":1073,\"caption\":\"CBD Bl\\u00fcten, \\u00d6l online kaufen | Freya cbdcure\"},\"image\":{\"@id\":\"https:\/\/cbdtest.wimbo.at\/#logo\"}},{\"@type\":\"WebSite\",\"@id\":\"https:\/\/cbdtest.wimbo.at\/#website\",\"url\":\"https:\/\/cbdtest.wimbo.at\/\",\"name\":\"CBD Bl\\u00fcten | CBD \\u00d6l online bestellen | FREYA CBDCURE\",\"description\":\"CBD \\u00d6l Produkte \/ CBD Bl\\u00fcten Bio Hanf einfach und bequem Online Kaufen\",\"publisher\":{\"@id\":\"https:\/\/cbdtest.wimbo.at\/#organization\"},\"potentialAction\":[{\"@type\":\"SearchAction\",\"target\":{\"@type\":\"EntryPoint\",\"urlTemplate\":\"https:\/\/cbdtest.wimbo.at\/?s={search_term_string}\"},\"query-input\":\"required name=search_term_string\"}],\"inLanguage\":\"en-US\"},{\"@type\":\"ImageObject\",\"@id\":\"https:\/\/cbdtest.wimbo.at\/en\/cbd-produkt\/5-premium-cbd-oil-fullspectrum-10ml\/#primaryimage\",\"inLanguage\":\"en-US\",\"url\":\"https:\/\/cbdtest.wimbo.at\/wp-content\/uploads\/2020\/06\/freya_cbd-oel-5.jpg\",\"contentUrl\":\"https:\/\/cbdtest.wimbo.at\/wp-content\/uploads\/2020\/06\/freya_cbd-oel-5.jpg\",\"width\":2048,\"height\":2048,\"caption\":\"5% Premium CBD Oil - full spectrum\"},{\"@type\":\"WebPage\",\"@id\":\"https:\/\/cbdtest.wimbo.at\/en\/cbd-produkt\/5-premium-cbd-oil-fullspectrum-10ml\/#webpage\",\"url\":\"https:\/\/cbdtest.wimbo.at\/en\/cbd-produkt\/5-premium-cbd-oil-fullspectrum-10ml\/\",\"name\":\"Buy CBD Oil | CBD flowers | Order CBD oil online now | FREYA CBD\",\"isPartOf\":{\"@id\":\"https:\/\/cbdtest.wimbo.at\/#website\"},\"primaryImageOfPage\":{\"@id\":\"https:\/\/cbdtest.wimbo.at\/en\/cbd-produkt\/5-premium-cbd-oil-fullspectrum-10ml\/#primaryimage\"},\"datePublished\":\"2020-06-03T08:05:23+00:00\",\"dateModified\":\"2021-08-19T09:50:48+00:00\",\"description\":\"5 Premium CBD Oil Full Spectrum 10ml CBD Blossoms CBD Oil in organic quality Order CBD online now from freya CBDCURE\",\"breadcrumb\":{\"@id\":\"https:\/\/cbdtest.wimbo.at\/en\/cbd-produkt\/5-premium-cbd-oil-fullspectrum-10ml\/#breadcrumb\"},\"inLanguage\":\"en-US\",\"potentialAction\":[{\"@type\":\"ReadAction\",\"target\":[\"https:\/\/cbdtest.wimbo.at\/en\/cbd-produkt\/5-premium-cbd-oil-fullspectrum-10ml\/\"]}]},{\"@type\":\"BreadcrumbList\",\"@id\":\"https:\/\/cbdtest.wimbo.at\/en\/cbd-produkt\/5-premium-cbd-oil-fullspectrum-10ml\/#breadcrumb\",\"itemListElement\":[{\"@type\":\"ListItem\",\"position\":1,\"name\":\"Startseite\",\"item\":\"https:\/\/cbdtest.wimbo.at\/en\/\"},{\"@type\":\"ListItem\",\"position\":2,\"name\":\"Shop\",\"item\":\"https:\/\/cbdtest.wimbo.at\/en\/shop\/\"},{\"@type\":\"ListItem\",\"position\":3,\"name\":\"5% Premium CBD oil &#8211; full spectrum 10ml\"}]}]}<\/script>\n<!-- \/ Yoast SEO plugin. -->","yoast_head_json":{"title":"Buy CBD Oil | CBD flowers | Order CBD oil online now | FREYA CBD","description":"5 Premium CBD Oil Full Spectrum 10ml CBD Blossoms CBD Oil in organic quality Order CBD online now from freya CBDCURE","robots":{"index":"noindex","follow":"follow","max-snippet":"max-snippet:-1","max-image-preview":"max-image-preview:large","max-video-preview":"max-video-preview:-1"},"og_locale":"en_US","og_type":"article","og_title":"Buy CBD Oil | CBD flowers | Order CBD oil online now | FREYA CBD","og_description":"5 Premium CBD Oil Full Spectrum 10ml CBD Blossoms CBD Oil in organic quality Order CBD online now from freya CBDCURE","og_url":"https:\/\/cbdtest.wimbo.at\/en\/cbd-produkt\/5-premium-cbd-oil-fullspectrum-10ml\/","og_site_name":"CBD Bl\u00fcten | CBD \u00d6l online bestellen | FREYA CBDCURE","article_publisher":"https:\/\/www.facebook.com\/freyacbdcure\/","article_modified_time":"2021-08-19T09:50:48+00:00","og_image":[{"width":2048,"height":2048,"url":"https:\/\/cbdtest.wimbo.at\/wp-content\/uploads\/2020\/06\/freya_cbd-oel-5.jpg","type":"image\/jpeg"}],"twitter_card":"summary_large_image","twitter_site":"@freya_cbd_cure","twitter_misc":{"Est. reading time":"2 minutes"},"schema":{"@context":"https:\/\/schema.org","@graph":[{"@type":"Organization","@id":"https:\/\/cbdtest.wimbo.at\/#organization","name":"CBD Bl\u00fcten, \u00d6l online kaufen | Freya cbdcure","url":"https:\/\/cbdtest.wimbo.at\/","sameAs":["https:\/\/www.facebook.com\/freyacbdcure\/","https:\/\/www.instagram.com\/freya_cbd_cure\/","https:\/\/www.linkedin.com\/company\/freya-cbdcure\/","https:\/\/www.pinterest.at\/freyacbdcure\/","https:\/\/twitter.com\/freya_cbd_cure"],"logo":{"@type":"ImageObject","@id":"https:\/\/cbdtest.wimbo.at\/#logo","inLanguage":"en-US","url":"http:\/\/cbdtest.wimbo.at\/wp-content\/uploads\/2020\/09\/freya_logo.png","contentUrl":"http:\/\/cbdtest.wimbo.at\/wp-content\/uploads\/2020\/09\/freya_logo.png","width":800,"height":1073,"caption":"CBD Bl\u00fcten, \u00d6l online kaufen | Freya cbdcure"},"image":{"@id":"https:\/\/cbdtest.wimbo.at\/#logo"}},{"@type":"WebSite","@id":"https:\/\/cbdtest.wimbo.at\/#website","url":"https:\/\/cbdtest.wimbo.at\/","name":"CBD Bl\u00fcten | CBD \u00d6l online bestellen | FREYA CBDCURE","description":"CBD \u00d6l Produkte \/ CBD Bl\u00fcten Bio Hanf einfach und bequem Online Kaufen","publisher":{"@id":"https:\/\/cbdtest.wimbo.at\/#organization"},"potentialAction":[{"@type":"SearchAction","target":{"@type":"EntryPoint","urlTemplate":"https:\/\/cbdtest.wimbo.at\/?s={search_term_string}"},"query-input":"required name=search_term_string"}],"inLanguage":"en-US"},{"@type":"ImageObject","@id":"https:\/\/cbdtest.wimbo.at\/en\/cbd-produkt\/5-premium-cbd-oil-fullspectrum-10ml\/#primaryimage","inLanguage":"en-US","url":"https:\/\/cbdtest.wimbo.at\/wp-content\/uploads\/2020\/06\/freya_cbd-oel-5.jpg","contentUrl":"https:\/\/cbdtest.wimbo.at\/wp-content\/uploads\/2020\/06\/freya_cbd-oel-5.jpg","width":2048,"height":2048,"caption":"5% Premium CBD Oil - full spectrum"},{"@type":"WebPage","@id":"https:\/\/cbdtest.wimbo.at\/en\/cbd-produkt\/5-premium-cbd-oil-fullspectrum-10ml\/#webpage","url":"https:\/\/cbdtest.wimbo.at\/en\/cbd-produkt\/5-premium-cbd-oil-fullspectrum-10ml\/","name":"Buy CBD Oil | CBD flowers | Order CBD oil online now | FREYA CBD","isPartOf":{"@id":"https:\/\/cbdtest.wimbo.at\/#website"},"primaryImageOfPage":{"@id":"https:\/\/cbdtest.wimbo.at\/en\/cbd-produkt\/5-premium-cbd-oil-fullspectrum-10ml\/#primaryimage"},"datePublished":"2020-06-03T08:05:23+00:00","dateModified":"2021-08-19T09:50:48+00:00","description":"5 Premium CBD Oil Full Spectrum 10ml CBD Blossoms CBD Oil in organic quality Order CBD online now from freya CBDCURE","breadcrumb":{"@id":"https:\/\/cbdtest.wimbo.at\/en\/cbd-produkt\/5-premium-cbd-oil-fullspectrum-10ml\/#breadcrumb"},"inLanguage":"en-US","potentialAction":[{"@type":"ReadAction","target":["https:\/\/cbdtest.wimbo.at\/en\/cbd-produkt\/5-premium-cbd-oil-fullspectrum-10ml\/"]}]},{"@type":"BreadcrumbList","@id":"https:\/\/cbdtest.wimbo.at\/en\/cbd-produkt\/5-premium-cbd-oil-fullspectrum-10ml\/#breadcrumb","itemListElement":[{"@type":"ListItem","position":1,"name":"Startseite","item":"https:\/\/cbdtest.wimbo.at\/en\/"},{"@type":"ListItem","position":2,"name":"Shop","item":"https:\/\/cbdtest.wimbo.at\/en\/shop\/"},{"@type":"ListItem","position":3,"name":"5% Premium CBD oil &#8211; full spectrum 10ml"}]}]}},"_links":{"self":[{"href":"https:\/\/cbdtest.wimbo.at\/en\/wp-json\/wp\/v2\/product\/6032"}],"collection":[{"href":"https:\/\/cbdtest.wimbo.at\/en\/wp-json\/wp\/v2\/product"}],"about":[{"href":"https:\/\/cbdtest.wimbo.at\/en\/wp-json\/wp\/v2\/types\/product"}],"replies":[{"embeddable":true,"href":"https:\/\/cbdtest.wimbo.at\/en\/wp-json\/wp\/v2\/comments?post=6032"}],"version-history":[{"count":0,"href":"https:\/\/cbdtest.wimbo.at\/en\/wp-json\/wp\/v2\/product\/6032\/revisions"}],"wp:featuredmedia":[{"embeddable":true,"href":"https:\/\/cbdtest.wimbo.at\/en\/wp-json\/wp\/v2\/media\/5126"}],"wp:attachment":[{"href":"https:\/\/cbdtest.wimbo.at\/en\/wp-json\/wp\/v2\/media?parent=6032"}],"wp:term":[{"taxonomy":"product_cat","embeddable":true,"href":"https:\/\/cbdtest.wimbo.at\/en\/wp-json\/wp\/v2\/product_cat?post=6032"},{"taxonomy":"product_tag","embeddable":true,"href":"https:\/\/cbdtest.wimbo.at\/en\/wp-json\/wp\/v2\/product_tag?post=6032"}],"curies":[{"name":"wp","href":"https:\/\/api.w.org\/{rel}","templated":true}]}}