{"id":6011,"date":"2020-06-03T10:16:48","date_gmt":"2020-06-03T08:16:48","guid":{"rendered":"http:\/\/cbdtest.wimbo.at\/produkt\/organic-hemp-cbd-flowers-vanilla-kush\/"},"modified":"2021-08-19T11:50:57","modified_gmt":"2021-08-19T09:50:57","slug":"organic-hemp-cbd-flowers-vanilla-kush","status":"publish","type":"product","link":"https:\/\/cbdtest.wimbo.at\/en\/cbd-produkt\/organic-hemp-cbd-flowers-vanilla-kush\/","title":{"rendered":"Organic hemp CBD flowers &#8211; VANILLA KUSH"},"content":{"rendered":"<h2>Vanilla Kush CBD flowers<\/h2>\n<p>Our organic hemp flowers from <strong>Vanilla Kush<\/strong> are grown indoors and are rich in the active ingredient cannabidiol (CBD).<\/p>\n<p><strong>Vanilla Kush<\/strong> has a complex vanilla profile that is often referred to as almost tropical. This makes Vanilla Kush a safe bet, even for the picky. When you open the jar, you are struck with a natural, sweet essence.<\/p>\n<p><strong>Vanilla Kush Profile &#8211;<\/strong> Our premium CBD buds contain only natural terpenes, to which nothing is added in the manufacturing process or afterwards. It has long been curated to include the natural terpenes that sprout during the cultivation phase.<\/p>\n<ul>\n<li>Density: Medium<\/li>\n<li>Primary Terpenes: Beta Myrcene, Alpha Humulene, Alpha Pinene :, Beta Caryophyllene: (2.68% total terpenes)<\/li>\n<li>Main flavors: cinnamon, vanilla, chamomile, cookie<\/li>\n<li>Smell profile: Have a rich scent, which is accentuated by a bit of citric brightness: The overall impression is of a vanilla crescent. Burning or breaking open the flowers provides more of a baking-like smell.<\/li>\n<li>Flavor Profile: Similar to the original cannabis strain, hashy and spicy like a classic indica.<\/li>\n<\/ul>\n<p><strong>Cultivation:<\/strong> is cultivated according to strict cultivation and production guidelines and gently processed into high-quality CBD cannabis flowers. These hand-picked flowers are grown organically in Switzerland and without the use of chemical fertilizers or pesticides in order to guarantee the best quality and to preserve the organoleptic properties of the flowers.<\/p>\n<p><strong>Harvest:<\/strong> are seed-free, hand-picked CBD cannabis flowers with no leaves or stems. The taste impresses with a fresh and fruity note.<\/p>\n<p><strong>Packaging:<\/strong> We fill the glass so that our freya-CBDCURE CBD flowers are permanently protected from drying out and the quality is retained for a long time. Next to paper, glass is the easiest raw material to recycle.<\/p>\n<p>Our hemp flowers are tested in the laboratory, certificates are available. The CBD content is around 6% and the THC content is less than 0.2%.<\/p>\n<p><em>Disclaimer: These products are not intended for use as food. They are not sold for smoking.<\/em><\/p>\n","protected":false},"excerpt":{"rendered":"<p><span style=\"font-weight: 400;\">Read cup winners by hand<\/span><\/p>\n<p>indoor &lt; 6 % CBD<\/p>\n<p>&nbsp;<\/p>\n<p> &hellip; <a href=\"https:\/\/cbdtest.wimbo.at\/en\/cbd-produkt\/organic-hemp-cbd-flowers-vanilla-kush\/\">Read More<\/a><\/p>\n","protected":false},"featured_media":4855,"comment_status":"open","ping_status":"closed","template":"","meta":[],"product_cat":[109],"product_tag":[],"yoast_head":"<!-- This site is optimized with the Yoast SEO plugin v17.7.1 - https:\/\/yoast.com\/wordpress\/plugins\/seo\/ -->\n<title>VANILLA KUSH | CBD flowers | Order CBD oil online now | FREYA CBD<\/title>\n<meta name=\"description\" content=\"Buy organic hemp CBD blossoms VANILLA KUSH CBD blossoms CBD oil CBD oil in organic quality Order CBD online now from freya CBDCURE\" \/>\n<meta name=\"robots\" content=\"noindex, follow, max-snippet:-1, max-image-preview:large, max-video-preview:-1\" \/>\n<meta property=\"og:locale\" content=\"en_US\" \/>\n<meta property=\"og:type\" content=\"article\" \/>\n<meta property=\"og:title\" content=\"VANILLA KUSH | CBD flowers | Order CBD oil online now | FREYA CBD\" \/>\n<meta property=\"og:description\" content=\"Buy organic hemp CBD blossoms VANILLA KUSH CBD blossoms CBD oil CBD oil in organic quality Order CBD online now from freya CBDCURE\" \/>\n<meta property=\"og:url\" content=\"https:\/\/cbdtest.wimbo.at\/en\/cbd-produkt\/organic-hemp-cbd-flowers-vanilla-kush\/\" \/>\n<meta property=\"og:site_name\" content=\"CBD Bl\u00fcten | CBD \u00d6l online bestellen | FREYA CBDCURE\" \/>\n<meta property=\"article:publisher\" content=\"https:\/\/www.facebook.com\/freyacbdcure\/\" \/>\n<meta property=\"article:modified_time\" content=\"2021-08-19T09:50:57+00:00\" \/>\n<meta property=\"og:image\" content=\"https:\/\/cbdtest.wimbo.at\/wp-content\/uploads\/2020\/06\/freya_cbd-vanilla-kush.-1.jpg\" \/>\n\t<meta property=\"og:image:width\" content=\"2048\" \/>\n\t<meta property=\"og:image:height\" content=\"2048\" \/>\n<meta name=\"twitter:card\" content=\"summary_large_image\" \/>\n<meta name=\"twitter:site\" content=\"@freya_cbd_cure\" \/>\n<meta name=\"twitter:label1\" content=\"Est. reading time\" \/>\n\t<meta name=\"twitter:data1\" content=\"2 minutes\" \/>\n<script type=\"application\/ld+json\" class=\"yoast-schema-graph\">{\"@context\":\"https:\/\/schema.org\",\"@graph\":[{\"@type\":\"Organization\",\"@id\":\"https:\/\/cbdtest.wimbo.at\/#organization\",\"name\":\"CBD Bl\\u00fcten, \\u00d6l online kaufen | Freya cbdcure\",\"url\":\"https:\/\/cbdtest.wimbo.at\/\",\"sameAs\":[\"https:\/\/www.facebook.com\/freyacbdcure\/\",\"https:\/\/www.instagram.com\/freya_cbd_cure\/\",\"https:\/\/www.linkedin.com\/company\/freya-cbdcure\/\",\"https:\/\/www.pinterest.at\/freyacbdcure\/\",\"https:\/\/twitter.com\/freya_cbd_cure\"],\"logo\":{\"@type\":\"ImageObject\",\"@id\":\"https:\/\/cbdtest.wimbo.at\/#logo\",\"inLanguage\":\"en-US\",\"url\":\"http:\/\/cbdtest.wimbo.at\/wp-content\/uploads\/2020\/09\/freya_logo.png\",\"contentUrl\":\"http:\/\/cbdtest.wimbo.at\/wp-content\/uploads\/2020\/09\/freya_logo.png\",\"width\":800,\"height\":1073,\"caption\":\"CBD Bl\\u00fcten, \\u00d6l online kaufen | Freya cbdcure\"},\"image\":{\"@id\":\"https:\/\/cbdtest.wimbo.at\/#logo\"}},{\"@type\":\"WebSite\",\"@id\":\"https:\/\/cbdtest.wimbo.at\/#website\",\"url\":\"https:\/\/cbdtest.wimbo.at\/\",\"name\":\"CBD Bl\\u00fcten | CBD \\u00d6l online bestellen | FREYA CBDCURE\",\"description\":\"CBD \\u00d6l Produkte \/ CBD Bl\\u00fcten Bio Hanf einfach und bequem Online Kaufen\",\"publisher\":{\"@id\":\"https:\/\/cbdtest.wimbo.at\/#organization\"},\"potentialAction\":[{\"@type\":\"SearchAction\",\"target\":{\"@type\":\"EntryPoint\",\"urlTemplate\":\"https:\/\/cbdtest.wimbo.at\/?s={search_term_string}\"},\"query-input\":\"required name=search_term_string\"}],\"inLanguage\":\"en-US\"},{\"@type\":\"ImageObject\",\"@id\":\"https:\/\/cbdtest.wimbo.at\/en\/cbd-produkt\/organic-hemp-cbd-flowers-vanilla-kush\/#primaryimage\",\"inLanguage\":\"en-US\",\"url\":\"https:\/\/cbdtest.wimbo.at\/wp-content\/uploads\/2020\/06\/freya_cbd-vanilla-kush.-1.jpg\",\"contentUrl\":\"https:\/\/cbdtest.wimbo.at\/wp-content\/uploads\/2020\/06\/freya_cbd-vanilla-kush.-1.jpg\",\"width\":2048,\"height\":2048,\"caption\":\"Bio Hanf CBD Bl\\u00fcten \\u2013 Vanilla KUSH\"},{\"@type\":\"WebPage\",\"@id\":\"https:\/\/cbdtest.wimbo.at\/en\/cbd-produkt\/organic-hemp-cbd-flowers-vanilla-kush\/#webpage\",\"url\":\"https:\/\/cbdtest.wimbo.at\/en\/cbd-produkt\/organic-hemp-cbd-flowers-vanilla-kush\/\",\"name\":\"VANILLA KUSH | CBD flowers | Order CBD oil online now | FREYA CBD\",\"isPartOf\":{\"@id\":\"https:\/\/cbdtest.wimbo.at\/#website\"},\"primaryImageOfPage\":{\"@id\":\"https:\/\/cbdtest.wimbo.at\/en\/cbd-produkt\/organic-hemp-cbd-flowers-vanilla-kush\/#primaryimage\"},\"datePublished\":\"2020-06-03T08:16:48+00:00\",\"dateModified\":\"2021-08-19T09:50:57+00:00\",\"description\":\"Buy organic hemp CBD blossoms VANILLA KUSH CBD blossoms CBD oil CBD oil in organic quality Order CBD online now from freya CBDCURE\",\"breadcrumb\":{\"@id\":\"https:\/\/cbdtest.wimbo.at\/en\/cbd-produkt\/organic-hemp-cbd-flowers-vanilla-kush\/#breadcrumb\"},\"inLanguage\":\"en-US\",\"potentialAction\":[{\"@type\":\"ReadAction\",\"target\":[\"https:\/\/cbdtest.wimbo.at\/en\/cbd-produkt\/organic-hemp-cbd-flowers-vanilla-kush\/\"]}]},{\"@type\":\"BreadcrumbList\",\"@id\":\"https:\/\/cbdtest.wimbo.at\/en\/cbd-produkt\/organic-hemp-cbd-flowers-vanilla-kush\/#breadcrumb\",\"itemListElement\":[{\"@type\":\"ListItem\",\"position\":1,\"name\":\"Startseite\",\"item\":\"https:\/\/cbdtest.wimbo.at\/en\/\"},{\"@type\":\"ListItem\",\"position\":2,\"name\":\"Shop\",\"item\":\"https:\/\/cbdtest.wimbo.at\/en\/shop\/\"},{\"@type\":\"ListItem\",\"position\":3,\"name\":\"Organic hemp CBD flowers &#8211; VANILLA KUSH\"}]}]}<\/script>\n<!-- \/ Yoast SEO plugin. -->","yoast_head_json":{"title":"VANILLA KUSH | CBD flowers | Order CBD oil online now | FREYA CBD","description":"Buy organic hemp CBD blossoms VANILLA KUSH CBD blossoms CBD oil CBD oil in organic quality Order CBD online now from freya CBDCURE","robots":{"index":"noindex","follow":"follow","max-snippet":"max-snippet:-1","max-image-preview":"max-image-preview:large","max-video-preview":"max-video-preview:-1"},"og_locale":"en_US","og_type":"article","og_title":"VANILLA KUSH | CBD flowers | Order CBD oil online now | FREYA CBD","og_description":"Buy organic hemp CBD blossoms VANILLA KUSH CBD blossoms CBD oil CBD oil in organic quality Order CBD online now from freya CBDCURE","og_url":"https:\/\/cbdtest.wimbo.at\/en\/cbd-produkt\/organic-hemp-cbd-flowers-vanilla-kush\/","og_site_name":"CBD Bl\u00fcten | CBD \u00d6l online bestellen | FREYA CBDCURE","article_publisher":"https:\/\/www.facebook.com\/freyacbdcure\/","article_modified_time":"2021-08-19T09:50:57+00:00","og_image":[{"width":2048,"height":2048,"url":"https:\/\/cbdtest.wimbo.at\/wp-content\/uploads\/2020\/06\/freya_cbd-vanilla-kush.-1.jpg","type":"image\/jpeg"}],"twitter_card":"summary_large_image","twitter_site":"@freya_cbd_cure","twitter_misc":{"Est. reading time":"2 minutes"},"schema":{"@context":"https:\/\/schema.org","@graph":[{"@type":"Organization","@id":"https:\/\/cbdtest.wimbo.at\/#organization","name":"CBD Bl\u00fcten, \u00d6l online kaufen | Freya cbdcure","url":"https:\/\/cbdtest.wimbo.at\/","sameAs":["https:\/\/www.facebook.com\/freyacbdcure\/","https:\/\/www.instagram.com\/freya_cbd_cure\/","https:\/\/www.linkedin.com\/company\/freya-cbdcure\/","https:\/\/www.pinterest.at\/freyacbdcure\/","https:\/\/twitter.com\/freya_cbd_cure"],"logo":{"@type":"ImageObject","@id":"https:\/\/cbdtest.wimbo.at\/#logo","inLanguage":"en-US","url":"http:\/\/cbdtest.wimbo.at\/wp-content\/uploads\/2020\/09\/freya_logo.png","contentUrl":"http:\/\/cbdtest.wimbo.at\/wp-content\/uploads\/2020\/09\/freya_logo.png","width":800,"height":1073,"caption":"CBD Bl\u00fcten, \u00d6l online kaufen | Freya cbdcure"},"image":{"@id":"https:\/\/cbdtest.wimbo.at\/#logo"}},{"@type":"WebSite","@id":"https:\/\/cbdtest.wimbo.at\/#website","url":"https:\/\/cbdtest.wimbo.at\/","name":"CBD Bl\u00fcten | CBD \u00d6l online bestellen | FREYA CBDCURE","description":"CBD \u00d6l Produkte \/ CBD Bl\u00fcten Bio Hanf einfach und bequem Online Kaufen","publisher":{"@id":"https:\/\/cbdtest.wimbo.at\/#organization"},"potentialAction":[{"@type":"SearchAction","target":{"@type":"EntryPoint","urlTemplate":"https:\/\/cbdtest.wimbo.at\/?s={search_term_string}"},"query-input":"required name=search_term_string"}],"inLanguage":"en-US"},{"@type":"ImageObject","@id":"https:\/\/cbdtest.wimbo.at\/en\/cbd-produkt\/organic-hemp-cbd-flowers-vanilla-kush\/#primaryimage","inLanguage":"en-US","url":"https:\/\/cbdtest.wimbo.at\/wp-content\/uploads\/2020\/06\/freya_cbd-vanilla-kush.-1.jpg","contentUrl":"https:\/\/cbdtest.wimbo.at\/wp-content\/uploads\/2020\/06\/freya_cbd-vanilla-kush.-1.jpg","width":2048,"height":2048,"caption":"Bio Hanf CBD Bl\u00fcten \u2013 Vanilla KUSH"},{"@type":"WebPage","@id":"https:\/\/cbdtest.wimbo.at\/en\/cbd-produkt\/organic-hemp-cbd-flowers-vanilla-kush\/#webpage","url":"https:\/\/cbdtest.wimbo.at\/en\/cbd-produkt\/organic-hemp-cbd-flowers-vanilla-kush\/","name":"VANILLA KUSH | CBD flowers | Order CBD oil online now | FREYA CBD","isPartOf":{"@id":"https:\/\/cbdtest.wimbo.at\/#website"},"primaryImageOfPage":{"@id":"https:\/\/cbdtest.wimbo.at\/en\/cbd-produkt\/organic-hemp-cbd-flowers-vanilla-kush\/#primaryimage"},"datePublished":"2020-06-03T08:16:48+00:00","dateModified":"2021-08-19T09:50:57+00:00","description":"Buy organic hemp CBD blossoms VANILLA KUSH CBD blossoms CBD oil CBD oil in organic quality Order CBD online now from freya CBDCURE","breadcrumb":{"@id":"https:\/\/cbdtest.wimbo.at\/en\/cbd-produkt\/organic-hemp-cbd-flowers-vanilla-kush\/#breadcrumb"},"inLanguage":"en-US","potentialAction":[{"@type":"ReadAction","target":["https:\/\/cbdtest.wimbo.at\/en\/cbd-produkt\/organic-hemp-cbd-flowers-vanilla-kush\/"]}]},{"@type":"BreadcrumbList","@id":"https:\/\/cbdtest.wimbo.at\/en\/cbd-produkt\/organic-hemp-cbd-flowers-vanilla-kush\/#breadcrumb","itemListElement":[{"@type":"ListItem","position":1,"name":"Startseite","item":"https:\/\/cbdtest.wimbo.at\/en\/"},{"@type":"ListItem","position":2,"name":"Shop","item":"https:\/\/cbdtest.wimbo.at\/en\/shop\/"},{"@type":"ListItem","position":3,"name":"Organic hemp CBD flowers &#8211; VANILLA KUSH"}]}]}},"_links":{"self":[{"href":"https:\/\/cbdtest.wimbo.at\/en\/wp-json\/wp\/v2\/product\/6011"}],"collection":[{"href":"https:\/\/cbdtest.wimbo.at\/en\/wp-json\/wp\/v2\/product"}],"about":[{"href":"https:\/\/cbdtest.wimbo.at\/en\/wp-json\/wp\/v2\/types\/product"}],"replies":[{"embeddable":true,"href":"https:\/\/cbdtest.wimbo.at\/en\/wp-json\/wp\/v2\/comments?post=6011"}],"version-history":[{"count":0,"href":"https:\/\/cbdtest.wimbo.at\/en\/wp-json\/wp\/v2\/product\/6011\/revisions"}],"wp:featuredmedia":[{"embeddable":true,"href":"https:\/\/cbdtest.wimbo.at\/en\/wp-json\/wp\/v2\/media\/4855"}],"wp:attachment":[{"href":"https:\/\/cbdtest.wimbo.at\/en\/wp-json\/wp\/v2\/media?parent=6011"}],"wp:term":[{"taxonomy":"product_cat","embeddable":true,"href":"https:\/\/cbdtest.wimbo.at\/en\/wp-json\/wp\/v2\/product_cat?post=6011"},{"taxonomy":"product_tag","embeddable":true,"href":"https:\/\/cbdtest.wimbo.at\/en\/wp-json\/wp\/v2\/product_tag?post=6011"}],"curies":[{"name":"wp","href":"https:\/\/api.w.org\/{rel}","templated":true}]}}