{"id":5998,"date":"2020-06-03T10:23:44","date_gmt":"2020-06-03T08:23:44","guid":{"rendered":"http:\/\/cbdtest.wimbo.at\/produkt\/organic-hemp-cbd-flowers-cheese\/"},"modified":"2021-08-19T11:50:58","modified_gmt":"2021-08-19T09:50:58","slug":"organic-hemp-cbd-flowers-cheese","status":"publish","type":"product","link":"https:\/\/cbdtest.wimbo.at\/en\/cbd-produkt\/organic-hemp-cbd-flowers-cheese\/","title":{"rendered":"Organic hemp CBD flowers &#8211; CHEESE"},"content":{"rendered":"<h2>Cheese CBD flowers<\/h2>\n<p>Our organic hemp flowers from <strong>Cheese<\/strong> are grown outdoors and are rich in the active ingredient cannabidiol (CBD).<\/p>\n<p><strong>Cheese Profil<\/strong> &#8211; Hybrid CBD flowers that deliver an unforgettable taste in addition to a balanced, relaxing feeling. The flowers are medium in size and have a medium density flower structure. This is a very resinous strain, and the flowers are appropriately covered in sticky white trichomes.<\/p>\n<p>Aroma:<strong> Cheese is a &#8220;cheesy&#8221; hot one, the flowers mainly have a<\/strong> fruity berry scent, which was inherited from the parent variety Blueberry. This sweetness is rounded off by a tangy hint of cheese, which some have compared to a cream cheese or a parfait with berries.<\/p>\n<ul>\n<li>Primary terpenes: myrcene, cis-nerolidol, b-caryophyllene (1.11% total terpenes)<\/li>\n<li>Main aromas: hops, cinnamon, flowers, wood, orange<br \/>Flavor Profile: When flowers are smoked or vaped, the smoke is thick and lung-expanding and can cause severe coughing in users who receive a sufficiently large blow. As soon as smokers have overcome this watery, tickling pungency on the palate, they will notice a completely fruity blueberry taste when they exhale, with no cheesy funk.<\/li>\n<li>Odor profile: This variety has a &#8220;cheesy&#8221; pungent aroma. The flowers mainly have a fruity berry odor inherited from the parent strain Blueberry. This sweetness is rounded off by a tangy hint of cheese, which some have compared to a cream cheese or a parfait with berries.<\/li>\n<\/ul>\n<p><strong>Cultivation:<\/strong> is cultivated according to strict cultivation and production guidelines and gently processed into high-quality CBD cannabis flowers. These hand-picked flowers are grown organically in Switzerland and without the use of chemical fertilizers or pesticides in order to guarantee the best quality and to preserve the organoleptic properties of the flowers.<\/p>\n<p><strong>Harvest:<\/strong> are seed-free, hand-picked CBD cannabis flowers with no leaves or stems. The taste impresses with a fresh and fruity note.<\/p>\n<p><strong>Packaging:<\/strong> We fill the glass so that our freya-CBDCURE CBD flowers are permanently protected from drying out and the quality is retained for a long time. Next to paper, glass is the easiest raw material to recycle.<\/p>\n<p>Our hemp flowers are tested in the laboratory, certificates are available. The CBD content is around 6% and the THC content is less than 0.2%.<\/p>\n<p><em>Disclaimer: These products are not intended for use as food. They are not sold for smoking.<\/em><\/p>\n","protected":false},"excerpt":{"rendered":"<p><span style=\"font-weight: 400;\">Old School read out by hand<\/span><\/p>\n<p>Outdoor &lt; 6 % CBD<\/p>\n<p>&nbsp;<\/p>\n<p> &hellip; <a href=\"https:\/\/cbdtest.wimbo.at\/en\/cbd-produkt\/organic-hemp-cbd-flowers-cheese\/\">Read More<\/a><\/p>\n","protected":false},"featured_media":5156,"comment_status":"open","ping_status":"closed","template":"","meta":[],"product_cat":[109],"product_tag":[],"yoast_head":"<!-- This site is optimized with the Yoast SEO plugin v17.7.1 - https:\/\/yoast.com\/wordpress\/plugins\/seo\/ -->\n<title>CHEESE | CBD flowers | Order CBD oil online now | FREYA CBD<\/title>\n<meta name=\"description\" content=\"Organic Hemp CBD Blossoms CHEESE CBD Blossoms Buy CBD Oil CBD Oil in organic quality Order CBD online now from FREYA Cbdcure\" \/>\n<meta name=\"robots\" content=\"noindex, follow, max-snippet:-1, max-image-preview:large, max-video-preview:-1\" \/>\n<meta property=\"og:locale\" content=\"en_US\" \/>\n<meta property=\"og:type\" content=\"article\" \/>\n<meta property=\"og:title\" content=\"CHEESE | CBD flowers | Order CBD oil online now | FREYA CBD\" \/>\n<meta property=\"og:description\" content=\"Organic Hemp CBD Blossoms CHEESE CBD Blossoms Buy CBD Oil CBD Oil in organic quality Order CBD online now from FREYA Cbdcure\" \/>\n<meta property=\"og:url\" content=\"https:\/\/cbdtest.wimbo.at\/en\/cbd-produkt\/organic-hemp-cbd-flowers-cheese\/\" \/>\n<meta property=\"og:site_name\" content=\"CBD Bl\u00fcten | CBD \u00d6l online bestellen | FREYA CBDCURE\" \/>\n<meta property=\"article:publisher\" content=\"https:\/\/www.facebook.com\/freyacbdcure\/\" \/>\n<meta property=\"article:modified_time\" content=\"2021-08-19T09:50:58+00:00\" \/>\n<meta property=\"og:image\" content=\"https:\/\/cbdtest.wimbo.at\/wp-content\/uploads\/2020\/06\/freya_cbd-cheese..jpg\" \/>\n\t<meta property=\"og:image:width\" content=\"2048\" \/>\n\t<meta property=\"og:image:height\" content=\"2048\" \/>\n<meta name=\"twitter:card\" content=\"summary_large_image\" \/>\n<meta name=\"twitter:site\" content=\"@freya_cbd_cure\" \/>\n<meta name=\"twitter:label1\" content=\"Est. reading time\" \/>\n\t<meta name=\"twitter:data1\" content=\"2 minutes\" \/>\n<script type=\"application\/ld+json\" class=\"yoast-schema-graph\">{\"@context\":\"https:\/\/schema.org\",\"@graph\":[{\"@type\":\"Organization\",\"@id\":\"https:\/\/cbdtest.wimbo.at\/#organization\",\"name\":\"CBD Bl\\u00fcten, \\u00d6l online kaufen | Freya cbdcure\",\"url\":\"https:\/\/cbdtest.wimbo.at\/\",\"sameAs\":[\"https:\/\/www.facebook.com\/freyacbdcure\/\",\"https:\/\/www.instagram.com\/freya_cbd_cure\/\",\"https:\/\/www.linkedin.com\/company\/freya-cbdcure\/\",\"https:\/\/www.pinterest.at\/freyacbdcure\/\",\"https:\/\/twitter.com\/freya_cbd_cure\"],\"logo\":{\"@type\":\"ImageObject\",\"@id\":\"https:\/\/cbdtest.wimbo.at\/#logo\",\"inLanguage\":\"en-US\",\"url\":\"http:\/\/cbdtest.wimbo.at\/wp-content\/uploads\/2020\/09\/freya_logo.png\",\"contentUrl\":\"http:\/\/cbdtest.wimbo.at\/wp-content\/uploads\/2020\/09\/freya_logo.png\",\"width\":800,\"height\":1073,\"caption\":\"CBD Bl\\u00fcten, \\u00d6l online kaufen | Freya cbdcure\"},\"image\":{\"@id\":\"https:\/\/cbdtest.wimbo.at\/#logo\"}},{\"@type\":\"WebSite\",\"@id\":\"https:\/\/cbdtest.wimbo.at\/#website\",\"url\":\"https:\/\/cbdtest.wimbo.at\/\",\"name\":\"CBD Bl\\u00fcten | CBD \\u00d6l online bestellen | FREYA CBDCURE\",\"description\":\"CBD \\u00d6l Produkte \/ CBD Bl\\u00fcten Bio Hanf einfach und bequem Online Kaufen\",\"publisher\":{\"@id\":\"https:\/\/cbdtest.wimbo.at\/#organization\"},\"potentialAction\":[{\"@type\":\"SearchAction\",\"target\":{\"@type\":\"EntryPoint\",\"urlTemplate\":\"https:\/\/cbdtest.wimbo.at\/?s={search_term_string}\"},\"query-input\":\"required name=search_term_string\"}],\"inLanguage\":\"en-US\"},{\"@type\":\"ImageObject\",\"@id\":\"https:\/\/cbdtest.wimbo.at\/en\/cbd-produkt\/organic-hemp-cbd-flowers-cheese\/#primaryimage\",\"inLanguage\":\"en-US\",\"url\":\"https:\/\/cbdtest.wimbo.at\/wp-content\/uploads\/2020\/06\/freya_cbd-cheese..jpg\",\"contentUrl\":\"https:\/\/cbdtest.wimbo.at\/wp-content\/uploads\/2020\/06\/freya_cbd-cheese..jpg\",\"width\":2048,\"height\":2048,\"caption\":\"Organic hemp CBD flowers - CHEESE\"},{\"@type\":\"WebPage\",\"@id\":\"https:\/\/cbdtest.wimbo.at\/en\/cbd-produkt\/organic-hemp-cbd-flowers-cheese\/#webpage\",\"url\":\"https:\/\/cbdtest.wimbo.at\/en\/cbd-produkt\/organic-hemp-cbd-flowers-cheese\/\",\"name\":\"CHEESE | CBD flowers | Order CBD oil online now | FREYA CBD\",\"isPartOf\":{\"@id\":\"https:\/\/cbdtest.wimbo.at\/#website\"},\"primaryImageOfPage\":{\"@id\":\"https:\/\/cbdtest.wimbo.at\/en\/cbd-produkt\/organic-hemp-cbd-flowers-cheese\/#primaryimage\"},\"datePublished\":\"2020-06-03T08:23:44+00:00\",\"dateModified\":\"2021-08-19T09:50:58+00:00\",\"description\":\"Organic Hemp CBD Blossoms CHEESE CBD Blossoms Buy CBD Oil CBD Oil in organic quality Order CBD online now from FREYA Cbdcure\",\"breadcrumb\":{\"@id\":\"https:\/\/cbdtest.wimbo.at\/en\/cbd-produkt\/organic-hemp-cbd-flowers-cheese\/#breadcrumb\"},\"inLanguage\":\"en-US\",\"potentialAction\":[{\"@type\":\"ReadAction\",\"target\":[\"https:\/\/cbdtest.wimbo.at\/en\/cbd-produkt\/organic-hemp-cbd-flowers-cheese\/\"]}]},{\"@type\":\"BreadcrumbList\",\"@id\":\"https:\/\/cbdtest.wimbo.at\/en\/cbd-produkt\/organic-hemp-cbd-flowers-cheese\/#breadcrumb\",\"itemListElement\":[{\"@type\":\"ListItem\",\"position\":1,\"name\":\"Startseite\",\"item\":\"https:\/\/cbdtest.wimbo.at\/en\/\"},{\"@type\":\"ListItem\",\"position\":2,\"name\":\"Shop\",\"item\":\"https:\/\/cbdtest.wimbo.at\/en\/shop\/\"},{\"@type\":\"ListItem\",\"position\":3,\"name\":\"Organic hemp CBD flowers &#8211; CHEESE\"}]}]}<\/script>\n<!-- \/ Yoast SEO plugin. -->","yoast_head_json":{"title":"CHEESE | CBD flowers | Order CBD oil online now | FREYA CBD","description":"Organic Hemp CBD Blossoms CHEESE CBD Blossoms Buy CBD Oil CBD Oil in organic quality Order CBD online now from FREYA Cbdcure","robots":{"index":"noindex","follow":"follow","max-snippet":"max-snippet:-1","max-image-preview":"max-image-preview:large","max-video-preview":"max-video-preview:-1"},"og_locale":"en_US","og_type":"article","og_title":"CHEESE | CBD flowers | Order CBD oil online now | FREYA CBD","og_description":"Organic Hemp CBD Blossoms CHEESE CBD Blossoms Buy CBD Oil CBD Oil in organic quality Order CBD online now from FREYA Cbdcure","og_url":"https:\/\/cbdtest.wimbo.at\/en\/cbd-produkt\/organic-hemp-cbd-flowers-cheese\/","og_site_name":"CBD Bl\u00fcten | CBD \u00d6l online bestellen | FREYA CBDCURE","article_publisher":"https:\/\/www.facebook.com\/freyacbdcure\/","article_modified_time":"2021-08-19T09:50:58+00:00","og_image":[{"width":2048,"height":2048,"url":"https:\/\/cbdtest.wimbo.at\/wp-content\/uploads\/2020\/06\/freya_cbd-cheese..jpg","type":"image\/jpeg"}],"twitter_card":"summary_large_image","twitter_site":"@freya_cbd_cure","twitter_misc":{"Est. reading time":"2 minutes"},"schema":{"@context":"https:\/\/schema.org","@graph":[{"@type":"Organization","@id":"https:\/\/cbdtest.wimbo.at\/#organization","name":"CBD Bl\u00fcten, \u00d6l online kaufen | Freya cbdcure","url":"https:\/\/cbdtest.wimbo.at\/","sameAs":["https:\/\/www.facebook.com\/freyacbdcure\/","https:\/\/www.instagram.com\/freya_cbd_cure\/","https:\/\/www.linkedin.com\/company\/freya-cbdcure\/","https:\/\/www.pinterest.at\/freyacbdcure\/","https:\/\/twitter.com\/freya_cbd_cure"],"logo":{"@type":"ImageObject","@id":"https:\/\/cbdtest.wimbo.at\/#logo","inLanguage":"en-US","url":"http:\/\/cbdtest.wimbo.at\/wp-content\/uploads\/2020\/09\/freya_logo.png","contentUrl":"http:\/\/cbdtest.wimbo.at\/wp-content\/uploads\/2020\/09\/freya_logo.png","width":800,"height":1073,"caption":"CBD Bl\u00fcten, \u00d6l online kaufen | Freya cbdcure"},"image":{"@id":"https:\/\/cbdtest.wimbo.at\/#logo"}},{"@type":"WebSite","@id":"https:\/\/cbdtest.wimbo.at\/#website","url":"https:\/\/cbdtest.wimbo.at\/","name":"CBD Bl\u00fcten | CBD \u00d6l online bestellen | FREYA CBDCURE","description":"CBD \u00d6l Produkte \/ CBD Bl\u00fcten Bio Hanf einfach und bequem Online Kaufen","publisher":{"@id":"https:\/\/cbdtest.wimbo.at\/#organization"},"potentialAction":[{"@type":"SearchAction","target":{"@type":"EntryPoint","urlTemplate":"https:\/\/cbdtest.wimbo.at\/?s={search_term_string}"},"query-input":"required name=search_term_string"}],"inLanguage":"en-US"},{"@type":"ImageObject","@id":"https:\/\/cbdtest.wimbo.at\/en\/cbd-produkt\/organic-hemp-cbd-flowers-cheese\/#primaryimage","inLanguage":"en-US","url":"https:\/\/cbdtest.wimbo.at\/wp-content\/uploads\/2020\/06\/freya_cbd-cheese..jpg","contentUrl":"https:\/\/cbdtest.wimbo.at\/wp-content\/uploads\/2020\/06\/freya_cbd-cheese..jpg","width":2048,"height":2048,"caption":"Organic hemp CBD flowers - CHEESE"},{"@type":"WebPage","@id":"https:\/\/cbdtest.wimbo.at\/en\/cbd-produkt\/organic-hemp-cbd-flowers-cheese\/#webpage","url":"https:\/\/cbdtest.wimbo.at\/en\/cbd-produkt\/organic-hemp-cbd-flowers-cheese\/","name":"CHEESE | CBD flowers | Order CBD oil online now | FREYA CBD","isPartOf":{"@id":"https:\/\/cbdtest.wimbo.at\/#website"},"primaryImageOfPage":{"@id":"https:\/\/cbdtest.wimbo.at\/en\/cbd-produkt\/organic-hemp-cbd-flowers-cheese\/#primaryimage"},"datePublished":"2020-06-03T08:23:44+00:00","dateModified":"2021-08-19T09:50:58+00:00","description":"Organic Hemp CBD Blossoms CHEESE CBD Blossoms Buy CBD Oil CBD Oil in organic quality Order CBD online now from FREYA Cbdcure","breadcrumb":{"@id":"https:\/\/cbdtest.wimbo.at\/en\/cbd-produkt\/organic-hemp-cbd-flowers-cheese\/#breadcrumb"},"inLanguage":"en-US","potentialAction":[{"@type":"ReadAction","target":["https:\/\/cbdtest.wimbo.at\/en\/cbd-produkt\/organic-hemp-cbd-flowers-cheese\/"]}]},{"@type":"BreadcrumbList","@id":"https:\/\/cbdtest.wimbo.at\/en\/cbd-produkt\/organic-hemp-cbd-flowers-cheese\/#breadcrumb","itemListElement":[{"@type":"ListItem","position":1,"name":"Startseite","item":"https:\/\/cbdtest.wimbo.at\/en\/"},{"@type":"ListItem","position":2,"name":"Shop","item":"https:\/\/cbdtest.wimbo.at\/en\/shop\/"},{"@type":"ListItem","position":3,"name":"Organic hemp CBD flowers &#8211; CHEESE"}]}]}},"_links":{"self":[{"href":"https:\/\/cbdtest.wimbo.at\/en\/wp-json\/wp\/v2\/product\/5998"}],"collection":[{"href":"https:\/\/cbdtest.wimbo.at\/en\/wp-json\/wp\/v2\/product"}],"about":[{"href":"https:\/\/cbdtest.wimbo.at\/en\/wp-json\/wp\/v2\/types\/product"}],"replies":[{"embeddable":true,"href":"https:\/\/cbdtest.wimbo.at\/en\/wp-json\/wp\/v2\/comments?post=5998"}],"version-history":[{"count":0,"href":"https:\/\/cbdtest.wimbo.at\/en\/wp-json\/wp\/v2\/product\/5998\/revisions"}],"wp:featuredmedia":[{"embeddable":true,"href":"https:\/\/cbdtest.wimbo.at\/en\/wp-json\/wp\/v2\/media\/5156"}],"wp:attachment":[{"href":"https:\/\/cbdtest.wimbo.at\/en\/wp-json\/wp\/v2\/media?parent=5998"}],"wp:term":[{"taxonomy":"product_cat","embeddable":true,"href":"https:\/\/cbdtest.wimbo.at\/en\/wp-json\/wp\/v2\/product_cat?post=5998"},{"taxonomy":"product_tag","embeddable":true,"href":"https:\/\/cbdtest.wimbo.at\/en\/wp-json\/wp\/v2\/product_tag?post=5998"}],"curies":[{"name":"wp","href":"https:\/\/api.w.org\/{rel}","templated":true}]}}