{"id":5966,"date":"2020-06-03T10:24:12","date_gmt":"2020-06-03T08:24:12","guid":{"rendered":"http:\/\/cbdtest.wimbo.at\/produkt\/organic-hemp-cbd-flowers-candy-kush\/"},"modified":"2021-08-19T11:50:58","modified_gmt":"2021-08-19T09:50:58","slug":"organic-hemp-cbg-flowers-candy-kush","status":"publish","type":"product","link":"https:\/\/cbdtest.wimbo.at\/en\/cbd-produkt\/organic-hemp-cbg-flowers-candy-kush\/","title":{"rendered":"Organic hemp CBG flowers &#8211; CANDY KUSH"},"content":{"rendered":"<h2><strong>Candy Kush CBG flowers<\/strong><\/h2>\n<p>Our organic <strong>Candy Kush<\/strong> hemp flowers are grown indoors and are rich in the active ingredient Cannabigerol (CBG).<\/p>\n<p><strong>Candy Kush Profile<\/strong> &#8211; Bred from a Sativa dominant strain. The flowers are dense, typical light green Sativa variety. The trichomes look plentiful, as if the flowers could have been dipped in sugar, making the flowers look almost fuzzy from a distance.<\/p>\n<ul>\n<li>Density: Medium to high<\/li>\n<li>Alpha Pinene \u2013 24.16% \u2013 Memory Retention, Alertness<\/li>\n<li>Myrcene \u2013 23.85% \u2013 Sedating, Relaxing, Enhances THC<\/li>\n<li>Beta Pinene \u2013 20.76% \u2013 Memory Retention, Alertness<\/li>\n<li>Camphene \u2013 15.11% \u2013 Pain Relief<\/li>\n<li>Pulegol \u2013 6.49% \u2013 Anti-Inflammatory<\/li>\n<\/ul>\n<p><strong>Cultivation:<\/strong> is cultivated according to strict cultivation and production guidelines and gently processed into high-quality CBG cannabis flowers. These hand-picked flowers are grown organically in Switzerland and without the use of chemical fertilizers or pesticides in order to guarantee the best quality and to preserve the organoleptic properties of the flowers.<\/p>\n<p><strong>Harvest:<\/strong> are seed-free, hand-picked CBG cannabis flowers with no leaves or stems. The taste impresses with a fresh and fruity note.<\/p>\n<p><strong>Packaging:<\/strong> We fill the jar, so our freya-CBDCURE CBG flowers are permanently protected from drying out and the quality is retained for a long time. Next to paper, glass is the easiest raw material to recycle.<\/p>\n<p>Our hemp flowers are tested in the laboratory, certificates are available. The CBG content is around 6% and the THC content is less than 0.2%.<\/p>\n<p><em>Disclaimer: These products are not intended for use as food. They are not sold for smoking.<\/em><\/p>\n","protected":false},"excerpt":{"rendered":"<p>Hand selected<\/p>\n<p>Indoor &lt; 6 % CBG<\/p>\n<p>&nbsp; &hellip; <a href=\"https:\/\/cbdtest.wimbo.at\/en\/cbd-produkt\/organic-hemp-cbg-flowers-candy-kush\/\">Read More<\/a><\/p>\n","protected":false},"featured_media":5732,"comment_status":"open","ping_status":"closed","template":"","meta":[],"product_cat":[109],"product_tag":[],"yoast_head":"<!-- This site is optimized with the Yoast SEO plugin v17.7.1 - https:\/\/yoast.com\/wordpress\/plugins\/seo\/ -->\n<title>CBG flowers | CANDY KUSH | Order CBD online now from FREYA<\/title>\n<meta name=\"description\" content=\"Organic hemp CBG flowers CANDY KUSH in organic quality CBD flowers CBD oil order online now FREYA CBDCURE\" \/>\n<meta name=\"robots\" content=\"noindex, follow, max-snippet:-1, max-image-preview:large, max-video-preview:-1\" \/>\n<meta property=\"og:locale\" content=\"en_US\" \/>\n<meta property=\"og:type\" content=\"article\" \/>\n<meta property=\"og:title\" content=\"CBG flowers | CANDY KUSH | Order CBD online now from FREYA\" \/>\n<meta property=\"og:description\" content=\"Organic hemp CBG flowers CANDY KUSH in organic quality CBD flowers CBD oil order online now FREYA CBDCURE\" \/>\n<meta property=\"og:url\" content=\"https:\/\/cbdtest.wimbo.at\/en\/cbd-produkt\/organic-hemp-cbg-flowers-candy-kush\/\" \/>\n<meta property=\"og:site_name\" content=\"CBD Bl\u00fcten | CBD \u00d6l online bestellen | FREYA CBDCURE\" \/>\n<meta property=\"article:publisher\" content=\"https:\/\/www.facebook.com\/freyacbdcure\/\" \/>\n<meta property=\"article:modified_time\" content=\"2021-08-19T09:50:58+00:00\" \/>\n<meta property=\"og:image\" content=\"https:\/\/cbdtest.wimbo.at\/wp-content\/uploads\/2020\/06\/freya_cbd-2-2.jpg\" \/>\n\t<meta property=\"og:image:width\" content=\"2048\" \/>\n\t<meta property=\"og:image:height\" content=\"2048\" \/>\n<meta name=\"twitter:card\" content=\"summary_large_image\" \/>\n<meta name=\"twitter:site\" content=\"@freya_cbd_cure\" \/>\n<meta name=\"twitter:label1\" content=\"Est. reading time\" \/>\n\t<meta name=\"twitter:data1\" content=\"1 minute\" \/>\n<script type=\"application\/ld+json\" class=\"yoast-schema-graph\">{\"@context\":\"https:\/\/schema.org\",\"@graph\":[{\"@type\":\"Organization\",\"@id\":\"https:\/\/cbdtest.wimbo.at\/#organization\",\"name\":\"CBD Bl\\u00fcten, \\u00d6l online kaufen | Freya cbdcure\",\"url\":\"https:\/\/cbdtest.wimbo.at\/\",\"sameAs\":[\"https:\/\/www.facebook.com\/freyacbdcure\/\",\"https:\/\/www.instagram.com\/freya_cbd_cure\/\",\"https:\/\/www.linkedin.com\/company\/freya-cbdcure\/\",\"https:\/\/www.pinterest.at\/freyacbdcure\/\",\"https:\/\/twitter.com\/freya_cbd_cure\"],\"logo\":{\"@type\":\"ImageObject\",\"@id\":\"https:\/\/cbdtest.wimbo.at\/#logo\",\"inLanguage\":\"en-US\",\"url\":\"http:\/\/cbdtest.wimbo.at\/wp-content\/uploads\/2020\/09\/freya_logo.png\",\"contentUrl\":\"http:\/\/cbdtest.wimbo.at\/wp-content\/uploads\/2020\/09\/freya_logo.png\",\"width\":800,\"height\":1073,\"caption\":\"CBD Bl\\u00fcten, \\u00d6l online kaufen | Freya cbdcure\"},\"image\":{\"@id\":\"https:\/\/cbdtest.wimbo.at\/#logo\"}},{\"@type\":\"WebSite\",\"@id\":\"https:\/\/cbdtest.wimbo.at\/#website\",\"url\":\"https:\/\/cbdtest.wimbo.at\/\",\"name\":\"CBD Bl\\u00fcten | CBD \\u00d6l online bestellen | FREYA CBDCURE\",\"description\":\"CBD \\u00d6l Produkte \/ CBD Bl\\u00fcten Bio Hanf einfach und bequem Online Kaufen\",\"publisher\":{\"@id\":\"https:\/\/cbdtest.wimbo.at\/#organization\"},\"potentialAction\":[{\"@type\":\"SearchAction\",\"target\":{\"@type\":\"EntryPoint\",\"urlTemplate\":\"https:\/\/cbdtest.wimbo.at\/?s={search_term_string}\"},\"query-input\":\"required name=search_term_string\"}],\"inLanguage\":\"en-US\"},{\"@type\":\"ImageObject\",\"@id\":\"https:\/\/cbdtest.wimbo.at\/en\/cbd-produkt\/organic-hemp-cbg-flowers-candy-kush\/#primaryimage\",\"inLanguage\":\"en-US\",\"url\":\"https:\/\/cbdtest.wimbo.at\/wp-content\/uploads\/2020\/06\/freya_cbd-2-2.jpg\",\"contentUrl\":\"https:\/\/cbdtest.wimbo.at\/wp-content\/uploads\/2020\/06\/freya_cbd-2-2.jpg\",\"width\":2048,\"height\":2048,\"caption\":\"CBD Gesund? CBD Bl\\u00fcten in bester Qualit\\u00e4t\"},{\"@type\":\"WebPage\",\"@id\":\"https:\/\/cbdtest.wimbo.at\/en\/cbd-produkt\/organic-hemp-cbg-flowers-candy-kush\/#webpage\",\"url\":\"https:\/\/cbdtest.wimbo.at\/en\/cbd-produkt\/organic-hemp-cbg-flowers-candy-kush\/\",\"name\":\"CBG flowers | CANDY KUSH | Order CBD online now from FREYA\",\"isPartOf\":{\"@id\":\"https:\/\/cbdtest.wimbo.at\/#website\"},\"primaryImageOfPage\":{\"@id\":\"https:\/\/cbdtest.wimbo.at\/en\/cbd-produkt\/organic-hemp-cbg-flowers-candy-kush\/#primaryimage\"},\"datePublished\":\"2020-06-03T08:24:12+00:00\",\"dateModified\":\"2021-08-19T09:50:58+00:00\",\"description\":\"Organic hemp CBG flowers CANDY KUSH in organic quality CBD flowers CBD oil order online now FREYA CBDCURE\",\"breadcrumb\":{\"@id\":\"https:\/\/cbdtest.wimbo.at\/en\/cbd-produkt\/organic-hemp-cbg-flowers-candy-kush\/#breadcrumb\"},\"inLanguage\":\"en-US\",\"potentialAction\":[{\"@type\":\"ReadAction\",\"target\":[\"https:\/\/cbdtest.wimbo.at\/en\/cbd-produkt\/organic-hemp-cbg-flowers-candy-kush\/\"]}]},{\"@type\":\"BreadcrumbList\",\"@id\":\"https:\/\/cbdtest.wimbo.at\/en\/cbd-produkt\/organic-hemp-cbg-flowers-candy-kush\/#breadcrumb\",\"itemListElement\":[{\"@type\":\"ListItem\",\"position\":1,\"name\":\"Startseite\",\"item\":\"https:\/\/cbdtest.wimbo.at\/en\/\"},{\"@type\":\"ListItem\",\"position\":2,\"name\":\"Shop\",\"item\":\"https:\/\/cbdtest.wimbo.at\/en\/shop\/\"},{\"@type\":\"ListItem\",\"position\":3,\"name\":\"Organic hemp CBG flowers &#8211; CANDY KUSH\"}]}]}<\/script>\n<!-- \/ Yoast SEO plugin. -->","yoast_head_json":{"title":"CBG flowers | CANDY KUSH | Order CBD online now from FREYA","description":"Organic hemp CBG flowers CANDY KUSH in organic quality CBD flowers CBD oil order online now FREYA CBDCURE","robots":{"index":"noindex","follow":"follow","max-snippet":"max-snippet:-1","max-image-preview":"max-image-preview:large","max-video-preview":"max-video-preview:-1"},"og_locale":"en_US","og_type":"article","og_title":"CBG flowers | CANDY KUSH | Order CBD online now from FREYA","og_description":"Organic hemp CBG flowers CANDY KUSH in organic quality CBD flowers CBD oil order online now FREYA CBDCURE","og_url":"https:\/\/cbdtest.wimbo.at\/en\/cbd-produkt\/organic-hemp-cbg-flowers-candy-kush\/","og_site_name":"CBD Bl\u00fcten | CBD \u00d6l online bestellen | FREYA CBDCURE","article_publisher":"https:\/\/www.facebook.com\/freyacbdcure\/","article_modified_time":"2021-08-19T09:50:58+00:00","og_image":[{"width":2048,"height":2048,"url":"https:\/\/cbdtest.wimbo.at\/wp-content\/uploads\/2020\/06\/freya_cbd-2-2.jpg","type":"image\/jpeg"}],"twitter_card":"summary_large_image","twitter_site":"@freya_cbd_cure","twitter_misc":{"Est. reading time":"1 minute"},"schema":{"@context":"https:\/\/schema.org","@graph":[{"@type":"Organization","@id":"https:\/\/cbdtest.wimbo.at\/#organization","name":"CBD Bl\u00fcten, \u00d6l online kaufen | Freya cbdcure","url":"https:\/\/cbdtest.wimbo.at\/","sameAs":["https:\/\/www.facebook.com\/freyacbdcure\/","https:\/\/www.instagram.com\/freya_cbd_cure\/","https:\/\/www.linkedin.com\/company\/freya-cbdcure\/","https:\/\/www.pinterest.at\/freyacbdcure\/","https:\/\/twitter.com\/freya_cbd_cure"],"logo":{"@type":"ImageObject","@id":"https:\/\/cbdtest.wimbo.at\/#logo","inLanguage":"en-US","url":"http:\/\/cbdtest.wimbo.at\/wp-content\/uploads\/2020\/09\/freya_logo.png","contentUrl":"http:\/\/cbdtest.wimbo.at\/wp-content\/uploads\/2020\/09\/freya_logo.png","width":800,"height":1073,"caption":"CBD Bl\u00fcten, \u00d6l online kaufen | Freya cbdcure"},"image":{"@id":"https:\/\/cbdtest.wimbo.at\/#logo"}},{"@type":"WebSite","@id":"https:\/\/cbdtest.wimbo.at\/#website","url":"https:\/\/cbdtest.wimbo.at\/","name":"CBD Bl\u00fcten | CBD \u00d6l online bestellen | FREYA CBDCURE","description":"CBD \u00d6l Produkte \/ CBD Bl\u00fcten Bio Hanf einfach und bequem Online Kaufen","publisher":{"@id":"https:\/\/cbdtest.wimbo.at\/#organization"},"potentialAction":[{"@type":"SearchAction","target":{"@type":"EntryPoint","urlTemplate":"https:\/\/cbdtest.wimbo.at\/?s={search_term_string}"},"query-input":"required name=search_term_string"}],"inLanguage":"en-US"},{"@type":"ImageObject","@id":"https:\/\/cbdtest.wimbo.at\/en\/cbd-produkt\/organic-hemp-cbg-flowers-candy-kush\/#primaryimage","inLanguage":"en-US","url":"https:\/\/cbdtest.wimbo.at\/wp-content\/uploads\/2020\/06\/freya_cbd-2-2.jpg","contentUrl":"https:\/\/cbdtest.wimbo.at\/wp-content\/uploads\/2020\/06\/freya_cbd-2-2.jpg","width":2048,"height":2048,"caption":"CBD Gesund? CBD Bl\u00fcten in bester Qualit\u00e4t"},{"@type":"WebPage","@id":"https:\/\/cbdtest.wimbo.at\/en\/cbd-produkt\/organic-hemp-cbg-flowers-candy-kush\/#webpage","url":"https:\/\/cbdtest.wimbo.at\/en\/cbd-produkt\/organic-hemp-cbg-flowers-candy-kush\/","name":"CBG flowers | CANDY KUSH | Order CBD online now from FREYA","isPartOf":{"@id":"https:\/\/cbdtest.wimbo.at\/#website"},"primaryImageOfPage":{"@id":"https:\/\/cbdtest.wimbo.at\/en\/cbd-produkt\/organic-hemp-cbg-flowers-candy-kush\/#primaryimage"},"datePublished":"2020-06-03T08:24:12+00:00","dateModified":"2021-08-19T09:50:58+00:00","description":"Organic hemp CBG flowers CANDY KUSH in organic quality CBD flowers CBD oil order online now FREYA CBDCURE","breadcrumb":{"@id":"https:\/\/cbdtest.wimbo.at\/en\/cbd-produkt\/organic-hemp-cbg-flowers-candy-kush\/#breadcrumb"},"inLanguage":"en-US","potentialAction":[{"@type":"ReadAction","target":["https:\/\/cbdtest.wimbo.at\/en\/cbd-produkt\/organic-hemp-cbg-flowers-candy-kush\/"]}]},{"@type":"BreadcrumbList","@id":"https:\/\/cbdtest.wimbo.at\/en\/cbd-produkt\/organic-hemp-cbg-flowers-candy-kush\/#breadcrumb","itemListElement":[{"@type":"ListItem","position":1,"name":"Startseite","item":"https:\/\/cbdtest.wimbo.at\/en\/"},{"@type":"ListItem","position":2,"name":"Shop","item":"https:\/\/cbdtest.wimbo.at\/en\/shop\/"},{"@type":"ListItem","position":3,"name":"Organic hemp CBG flowers &#8211; CANDY KUSH"}]}]}},"_links":{"self":[{"href":"https:\/\/cbdtest.wimbo.at\/en\/wp-json\/wp\/v2\/product\/5966"}],"collection":[{"href":"https:\/\/cbdtest.wimbo.at\/en\/wp-json\/wp\/v2\/product"}],"about":[{"href":"https:\/\/cbdtest.wimbo.at\/en\/wp-json\/wp\/v2\/types\/product"}],"replies":[{"embeddable":true,"href":"https:\/\/cbdtest.wimbo.at\/en\/wp-json\/wp\/v2\/comments?post=5966"}],"version-history":[{"count":0,"href":"https:\/\/cbdtest.wimbo.at\/en\/wp-json\/wp\/v2\/product\/5966\/revisions"}],"wp:featuredmedia":[{"embeddable":true,"href":"https:\/\/cbdtest.wimbo.at\/en\/wp-json\/wp\/v2\/media\/5732"}],"wp:attachment":[{"href":"https:\/\/cbdtest.wimbo.at\/en\/wp-json\/wp\/v2\/media?parent=5966"}],"wp:term":[{"taxonomy":"product_cat","embeddable":true,"href":"https:\/\/cbdtest.wimbo.at\/en\/wp-json\/wp\/v2\/product_cat?post=5966"},{"taxonomy":"product_tag","embeddable":true,"href":"https:\/\/cbdtest.wimbo.at\/en\/wp-json\/wp\/v2\/product_tag?post=5966"}],"curies":[{"name":"wp","href":"https:\/\/api.w.org\/{rel}","templated":true}]}}