{"id":5963,"date":"2020-06-03T10:26:10","date_gmt":"2020-06-03T08:26:10","guid":{"rendered":"http:\/\/cbdtest.wimbo.at\/produkt\/bergskunk-cbd-premium-bloom-1g\/"},"modified":"2021-07-19T18:44:57","modified_gmt":"2021-07-19T16:44:57","slug":"bergskunk-cbd-premium-flower-1g","status":"publish","type":"product","link":"https:\/\/cbdtest.wimbo.at\/en\/cbd-produkt\/bergskunk-cbd-premium-flower-1g\/","title":{"rendered":"Bergskunk CBD Premium Flower 1g"},"content":{"rendered":"<h2>Bergskunk CBD flowers<\/h2>\n<p>Our organic hemp flowers from <strong>Bergskunk<\/strong> are grown indoors and are rich in the active ingredient CBD + cannabigerol (CBG).<\/p>\n<p>Bergskunk is a strain named after a lifelong cannabis activist whose 1985 book The Emperor Wears No Clothes continues to be an influential resource in the fight for the decriminalization and legalization of cannabis. The original Jack strain is believed to be a Sativa-dominant hybrid industrial hemp cross, where the exact genetic formula is a kept secret.<\/p>\n<p><strong>Bergskunk Profile:<\/strong> The flowers are medium in size with medium to high density and a darker green with bright orange hairs. The leaves are light green with a white tinge due to the even trichome coverage.<\/p>\n<p><strong>Density:<\/strong> Medium to high<br \/>Primary terpenes: myrcene, pinene, lemons<br \/>Main aromas: cinnamon, hops, wood, pine, chamomile<br \/>Scent Profile: The buds have a deep floral aroma with a hint of pine and a \u201cskunky\u201d cannabis odor. Breaking open the dense flowers reveals more citrus scent along with a peppery kick<br \/>Taste profile: When burned, the flowers give off a surprisingly clean and herbal scent, similar to sage. The very soft and light smoke has a similar herbaceous taste. Although not overwhelmingly spicy, Jack leaves a lingering spicy-floral scent that gives the general impression of potpourri.<br \/>Phenotype: Sativa dominant hybrid<\/p>\n<p><strong>Cultivation:<\/strong> is cultivated according to strict cultivation and production guidelines and gently processed into high-quality CBD cannabis flowers. These hand-picked flowers are grown organically in Switzerland and without the use of chemical fertilizers or pesticides in order to guarantee the best quality and to preserve the organoleptic properties of the flowers.<\/p>\n<p><strong>Harvest:<\/strong> are seed-free, hand-picked CBD cannabis flowers with no leaves or stems. The taste impresses with a fresh and fruity note.<\/p>\n<p><strong>Packaging:<\/strong> We fill the glass so that our freya-CBDCURE CBD flowers are permanently protected from drying out and the quality is retained for a long time. Next to paper, glass is the easiest raw material to recycle.<\/p>\n<p>Our hemp flowers are tested in the laboratory, certificates are available. The CBD content is around 6% and the THC content is less than 0.2%.<\/p>\n<p><em>Disclaimer: These products are not intended for use as food. They are not sold for smoking.<\/em><\/p>\n","protected":false},"excerpt":{"rendered":"<p>QUANTITY 1g<\/p>\n<p><span style=\"font-weight: 400;\">Bergskunk (&lt; 6 % CBD)<\/span><\/p>\n<p>&nbsp; &hellip; <a href=\"https:\/\/cbdtest.wimbo.at\/en\/cbd-produkt\/bergskunk-cbd-premium-flower-1g\/\">Read More<\/a><\/p>\n","protected":false},"featured_media":4841,"comment_status":"open","ping_status":"closed","template":"","meta":[],"product_cat":[109],"product_tag":[],"yoast_head":"<!-- This site is optimized with the Yoast SEO plugin v17.7.1 - https:\/\/yoast.com\/wordpress\/plugins\/seo\/ -->\n<title>Mountain Skunk CBD Flowers | Order CBD oil online now | FREYA CBD<\/title>\n<meta name=\"description\" content=\"Berg Skunk CBD Premium Blossom 1g CBD Blossoms in organic quality Order CBD online now from freya CBDCURE\" \/>\n<meta name=\"robots\" content=\"noindex, follow, max-snippet:-1, max-image-preview:large, max-video-preview:-1\" \/>\n<meta property=\"og:locale\" content=\"en_US\" \/>\n<meta property=\"og:type\" content=\"article\" \/>\n<meta property=\"og:title\" content=\"Mountain Skunk CBD Flowers | Order CBD oil online now | FREYA CBD\" \/>\n<meta property=\"og:description\" content=\"Berg Skunk CBD Premium Blossom 1g CBD Blossoms in organic quality Order CBD online now from freya CBDCURE\" \/>\n<meta property=\"og:url\" content=\"https:\/\/cbdtest.wimbo.at\/en\/cbd-produkt\/bergskunk-cbd-premium-flower-1g\/\" \/>\n<meta property=\"og:site_name\" content=\"CBD Bl\u00fcten | CBD \u00d6l online bestellen | FREYA CBDCURE\" \/>\n<meta property=\"article:publisher\" content=\"https:\/\/www.facebook.com\/freyacbdcure\/\" \/>\n<meta property=\"article:modified_time\" content=\"2021-07-19T16:44:57+00:00\" \/>\n<meta property=\"og:image\" content=\"https:\/\/cbdtest.wimbo.at\/wp-content\/uploads\/2020\/06\/freya_cbd-bergskunk..jpg\" \/>\n\t<meta property=\"og:image:width\" content=\"2048\" \/>\n\t<meta property=\"og:image:height\" content=\"2048\" \/>\n<meta name=\"twitter:card\" content=\"summary_large_image\" \/>\n<meta name=\"twitter:site\" content=\"@freya_cbd_cure\" \/>\n<meta name=\"twitter:label1\" content=\"Est. reading time\" \/>\n\t<meta name=\"twitter:data1\" content=\"2 minutes\" \/>\n<script type=\"application\/ld+json\" class=\"yoast-schema-graph\">{\"@context\":\"https:\/\/schema.org\",\"@graph\":[{\"@type\":\"Organization\",\"@id\":\"https:\/\/cbdtest.wimbo.at\/#organization\",\"name\":\"CBD Bl\\u00fcten, \\u00d6l online kaufen | Freya cbdcure\",\"url\":\"https:\/\/cbdtest.wimbo.at\/\",\"sameAs\":[\"https:\/\/www.facebook.com\/freyacbdcure\/\",\"https:\/\/www.instagram.com\/freya_cbd_cure\/\",\"https:\/\/www.linkedin.com\/company\/freya-cbdcure\/\",\"https:\/\/www.pinterest.at\/freyacbdcure\/\",\"https:\/\/twitter.com\/freya_cbd_cure\"],\"logo\":{\"@type\":\"ImageObject\",\"@id\":\"https:\/\/cbdtest.wimbo.at\/#logo\",\"inLanguage\":\"en-US\",\"url\":\"http:\/\/cbdtest.wimbo.at\/wp-content\/uploads\/2020\/09\/freya_logo.png\",\"contentUrl\":\"http:\/\/cbdtest.wimbo.at\/wp-content\/uploads\/2020\/09\/freya_logo.png\",\"width\":800,\"height\":1073,\"caption\":\"CBD Bl\\u00fcten, \\u00d6l online kaufen | Freya cbdcure\"},\"image\":{\"@id\":\"https:\/\/cbdtest.wimbo.at\/#logo\"}},{\"@type\":\"WebSite\",\"@id\":\"https:\/\/cbdtest.wimbo.at\/#website\",\"url\":\"https:\/\/cbdtest.wimbo.at\/\",\"name\":\"CBD Bl\\u00fcten | CBD \\u00d6l online bestellen | FREYA CBDCURE\",\"description\":\"CBD \\u00d6l Produkte \/ CBD Bl\\u00fcten Bio Hanf einfach und bequem Online Kaufen\",\"publisher\":{\"@id\":\"https:\/\/cbdtest.wimbo.at\/#organization\"},\"potentialAction\":[{\"@type\":\"SearchAction\",\"target\":{\"@type\":\"EntryPoint\",\"urlTemplate\":\"https:\/\/cbdtest.wimbo.at\/?s={search_term_string}\"},\"query-input\":\"required name=search_term_string\"}],\"inLanguage\":\"en-US\"},{\"@type\":\"ImageObject\",\"@id\":\"https:\/\/cbdtest.wimbo.at\/en\/cbd-produkt\/bergskunk-cbd-premium-flower-1g\/#primaryimage\",\"inLanguage\":\"en-US\",\"url\":\"https:\/\/cbdtest.wimbo.at\/wp-content\/uploads\/2020\/06\/freya_cbd-bergskunk..jpg\",\"contentUrl\":\"https:\/\/cbdtest.wimbo.at\/wp-content\/uploads\/2020\/06\/freya_cbd-bergskunk..jpg\",\"width\":2048,\"height\":2048,\"caption\":\"Bergskunk CBD Premium Bl\\u00fcte 1g\"},{\"@type\":\"WebPage\",\"@id\":\"https:\/\/cbdtest.wimbo.at\/en\/cbd-produkt\/bergskunk-cbd-premium-flower-1g\/#webpage\",\"url\":\"https:\/\/cbdtest.wimbo.at\/en\/cbd-produkt\/bergskunk-cbd-premium-flower-1g\/\",\"name\":\"Mountain Skunk CBD Flowers | Order CBD oil online now | FREYA CBD\",\"isPartOf\":{\"@id\":\"https:\/\/cbdtest.wimbo.at\/#website\"},\"primaryImageOfPage\":{\"@id\":\"https:\/\/cbdtest.wimbo.at\/en\/cbd-produkt\/bergskunk-cbd-premium-flower-1g\/#primaryimage\"},\"datePublished\":\"2020-06-03T08:26:10+00:00\",\"dateModified\":\"2021-07-19T16:44:57+00:00\",\"description\":\"Berg Skunk CBD Premium Blossom 1g CBD Blossoms in organic quality Order CBD online now from freya CBDCURE\",\"breadcrumb\":{\"@id\":\"https:\/\/cbdtest.wimbo.at\/en\/cbd-produkt\/bergskunk-cbd-premium-flower-1g\/#breadcrumb\"},\"inLanguage\":\"en-US\",\"potentialAction\":[{\"@type\":\"ReadAction\",\"target\":[\"https:\/\/cbdtest.wimbo.at\/en\/cbd-produkt\/bergskunk-cbd-premium-flower-1g\/\"]}]},{\"@type\":\"BreadcrumbList\",\"@id\":\"https:\/\/cbdtest.wimbo.at\/en\/cbd-produkt\/bergskunk-cbd-premium-flower-1g\/#breadcrumb\",\"itemListElement\":[{\"@type\":\"ListItem\",\"position\":1,\"name\":\"Startseite\",\"item\":\"https:\/\/cbdtest.wimbo.at\/en\/\"},{\"@type\":\"ListItem\",\"position\":2,\"name\":\"Shop\",\"item\":\"https:\/\/cbdtest.wimbo.at\/en\/shop\/\"},{\"@type\":\"ListItem\",\"position\":3,\"name\":\"Bergskunk CBD Premium Flower 1g\"}]}]}<\/script>\n<!-- \/ Yoast SEO plugin. -->","yoast_head_json":{"title":"Mountain Skunk CBD Flowers | Order CBD oil online now | FREYA CBD","description":"Berg Skunk CBD Premium Blossom 1g CBD Blossoms in organic quality Order CBD online now from freya CBDCURE","robots":{"index":"noindex","follow":"follow","max-snippet":"max-snippet:-1","max-image-preview":"max-image-preview:large","max-video-preview":"max-video-preview:-1"},"og_locale":"en_US","og_type":"article","og_title":"Mountain Skunk CBD Flowers | Order CBD oil online now | FREYA CBD","og_description":"Berg Skunk CBD Premium Blossom 1g CBD Blossoms in organic quality Order CBD online now from freya CBDCURE","og_url":"https:\/\/cbdtest.wimbo.at\/en\/cbd-produkt\/bergskunk-cbd-premium-flower-1g\/","og_site_name":"CBD Bl\u00fcten | CBD \u00d6l online bestellen | FREYA CBDCURE","article_publisher":"https:\/\/www.facebook.com\/freyacbdcure\/","article_modified_time":"2021-07-19T16:44:57+00:00","og_image":[{"width":2048,"height":2048,"url":"https:\/\/cbdtest.wimbo.at\/wp-content\/uploads\/2020\/06\/freya_cbd-bergskunk..jpg","type":"image\/jpeg"}],"twitter_card":"summary_large_image","twitter_site":"@freya_cbd_cure","twitter_misc":{"Est. reading time":"2 minutes"},"schema":{"@context":"https:\/\/schema.org","@graph":[{"@type":"Organization","@id":"https:\/\/cbdtest.wimbo.at\/#organization","name":"CBD Bl\u00fcten, \u00d6l online kaufen | Freya cbdcure","url":"https:\/\/cbdtest.wimbo.at\/","sameAs":["https:\/\/www.facebook.com\/freyacbdcure\/","https:\/\/www.instagram.com\/freya_cbd_cure\/","https:\/\/www.linkedin.com\/company\/freya-cbdcure\/","https:\/\/www.pinterest.at\/freyacbdcure\/","https:\/\/twitter.com\/freya_cbd_cure"],"logo":{"@type":"ImageObject","@id":"https:\/\/cbdtest.wimbo.at\/#logo","inLanguage":"en-US","url":"http:\/\/cbdtest.wimbo.at\/wp-content\/uploads\/2020\/09\/freya_logo.png","contentUrl":"http:\/\/cbdtest.wimbo.at\/wp-content\/uploads\/2020\/09\/freya_logo.png","width":800,"height":1073,"caption":"CBD Bl\u00fcten, \u00d6l online kaufen | Freya cbdcure"},"image":{"@id":"https:\/\/cbdtest.wimbo.at\/#logo"}},{"@type":"WebSite","@id":"https:\/\/cbdtest.wimbo.at\/#website","url":"https:\/\/cbdtest.wimbo.at\/","name":"CBD Bl\u00fcten | CBD \u00d6l online bestellen | FREYA CBDCURE","description":"CBD \u00d6l Produkte \/ CBD Bl\u00fcten Bio Hanf einfach und bequem Online Kaufen","publisher":{"@id":"https:\/\/cbdtest.wimbo.at\/#organization"},"potentialAction":[{"@type":"SearchAction","target":{"@type":"EntryPoint","urlTemplate":"https:\/\/cbdtest.wimbo.at\/?s={search_term_string}"},"query-input":"required name=search_term_string"}],"inLanguage":"en-US"},{"@type":"ImageObject","@id":"https:\/\/cbdtest.wimbo.at\/en\/cbd-produkt\/bergskunk-cbd-premium-flower-1g\/#primaryimage","inLanguage":"en-US","url":"https:\/\/cbdtest.wimbo.at\/wp-content\/uploads\/2020\/06\/freya_cbd-bergskunk..jpg","contentUrl":"https:\/\/cbdtest.wimbo.at\/wp-content\/uploads\/2020\/06\/freya_cbd-bergskunk..jpg","width":2048,"height":2048,"caption":"Bergskunk CBD Premium Bl\u00fcte 1g"},{"@type":"WebPage","@id":"https:\/\/cbdtest.wimbo.at\/en\/cbd-produkt\/bergskunk-cbd-premium-flower-1g\/#webpage","url":"https:\/\/cbdtest.wimbo.at\/en\/cbd-produkt\/bergskunk-cbd-premium-flower-1g\/","name":"Mountain Skunk CBD Flowers | Order CBD oil online now | FREYA CBD","isPartOf":{"@id":"https:\/\/cbdtest.wimbo.at\/#website"},"primaryImageOfPage":{"@id":"https:\/\/cbdtest.wimbo.at\/en\/cbd-produkt\/bergskunk-cbd-premium-flower-1g\/#primaryimage"},"datePublished":"2020-06-03T08:26:10+00:00","dateModified":"2021-07-19T16:44:57+00:00","description":"Berg Skunk CBD Premium Blossom 1g CBD Blossoms in organic quality Order CBD online now from freya CBDCURE","breadcrumb":{"@id":"https:\/\/cbdtest.wimbo.at\/en\/cbd-produkt\/bergskunk-cbd-premium-flower-1g\/#breadcrumb"},"inLanguage":"en-US","potentialAction":[{"@type":"ReadAction","target":["https:\/\/cbdtest.wimbo.at\/en\/cbd-produkt\/bergskunk-cbd-premium-flower-1g\/"]}]},{"@type":"BreadcrumbList","@id":"https:\/\/cbdtest.wimbo.at\/en\/cbd-produkt\/bergskunk-cbd-premium-flower-1g\/#breadcrumb","itemListElement":[{"@type":"ListItem","position":1,"name":"Startseite","item":"https:\/\/cbdtest.wimbo.at\/en\/"},{"@type":"ListItem","position":2,"name":"Shop","item":"https:\/\/cbdtest.wimbo.at\/en\/shop\/"},{"@type":"ListItem","position":3,"name":"Bergskunk CBD Premium Flower 1g"}]}]}},"_links":{"self":[{"href":"https:\/\/cbdtest.wimbo.at\/en\/wp-json\/wp\/v2\/product\/5963"}],"collection":[{"href":"https:\/\/cbdtest.wimbo.at\/en\/wp-json\/wp\/v2\/product"}],"about":[{"href":"https:\/\/cbdtest.wimbo.at\/en\/wp-json\/wp\/v2\/types\/product"}],"replies":[{"embeddable":true,"href":"https:\/\/cbdtest.wimbo.at\/en\/wp-json\/wp\/v2\/comments?post=5963"}],"version-history":[{"count":0,"href":"https:\/\/cbdtest.wimbo.at\/en\/wp-json\/wp\/v2\/product\/5963\/revisions"}],"wp:featuredmedia":[{"embeddable":true,"href":"https:\/\/cbdtest.wimbo.at\/en\/wp-json\/wp\/v2\/media\/4841"}],"wp:attachment":[{"href":"https:\/\/cbdtest.wimbo.at\/en\/wp-json\/wp\/v2\/media?parent=5963"}],"wp:term":[{"taxonomy":"product_cat","embeddable":true,"href":"https:\/\/cbdtest.wimbo.at\/en\/wp-json\/wp\/v2\/product_cat?post=5963"},{"taxonomy":"product_tag","embeddable":true,"href":"https:\/\/cbdtest.wimbo.at\/en\/wp-json\/wp\/v2\/product_tag?post=5963"}],"curies":[{"name":"wp","href":"https:\/\/api.w.org\/{rel}","templated":true}]}}