{"id":5957,"date":"2020-10-15T15:32:43","date_gmt":"2020-10-15T13:32:43","guid":{"rendered":"http:\/\/cbdtest.wimbo.at\/produkt\/healthy-with-cbd-oil\/"},"modified":"2021-02-13T18:39:01","modified_gmt":"2021-02-13T17:39:01","slug":"healthy-with-cbd-oil","status":"publish","type":"product","link":"https:\/\/cbdtest.wimbo.at\/en\/cbd-produkt\/healthy-with-cbd-oil\/","title":{"rendered":"Healthy with CBD oil"},"content":{"rendered":"<h2>The guide for more health thanks to CBD oil!<\/h2>\n<p>Just a few drops of cannabidiol (CBD) are enough to turn drinks, snacks, sweets or beauty products into real<strong> miracle cures for health and beauty.<\/strong> Because cannabis oil is full of beneficial powers! In this guide you can find out everything about the<strong> effects, application, self-treatment<\/strong> and prepare <strong>40 recipes with the extract from the hemp plant<\/strong>, which effectively relieve symptoms such as stress, pain, migraines or sleep disorders.<\/p>\n<p><strong>CBD oil &#8211; the trend from the USA!<\/strong><br \/>Discover the power of the <strong>medicinal plant<\/strong> on your own body &#8211; without getting &#8220;high&#8221;. Because cannabidiol is obtained from the hemp plant, but has no intoxicating effect. Instead, it naturally increases your <strong>vitality.<\/strong> Thanks to the CBD in the matcha latte, the breakfast drink boosts your productivity, the coconut and herbal rice ensures peace and relaxation and the massage balm makes headaches go away. Cannabidiol products can also be purchased legally and without a prescription in this country.<\/p>\n<p><strong>In-depth expert knowledge about CBD:<\/strong> The author, Dr. Rachna Patel, is a <strong>medical doctor and an internationally<\/strong> recognized expert in the field of medical cannabis. She puts an end to the hemp clich\u00e9s and explains <strong>everything you need to know about the extract in an understandable way.<\/strong><\/p>\n<p><strong>40 easy recipes with CBD oil:<\/strong> Here you will find recipes for beverages such as berry smoothies, sweet and savory snacks such as cocoa bites or chia crackers. There are also instructions for wellness products &#8211; from the cooling aloe vera lotion to the relaxation roller.<\/p>\n<p><strong>More well-being and vitality with CBD: That is why the small bottle with the great effect should not be missing in any medicine cabinet!<\/strong><\/p>\n<p>Dr. Rachna Patel is a medical doctor and an internationally recognized expert in the field of medical cannabis. In her courses and counseling sessions, she provides a clear understanding of what to expect when using CBD products while eliminating the concerns people have about treatment with CBD. She has helped people from many countries deal with a wide variety of medical conditions, including anxiety and restlessness, chronic pain, insomnia, and more.<\/p>\n","protected":false},"excerpt":{"rendered":"<p>The miracle cure for stress, pain, sleep disorders and more. With more than 40 recipes for nutrition and beauty<\/p>\n<p><strong>40 easy recipes with CBD oil:<\/strong> Here you will find recipes for beverages such as berry smoothies, sweet and savory snacks such as cocoa bites or chia crackers. There are also instructions for wellness products.<\/p>\n<ul class=\"a-unordered-list a-nostyle a-vertical a-spacing-none detail-bullet-list\">\n<li>Paperback: 128 pages<\/li>\n<li>ISBN-10: 3831038929<\/li>\n<li>ISBN-13: 978-3831038923<\/li>\n<li>Product Dimensions: 19.6 x 1.2 x 23.4 cm<\/li>\n<li>Editor: Dorling Kindersley (December 19, 2019)<\/li>\n<li>Item weight: 435 g<\/li>\n<li>Language: German<\/li>\n<\/ul>\n<p> &hellip; <a href=\"https:\/\/cbdtest.wimbo.at\/en\/cbd-produkt\/healthy-with-cbd-oil\/\">Read More<\/a><\/p>\n","protected":false},"featured_media":5419,"comment_status":"open","ping_status":"closed","template":"","meta":[],"product_cat":[115],"product_tag":[],"yoast_head":"<!-- This site is optimized with the Yoast SEO plugin v17.7.1 - https:\/\/yoast.com\/wordpress\/plugins\/seo\/ -->\n<title>Healthy with CBD Oil | Order CBD online now from FREYA<\/title>\n<meta name=\"description\" content=\"Healthy with CBD Oil Buy CBD Blossoms CBD Oil CBD Oil in organic quality Order CBD online now from freya CBDCURE\" \/>\n<meta name=\"robots\" content=\"noindex, follow, max-snippet:-1, max-image-preview:large, max-video-preview:-1\" \/>\n<meta property=\"og:locale\" content=\"en_US\" \/>\n<meta property=\"og:type\" content=\"article\" \/>\n<meta property=\"og:title\" content=\"Healthy with CBD Oil | Order CBD online now from FREYA\" \/>\n<meta property=\"og:description\" content=\"Healthy with CBD Oil Buy CBD Blossoms CBD Oil CBD Oil in organic quality Order CBD online now from freya CBDCURE\" \/>\n<meta property=\"og:url\" content=\"https:\/\/cbdtest.wimbo.at\/en\/cbd-produkt\/healthy-with-cbd-oil\/\" \/>\n<meta property=\"og:site_name\" content=\"CBD Bl\u00fcten | CBD \u00d6l online bestellen | FREYA CBDCURE\" \/>\n<meta property=\"article:publisher\" content=\"https:\/\/www.facebook.com\/freyacbdcure\/\" \/>\n<meta property=\"article:modified_time\" content=\"2021-02-13T17:39:01+00:00\" \/>\n<meta property=\"og:image\" content=\"https:\/\/cbdtest.wimbo.at\/wp-content\/uploads\/2020\/10\/Gesund-mit-CBD-Oel.jpeg\" \/>\n\t<meta property=\"og:image:width\" content=\"486\" \/>\n\t<meta property=\"og:image:height\" content=\"600\" \/>\n<meta name=\"twitter:card\" content=\"summary_large_image\" \/>\n<meta name=\"twitter:site\" content=\"@freya_cbd_cure\" \/>\n<meta name=\"twitter:label1\" content=\"Est. reading time\" \/>\n\t<meta name=\"twitter:data1\" content=\"2 minutes\" \/>\n<script type=\"application\/ld+json\" class=\"yoast-schema-graph\">{\"@context\":\"https:\/\/schema.org\",\"@graph\":[{\"@type\":\"Organization\",\"@id\":\"https:\/\/cbdtest.wimbo.at\/#organization\",\"name\":\"CBD Bl\\u00fcten, \\u00d6l online kaufen | Freya cbdcure\",\"url\":\"https:\/\/cbdtest.wimbo.at\/\",\"sameAs\":[\"https:\/\/www.facebook.com\/freyacbdcure\/\",\"https:\/\/www.instagram.com\/freya_cbd_cure\/\",\"https:\/\/www.linkedin.com\/company\/freya-cbdcure\/\",\"https:\/\/www.pinterest.at\/freyacbdcure\/\",\"https:\/\/twitter.com\/freya_cbd_cure\"],\"logo\":{\"@type\":\"ImageObject\",\"@id\":\"https:\/\/cbdtest.wimbo.at\/#logo\",\"inLanguage\":\"en-US\",\"url\":\"http:\/\/cbdtest.wimbo.at\/wp-content\/uploads\/2020\/09\/freya_logo.png\",\"contentUrl\":\"http:\/\/cbdtest.wimbo.at\/wp-content\/uploads\/2020\/09\/freya_logo.png\",\"width\":800,\"height\":1073,\"caption\":\"CBD Bl\\u00fcten, \\u00d6l online kaufen | Freya cbdcure\"},\"image\":{\"@id\":\"https:\/\/cbdtest.wimbo.at\/#logo\"}},{\"@type\":\"WebSite\",\"@id\":\"https:\/\/cbdtest.wimbo.at\/#website\",\"url\":\"https:\/\/cbdtest.wimbo.at\/\",\"name\":\"CBD Bl\\u00fcten | CBD \\u00d6l online bestellen | FREYA CBDCURE\",\"description\":\"CBD \\u00d6l Produkte \/ CBD Bl\\u00fcten Bio Hanf einfach und bequem Online Kaufen\",\"publisher\":{\"@id\":\"https:\/\/cbdtest.wimbo.at\/#organization\"},\"potentialAction\":[{\"@type\":\"SearchAction\",\"target\":{\"@type\":\"EntryPoint\",\"urlTemplate\":\"https:\/\/cbdtest.wimbo.at\/?s={search_term_string}\"},\"query-input\":\"required name=search_term_string\"}],\"inLanguage\":\"en-US\"},{\"@type\":\"ImageObject\",\"@id\":\"https:\/\/cbdtest.wimbo.at\/en\/cbd-produkt\/healthy-with-cbd-oil\/#primaryimage\",\"inLanguage\":\"en-US\",\"url\":\"https:\/\/cbdtest.wimbo.at\/wp-content\/uploads\/2020\/10\/Gesund-mit-CBD-Oel.jpeg\",\"contentUrl\":\"https:\/\/cbdtest.wimbo.at\/wp-content\/uploads\/2020\/10\/Gesund-mit-CBD-Oel.jpeg\",\"width\":486,\"height\":600,\"caption\":\"Healthy with CBD oil\"},{\"@type\":\"WebPage\",\"@id\":\"https:\/\/cbdtest.wimbo.at\/en\/cbd-produkt\/healthy-with-cbd-oil\/#webpage\",\"url\":\"https:\/\/cbdtest.wimbo.at\/en\/cbd-produkt\/healthy-with-cbd-oil\/\",\"name\":\"Healthy with CBD Oil | Order CBD online now from FREYA\",\"isPartOf\":{\"@id\":\"https:\/\/cbdtest.wimbo.at\/#website\"},\"primaryImageOfPage\":{\"@id\":\"https:\/\/cbdtest.wimbo.at\/en\/cbd-produkt\/healthy-with-cbd-oil\/#primaryimage\"},\"datePublished\":\"2020-10-15T13:32:43+00:00\",\"dateModified\":\"2021-02-13T17:39:01+00:00\",\"description\":\"Healthy with CBD Oil Buy CBD Blossoms CBD Oil CBD Oil in organic quality Order CBD online now from freya CBDCURE\",\"breadcrumb\":{\"@id\":\"https:\/\/cbdtest.wimbo.at\/en\/cbd-produkt\/healthy-with-cbd-oil\/#breadcrumb\"},\"inLanguage\":\"en-US\",\"potentialAction\":[{\"@type\":\"ReadAction\",\"target\":[\"https:\/\/cbdtest.wimbo.at\/en\/cbd-produkt\/healthy-with-cbd-oil\/\"]}]},{\"@type\":\"BreadcrumbList\",\"@id\":\"https:\/\/cbdtest.wimbo.at\/en\/cbd-produkt\/healthy-with-cbd-oil\/#breadcrumb\",\"itemListElement\":[{\"@type\":\"ListItem\",\"position\":1,\"name\":\"Startseite\",\"item\":\"https:\/\/cbdtest.wimbo.at\/en\/\"},{\"@type\":\"ListItem\",\"position\":2,\"name\":\"Shop\",\"item\":\"https:\/\/cbdtest.wimbo.at\/en\/shop\/\"},{\"@type\":\"ListItem\",\"position\":3,\"name\":\"Healthy with CBD oil\"}]}]}<\/script>\n<!-- \/ Yoast SEO plugin. -->","yoast_head_json":{"title":"Healthy with CBD Oil | Order CBD online now from FREYA","description":"Healthy with CBD Oil Buy CBD Blossoms CBD Oil CBD Oil in organic quality Order CBD online now from freya CBDCURE","robots":{"index":"noindex","follow":"follow","max-snippet":"max-snippet:-1","max-image-preview":"max-image-preview:large","max-video-preview":"max-video-preview:-1"},"og_locale":"en_US","og_type":"article","og_title":"Healthy with CBD Oil | Order CBD online now from FREYA","og_description":"Healthy with CBD Oil Buy CBD Blossoms CBD Oil CBD Oil in organic quality Order CBD online now from freya CBDCURE","og_url":"https:\/\/cbdtest.wimbo.at\/en\/cbd-produkt\/healthy-with-cbd-oil\/","og_site_name":"CBD Bl\u00fcten | CBD \u00d6l online bestellen | FREYA CBDCURE","article_publisher":"https:\/\/www.facebook.com\/freyacbdcure\/","article_modified_time":"2021-02-13T17:39:01+00:00","og_image":[{"width":486,"height":600,"url":"https:\/\/cbdtest.wimbo.at\/wp-content\/uploads\/2020\/10\/Gesund-mit-CBD-Oel.jpeg","type":"image\/jpeg"}],"twitter_card":"summary_large_image","twitter_site":"@freya_cbd_cure","twitter_misc":{"Est. reading time":"2 minutes"},"schema":{"@context":"https:\/\/schema.org","@graph":[{"@type":"Organization","@id":"https:\/\/cbdtest.wimbo.at\/#organization","name":"CBD Bl\u00fcten, \u00d6l online kaufen | Freya cbdcure","url":"https:\/\/cbdtest.wimbo.at\/","sameAs":["https:\/\/www.facebook.com\/freyacbdcure\/","https:\/\/www.instagram.com\/freya_cbd_cure\/","https:\/\/www.linkedin.com\/company\/freya-cbdcure\/","https:\/\/www.pinterest.at\/freyacbdcure\/","https:\/\/twitter.com\/freya_cbd_cure"],"logo":{"@type":"ImageObject","@id":"https:\/\/cbdtest.wimbo.at\/#logo","inLanguage":"en-US","url":"http:\/\/cbdtest.wimbo.at\/wp-content\/uploads\/2020\/09\/freya_logo.png","contentUrl":"http:\/\/cbdtest.wimbo.at\/wp-content\/uploads\/2020\/09\/freya_logo.png","width":800,"height":1073,"caption":"CBD Bl\u00fcten, \u00d6l online kaufen | Freya cbdcure"},"image":{"@id":"https:\/\/cbdtest.wimbo.at\/#logo"}},{"@type":"WebSite","@id":"https:\/\/cbdtest.wimbo.at\/#website","url":"https:\/\/cbdtest.wimbo.at\/","name":"CBD Bl\u00fcten | CBD \u00d6l online bestellen | FREYA CBDCURE","description":"CBD \u00d6l Produkte \/ CBD Bl\u00fcten Bio Hanf einfach und bequem Online Kaufen","publisher":{"@id":"https:\/\/cbdtest.wimbo.at\/#organization"},"potentialAction":[{"@type":"SearchAction","target":{"@type":"EntryPoint","urlTemplate":"https:\/\/cbdtest.wimbo.at\/?s={search_term_string}"},"query-input":"required name=search_term_string"}],"inLanguage":"en-US"},{"@type":"ImageObject","@id":"https:\/\/cbdtest.wimbo.at\/en\/cbd-produkt\/healthy-with-cbd-oil\/#primaryimage","inLanguage":"en-US","url":"https:\/\/cbdtest.wimbo.at\/wp-content\/uploads\/2020\/10\/Gesund-mit-CBD-Oel.jpeg","contentUrl":"https:\/\/cbdtest.wimbo.at\/wp-content\/uploads\/2020\/10\/Gesund-mit-CBD-Oel.jpeg","width":486,"height":600,"caption":"Healthy with CBD oil"},{"@type":"WebPage","@id":"https:\/\/cbdtest.wimbo.at\/en\/cbd-produkt\/healthy-with-cbd-oil\/#webpage","url":"https:\/\/cbdtest.wimbo.at\/en\/cbd-produkt\/healthy-with-cbd-oil\/","name":"Healthy with CBD Oil | Order CBD online now from FREYA","isPartOf":{"@id":"https:\/\/cbdtest.wimbo.at\/#website"},"primaryImageOfPage":{"@id":"https:\/\/cbdtest.wimbo.at\/en\/cbd-produkt\/healthy-with-cbd-oil\/#primaryimage"},"datePublished":"2020-10-15T13:32:43+00:00","dateModified":"2021-02-13T17:39:01+00:00","description":"Healthy with CBD Oil Buy CBD Blossoms CBD Oil CBD Oil in organic quality Order CBD online now from freya CBDCURE","breadcrumb":{"@id":"https:\/\/cbdtest.wimbo.at\/en\/cbd-produkt\/healthy-with-cbd-oil\/#breadcrumb"},"inLanguage":"en-US","potentialAction":[{"@type":"ReadAction","target":["https:\/\/cbdtest.wimbo.at\/en\/cbd-produkt\/healthy-with-cbd-oil\/"]}]},{"@type":"BreadcrumbList","@id":"https:\/\/cbdtest.wimbo.at\/en\/cbd-produkt\/healthy-with-cbd-oil\/#breadcrumb","itemListElement":[{"@type":"ListItem","position":1,"name":"Startseite","item":"https:\/\/cbdtest.wimbo.at\/en\/"},{"@type":"ListItem","position":2,"name":"Shop","item":"https:\/\/cbdtest.wimbo.at\/en\/shop\/"},{"@type":"ListItem","position":3,"name":"Healthy with CBD oil"}]}]}},"_links":{"self":[{"href":"https:\/\/cbdtest.wimbo.at\/en\/wp-json\/wp\/v2\/product\/5957"}],"collection":[{"href":"https:\/\/cbdtest.wimbo.at\/en\/wp-json\/wp\/v2\/product"}],"about":[{"href":"https:\/\/cbdtest.wimbo.at\/en\/wp-json\/wp\/v2\/types\/product"}],"replies":[{"embeddable":true,"href":"https:\/\/cbdtest.wimbo.at\/en\/wp-json\/wp\/v2\/comments?post=5957"}],"version-history":[{"count":0,"href":"https:\/\/cbdtest.wimbo.at\/en\/wp-json\/wp\/v2\/product\/5957\/revisions"}],"wp:featuredmedia":[{"embeddable":true,"href":"https:\/\/cbdtest.wimbo.at\/en\/wp-json\/wp\/v2\/media\/5419"}],"wp:attachment":[{"href":"https:\/\/cbdtest.wimbo.at\/en\/wp-json\/wp\/v2\/media?parent=5957"}],"wp:term":[{"taxonomy":"product_cat","embeddable":true,"href":"https:\/\/cbdtest.wimbo.at\/en\/wp-json\/wp\/v2\/product_cat?post=5957"},{"taxonomy":"product_tag","embeddable":true,"href":"https:\/\/cbdtest.wimbo.at\/en\/wp-json\/wp\/v2\/product_tag?post=5957"}],"curies":[{"name":"wp","href":"https:\/\/api.w.org\/{rel}","templated":true}]}}