{"id":5952,"date":"2020-10-15T16:34:48","date_gmt":"2020-10-15T14:34:48","guid":{"rendered":"http:\/\/cbdtest.wimbo.at\/produkt\/merry-janes-cbd-solution\/"},"modified":"2021-02-13T18:36:21","modified_gmt":"2021-02-13T17:36:21","slug":"merry-janes-cbd-solution","status":"publish","type":"product","link":"https:\/\/cbdtest.wimbo.at\/en\/cbd-produkt\/merry-janes-cbd-solution\/","title":{"rendered":"Merry Jane&#8217;s CBD Solution"},"content":{"rendered":"<h2>Here&#8217;s a guide to improving your daily routines with CBD:<\/h2>\n<p>in every room of your house &#8211; for wellness, sleep, sex, cooking, entertainment and with your pets. From the team behind Merry Jane, the cannabis-focused digital media company founded by Snoop Dogg.<\/p>\n<p>Enhance your life with CBD! Take a trip around your home and discover the many ways CBD can improve your daily routines. You learn:<\/p>\n<ul>\n<li>Incorporate CBD into your bathroom skincare and beauty rituals<\/li>\n<li>Invite CBD into your bedroom to relax or invigorate your sex life<\/li>\n<li>Experiment with CBD-infused foods and drinks in the kitchen<\/li>\n<li>Have a CBD-themed dinner party<\/li>\n<li>Share the healing benefits of CBD with your furry friends<\/li>\n<\/ul>\n<p>With more than 25 recipes and DIY projects, as well as helpful tips on how to get, store, and use CBD in all its forms, this is a comprehensive, must-have guide for the canna-curious and canna-knowledgeable &#8211; for anyone wanting their lifestyle incredible powers of CBD! As the third installment in the THE CBD SOLUTION series by Merry Jane, this is a perfect gift or to buy yourself or as a set.<\/p>\n<ul>\n<li><strong>CONNECTIONS IN HIGH PLACES:<\/strong> Merry Jane is the High Times for a New Generation, launched by Snoop and managed by his team. This is the third book in their CBD SOLUTION series.<\/li>\n<li><strong>GROWING CANNABIS CURIOSITY:<\/strong> As CBD becomes increasingly legal in the US and abroad, people are becoming increasingly interested in the correct methods and uses. This book provides an accessible introduction to the world of CBD.<\/li>\n<\/ul>\n<p>Perfect for:<\/p>\n<ul>\n<li><strong>People<\/strong> who want to experiment with <strong>CBD<\/strong> in different ways<\/li>\n<li><strong>Shoppers<\/strong> looking for a housewarming or gift for their <strong>Canna-knowledgeable or Canna-curious friend<\/strong><\/li>\n<\/ul>\n","protected":false},"excerpt":{"rendered":"<p><strong>Enhance your life with CBD!<\/strong> Take a trip around your home and discover the many ways CBD can improve your daily routines. You will learn how to:<\/p>\n<ul class=\"a-unordered-list a-nostyle a-vertical a-spacing-none detail-bullet-list\">\n<li>Hardcover: 208 pages<\/li>\n<li>ISBN-10: 1452177899<\/li>\n<li>ISBN-13: 978-1452177892<\/li>\n<li>Product Dimensions: 12.7 x 17.78 cm<\/li>\n<li>Published in: Chronicle Books (March 30, 2021)<\/li>\n<li>Item weight: 788 g<\/li>\n<li>Language: English<\/li>\n<\/ul>\n<p> &hellip; <a href=\"https:\/\/cbdtest.wimbo.at\/en\/cbd-produkt\/merry-janes-cbd-solution\/\">Read More<\/a><\/p>\n","protected":false},"featured_media":5437,"comment_status":"open","ping_status":"closed","template":"","meta":[],"product_cat":[115],"product_tag":[],"yoast_head":"<!-- This site is optimized with the Yoast SEO plugin v17.7.1 - https:\/\/yoast.com\/wordpress\/plugins\/seo\/ -->\n<title>Merry Jane&#039;s CBD Solution Order CBD online now from FREYA<\/title>\n<meta name=\"description\" content=\"Merry Jane&#039;s CBD Solution Buy CBD Blossoms CBD Oil CBD Oil in organic quality Order CBD online now from freya CBDCURE\" \/>\n<meta name=\"robots\" content=\"noindex, follow, max-snippet:-1, max-image-preview:large, max-video-preview:-1\" \/>\n<meta property=\"og:locale\" content=\"en_US\" \/>\n<meta property=\"og:type\" content=\"article\" \/>\n<meta property=\"og:title\" content=\"Merry Jane&#039;s CBD Solution Order CBD online now from FREYA\" \/>\n<meta property=\"og:description\" content=\"Merry Jane&#039;s CBD Solution Buy CBD Blossoms CBD Oil CBD Oil in organic quality Order CBD online now from freya CBDCURE\" \/>\n<meta property=\"og:url\" content=\"https:\/\/cbdtest.wimbo.at\/en\/cbd-produkt\/merry-janes-cbd-solution\/\" \/>\n<meta property=\"og:site_name\" content=\"CBD Bl\u00fcten | CBD \u00d6l online bestellen | FREYA CBDCURE\" \/>\n<meta property=\"article:publisher\" content=\"https:\/\/www.facebook.com\/freyacbdcure\/\" \/>\n<meta property=\"article:modified_time\" content=\"2021-02-13T17:36:21+00:00\" \/>\n<meta property=\"og:image\" content=\"https:\/\/cbdtest.wimbo.at\/wp-content\/uploads\/2020\/10\/Merry-Janes-the-CBD-Solution.jpeg\" \/>\n\t<meta property=\"og:image:width\" content=\"434\" \/>\n\t<meta property=\"og:image:height\" content=\"600\" \/>\n<meta name=\"twitter:card\" content=\"summary_large_image\" \/>\n<meta name=\"twitter:site\" content=\"@freya_cbd_cure\" \/>\n<meta name=\"twitter:label1\" content=\"Est. reading time\" \/>\n\t<meta name=\"twitter:data1\" content=\"1 minute\" \/>\n<script type=\"application\/ld+json\" class=\"yoast-schema-graph\">{\"@context\":\"https:\/\/schema.org\",\"@graph\":[{\"@type\":\"Organization\",\"@id\":\"https:\/\/cbdtest.wimbo.at\/#organization\",\"name\":\"CBD Bl\\u00fcten, \\u00d6l online kaufen | Freya cbdcure\",\"url\":\"https:\/\/cbdtest.wimbo.at\/\",\"sameAs\":[\"https:\/\/www.facebook.com\/freyacbdcure\/\",\"https:\/\/www.instagram.com\/freya_cbd_cure\/\",\"https:\/\/www.linkedin.com\/company\/freya-cbdcure\/\",\"https:\/\/www.pinterest.at\/freyacbdcure\/\",\"https:\/\/twitter.com\/freya_cbd_cure\"],\"logo\":{\"@type\":\"ImageObject\",\"@id\":\"https:\/\/cbdtest.wimbo.at\/#logo\",\"inLanguage\":\"en-US\",\"url\":\"http:\/\/cbdtest.wimbo.at\/wp-content\/uploads\/2020\/09\/freya_logo.png\",\"contentUrl\":\"http:\/\/cbdtest.wimbo.at\/wp-content\/uploads\/2020\/09\/freya_logo.png\",\"width\":800,\"height\":1073,\"caption\":\"CBD Bl\\u00fcten, \\u00d6l online kaufen | Freya cbdcure\"},\"image\":{\"@id\":\"https:\/\/cbdtest.wimbo.at\/#logo\"}},{\"@type\":\"WebSite\",\"@id\":\"https:\/\/cbdtest.wimbo.at\/#website\",\"url\":\"https:\/\/cbdtest.wimbo.at\/\",\"name\":\"CBD Bl\\u00fcten | CBD \\u00d6l online bestellen | FREYA CBDCURE\",\"description\":\"CBD \\u00d6l Produkte \/ CBD Bl\\u00fcten Bio Hanf einfach und bequem Online Kaufen\",\"publisher\":{\"@id\":\"https:\/\/cbdtest.wimbo.at\/#organization\"},\"potentialAction\":[{\"@type\":\"SearchAction\",\"target\":{\"@type\":\"EntryPoint\",\"urlTemplate\":\"https:\/\/cbdtest.wimbo.at\/?s={search_term_string}\"},\"query-input\":\"required name=search_term_string\"}],\"inLanguage\":\"en-US\"},{\"@type\":\"ImageObject\",\"@id\":\"https:\/\/cbdtest.wimbo.at\/en\/cbd-produkt\/merry-janes-cbd-solution\/#primaryimage\",\"inLanguage\":\"en-US\",\"url\":\"https:\/\/cbdtest.wimbo.at\/wp-content\/uploads\/2020\/10\/Merry-Janes-the-CBD-Solution.jpeg\",\"contentUrl\":\"https:\/\/cbdtest.wimbo.at\/wp-content\/uploads\/2020\/10\/Merry-Janes-the-CBD-Solution.jpeg\",\"width\":434,\"height\":600,\"caption\":\"Merry Jane's the CBD Solution\"},{\"@type\":\"WebPage\",\"@id\":\"https:\/\/cbdtest.wimbo.at\/en\/cbd-produkt\/merry-janes-cbd-solution\/#webpage\",\"url\":\"https:\/\/cbdtest.wimbo.at\/en\/cbd-produkt\/merry-janes-cbd-solution\/\",\"name\":\"Merry Jane's CBD Solution Order CBD online now from FREYA\",\"isPartOf\":{\"@id\":\"https:\/\/cbdtest.wimbo.at\/#website\"},\"primaryImageOfPage\":{\"@id\":\"https:\/\/cbdtest.wimbo.at\/en\/cbd-produkt\/merry-janes-cbd-solution\/#primaryimage\"},\"datePublished\":\"2020-10-15T14:34:48+00:00\",\"dateModified\":\"2021-02-13T17:36:21+00:00\",\"description\":\"Merry Jane's CBD Solution Buy CBD Blossoms CBD Oil CBD Oil in organic quality Order CBD online now from freya CBDCURE\",\"breadcrumb\":{\"@id\":\"https:\/\/cbdtest.wimbo.at\/en\/cbd-produkt\/merry-janes-cbd-solution\/#breadcrumb\"},\"inLanguage\":\"en-US\",\"potentialAction\":[{\"@type\":\"ReadAction\",\"target\":[\"https:\/\/cbdtest.wimbo.at\/en\/cbd-produkt\/merry-janes-cbd-solution\/\"]}]},{\"@type\":\"BreadcrumbList\",\"@id\":\"https:\/\/cbdtest.wimbo.at\/en\/cbd-produkt\/merry-janes-cbd-solution\/#breadcrumb\",\"itemListElement\":[{\"@type\":\"ListItem\",\"position\":1,\"name\":\"Startseite\",\"item\":\"https:\/\/cbdtest.wimbo.at\/en\/\"},{\"@type\":\"ListItem\",\"position\":2,\"name\":\"Shop\",\"item\":\"https:\/\/cbdtest.wimbo.at\/en\/shop\/\"},{\"@type\":\"ListItem\",\"position\":3,\"name\":\"Merry Jane&#8217;s CBD Solution\"}]}]}<\/script>\n<!-- \/ Yoast SEO plugin. -->","yoast_head_json":{"title":"Merry Jane's CBD Solution Order CBD online now from FREYA","description":"Merry Jane's CBD Solution Buy CBD Blossoms CBD Oil CBD Oil in organic quality Order CBD online now from freya CBDCURE","robots":{"index":"noindex","follow":"follow","max-snippet":"max-snippet:-1","max-image-preview":"max-image-preview:large","max-video-preview":"max-video-preview:-1"},"og_locale":"en_US","og_type":"article","og_title":"Merry Jane's CBD Solution Order CBD online now from FREYA","og_description":"Merry Jane's CBD Solution Buy CBD Blossoms CBD Oil CBD Oil in organic quality Order CBD online now from freya CBDCURE","og_url":"https:\/\/cbdtest.wimbo.at\/en\/cbd-produkt\/merry-janes-cbd-solution\/","og_site_name":"CBD Bl\u00fcten | CBD \u00d6l online bestellen | FREYA CBDCURE","article_publisher":"https:\/\/www.facebook.com\/freyacbdcure\/","article_modified_time":"2021-02-13T17:36:21+00:00","og_image":[{"width":434,"height":600,"url":"https:\/\/cbdtest.wimbo.at\/wp-content\/uploads\/2020\/10\/Merry-Janes-the-CBD-Solution.jpeg","type":"image\/jpeg"}],"twitter_card":"summary_large_image","twitter_site":"@freya_cbd_cure","twitter_misc":{"Est. reading time":"1 minute"},"schema":{"@context":"https:\/\/schema.org","@graph":[{"@type":"Organization","@id":"https:\/\/cbdtest.wimbo.at\/#organization","name":"CBD Bl\u00fcten, \u00d6l online kaufen | Freya cbdcure","url":"https:\/\/cbdtest.wimbo.at\/","sameAs":["https:\/\/www.facebook.com\/freyacbdcure\/","https:\/\/www.instagram.com\/freya_cbd_cure\/","https:\/\/www.linkedin.com\/company\/freya-cbdcure\/","https:\/\/www.pinterest.at\/freyacbdcure\/","https:\/\/twitter.com\/freya_cbd_cure"],"logo":{"@type":"ImageObject","@id":"https:\/\/cbdtest.wimbo.at\/#logo","inLanguage":"en-US","url":"http:\/\/cbdtest.wimbo.at\/wp-content\/uploads\/2020\/09\/freya_logo.png","contentUrl":"http:\/\/cbdtest.wimbo.at\/wp-content\/uploads\/2020\/09\/freya_logo.png","width":800,"height":1073,"caption":"CBD Bl\u00fcten, \u00d6l online kaufen | Freya cbdcure"},"image":{"@id":"https:\/\/cbdtest.wimbo.at\/#logo"}},{"@type":"WebSite","@id":"https:\/\/cbdtest.wimbo.at\/#website","url":"https:\/\/cbdtest.wimbo.at\/","name":"CBD Bl\u00fcten | CBD \u00d6l online bestellen | FREYA CBDCURE","description":"CBD \u00d6l Produkte \/ CBD Bl\u00fcten Bio Hanf einfach und bequem Online Kaufen","publisher":{"@id":"https:\/\/cbdtest.wimbo.at\/#organization"},"potentialAction":[{"@type":"SearchAction","target":{"@type":"EntryPoint","urlTemplate":"https:\/\/cbdtest.wimbo.at\/?s={search_term_string}"},"query-input":"required name=search_term_string"}],"inLanguage":"en-US"},{"@type":"ImageObject","@id":"https:\/\/cbdtest.wimbo.at\/en\/cbd-produkt\/merry-janes-cbd-solution\/#primaryimage","inLanguage":"en-US","url":"https:\/\/cbdtest.wimbo.at\/wp-content\/uploads\/2020\/10\/Merry-Janes-the-CBD-Solution.jpeg","contentUrl":"https:\/\/cbdtest.wimbo.at\/wp-content\/uploads\/2020\/10\/Merry-Janes-the-CBD-Solution.jpeg","width":434,"height":600,"caption":"Merry Jane's the CBD Solution"},{"@type":"WebPage","@id":"https:\/\/cbdtest.wimbo.at\/en\/cbd-produkt\/merry-janes-cbd-solution\/#webpage","url":"https:\/\/cbdtest.wimbo.at\/en\/cbd-produkt\/merry-janes-cbd-solution\/","name":"Merry Jane's CBD Solution Order CBD online now from FREYA","isPartOf":{"@id":"https:\/\/cbdtest.wimbo.at\/#website"},"primaryImageOfPage":{"@id":"https:\/\/cbdtest.wimbo.at\/en\/cbd-produkt\/merry-janes-cbd-solution\/#primaryimage"},"datePublished":"2020-10-15T14:34:48+00:00","dateModified":"2021-02-13T17:36:21+00:00","description":"Merry Jane's CBD Solution Buy CBD Blossoms CBD Oil CBD Oil in organic quality Order CBD online now from freya CBDCURE","breadcrumb":{"@id":"https:\/\/cbdtest.wimbo.at\/en\/cbd-produkt\/merry-janes-cbd-solution\/#breadcrumb"},"inLanguage":"en-US","potentialAction":[{"@type":"ReadAction","target":["https:\/\/cbdtest.wimbo.at\/en\/cbd-produkt\/merry-janes-cbd-solution\/"]}]},{"@type":"BreadcrumbList","@id":"https:\/\/cbdtest.wimbo.at\/en\/cbd-produkt\/merry-janes-cbd-solution\/#breadcrumb","itemListElement":[{"@type":"ListItem","position":1,"name":"Startseite","item":"https:\/\/cbdtest.wimbo.at\/en\/"},{"@type":"ListItem","position":2,"name":"Shop","item":"https:\/\/cbdtest.wimbo.at\/en\/shop\/"},{"@type":"ListItem","position":3,"name":"Merry Jane&#8217;s CBD Solution"}]}]}},"_links":{"self":[{"href":"https:\/\/cbdtest.wimbo.at\/en\/wp-json\/wp\/v2\/product\/5952"}],"collection":[{"href":"https:\/\/cbdtest.wimbo.at\/en\/wp-json\/wp\/v2\/product"}],"about":[{"href":"https:\/\/cbdtest.wimbo.at\/en\/wp-json\/wp\/v2\/types\/product"}],"replies":[{"embeddable":true,"href":"https:\/\/cbdtest.wimbo.at\/en\/wp-json\/wp\/v2\/comments?post=5952"}],"version-history":[{"count":0,"href":"https:\/\/cbdtest.wimbo.at\/en\/wp-json\/wp\/v2\/product\/5952\/revisions"}],"wp:featuredmedia":[{"embeddable":true,"href":"https:\/\/cbdtest.wimbo.at\/en\/wp-json\/wp\/v2\/media\/5437"}],"wp:attachment":[{"href":"https:\/\/cbdtest.wimbo.at\/en\/wp-json\/wp\/v2\/media?parent=5952"}],"wp:term":[{"taxonomy":"product_cat","embeddable":true,"href":"https:\/\/cbdtest.wimbo.at\/en\/wp-json\/wp\/v2\/product_cat?post=5952"},{"taxonomy":"product_tag","embeddable":true,"href":"https:\/\/cbdtest.wimbo.at\/en\/wp-json\/wp\/v2\/product_tag?post=5952"}],"curies":[{"name":"wp","href":"https:\/\/api.w.org\/{rel}","templated":true}]}}