{"id":5948,"date":"2020-10-15T16:46:37","date_gmt":"2020-10-15T14:46:37","guid":{"rendered":"http:\/\/cbdtest.wimbo.at\/produkt\/la-biblia-del-cbd\/"},"modified":"2021-02-13T18:33:24","modified_gmt":"2021-02-13T17:33:24","slug":"the-cbd-bible","status":"publish","type":"product","link":"https:\/\/cbdtest.wimbo.at\/en\/cbd-produkt\/the-cbd-bible\/","title":{"rendered":"The CBD Bible"},"content":{"rendered":"<h2><strong>Cannabis and the wellness revolution that will change your life!<\/strong><\/h2>\n<p>Treat pain safely, relieve stress and learn the science behind CBD and THC with this guide from a leading doctor, researcher and expert in cannabis medicine.<\/p>\n<ul>\n<li>What is the difference between over-the-counter CBD oils and medicinal cannabis oils?<\/li>\n<li>What is the science?<\/li>\n<li>Does it actually work and what for?<\/li>\n<\/ul>\n<p>We are in the middle of a medical revolution regarding the cannabis plant and its uses. Medical cannabis has gained attention in treating serious illnesses when drugs fail.<strong> CBD oil has become incredibly popular as a wellness product<\/strong> with hundreds of brands flying off high street shelves. However, there is still confusion about the plant of what it can do and how it can be used for both wellness and self-care and the treatment of ailments.<\/p>\n<p><strong>Dr. Dani Gordon, a certified doctor<\/strong> and international expert on <strong>CBD, cannabis and natural medicine<\/strong>, wrote the CBD Bible to explain how CBD and medicinal cannabis can be used to safely treat pain, reduce stress and create a deeper sense of wellbeing . With guides on dosage, sourcing, different products, and more, this is a must have for anyone ready to take the next step on their journey to general wellbeing.<\/p>\n","protected":false},"excerpt":{"rendered":"<p><strong>Cannabis<\/strong> and the<strong> wellness revolution<\/strong> will change your life!<\/p>\n<ul>\n<li>Paperback: 336 pages<\/li>\n<li>ISBN-10: 1538736063<\/li>\n<li>ISBN-13: 978-1538736067<\/li>\n<li>Product Dimensions: 13.84 x 2.92 x 20.83 cm<\/li>\n<li>Publisher: Grand Central Publishing; 1st edition<\/li>\n<li>(September 15, 2020)<\/li>\n<li>Language: English<\/li>\n<\/ul>\n<p> &hellip; <a href=\"https:\/\/cbdtest.wimbo.at\/en\/cbd-produkt\/the-cbd-bible\/\">Read More<\/a><\/p>\n","protected":false},"featured_media":5441,"comment_status":"open","ping_status":"closed","template":"","meta":[],"product_cat":[115],"product_tag":[],"yoast_head":"<!-- This site is optimized with the Yoast SEO plugin v17.7.1 - https:\/\/yoast.com\/wordpress\/plugins\/seo\/ -->\n<title>The CBD Bible | CBD flowers | Order CBD oil online now | FREYA CBD<\/title>\n<meta name=\"description\" content=\"The CBD Bible Buy CBD Blossoms CBD Oil CBD Oil in organic quality Order CBD online now from freya CBDCURE\" \/>\n<meta name=\"robots\" content=\"noindex, follow, max-snippet:-1, max-image-preview:large, max-video-preview:-1\" \/>\n<meta property=\"og:locale\" content=\"en_US\" \/>\n<meta property=\"og:type\" content=\"article\" \/>\n<meta property=\"og:title\" content=\"The CBD Bible | CBD flowers | Order CBD oil online now | FREYA CBD\" \/>\n<meta property=\"og:description\" content=\"The CBD Bible Buy CBD Blossoms CBD Oil CBD Oil in organic quality Order CBD online now from freya CBDCURE\" \/>\n<meta property=\"og:url\" content=\"https:\/\/cbdtest.wimbo.at\/en\/cbd-produkt\/the-cbd-bible\/\" \/>\n<meta property=\"og:site_name\" content=\"CBD Bl\u00fcten | CBD \u00d6l online bestellen | FREYA CBDCURE\" \/>\n<meta property=\"article:publisher\" content=\"https:\/\/www.facebook.com\/freyacbdcure\/\" \/>\n<meta property=\"article:modified_time\" content=\"2021-02-13T17:33:24+00:00\" \/>\n<meta property=\"og:image\" content=\"https:\/\/cbdtest.wimbo.at\/wp-content\/uploads\/2020\/10\/The-CBD-Bible.jpeg\" \/>\n\t<meta property=\"og:image:width\" content=\"400\" \/>\n\t<meta property=\"og:image:height\" content=\"600\" \/>\n<meta name=\"twitter:card\" content=\"summary_large_image\" \/>\n<meta name=\"twitter:site\" content=\"@freya_cbd_cure\" \/>\n<meta name=\"twitter:label1\" content=\"Est. reading time\" \/>\n\t<meta name=\"twitter:data1\" content=\"1 minute\" \/>\n<script type=\"application\/ld+json\" class=\"yoast-schema-graph\">{\"@context\":\"https:\/\/schema.org\",\"@graph\":[{\"@type\":\"Organization\",\"@id\":\"https:\/\/cbdtest.wimbo.at\/#organization\",\"name\":\"CBD Bl\\u00fcten, \\u00d6l online kaufen | Freya cbdcure\",\"url\":\"https:\/\/cbdtest.wimbo.at\/\",\"sameAs\":[\"https:\/\/www.facebook.com\/freyacbdcure\/\",\"https:\/\/www.instagram.com\/freya_cbd_cure\/\",\"https:\/\/www.linkedin.com\/company\/freya-cbdcure\/\",\"https:\/\/www.pinterest.at\/freyacbdcure\/\",\"https:\/\/twitter.com\/freya_cbd_cure\"],\"logo\":{\"@type\":\"ImageObject\",\"@id\":\"https:\/\/cbdtest.wimbo.at\/#logo\",\"inLanguage\":\"en-US\",\"url\":\"http:\/\/cbdtest.wimbo.at\/wp-content\/uploads\/2020\/09\/freya_logo.png\",\"contentUrl\":\"http:\/\/cbdtest.wimbo.at\/wp-content\/uploads\/2020\/09\/freya_logo.png\",\"width\":800,\"height\":1073,\"caption\":\"CBD Bl\\u00fcten, \\u00d6l online kaufen | Freya cbdcure\"},\"image\":{\"@id\":\"https:\/\/cbdtest.wimbo.at\/#logo\"}},{\"@type\":\"WebSite\",\"@id\":\"https:\/\/cbdtest.wimbo.at\/#website\",\"url\":\"https:\/\/cbdtest.wimbo.at\/\",\"name\":\"CBD Bl\\u00fcten | CBD \\u00d6l online bestellen | FREYA CBDCURE\",\"description\":\"CBD \\u00d6l Produkte \/ CBD Bl\\u00fcten Bio Hanf einfach und bequem Online Kaufen\",\"publisher\":{\"@id\":\"https:\/\/cbdtest.wimbo.at\/#organization\"},\"potentialAction\":[{\"@type\":\"SearchAction\",\"target\":{\"@type\":\"EntryPoint\",\"urlTemplate\":\"https:\/\/cbdtest.wimbo.at\/?s={search_term_string}\"},\"query-input\":\"required name=search_term_string\"}],\"inLanguage\":\"en-US\"},{\"@type\":\"ImageObject\",\"@id\":\"https:\/\/cbdtest.wimbo.at\/en\/cbd-produkt\/the-cbd-bible\/#primaryimage\",\"inLanguage\":\"en-US\",\"url\":\"https:\/\/cbdtest.wimbo.at\/wp-content\/uploads\/2020\/10\/The-CBD-Bible.jpeg\",\"contentUrl\":\"https:\/\/cbdtest.wimbo.at\/wp-content\/uploads\/2020\/10\/The-CBD-Bible.jpeg\",\"width\":400,\"height\":600,\"caption\":\"The CBD Bible\"},{\"@type\":\"WebPage\",\"@id\":\"https:\/\/cbdtest.wimbo.at\/en\/cbd-produkt\/the-cbd-bible\/#webpage\",\"url\":\"https:\/\/cbdtest.wimbo.at\/en\/cbd-produkt\/the-cbd-bible\/\",\"name\":\"The CBD Bible | CBD flowers | Order CBD oil online now | FREYA CBD\",\"isPartOf\":{\"@id\":\"https:\/\/cbdtest.wimbo.at\/#website\"},\"primaryImageOfPage\":{\"@id\":\"https:\/\/cbdtest.wimbo.at\/en\/cbd-produkt\/the-cbd-bible\/#primaryimage\"},\"datePublished\":\"2020-10-15T14:46:37+00:00\",\"dateModified\":\"2021-02-13T17:33:24+00:00\",\"description\":\"The CBD Bible Buy CBD Blossoms CBD Oil CBD Oil in organic quality Order CBD online now from freya CBDCURE\",\"breadcrumb\":{\"@id\":\"https:\/\/cbdtest.wimbo.at\/en\/cbd-produkt\/the-cbd-bible\/#breadcrumb\"},\"inLanguage\":\"en-US\",\"potentialAction\":[{\"@type\":\"ReadAction\",\"target\":[\"https:\/\/cbdtest.wimbo.at\/en\/cbd-produkt\/the-cbd-bible\/\"]}]},{\"@type\":\"BreadcrumbList\",\"@id\":\"https:\/\/cbdtest.wimbo.at\/en\/cbd-produkt\/the-cbd-bible\/#breadcrumb\",\"itemListElement\":[{\"@type\":\"ListItem\",\"position\":1,\"name\":\"Startseite\",\"item\":\"https:\/\/cbdtest.wimbo.at\/en\/\"},{\"@type\":\"ListItem\",\"position\":2,\"name\":\"Shop\",\"item\":\"https:\/\/cbdtest.wimbo.at\/en\/shop\/\"},{\"@type\":\"ListItem\",\"position\":3,\"name\":\"The CBD Bible\"}]}]}<\/script>\n<!-- \/ Yoast SEO plugin. -->","yoast_head_json":{"title":"The CBD Bible | CBD flowers | Order CBD oil online now | FREYA CBD","description":"The CBD Bible Buy CBD Blossoms CBD Oil CBD Oil in organic quality Order CBD online now from freya CBDCURE","robots":{"index":"noindex","follow":"follow","max-snippet":"max-snippet:-1","max-image-preview":"max-image-preview:large","max-video-preview":"max-video-preview:-1"},"og_locale":"en_US","og_type":"article","og_title":"The CBD Bible | CBD flowers | Order CBD oil online now | FREYA CBD","og_description":"The CBD Bible Buy CBD Blossoms CBD Oil CBD Oil in organic quality Order CBD online now from freya CBDCURE","og_url":"https:\/\/cbdtest.wimbo.at\/en\/cbd-produkt\/the-cbd-bible\/","og_site_name":"CBD Bl\u00fcten | CBD \u00d6l online bestellen | FREYA CBDCURE","article_publisher":"https:\/\/www.facebook.com\/freyacbdcure\/","article_modified_time":"2021-02-13T17:33:24+00:00","og_image":[{"width":400,"height":600,"url":"https:\/\/cbdtest.wimbo.at\/wp-content\/uploads\/2020\/10\/The-CBD-Bible.jpeg","type":"image\/jpeg"}],"twitter_card":"summary_large_image","twitter_site":"@freya_cbd_cure","twitter_misc":{"Est. reading time":"1 minute"},"schema":{"@context":"https:\/\/schema.org","@graph":[{"@type":"Organization","@id":"https:\/\/cbdtest.wimbo.at\/#organization","name":"CBD Bl\u00fcten, \u00d6l online kaufen | Freya cbdcure","url":"https:\/\/cbdtest.wimbo.at\/","sameAs":["https:\/\/www.facebook.com\/freyacbdcure\/","https:\/\/www.instagram.com\/freya_cbd_cure\/","https:\/\/www.linkedin.com\/company\/freya-cbdcure\/","https:\/\/www.pinterest.at\/freyacbdcure\/","https:\/\/twitter.com\/freya_cbd_cure"],"logo":{"@type":"ImageObject","@id":"https:\/\/cbdtest.wimbo.at\/#logo","inLanguage":"en-US","url":"http:\/\/cbdtest.wimbo.at\/wp-content\/uploads\/2020\/09\/freya_logo.png","contentUrl":"http:\/\/cbdtest.wimbo.at\/wp-content\/uploads\/2020\/09\/freya_logo.png","width":800,"height":1073,"caption":"CBD Bl\u00fcten, \u00d6l online kaufen | Freya cbdcure"},"image":{"@id":"https:\/\/cbdtest.wimbo.at\/#logo"}},{"@type":"WebSite","@id":"https:\/\/cbdtest.wimbo.at\/#website","url":"https:\/\/cbdtest.wimbo.at\/","name":"CBD Bl\u00fcten | CBD \u00d6l online bestellen | FREYA CBDCURE","description":"CBD \u00d6l Produkte \/ CBD Bl\u00fcten Bio Hanf einfach und bequem Online Kaufen","publisher":{"@id":"https:\/\/cbdtest.wimbo.at\/#organization"},"potentialAction":[{"@type":"SearchAction","target":{"@type":"EntryPoint","urlTemplate":"https:\/\/cbdtest.wimbo.at\/?s={search_term_string}"},"query-input":"required name=search_term_string"}],"inLanguage":"en-US"},{"@type":"ImageObject","@id":"https:\/\/cbdtest.wimbo.at\/en\/cbd-produkt\/the-cbd-bible\/#primaryimage","inLanguage":"en-US","url":"https:\/\/cbdtest.wimbo.at\/wp-content\/uploads\/2020\/10\/The-CBD-Bible.jpeg","contentUrl":"https:\/\/cbdtest.wimbo.at\/wp-content\/uploads\/2020\/10\/The-CBD-Bible.jpeg","width":400,"height":600,"caption":"The CBD Bible"},{"@type":"WebPage","@id":"https:\/\/cbdtest.wimbo.at\/en\/cbd-produkt\/the-cbd-bible\/#webpage","url":"https:\/\/cbdtest.wimbo.at\/en\/cbd-produkt\/the-cbd-bible\/","name":"The CBD Bible | CBD flowers | Order CBD oil online now | FREYA CBD","isPartOf":{"@id":"https:\/\/cbdtest.wimbo.at\/#website"},"primaryImageOfPage":{"@id":"https:\/\/cbdtest.wimbo.at\/en\/cbd-produkt\/the-cbd-bible\/#primaryimage"},"datePublished":"2020-10-15T14:46:37+00:00","dateModified":"2021-02-13T17:33:24+00:00","description":"The CBD Bible Buy CBD Blossoms CBD Oil CBD Oil in organic quality Order CBD online now from freya CBDCURE","breadcrumb":{"@id":"https:\/\/cbdtest.wimbo.at\/en\/cbd-produkt\/the-cbd-bible\/#breadcrumb"},"inLanguage":"en-US","potentialAction":[{"@type":"ReadAction","target":["https:\/\/cbdtest.wimbo.at\/en\/cbd-produkt\/the-cbd-bible\/"]}]},{"@type":"BreadcrumbList","@id":"https:\/\/cbdtest.wimbo.at\/en\/cbd-produkt\/the-cbd-bible\/#breadcrumb","itemListElement":[{"@type":"ListItem","position":1,"name":"Startseite","item":"https:\/\/cbdtest.wimbo.at\/en\/"},{"@type":"ListItem","position":2,"name":"Shop","item":"https:\/\/cbdtest.wimbo.at\/en\/shop\/"},{"@type":"ListItem","position":3,"name":"The CBD Bible"}]}]}},"_links":{"self":[{"href":"https:\/\/cbdtest.wimbo.at\/en\/wp-json\/wp\/v2\/product\/5948"}],"collection":[{"href":"https:\/\/cbdtest.wimbo.at\/en\/wp-json\/wp\/v2\/product"}],"about":[{"href":"https:\/\/cbdtest.wimbo.at\/en\/wp-json\/wp\/v2\/types\/product"}],"replies":[{"embeddable":true,"href":"https:\/\/cbdtest.wimbo.at\/en\/wp-json\/wp\/v2\/comments?post=5948"}],"version-history":[{"count":0,"href":"https:\/\/cbdtest.wimbo.at\/en\/wp-json\/wp\/v2\/product\/5948\/revisions"}],"wp:featuredmedia":[{"embeddable":true,"href":"https:\/\/cbdtest.wimbo.at\/en\/wp-json\/wp\/v2\/media\/5441"}],"wp:attachment":[{"href":"https:\/\/cbdtest.wimbo.at\/en\/wp-json\/wp\/v2\/media?parent=5948"}],"wp:term":[{"taxonomy":"product_cat","embeddable":true,"href":"https:\/\/cbdtest.wimbo.at\/en\/wp-json\/wp\/v2\/product_cat?post=5948"},{"taxonomy":"product_tag","embeddable":true,"href":"https:\/\/cbdtest.wimbo.at\/en\/wp-json\/wp\/v2\/product_tag?post=5948"}],"curies":[{"name":"wp","href":"https:\/\/api.w.org\/{rel}","templated":true}]}}