{"id":5940,"date":"2020-06-30T19:14:38","date_gmt":"2020-06-30T17:14:38","guid":{"rendered":"http:\/\/cbdtest.wimbo.at\/produkt\/organic-hemp-cbd-blossoms-lemon-haze\/"},"modified":"2021-08-07T13:55:02","modified_gmt":"2021-08-07T11:55:02","slug":"organic-hemp-cbd-flowers-lemon-haze","status":"publish","type":"product","link":"https:\/\/cbdtest.wimbo.at\/en\/cbd-produkt\/organic-hemp-cbd-flowers-lemon-haze\/","title":{"rendered":"Organic hemp CBD flowers &#8211; LEMON HAZE"},"content":{"rendered":"<h2>Lemon Haze CBD flowers<\/h2>\n<p>Our organic <strong>Lemon Haze<\/strong> hemp flowers are grown in glass houses and are rich in the active ingredient cannabidiol (CBD).<\/p>\n<p><strong>Lemon Haze Aroma:<\/strong> Lemon Haze a powerful, skunky aroma, the pungent aroma resembles an earthy note with a unique organic taste that makes it a bit rougher and harder. Together, these aromas result in an overwhelming combination of fragrances that, in themselves, offer a pleasant experience. While the scent of the Lemon Haze may appeal to most users, there are limits. For example, those who prefer a more subtle experience might not enjoy the scent acrobatics of this strain.<\/p>\n<p><strong>Profile:<\/strong> Lemon Haze awakens the body with its strong lime scent, which is sour and sour, but still pleasant. A subtle sweetness complements the sour base note and offers users a real sense of wellbeing.<\/p>\n<p><strong>Cultivation:<\/strong> is cultivated under strict cultivation and production guidelines and gently processed into high-quality CBD cannabis flowers.<\/p>\n<p><strong>Harvest:<\/strong> are hand-picked, seedless CBD cannabis flowers with no leaves or stems. The taste impresses with its complex aromas and a sweet and fruity note.<\/p>\n<p><strong>Packaging:<\/strong> We fill the jar, so our freya-CBDCURE CBD flowers are permanently protected from drying out and the quality is retained for a long time. Next to paper, glass is the easiest raw material to recycle. Our hemp flowers are tested in the laboratory. Certificates are available.<\/p>\n<p>The CBD content is around 6% and the THC content is less than 0.2%<\/p>\n<p><em>Disclaimer: These products are not intended for use as food. They are not sold for smoking.<\/em><\/p>\n","protected":false},"excerpt":{"rendered":"<p>Hand selected<\/p>\n<p>Greenhouse &lt;6% CBD &hellip; <a href=\"https:\/\/cbdtest.wimbo.at\/en\/cbd-produkt\/organic-hemp-cbd-flowers-lemon-haze\/\">Read More<\/a><\/p>\n","protected":false},"featured_media":4842,"comment_status":"open","ping_status":"closed","template":"","meta":[],"product_cat":[109],"product_tag":[],"yoast_head":"<!-- This site is optimized with the Yoast SEO plugin v17.7.1 - https:\/\/yoast.com\/wordpress\/plugins\/seo\/ -->\n<title>LEMON HAZE | CBD flowers | Order CBD oil online now | FREYA CBD<\/title>\n<meta name=\"description\" content=\"Organic hemp CBD flowers - LEMON HAZE CBD Bl\u00fcten \/ CBD \u00d6l kaufen | CBD \u00d6l in Bio Qualit\u00e4t | Jetzt CBD direkt online bestellen bei FREYA Cbdcure\" \/>\n<meta name=\"robots\" content=\"noindex, follow, max-snippet:-1, max-image-preview:large, max-video-preview:-1\" \/>\n<meta property=\"og:locale\" content=\"en_US\" \/>\n<meta property=\"og:type\" content=\"article\" \/>\n<meta property=\"og:title\" content=\"LEMON HAZE | CBD flowers | Order CBD oil online now | FREYA CBD\" \/>\n<meta property=\"og:description\" content=\"Organic hemp CBD flowers - LEMON HAZE CBD Bl\u00fcten \/ CBD \u00d6l kaufen | CBD \u00d6l in Bio Qualit\u00e4t | Jetzt CBD direkt online bestellen bei FREYA Cbdcure\" \/>\n<meta property=\"og:url\" content=\"https:\/\/cbdtest.wimbo.at\/en\/cbd-produkt\/organic-hemp-cbd-flowers-lemon-haze\/\" \/>\n<meta property=\"og:site_name\" content=\"CBD Bl\u00fcten | CBD \u00d6l online bestellen | FREYA CBDCURE\" \/>\n<meta property=\"article:publisher\" content=\"https:\/\/www.facebook.com\/freyacbdcure\/\" \/>\n<meta property=\"article:modified_time\" content=\"2021-08-07T11:55:02+00:00\" \/>\n<meta property=\"og:image\" content=\"https:\/\/cbdtest.wimbo.at\/wp-content\/uploads\/2020\/06\/freya_cbd-Lemon-haze..jpg\" \/>\n\t<meta property=\"og:image:width\" content=\"2048\" \/>\n\t<meta property=\"og:image:height\" content=\"2048\" \/>\n<meta name=\"twitter:card\" content=\"summary_large_image\" \/>\n<meta name=\"twitter:site\" content=\"@freya_cbd_cure\" \/>\n<meta name=\"twitter:label1\" content=\"Est. reading time\" \/>\n\t<meta name=\"twitter:data1\" content=\"1 minute\" \/>\n<script type=\"application\/ld+json\" class=\"yoast-schema-graph\">{\"@context\":\"https:\/\/schema.org\",\"@graph\":[{\"@type\":\"Organization\",\"@id\":\"https:\/\/cbdtest.wimbo.at\/#organization\",\"name\":\"CBD Bl\\u00fcten, \\u00d6l online kaufen | Freya cbdcure\",\"url\":\"https:\/\/cbdtest.wimbo.at\/\",\"sameAs\":[\"https:\/\/www.facebook.com\/freyacbdcure\/\",\"https:\/\/www.instagram.com\/freya_cbd_cure\/\",\"https:\/\/www.linkedin.com\/company\/freya-cbdcure\/\",\"https:\/\/www.pinterest.at\/freyacbdcure\/\",\"https:\/\/twitter.com\/freya_cbd_cure\"],\"logo\":{\"@type\":\"ImageObject\",\"@id\":\"https:\/\/cbdtest.wimbo.at\/#logo\",\"inLanguage\":\"en-US\",\"url\":\"http:\/\/cbdtest.wimbo.at\/wp-content\/uploads\/2020\/09\/freya_logo.png\",\"contentUrl\":\"http:\/\/cbdtest.wimbo.at\/wp-content\/uploads\/2020\/09\/freya_logo.png\",\"width\":800,\"height\":1073,\"caption\":\"CBD Bl\\u00fcten, \\u00d6l online kaufen | Freya cbdcure\"},\"image\":{\"@id\":\"https:\/\/cbdtest.wimbo.at\/#logo\"}},{\"@type\":\"WebSite\",\"@id\":\"https:\/\/cbdtest.wimbo.at\/#website\",\"url\":\"https:\/\/cbdtest.wimbo.at\/\",\"name\":\"CBD Bl\\u00fcten | CBD \\u00d6l online bestellen | FREYA CBDCURE\",\"description\":\"CBD \\u00d6l Produkte \/ CBD Bl\\u00fcten Bio Hanf einfach und bequem Online Kaufen\",\"publisher\":{\"@id\":\"https:\/\/cbdtest.wimbo.at\/#organization\"},\"potentialAction\":[{\"@type\":\"SearchAction\",\"target\":{\"@type\":\"EntryPoint\",\"urlTemplate\":\"https:\/\/cbdtest.wimbo.at\/?s={search_term_string}\"},\"query-input\":\"required name=search_term_string\"}],\"inLanguage\":\"en-US\"},{\"@type\":\"ImageObject\",\"@id\":\"https:\/\/cbdtest.wimbo.at\/en\/cbd-produkt\/organic-hemp-cbd-flowers-lemon-haze\/#primaryimage\",\"inLanguage\":\"en-US\",\"url\":\"https:\/\/cbdtest.wimbo.at\/wp-content\/uploads\/2020\/06\/freya_cbd-Lemon-haze..jpg\",\"contentUrl\":\"https:\/\/cbdtest.wimbo.at\/wp-content\/uploads\/2020\/06\/freya_cbd-Lemon-haze..jpg\",\"width\":2048,\"height\":2048,\"caption\":\"Bio Hanf CBD Bl\\u00fcten \\u2013 LEMON HAZE\"},{\"@type\":\"WebPage\",\"@id\":\"https:\/\/cbdtest.wimbo.at\/en\/cbd-produkt\/organic-hemp-cbd-flowers-lemon-haze\/#webpage\",\"url\":\"https:\/\/cbdtest.wimbo.at\/en\/cbd-produkt\/organic-hemp-cbd-flowers-lemon-haze\/\",\"name\":\"LEMON HAZE | CBD flowers | Order CBD oil online now | FREYA CBD\",\"isPartOf\":{\"@id\":\"https:\/\/cbdtest.wimbo.at\/#website\"},\"primaryImageOfPage\":{\"@id\":\"https:\/\/cbdtest.wimbo.at\/en\/cbd-produkt\/organic-hemp-cbd-flowers-lemon-haze\/#primaryimage\"},\"datePublished\":\"2020-06-30T17:14:38+00:00\",\"dateModified\":\"2021-08-07T11:55:02+00:00\",\"description\":\"Organic hemp CBD flowers - LEMON HAZE CBD Bl\\u00fcten \/ CBD \\u00d6l kaufen | CBD \\u00d6l in Bio Qualit\\u00e4t | Jetzt CBD direkt online bestellen bei FREYA Cbdcure\",\"breadcrumb\":{\"@id\":\"https:\/\/cbdtest.wimbo.at\/en\/cbd-produkt\/organic-hemp-cbd-flowers-lemon-haze\/#breadcrumb\"},\"inLanguage\":\"en-US\",\"potentialAction\":[{\"@type\":\"ReadAction\",\"target\":[\"https:\/\/cbdtest.wimbo.at\/en\/cbd-produkt\/organic-hemp-cbd-flowers-lemon-haze\/\"]}]},{\"@type\":\"BreadcrumbList\",\"@id\":\"https:\/\/cbdtest.wimbo.at\/en\/cbd-produkt\/organic-hemp-cbd-flowers-lemon-haze\/#breadcrumb\",\"itemListElement\":[{\"@type\":\"ListItem\",\"position\":1,\"name\":\"Startseite\",\"item\":\"https:\/\/cbdtest.wimbo.at\/en\/\"},{\"@type\":\"ListItem\",\"position\":2,\"name\":\"Shop\",\"item\":\"https:\/\/cbdtest.wimbo.at\/en\/shop\/\"},{\"@type\":\"ListItem\",\"position\":3,\"name\":\"Organic hemp CBD flowers &#8211; LEMON HAZE\"}]}]}<\/script>\n<!-- \/ Yoast SEO plugin. -->","yoast_head_json":{"title":"LEMON HAZE | CBD flowers | Order CBD oil online now | FREYA CBD","description":"Organic hemp CBD flowers - LEMON HAZE CBD Bl\u00fcten \/ CBD \u00d6l kaufen | CBD \u00d6l in Bio Qualit\u00e4t | Jetzt CBD direkt online bestellen bei FREYA Cbdcure","robots":{"index":"noindex","follow":"follow","max-snippet":"max-snippet:-1","max-image-preview":"max-image-preview:large","max-video-preview":"max-video-preview:-1"},"og_locale":"en_US","og_type":"article","og_title":"LEMON HAZE | CBD flowers | Order CBD oil online now | FREYA CBD","og_description":"Organic hemp CBD flowers - LEMON HAZE CBD Bl\u00fcten \/ CBD \u00d6l kaufen | CBD \u00d6l in Bio Qualit\u00e4t | Jetzt CBD direkt online bestellen bei FREYA Cbdcure","og_url":"https:\/\/cbdtest.wimbo.at\/en\/cbd-produkt\/organic-hemp-cbd-flowers-lemon-haze\/","og_site_name":"CBD Bl\u00fcten | CBD \u00d6l online bestellen | FREYA CBDCURE","article_publisher":"https:\/\/www.facebook.com\/freyacbdcure\/","article_modified_time":"2021-08-07T11:55:02+00:00","og_image":[{"width":2048,"height":2048,"url":"https:\/\/cbdtest.wimbo.at\/wp-content\/uploads\/2020\/06\/freya_cbd-Lemon-haze..jpg","type":"image\/jpeg"}],"twitter_card":"summary_large_image","twitter_site":"@freya_cbd_cure","twitter_misc":{"Est. reading time":"1 minute"},"schema":{"@context":"https:\/\/schema.org","@graph":[{"@type":"Organization","@id":"https:\/\/cbdtest.wimbo.at\/#organization","name":"CBD Bl\u00fcten, \u00d6l online kaufen | Freya cbdcure","url":"https:\/\/cbdtest.wimbo.at\/","sameAs":["https:\/\/www.facebook.com\/freyacbdcure\/","https:\/\/www.instagram.com\/freya_cbd_cure\/","https:\/\/www.linkedin.com\/company\/freya-cbdcure\/","https:\/\/www.pinterest.at\/freyacbdcure\/","https:\/\/twitter.com\/freya_cbd_cure"],"logo":{"@type":"ImageObject","@id":"https:\/\/cbdtest.wimbo.at\/#logo","inLanguage":"en-US","url":"http:\/\/cbdtest.wimbo.at\/wp-content\/uploads\/2020\/09\/freya_logo.png","contentUrl":"http:\/\/cbdtest.wimbo.at\/wp-content\/uploads\/2020\/09\/freya_logo.png","width":800,"height":1073,"caption":"CBD Bl\u00fcten, \u00d6l online kaufen | Freya cbdcure"},"image":{"@id":"https:\/\/cbdtest.wimbo.at\/#logo"}},{"@type":"WebSite","@id":"https:\/\/cbdtest.wimbo.at\/#website","url":"https:\/\/cbdtest.wimbo.at\/","name":"CBD Bl\u00fcten | CBD \u00d6l online bestellen | FREYA CBDCURE","description":"CBD \u00d6l Produkte \/ CBD Bl\u00fcten Bio Hanf einfach und bequem Online Kaufen","publisher":{"@id":"https:\/\/cbdtest.wimbo.at\/#organization"},"potentialAction":[{"@type":"SearchAction","target":{"@type":"EntryPoint","urlTemplate":"https:\/\/cbdtest.wimbo.at\/?s={search_term_string}"},"query-input":"required name=search_term_string"}],"inLanguage":"en-US"},{"@type":"ImageObject","@id":"https:\/\/cbdtest.wimbo.at\/en\/cbd-produkt\/organic-hemp-cbd-flowers-lemon-haze\/#primaryimage","inLanguage":"en-US","url":"https:\/\/cbdtest.wimbo.at\/wp-content\/uploads\/2020\/06\/freya_cbd-Lemon-haze..jpg","contentUrl":"https:\/\/cbdtest.wimbo.at\/wp-content\/uploads\/2020\/06\/freya_cbd-Lemon-haze..jpg","width":2048,"height":2048,"caption":"Bio Hanf CBD Bl\u00fcten \u2013 LEMON HAZE"},{"@type":"WebPage","@id":"https:\/\/cbdtest.wimbo.at\/en\/cbd-produkt\/organic-hemp-cbd-flowers-lemon-haze\/#webpage","url":"https:\/\/cbdtest.wimbo.at\/en\/cbd-produkt\/organic-hemp-cbd-flowers-lemon-haze\/","name":"LEMON HAZE | CBD flowers | Order CBD oil online now | FREYA CBD","isPartOf":{"@id":"https:\/\/cbdtest.wimbo.at\/#website"},"primaryImageOfPage":{"@id":"https:\/\/cbdtest.wimbo.at\/en\/cbd-produkt\/organic-hemp-cbd-flowers-lemon-haze\/#primaryimage"},"datePublished":"2020-06-30T17:14:38+00:00","dateModified":"2021-08-07T11:55:02+00:00","description":"Organic hemp CBD flowers - LEMON HAZE CBD Bl\u00fcten \/ CBD \u00d6l kaufen | CBD \u00d6l in Bio Qualit\u00e4t | Jetzt CBD direkt online bestellen bei FREYA Cbdcure","breadcrumb":{"@id":"https:\/\/cbdtest.wimbo.at\/en\/cbd-produkt\/organic-hemp-cbd-flowers-lemon-haze\/#breadcrumb"},"inLanguage":"en-US","potentialAction":[{"@type":"ReadAction","target":["https:\/\/cbdtest.wimbo.at\/en\/cbd-produkt\/organic-hemp-cbd-flowers-lemon-haze\/"]}]},{"@type":"BreadcrumbList","@id":"https:\/\/cbdtest.wimbo.at\/en\/cbd-produkt\/organic-hemp-cbd-flowers-lemon-haze\/#breadcrumb","itemListElement":[{"@type":"ListItem","position":1,"name":"Startseite","item":"https:\/\/cbdtest.wimbo.at\/en\/"},{"@type":"ListItem","position":2,"name":"Shop","item":"https:\/\/cbdtest.wimbo.at\/en\/shop\/"},{"@type":"ListItem","position":3,"name":"Organic hemp CBD flowers &#8211; LEMON HAZE"}]}]}},"_links":{"self":[{"href":"https:\/\/cbdtest.wimbo.at\/en\/wp-json\/wp\/v2\/product\/5940"}],"collection":[{"href":"https:\/\/cbdtest.wimbo.at\/en\/wp-json\/wp\/v2\/product"}],"about":[{"href":"https:\/\/cbdtest.wimbo.at\/en\/wp-json\/wp\/v2\/types\/product"}],"replies":[{"embeddable":true,"href":"https:\/\/cbdtest.wimbo.at\/en\/wp-json\/wp\/v2\/comments?post=5940"}],"version-history":[{"count":0,"href":"https:\/\/cbdtest.wimbo.at\/en\/wp-json\/wp\/v2\/product\/5940\/revisions"}],"wp:featuredmedia":[{"embeddable":true,"href":"https:\/\/cbdtest.wimbo.at\/en\/wp-json\/wp\/v2\/media\/4842"}],"wp:attachment":[{"href":"https:\/\/cbdtest.wimbo.at\/en\/wp-json\/wp\/v2\/media?parent=5940"}],"wp:term":[{"taxonomy":"product_cat","embeddable":true,"href":"https:\/\/cbdtest.wimbo.at\/en\/wp-json\/wp\/v2\/product_cat?post=5940"},{"taxonomy":"product_tag","embeddable":true,"href":"https:\/\/cbdtest.wimbo.at\/en\/wp-json\/wp\/v2\/product_tag?post=5940"}],"curies":[{"name":"wp","href":"https:\/\/api.w.org\/{rel}","templated":true}]}}