{"id":5236,"date":"2020-10-07T20:25:53","date_gmt":"2020-10-07T18:25:53","guid":{"rendered":"http:\/\/cbdtest.wimbo.at\/what-is-cbd\/"},"modified":"2021-11-30T22:00:17","modified_gmt":"2021-11-30T21:00:17","slug":"what-is-cbd","status":"publish","type":"page","link":"https:\/\/cbdtest.wimbo.at\/en\/what-is-cbd\/","title":{"rendered":"What is CBD?"},"content":{"rendered":"\t\t<div data-elementor-type=\"wp-post\" data-elementor-id=\"5236\" class=\"elementor elementor-5236 elementor-2693\" data-elementor-settings=\"[]\">\n\t\t\t\t\t\t<div class=\"elementor-inner\">\n\t\t\t\t\t\t\t<div class=\"elementor-section-wrap\">\n\t\t\t\t\t\t\t<section class=\"elementor-section elementor-top-section elementor-element elementor-element-27ee92a1 elementor-reverse-mobile elementor-section-boxed elementor-section-height-default elementor-section-height-default\" data-id=\"27ee92a1\" data-element_type=\"section\" data-settings=\"{&quot;background_background&quot;:&quot;classic&quot;}\">\n\t\t\t\t\t\t<div class=\"elementor-container elementor-column-gap-default\">\n\t\t\t\t\t\t\t<div class=\"elementor-row\">\n\t\t\t\t\t<div class=\"elementor-column elementor-col-100 elementor-top-column elementor-element elementor-element-6bb005d3\" data-id=\"6bb005d3\" data-element_type=\"column\">\n\t\t\t<div class=\"elementor-column-wrap elementor-element-populated\">\n\t\t\t\t\t\t\t<div class=\"elementor-widget-wrap\">\n\t\t\t\t\t\t<div class=\"elementor-element elementor-element-28b9d7f6 elementor-invisible elementor-widget elementor-widget-heading\" data-id=\"28b9d7f6\" data-element_type=\"widget\" data-settings=\"{&quot;_animation&quot;:&quot;fadeInDown&quot;,&quot;_animation_delay&quot;:100}\" data-widget_type=\"heading.default\">\n\t\t\t\t<div class=\"elementor-widget-container\">\n\t\t\t<h1 class=\"elementor-heading-title elementor-size-default\">What is CBD?<\/h1>\t\t<\/div>\n\t\t\t\t<\/div>\n\t\t\t\t<div class=\"elementor-element elementor-element-15ed81d elementor-widget elementor-widget-spacer\" data-id=\"15ed81d\" data-element_type=\"widget\" data-widget_type=\"spacer.default\">\n\t\t\t\t<div class=\"elementor-widget-container\">\n\t\t\t\t\t<div class=\"elementor-spacer\">\n\t\t\t<div class=\"elementor-spacer-inner\"><\/div>\n\t\t<\/div>\n\t\t\t\t<\/div>\n\t\t\t\t<\/div>\n\t\t\t\t<div class=\"elementor-element elementor-element-39618b1 elementor-invisible elementor-widget elementor-widget-image\" data-id=\"39618b1\" data-element_type=\"widget\" data-settings=\"{&quot;_animation&quot;:&quot;tada&quot;}\" data-widget_type=\"image.default\">\n\t\t\t\t<div class=\"elementor-widget-container\">\n\t\t\t\t\t\t\t\t<div class=\"elementor-image\">\n\t\t\t\t\t\t\t\t\t\t\t\t<img src=\"http:\/\/cbdtest.wimbo.at\/wp-content\/uploads\/2019\/10\/sterne.png\" title=\"\" alt=\"\" \/>\t\t\t\t\t\t\t\t\t\t\t\t\t\t<\/div>\n\t\t\t\t\t\t<\/div>\n\t\t\t\t<\/div>\n\t\t\t\t\t\t<\/div>\n\t\t\t\t\t<\/div>\n\t\t<\/div>\n\t\t\t\t\t\t\t\t<\/div>\n\t\t\t\t\t<\/div>\n\t\t<\/section>\n\t\t\t\t<section class=\"elementor-section elementor-top-section elementor-element elementor-element-f91ecda elementor-section-boxed elementor-section-height-default elementor-section-height-default\" data-id=\"f91ecda\" data-element_type=\"section\">\n\t\t\t\t\t\t<div class=\"elementor-container elementor-column-gap-default\">\n\t\t\t\t\t\t\t<div class=\"elementor-row\">\n\t\t\t\t\t<div class=\"elementor-column elementor-col-100 elementor-top-column elementor-element elementor-element-07fdd4c\" data-id=\"07fdd4c\" data-element_type=\"column\">\n\t\t\t<div class=\"elementor-column-wrap elementor-element-populated\">\n\t\t\t\t\t\t\t<div class=\"elementor-widget-wrap\">\n\t\t\t\t\t\t<div class=\"elementor-element elementor-element-16e87bd elementor-widget elementor-widget-text-editor\" data-id=\"16e87bd\" data-element_type=\"widget\" data-widget_type=\"text-editor.default\">\n\t\t\t\t<div class=\"elementor-widget-container\">\n\t\t\t\t\t\t\t\t<div class=\"elementor-text-editor elementor-clearfix\">\n\t\t\t\t<h2>CBD: The New Wellness Ingredient Everyone Craves<\/h2>\n<p>CBD is becoming increasingly popular and is the trend substance that is making its way into <a href=\"\/en\/cbd-category\/cbd-wellness\/\"><strong> wellness and Beauty<\/strong> <\/a>department finds. This compound in the hemp plant like THC, more well known and controversial, has many supporters who praise its relaxing and anti-inflammatory properties.<\/p>\n<p>In recent years, wellbeing has been the focus of all concerns, and new disciplines and wonder ingredients have emerged to alleviate all of our ailments.<strong> Meditation, yoga, Asmr, Reiki or even acupressure<\/strong> meet these requirements. Among the miracle ingredients we can quote superfoods, kombucha or acai. But another one that has been talked about a lot over the past few months is<strong> CBD, or cannabidiol.<\/strong><\/p>\n\t\t\t\t\t<\/div>\n\t\t\t\t\t\t<\/div>\n\t\t\t\t<\/div>\n\t\t\t\t\t\t<\/div>\n\t\t\t\t\t<\/div>\n\t\t<\/div>\n\t\t\t\t\t\t\t\t<\/div>\n\t\t\t\t\t<\/div>\n\t\t<\/section>\n\t\t\t\t<section class=\"elementor-section elementor-top-section elementor-element elementor-element-e946d4f elementor-section-boxed elementor-section-height-default elementor-section-height-default\" data-id=\"e946d4f\" data-element_type=\"section\" data-settings=\"{&quot;background_background&quot;:&quot;classic&quot;}\">\n\t\t\t\t\t\t<div class=\"elementor-container elementor-column-gap-default\">\n\t\t\t\t\t\t\t<div class=\"elementor-row\">\n\t\t\t\t\t<div class=\"elementor-column elementor-col-50 elementor-top-column elementor-element elementor-element-95d3403\" data-id=\"95d3403\" data-element_type=\"column\">\n\t\t\t<div class=\"elementor-column-wrap elementor-element-populated\">\n\t\t\t\t\t\t\t<div class=\"elementor-widget-wrap\">\n\t\t\t\t\t\t<div class=\"elementor-element elementor-element-ed3558a elementor-widget elementor-widget-text-editor\" data-id=\"ed3558a\" data-element_type=\"widget\" data-widget_type=\"text-editor.default\">\n\t\t\t\t<div class=\"elementor-widget-container\">\n\t\t\t\t\t\t\t\t<div class=\"elementor-text-editor elementor-clearfix\">\n\t\t\t\t<section>\n<div data-elementor-type=\"wp-post\" data-elementor-id=\"848\" data-elementor-settings=\"[]\">\n<section data-id=\"c254773\" data-element_type=\"section\" data-settings=\"{\">\n<div data-id=\"d26e29a\" data-element_type=\"column\">\n<div data-id=\"baf3f0d\" data-element_type=\"widget\" data-widget_type=\"text-editor.default\">\n<h3>What is a cannabinoid?<\/h3>\n<p>To understand how hemp oil products work in the body, you first need to understand the endocannabinoid system (ECS), which is part of the mammalian central nervous system.<\/p>\n<p>You and everyone you know &#8211; including your four-legged friends &#8211; have endocannabinoid systems (ECS). ECS is thought to play a crucial role in many bodily functions, including appetite, sleep, mood and damage control.<\/p>\n<h3>What is the entourage effect?<\/h3>\n<p>CBD oil &amp; Hemp flowers are the best way to supplement your <a href=\"https:\/\/www.freya-cbdcure.com\/en\/endocannabidiod-system-ecs-system\/\">ECS or endocannabinoid system<\/a> (part of the nervous system) and at the same time benefit from hemp seed oil. In short, CBD increases your well-being<\/p>\n<p>The use of a full spectrum CBD product oil &amp; hemp flowers enables what scientists call the &#8220;entourage effect&#8221;. Indeed, it is claimed that CBD acts <b> more effectively <\/b> in the presence of the many other cannabinoids found in cannabis. And that is why freya CBDCURE only uses full spectrum oil with traces of CBD (cannabidiol) and CBDA (cannabidiol acid) and many other cannabinoids (e.g. CBG, CBDV, CBN and CBC) as well as terpenes and flavonoids for its products, which unfold their full power. In addition, Bio CBD extracts contain phenols, valuable <b>unsaturated fatty acids<\/b> and <b>mineral substances<\/b>.<\/p>\n<h3><a href=\"\/en\/experience-the-benefits-of-cbd-with-cbd-oil-buy-cbd-oil\/\">How do cannabinoids work in the body?<\/a><\/h3>\n<p>In general, the ECS can be considered as the regulatory committee of your body. When things get out of balance, the ECS intervenes to bring order to the chaos, also known as homeostasis.<\/p>\n<p>Our body has two networks of cannabinoid receptors: CB1 and CB2. CB1 receptors are found in our connective tissues, gonads, organs and throughout our nervous system. CB2 receptors are mostly distributed through the immune system and related organs.<\/p>\n<p>Both versions, however, can be found in a variety of body tissues.<\/p>\n<\/div>\n<\/div>\n<\/section>\n<\/div>\n<\/section>\n\t\t\t\t\t<\/div>\n\t\t\t\t\t\t<\/div>\n\t\t\t\t<\/div>\n\t\t\t\t\t\t<\/div>\n\t\t\t\t\t<\/div>\n\t\t<\/div>\n\t\t\t\t<div class=\"elementor-column elementor-col-50 elementor-top-column elementor-element elementor-element-b6bc59d\" data-id=\"b6bc59d\" data-element_type=\"column\">\n\t\t\t<div class=\"elementor-column-wrap elementor-element-populated\">\n\t\t\t\t\t\t\t<div class=\"elementor-widget-wrap\">\n\t\t\t\t\t\t<div class=\"elementor-element elementor-element-3c44218 elementor-widget elementor-widget-image\" data-id=\"3c44218\" data-element_type=\"widget\" data-widget_type=\"image.default\">\n\t\t\t\t<div class=\"elementor-widget-container\">\n\t\t\t\t\t\t\t\t<div class=\"elementor-image\">\n\t\t\t\t\t\t\t\t\t\t\t\t<img src=\"http:\/\/cbdtest.wimbo.at\/wp-content\/uploads\/2020\/08\/freya-CBDCURE-Cannabis-Hanf-und-Sex.jpeg\" title=\"\" alt=\"\" \/>\t\t\t\t\t\t\t\t\t\t\t\t\t\t<\/div>\n\t\t\t\t\t\t<\/div>\n\t\t\t\t<\/div>\n\t\t\t\t\t\t<\/div>\n\t\t\t\t\t<\/div>\n\t\t<\/div>\n\t\t\t\t\t\t\t\t<\/div>\n\t\t\t\t\t<\/div>\n\t\t<\/section>\n\t\t\t\t<section class=\"elementor-section elementor-top-section elementor-element elementor-element-57fcdd6 elementor-section-boxed elementor-section-height-default elementor-section-height-default\" data-id=\"57fcdd6\" data-element_type=\"section\">\n\t\t\t\t\t\t<div class=\"elementor-container elementor-column-gap-default\">\n\t\t\t\t\t\t\t<div class=\"elementor-row\">\n\t\t\t\t\t<div class=\"elementor-column elementor-col-100 elementor-top-column elementor-element elementor-element-61a6c9e\" data-id=\"61a6c9e\" data-element_type=\"column\">\n\t\t\t<div class=\"elementor-column-wrap\">\n\t\t\t\t\t\t\t<div class=\"elementor-widget-wrap\">\n\t\t\t\t\t\t\t\t<\/div>\n\t\t\t\t\t<\/div>\n\t\t<\/div>\n\t\t\t\t\t\t\t\t<\/div>\n\t\t\t\t\t<\/div>\n\t\t<\/section>\n\t\t\t\t<section class=\"elementor-section elementor-top-section elementor-element elementor-element-4ba4ceb elementor-reverse-tablet elementor-reverse-mobile elementor-section-boxed elementor-section-height-default elementor-section-height-default\" data-id=\"4ba4ceb\" data-element_type=\"section\" data-settings=\"{&quot;background_background&quot;:&quot;classic&quot;}\">\n\t\t\t\t\t\t<div class=\"elementor-container elementor-column-gap-default\">\n\t\t\t\t\t\t\t<div class=\"elementor-row\">\n\t\t\t\t\t<div class=\"elementor-column elementor-col-50 elementor-top-column elementor-element elementor-element-a9040d2\" data-id=\"a9040d2\" data-element_type=\"column\">\n\t\t\t<div class=\"elementor-column-wrap elementor-element-populated\">\n\t\t\t\t\t\t\t<div class=\"elementor-widget-wrap\">\n\t\t\t\t\t\t<div class=\"elementor-element elementor-element-84502d4 elementor-widget elementor-widget-image\" data-id=\"84502d4\" data-element_type=\"widget\" data-widget_type=\"image.default\">\n\t\t\t\t<div class=\"elementor-widget-container\">\n\t\t\t\t\t\t\t\t<div class=\"elementor-image\">\n\t\t\t\t\t\t\t\t\t\t\t\t<img src=\"http:\/\/cbdtest.wimbo.at\/wp-content\/uploads\/2020\/02\/enecta-cannabis-extracts-80wCkpt-IKE-unsplash-scaled.jpg\" title=\"\" alt=\"\" \/>\t\t\t\t\t\t\t\t\t\t\t\t\t\t<\/div>\n\t\t\t\t\t\t<\/div>\n\t\t\t\t<\/div>\n\t\t\t\t\t\t<\/div>\n\t\t\t\t\t<\/div>\n\t\t<\/div>\n\t\t\t\t<div class=\"elementor-column elementor-col-50 elementor-top-column elementor-element elementor-element-c1f06cc\" data-id=\"c1f06cc\" data-element_type=\"column\">\n\t\t\t<div class=\"elementor-column-wrap elementor-element-populated\">\n\t\t\t\t\t\t\t<div class=\"elementor-widget-wrap\">\n\t\t\t\t\t\t<div class=\"elementor-element elementor-element-fd3da4e elementor-widget elementor-widget-text-editor\" data-id=\"fd3da4e\" data-element_type=\"widget\" data-widget_type=\"text-editor.default\">\n\t\t\t\t<div class=\"elementor-widget-container\">\n\t\t\t\t\t\t\t\t<div class=\"elementor-text-editor elementor-clearfix\">\n\t\t\t\t<section>\n<div data-elementor-type=\"wp-post\" data-elementor-id=\"848\" data-elementor-settings=\"[]\">\n<section data-id=\"c254773\" data-element_type=\"section\" data-settings=\"{\">\n<div data-id=\"d26e29a\" data-element_type=\"column\">\n<div data-id=\"baf3f0d\" data-element_type=\"widget\" data-widget_type=\"text-editor.default\">\n<h3>What is full spectrum hemp oil?<\/h3>\n<p>full spectrum hemp oil is a pure extract of the hemp plant, including CBD, CBG, CBN, CBC, flavonoids, terpenes and 0.3% THC. It can be packaged as capsules, ointments, balms, tinctures and more.<\/p>\n<p>However, it is important to understand the different hemp oil varieties available today, as not all hemp products are the same.<\/p>\n<p><a href=\"https:\/\/www.freya-cbdcure.com\/en\/cbd-category\/cbd-organic-oil\/\">Look at our Full Spectrum CBD product catalogue<\/a><\/p>\n<h3>How is full spectrum hemp oil produced ?<\/h3>\n<p>Full-spectrum hemp oil is extracted from the leaves and flowers of the hemp plant (also known as air components of the plant).<\/p>\n<p>The production of full spectrum hemp oil starts with drying the stems, stems, leaves and flowers of fully mature hemp plants, then mashing the whole plant to a fine powder and extracting the oils using a gentle extraction method.<\/p>\n<p>During this process the phytocannabinoids remain complete, ensuring that all potentially beneficial compounds are released in the extracted oil.<\/p>\n<p>Learn how we produce our full spectrum hemp oil: How we grow our plants sustainably<\/p>\n<p><strong>Full spectrum hemp oil advantages<\/strong><\/p>\n<p>Until the Food and Drug Administration (FDA) or, in Europe, the Ages carry out further studies on the effects of phytocannabinoids, manufacturers and retailers are limited in their statements on the efficacy of their products.<\/p>\n<p>This may seem frustrating, but scientific accuracy will help to accurately determine the effects of certain compounds and combinations &#8211; and even lead to new discoveries.<\/p>\n<p><strong>&#8220;Full spectrum &#8221; Phytocannabinoid oils contain all the compounds produced by the plant.<\/strong><\/p>\n<p>Different cannabis varieties produce different spectra of compounds. The compounds in a full spectrum oil vary depending on the genetics of the plants from which it is derived.<\/p>\n<p>For example, hemp does not contain significant amounts of the psychotropic drug tetrahydrocannabinol (THC); therefore, hemp oils are not intoxicating<\/p>\n<p><strong>Try hemp oil with full spectrum<\/strong><\/p>\n<p>Everyone is different, but given the growing popularity of hemp and CBD products, aren&#8217;t you curious to try high quality full spectrum hemp oil?<\/p>\n<p>Find the right product and the right potency for you in freya&#8217;s <a href=\"\/en\/shop\/\">Onlineshop &#8211; freya CBDCURE.<\/a><\/p>\n<\/div>\n<\/div>\n<\/section>\n<\/div>\n<\/section>\n\t\t\t\t\t<\/div>\n\t\t\t\t\t\t<\/div>\n\t\t\t\t<\/div>\n\t\t\t\t\t\t<\/div>\n\t\t\t\t\t<\/div>\n\t\t<\/div>\n\t\t\t\t\t\t\t\t<\/div>\n\t\t\t\t\t<\/div>\n\t\t<\/section>\n\t\t\t\t\t\t<\/div>\n\t\t\t\t\t\t<\/div>\n\t\t\t\t\t<\/div>\n\t\t","protected":false},"excerpt":{"rendered":"<p>What is CBD? CBD: The New Wellness Ingredient Everyone Craves CBD is becoming increasingly popular and is the trend substance that is making its way into wellness and Beauty department finds. This compound in the hemp plant like THC, more &hellip; <a href=\"https:\/\/cbdtest.wimbo.at\/en\/what-is-cbd\/\">Read More<\/a><\/p>\n","protected":false},"author":1,"featured_media":0,"parent":0,"menu_order":4,"comment_status":"closed","ping_status":"closed","template":"","meta":[],"yoast_head":"<!-- This site is optimized with the Yoast SEO plugin v17.7.1 - https:\/\/yoast.com\/wordpress\/plugins\/seo\/ -->\n<title>CBD? the new wellness ingredient | Buy CBD oil directly<\/title>\n<meta name=\"description\" content=\"CBD oil is becoming more and more popular and found its way into the wellness and beauty department | In short, CBD increases your wellbeing | Buy now\" \/>\n<meta name=\"robots\" content=\"noindex, follow, max-snippet:-1, max-image-preview:large, max-video-preview:-1\" \/>\n<meta property=\"og:locale\" content=\"en_US\" \/>\n<meta property=\"og:type\" content=\"article\" \/>\n<meta property=\"og:title\" content=\"CBD? the new wellness ingredient | Buy CBD oil directly\" \/>\n<meta property=\"og:description\" content=\"CBD oil is becoming more and more popular and found its way into the wellness and beauty department | In short, CBD increases your wellbeing | Buy now\" \/>\n<meta property=\"og:url\" content=\"https:\/\/cbdtest.wimbo.at\/en\/what-is-cbd\/\" \/>\n<meta property=\"og:site_name\" content=\"CBD Bl\u00fcten | CBD \u00d6l online bestellen | FREYA CBDCURE\" \/>\n<meta property=\"article:publisher\" content=\"https:\/\/www.facebook.com\/freyacbdcure\/\" \/>\n<meta property=\"article:modified_time\" content=\"2021-11-30T21:00:17+00:00\" \/>\n<meta property=\"og:image\" content=\"http:\/\/cbdtest.wimbo.at\/wp-content\/uploads\/2019\/10\/sterne.png\" \/>\n<meta name=\"twitter:card\" content=\"summary_large_image\" \/>\n<meta name=\"twitter:site\" content=\"@freya_cbd_cure\" \/>\n<meta name=\"twitter:label1\" content=\"Est. reading time\" \/>\n\t<meta name=\"twitter:data1\" content=\"4 minutes\" \/>\n<script type=\"application\/ld+json\" class=\"yoast-schema-graph\">{\"@context\":\"https:\/\/schema.org\",\"@graph\":[{\"@type\":\"Organization\",\"@id\":\"https:\/\/cbdtest.wimbo.at\/#organization\",\"name\":\"CBD Bl\\u00fcten, \\u00d6l online kaufen | Freya cbdcure\",\"url\":\"https:\/\/cbdtest.wimbo.at\/\",\"sameAs\":[\"https:\/\/www.facebook.com\/freyacbdcure\/\",\"https:\/\/www.instagram.com\/freya_cbd_cure\/\",\"https:\/\/www.linkedin.com\/company\/freya-cbdcure\/\",\"https:\/\/www.pinterest.at\/freyacbdcure\/\",\"https:\/\/twitter.com\/freya_cbd_cure\"],\"logo\":{\"@type\":\"ImageObject\",\"@id\":\"https:\/\/cbdtest.wimbo.at\/#logo\",\"inLanguage\":\"en-US\",\"url\":\"http:\/\/cbdtest.wimbo.at\/wp-content\/uploads\/2020\/09\/freya_logo.png\",\"contentUrl\":\"http:\/\/cbdtest.wimbo.at\/wp-content\/uploads\/2020\/09\/freya_logo.png\",\"width\":800,\"height\":1073,\"caption\":\"CBD Bl\\u00fcten, \\u00d6l online kaufen | Freya cbdcure\"},\"image\":{\"@id\":\"https:\/\/cbdtest.wimbo.at\/#logo\"}},{\"@type\":\"WebSite\",\"@id\":\"https:\/\/cbdtest.wimbo.at\/#website\",\"url\":\"https:\/\/cbdtest.wimbo.at\/\",\"name\":\"CBD Bl\\u00fcten | CBD \\u00d6l online bestellen | FREYA CBDCURE\",\"description\":\"CBD \\u00d6l Produkte \/ CBD Bl\\u00fcten Bio Hanf einfach und bequem Online Kaufen\",\"publisher\":{\"@id\":\"https:\/\/cbdtest.wimbo.at\/#organization\"},\"potentialAction\":[{\"@type\":\"SearchAction\",\"target\":{\"@type\":\"EntryPoint\",\"urlTemplate\":\"https:\/\/cbdtest.wimbo.at\/?s={search_term_string}\"},\"query-input\":\"required name=search_term_string\"}],\"inLanguage\":\"en-US\"},{\"@type\":\"ImageObject\",\"@id\":\"https:\/\/cbdtest.wimbo.at\/en\/what-is-cbd\/#primaryimage\",\"inLanguage\":\"en-US\",\"url\":\"http:\/\/cbdtest.wimbo.at\/wp-content\/uploads\/2019\/10\/sterne.png\",\"contentUrl\":\"http:\/\/cbdtest.wimbo.at\/wp-content\/uploads\/2019\/10\/sterne.png\"},{\"@type\":\"WebPage\",\"@id\":\"https:\/\/cbdtest.wimbo.at\/en\/what-is-cbd\/#webpage\",\"url\":\"https:\/\/cbdtest.wimbo.at\/en\/what-is-cbd\/\",\"name\":\"CBD? the new wellness ingredient | Buy CBD oil directly\",\"isPartOf\":{\"@id\":\"https:\/\/cbdtest.wimbo.at\/#website\"},\"primaryImageOfPage\":{\"@id\":\"https:\/\/cbdtest.wimbo.at\/en\/what-is-cbd\/#primaryimage\"},\"datePublished\":\"2020-10-07T18:25:53+00:00\",\"dateModified\":\"2021-11-30T21:00:17+00:00\",\"description\":\"CBD oil is becoming more and more popular and found its way into the wellness and beauty department | In short, CBD increases your wellbeing | Buy now\",\"breadcrumb\":{\"@id\":\"https:\/\/cbdtest.wimbo.at\/en\/what-is-cbd\/#breadcrumb\"},\"inLanguage\":\"en-US\",\"potentialAction\":[{\"@type\":\"ReadAction\",\"target\":[\"https:\/\/cbdtest.wimbo.at\/en\/what-is-cbd\/\"]}]},{\"@type\":\"BreadcrumbList\",\"@id\":\"https:\/\/cbdtest.wimbo.at\/en\/what-is-cbd\/#breadcrumb\",\"itemListElement\":[{\"@type\":\"ListItem\",\"position\":1,\"name\":\"Startseite\",\"item\":\"https:\/\/cbdtest.wimbo.at\/en\/\"},{\"@type\":\"ListItem\",\"position\":2,\"name\":\"What is CBD?\"}]}]}<\/script>\n<!-- \/ Yoast SEO plugin. -->","yoast_head_json":{"title":"CBD? the new wellness ingredient | Buy CBD oil directly","description":"CBD oil is becoming more and more popular and found its way into the wellness and beauty department | In short, CBD increases your wellbeing | Buy now","robots":{"index":"noindex","follow":"follow","max-snippet":"max-snippet:-1","max-image-preview":"max-image-preview:large","max-video-preview":"max-video-preview:-1"},"og_locale":"en_US","og_type":"article","og_title":"CBD? the new wellness ingredient | Buy CBD oil directly","og_description":"CBD oil is becoming more and more popular and found its way into the wellness and beauty department | In short, CBD increases your wellbeing | Buy now","og_url":"https:\/\/cbdtest.wimbo.at\/en\/what-is-cbd\/","og_site_name":"CBD Bl\u00fcten | CBD \u00d6l online bestellen | FREYA CBDCURE","article_publisher":"https:\/\/www.facebook.com\/freyacbdcure\/","article_modified_time":"2021-11-30T21:00:17+00:00","og_image":[{"url":"http:\/\/cbdtest.wimbo.at\/wp-content\/uploads\/2019\/10\/sterne.png"}],"twitter_card":"summary_large_image","twitter_site":"@freya_cbd_cure","twitter_misc":{"Est. reading time":"4 minutes"},"schema":{"@context":"https:\/\/schema.org","@graph":[{"@type":"Organization","@id":"https:\/\/cbdtest.wimbo.at\/#organization","name":"CBD Bl\u00fcten, \u00d6l online kaufen | Freya cbdcure","url":"https:\/\/cbdtest.wimbo.at\/","sameAs":["https:\/\/www.facebook.com\/freyacbdcure\/","https:\/\/www.instagram.com\/freya_cbd_cure\/","https:\/\/www.linkedin.com\/company\/freya-cbdcure\/","https:\/\/www.pinterest.at\/freyacbdcure\/","https:\/\/twitter.com\/freya_cbd_cure"],"logo":{"@type":"ImageObject","@id":"https:\/\/cbdtest.wimbo.at\/#logo","inLanguage":"en-US","url":"http:\/\/cbdtest.wimbo.at\/wp-content\/uploads\/2020\/09\/freya_logo.png","contentUrl":"http:\/\/cbdtest.wimbo.at\/wp-content\/uploads\/2020\/09\/freya_logo.png","width":800,"height":1073,"caption":"CBD Bl\u00fcten, \u00d6l online kaufen | Freya cbdcure"},"image":{"@id":"https:\/\/cbdtest.wimbo.at\/#logo"}},{"@type":"WebSite","@id":"https:\/\/cbdtest.wimbo.at\/#website","url":"https:\/\/cbdtest.wimbo.at\/","name":"CBD Bl\u00fcten | CBD \u00d6l online bestellen | FREYA CBDCURE","description":"CBD \u00d6l Produkte \/ CBD Bl\u00fcten Bio Hanf einfach und bequem Online Kaufen","publisher":{"@id":"https:\/\/cbdtest.wimbo.at\/#organization"},"potentialAction":[{"@type":"SearchAction","target":{"@type":"EntryPoint","urlTemplate":"https:\/\/cbdtest.wimbo.at\/?s={search_term_string}"},"query-input":"required name=search_term_string"}],"inLanguage":"en-US"},{"@type":"ImageObject","@id":"https:\/\/cbdtest.wimbo.at\/en\/what-is-cbd\/#primaryimage","inLanguage":"en-US","url":"http:\/\/cbdtest.wimbo.at\/wp-content\/uploads\/2019\/10\/sterne.png","contentUrl":"http:\/\/cbdtest.wimbo.at\/wp-content\/uploads\/2019\/10\/sterne.png"},{"@type":"WebPage","@id":"https:\/\/cbdtest.wimbo.at\/en\/what-is-cbd\/#webpage","url":"https:\/\/cbdtest.wimbo.at\/en\/what-is-cbd\/","name":"CBD? the new wellness ingredient | Buy CBD oil directly","isPartOf":{"@id":"https:\/\/cbdtest.wimbo.at\/#website"},"primaryImageOfPage":{"@id":"https:\/\/cbdtest.wimbo.at\/en\/what-is-cbd\/#primaryimage"},"datePublished":"2020-10-07T18:25:53+00:00","dateModified":"2021-11-30T21:00:17+00:00","description":"CBD oil is becoming more and more popular and found its way into the wellness and beauty department | In short, CBD increases your wellbeing | Buy now","breadcrumb":{"@id":"https:\/\/cbdtest.wimbo.at\/en\/what-is-cbd\/#breadcrumb"},"inLanguage":"en-US","potentialAction":[{"@type":"ReadAction","target":["https:\/\/cbdtest.wimbo.at\/en\/what-is-cbd\/"]}]},{"@type":"BreadcrumbList","@id":"https:\/\/cbdtest.wimbo.at\/en\/what-is-cbd\/#breadcrumb","itemListElement":[{"@type":"ListItem","position":1,"name":"Startseite","item":"https:\/\/cbdtest.wimbo.at\/en\/"},{"@type":"ListItem","position":2,"name":"What is CBD?"}]}]}},"_links":{"self":[{"href":"https:\/\/cbdtest.wimbo.at\/en\/wp-json\/wp\/v2\/pages\/5236"}],"collection":[{"href":"https:\/\/cbdtest.wimbo.at\/en\/wp-json\/wp\/v2\/pages"}],"about":[{"href":"https:\/\/cbdtest.wimbo.at\/en\/wp-json\/wp\/v2\/types\/page"}],"author":[{"embeddable":true,"href":"https:\/\/cbdtest.wimbo.at\/en\/wp-json\/wp\/v2\/users\/1"}],"replies":[{"embeddable":true,"href":"https:\/\/cbdtest.wimbo.at\/en\/wp-json\/wp\/v2\/comments?post=5236"}],"version-history":[{"count":0,"href":"https:\/\/cbdtest.wimbo.at\/en\/wp-json\/wp\/v2\/pages\/5236\/revisions"}],"wp:attachment":[{"href":"https:\/\/cbdtest.wimbo.at\/en\/wp-json\/wp\/v2\/media?parent=5236"}],"curies":[{"name":"wp","href":"https:\/\/api.w.org\/{rel}","templated":true}]}}