{"id":5232,"date":"2020-10-07T20:22:27","date_gmt":"2020-10-07T18:22:27","guid":{"rendered":"http:\/\/cbdtest.wimbo.at\/about-us\/"},"modified":"2021-03-06T17:00:15","modified_gmt":"2021-03-06T16:00:15","slug":"about-us","status":"publish","type":"page","link":"https:\/\/cbdtest.wimbo.at\/en\/about-us\/","title":{"rendered":"About us"},"content":{"rendered":"\t\t<div data-elementor-type=\"wp-post\" data-elementor-id=\"5232\" class=\"elementor elementor-5232 elementor-3513\" data-elementor-settings=\"[]\">\n\t\t\t\t\t\t<div class=\"elementor-inner\">\n\t\t\t\t\t\t\t<div class=\"elementor-section-wrap\">\n\t\t\t\t\t\t\t<section class=\"elementor-section elementor-top-section elementor-element elementor-element-27ee92a1 elementor-reverse-mobile elementor-section-boxed elementor-section-height-default elementor-section-height-default\" data-id=\"27ee92a1\" data-element_type=\"section\" data-settings=\"{&quot;background_background&quot;:&quot;classic&quot;}\">\n\t\t\t\t\t\t<div class=\"elementor-container elementor-column-gap-default\">\n\t\t\t\t\t\t\t<div class=\"elementor-row\">\n\t\t\t\t\t<div class=\"elementor-column elementor-col-100 elementor-top-column elementor-element elementor-element-6bb005d3\" data-id=\"6bb005d3\" data-element_type=\"column\">\n\t\t\t<div class=\"elementor-column-wrap elementor-element-populated\">\n\t\t\t\t\t\t\t<div class=\"elementor-widget-wrap\">\n\t\t\t\t\t\t<div class=\"elementor-element elementor-element-28b9d7f6 elementor-invisible elementor-widget elementor-widget-heading\" data-id=\"28b9d7f6\" data-element_type=\"widget\" data-settings=\"{&quot;_animation&quot;:&quot;fadeInDown&quot;,&quot;_animation_delay&quot;:100}\" data-widget_type=\"heading.default\">\n\t\t\t\t<div class=\"elementor-widget-container\">\n\t\t\t<h1 class=\"elementor-heading-title elementor-size-default\">About us<\/h1>\t\t<\/div>\n\t\t\t\t<\/div>\n\t\t\t\t<div class=\"elementor-element elementor-element-15ed81d elementor-widget elementor-widget-spacer\" data-id=\"15ed81d\" data-element_type=\"widget\" data-widget_type=\"spacer.default\">\n\t\t\t\t<div class=\"elementor-widget-container\">\n\t\t\t\t\t<div class=\"elementor-spacer\">\n\t\t\t<div class=\"elementor-spacer-inner\"><\/div>\n\t\t<\/div>\n\t\t\t\t<\/div>\n\t\t\t\t<\/div>\n\t\t\t\t<div class=\"elementor-element elementor-element-39618b1 elementor-invisible elementor-widget elementor-widget-image\" data-id=\"39618b1\" data-element_type=\"widget\" data-settings=\"{&quot;_animation&quot;:&quot;tada&quot;}\" data-widget_type=\"image.default\">\n\t\t\t\t<div class=\"elementor-widget-container\">\n\t\t\t\t\t\t\t\t<div class=\"elementor-image\">\n\t\t\t\t\t\t\t\t\t\t\t\t<img src=\"http:\/\/cbdtest.wimbo.at\/wp-content\/uploads\/2019\/10\/sterne.png\" title=\"\" alt=\"\" \/>\t\t\t\t\t\t\t\t\t\t\t\t\t\t<\/div>\n\t\t\t\t\t\t<\/div>\n\t\t\t\t<\/div>\n\t\t\t\t\t\t<\/div>\n\t\t\t\t\t<\/div>\n\t\t<\/div>\n\t\t\t\t\t\t\t\t<\/div>\n\t\t\t\t\t<\/div>\n\t\t<\/section>\n\t\t\t\t<section class=\"elementor-section elementor-top-section elementor-element elementor-element-e946d4f elementor-section-boxed elementor-section-height-default elementor-section-height-default\" data-id=\"e946d4f\" data-element_type=\"section\" data-settings=\"{&quot;background_background&quot;:&quot;classic&quot;}\">\n\t\t\t\t\t\t<div class=\"elementor-container elementor-column-gap-default\">\n\t\t\t\t\t\t\t<div class=\"elementor-row\">\n\t\t\t\t\t<div class=\"elementor-column elementor-col-50 elementor-top-column elementor-element elementor-element-95d3403\" data-id=\"95d3403\" data-element_type=\"column\">\n\t\t\t<div class=\"elementor-column-wrap elementor-element-populated\">\n\t\t\t\t\t\t\t<div class=\"elementor-widget-wrap\">\n\t\t\t\t\t\t<div class=\"elementor-element elementor-element-15181c7 elementor-widget elementor-widget-heading\" data-id=\"15181c7\" data-element_type=\"widget\" data-widget_type=\"heading.default\">\n\t\t\t\t<div class=\"elementor-widget-container\">\n\t\t\t<h2 class=\"elementor-heading-title elementor-size-default\">freya CBDCURE<\/h2>\t\t<\/div>\n\t\t\t\t<\/div>\n\t\t\t\t<div class=\"elementor-element elementor-element-ed3558a elementor-widget elementor-widget-text-editor\" data-id=\"ed3558a\" data-element_type=\"widget\" data-widget_type=\"text-editor.default\">\n\t\t\t\t<div class=\"elementor-widget-container\">\n\t\t\t\t\t\t\t\t<div class=\"elementor-text-editor elementor-clearfix\">\n\t\t\t\t<section>\n<div data-elementor-type=\"wp-post\" data-elementor-id=\"848\" data-elementor-settings=\"[]\">\n<section data-id=\"c254773\" data-element_type=\"section\" data-settings=\"{\">\n<div data-id=\"d26e29a\" data-element_type=\"column\">\n<div data-id=\"baf3f0d\" data-element_type=\"widget\" data-widget_type=\"text-editor.default\">\n<p><strong>The aim is to set high standards.<\/strong><\/p>\n<\/div>\n<\/div>\n<\/section>\n<\/div>\n<\/section>\n\t\t\t\t\t<\/div>\n\t\t\t\t\t\t<\/div>\n\t\t\t\t<\/div>\n\t\t\t\t<div class=\"elementor-element elementor-element-0fb17c2 elementor-widget elementor-widget-text-editor\" data-id=\"0fb17c2\" data-element_type=\"widget\" data-widget_type=\"text-editor.default\">\n\t\t\t\t<div class=\"elementor-widget-container\">\n\t\t\t\t\t\t\t\t<div class=\"elementor-text-editor elementor-clearfix\">\n\t\t\t\t<p>Andreinas interest in the history of hemp with thousands of years of tradition all over the world finally led to the name: Freya, worshiped by the ancient Germanic tribes as the goddess of fertility and spring, of happiness and love, and as a teacher of magic.<\/p>\n<p>The idea to establish freya CBDCURE arose for personal reasons: Andreina Fernandez De Schafferer, born in Venezuela, had to struggle with numerous challenges in her adopted country as well as with the consequences of her sporting activities. &#8220;Chronic back pain, the stressful everyday life and the climate in Austria caused me a lot of trouble. The back pain became chronic, the stress too much. A tip from relatives in the USA brought me the solution to my problems: CBD helped me to relax mentally and physically &#8211; the back pain is gone, I sleep well and feel completely healthy and relaxed. I feel so well that I decided to create my own business with CBD products and to let other people profit from the positive powers of this centuries-old &#8220;miracle herb&#8221;.<\/p>\n\t\t\t\t\t<\/div>\n\t\t\t\t\t\t<\/div>\n\t\t\t\t<\/div>\n\t\t\t\t\t\t<\/div>\n\t\t\t\t\t<\/div>\n\t\t<\/div>\n\t\t\t\t<div class=\"elementor-column elementor-col-50 elementor-top-column elementor-element elementor-element-b6bc59d\" data-id=\"b6bc59d\" data-element_type=\"column\">\n\t\t\t<div class=\"elementor-column-wrap elementor-element-populated\">\n\t\t\t\t\t\t\t<div class=\"elementor-widget-wrap\">\n\t\t\t\t\t\t<div class=\"elementor-element elementor-element-3c44218 elementor-widget elementor-widget-image\" data-id=\"3c44218\" data-element_type=\"widget\" data-widget_type=\"image.default\">\n\t\t\t\t<div class=\"elementor-widget-container\">\n\t\t\t\t\t\t\t\t<div class=\"elementor-image\">\n\t\t\t\t\t\t\t\t\t\t\t\t<img width=\"591\" height=\"800\" src=\"https:\/\/cbdtest.wimbo.at\/wp-content\/uploads\/2020\/06\/ueber-uns-cbd.jpg\" class=\"attachment-large size-large\" alt=\"Managing Director Andreina Schafferer\" loading=\"lazy\" srcset=\"https:\/\/cbdtest.wimbo.at\/wp-content\/uploads\/2020\/06\/ueber-uns-cbd.jpg 591w, https:\/\/cbdtest.wimbo.at\/wp-content\/uploads\/2020\/06\/ueber-uns-cbd-222x300.jpg 222w, https:\/\/cbdtest.wimbo.at\/wp-content\/uploads\/2020\/06\/ueber-uns-cbd-49x66.jpg 49w, https:\/\/cbdtest.wimbo.at\/wp-content\/uploads\/2020\/06\/ueber-uns-cbd-59x80.jpg 59w, https:\/\/cbdtest.wimbo.at\/wp-content\/uploads\/2020\/06\/ueber-uns-cbd-224x303.jpg 224w, https:\/\/cbdtest.wimbo.at\/wp-content\/uploads\/2020\/06\/ueber-uns-cbd-517x700.jpg 517w\" sizes=\"(max-width: 591px) 100vw, 591px\" \/>\t\t\t\t\t\t\t\t\t\t\t\t\t\t<\/div>\n\t\t\t\t\t\t<\/div>\n\t\t\t\t<\/div>\n\t\t\t\t\t\t<\/div>\n\t\t\t\t\t<\/div>\n\t\t<\/div>\n\t\t\t\t\t\t\t\t<\/div>\n\t\t\t\t\t<\/div>\n\t\t<\/section>\n\t\t\t\t<section class=\"elementor-section elementor-top-section elementor-element elementor-element-fc7269d elementor-section-boxed elementor-section-height-default elementor-section-height-default\" data-id=\"fc7269d\" data-element_type=\"section\" data-settings=\"{&quot;background_background&quot;:&quot;classic&quot;}\">\n\t\t\t\t\t\t<div class=\"elementor-container elementor-column-gap-default\">\n\t\t\t\t\t\t\t<div class=\"elementor-row\">\n\t\t\t\t\t<div class=\"elementor-column elementor-col-100 elementor-top-column elementor-element elementor-element-471db87\" data-id=\"471db87\" data-element_type=\"column\">\n\t\t\t<div class=\"elementor-column-wrap elementor-element-populated\">\n\t\t\t\t\t\t\t<div class=\"elementor-widget-wrap\">\n\t\t\t\t\t\t<div class=\"elementor-element elementor-element-18d0373 elementor-blockquote--skin-border elementor-blockquote--button-color-official elementor-widget elementor-widget-blockquote\" data-id=\"18d0373\" data-element_type=\"widget\" data-widget_type=\"blockquote.default\">\n\t\t\t\t<div class=\"elementor-widget-container\">\n\t\t\t\t\t<blockquote class=\"elementor-blockquote\">\n\t\t\t<p class=\"elementor-blockquote__content\">\n\t\t\t\t\"I was surprised that hemp also has such a history here in Europe - freya CBDCURE wants to continue this tradition and help people to cope with the challenges of the 21st century\" says Andreina.\r\n\t\t\t<\/p>\n\t\t\t\t\t<\/blockquote>\n\t\t\t\t<\/div>\n\t\t\t\t<\/div>\n\t\t\t\t\t\t<\/div>\n\t\t\t\t\t<\/div>\n\t\t<\/div>\n\t\t\t\t\t\t\t\t<\/div>\n\t\t\t\t\t<\/div>\n\t\t<\/section>\n\t\t\t\t\t\t<\/div>\n\t\t\t\t\t\t<\/div>\n\t\t\t\t\t<\/div>\n\t\t","protected":false},"excerpt":{"rendered":"<p>About us freya CBDCURE The aim is to set high standards. Andreinas interest in the history of hemp with thousands of years of tradition all over the world finally led to the name: Freya, worshiped by the ancient Germanic tribes &hellip; <a href=\"https:\/\/cbdtest.wimbo.at\/en\/about-us\/\">Read More<\/a><\/p>\n","protected":false},"author":1,"featured_media":0,"parent":0,"menu_order":4,"comment_status":"closed","ping_status":"closed","template":"","meta":[],"yoast_head":"<!-- This site is optimized with the Yoast SEO plugin v17.7.1 - https:\/\/yoast.com\/wordpress\/plugins\/seo\/ -->\n<title>About us: freya CBDCURE | Order CBD online now<\/title>\n<meta name=\"description\" content=\"The aim is to set high standards Andreina&#039;s preoccupation with the history of hemp with a tradition going back thousands of years all over the world\" \/>\n<meta name=\"robots\" content=\"noindex, follow, max-snippet:-1, max-image-preview:large, max-video-preview:-1\" \/>\n<meta property=\"og:locale\" content=\"en_US\" \/>\n<meta property=\"og:type\" content=\"article\" \/>\n<meta property=\"og:title\" content=\"About us: freya CBDCURE | Order CBD online now\" \/>\n<meta property=\"og:description\" content=\"The aim is to set high standards Andreina&#039;s preoccupation with the history of hemp with a tradition going back thousands of years all over the world\" \/>\n<meta property=\"og:url\" content=\"https:\/\/cbdtest.wimbo.at\/en\/about-us\/\" \/>\n<meta property=\"og:site_name\" content=\"CBD Bl\u00fcten | CBD \u00d6l online bestellen | FREYA CBDCURE\" \/>\n<meta property=\"article:publisher\" content=\"https:\/\/www.facebook.com\/freyacbdcure\/\" \/>\n<meta property=\"article:modified_time\" content=\"2021-03-06T16:00:15+00:00\" \/>\n<meta property=\"og:image\" content=\"http:\/\/cbdtest.wimbo.at\/wp-content\/uploads\/2019\/10\/sterne.png\" \/>\n<meta name=\"twitter:card\" content=\"summary_large_image\" \/>\n<meta name=\"twitter:site\" content=\"@freya_cbd_cure\" \/>\n<meta name=\"twitter:label1\" content=\"Est. reading time\" \/>\n\t<meta name=\"twitter:data1\" content=\"2 minutes\" \/>\n<script type=\"application\/ld+json\" class=\"yoast-schema-graph\">{\"@context\":\"https:\/\/schema.org\",\"@graph\":[{\"@type\":\"Organization\",\"@id\":\"https:\/\/cbdtest.wimbo.at\/#organization\",\"name\":\"CBD Bl\\u00fcten, \\u00d6l online kaufen | Freya cbdcure\",\"url\":\"https:\/\/cbdtest.wimbo.at\/\",\"sameAs\":[\"https:\/\/www.facebook.com\/freyacbdcure\/\",\"https:\/\/www.instagram.com\/freya_cbd_cure\/\",\"https:\/\/www.linkedin.com\/company\/freya-cbdcure\/\",\"https:\/\/www.pinterest.at\/freyacbdcure\/\",\"https:\/\/twitter.com\/freya_cbd_cure\"],\"logo\":{\"@type\":\"ImageObject\",\"@id\":\"https:\/\/cbdtest.wimbo.at\/#logo\",\"inLanguage\":\"en-US\",\"url\":\"http:\/\/cbdtest.wimbo.at\/wp-content\/uploads\/2020\/09\/freya_logo.png\",\"contentUrl\":\"http:\/\/cbdtest.wimbo.at\/wp-content\/uploads\/2020\/09\/freya_logo.png\",\"width\":800,\"height\":1073,\"caption\":\"CBD Bl\\u00fcten, \\u00d6l online kaufen | Freya cbdcure\"},\"image\":{\"@id\":\"https:\/\/cbdtest.wimbo.at\/#logo\"}},{\"@type\":\"WebSite\",\"@id\":\"https:\/\/cbdtest.wimbo.at\/#website\",\"url\":\"https:\/\/cbdtest.wimbo.at\/\",\"name\":\"CBD Bl\\u00fcten | CBD \\u00d6l online bestellen | FREYA CBDCURE\",\"description\":\"CBD \\u00d6l Produkte \/ CBD Bl\\u00fcten Bio Hanf einfach und bequem Online Kaufen\",\"publisher\":{\"@id\":\"https:\/\/cbdtest.wimbo.at\/#organization\"},\"potentialAction\":[{\"@type\":\"SearchAction\",\"target\":{\"@type\":\"EntryPoint\",\"urlTemplate\":\"https:\/\/cbdtest.wimbo.at\/?s={search_term_string}\"},\"query-input\":\"required name=search_term_string\"}],\"inLanguage\":\"en-US\"},{\"@type\":\"ImageObject\",\"@id\":\"https:\/\/cbdtest.wimbo.at\/en\/about-us\/#primaryimage\",\"inLanguage\":\"en-US\",\"url\":\"http:\/\/cbdtest.wimbo.at\/wp-content\/uploads\/2019\/10\/sterne.png\",\"contentUrl\":\"http:\/\/cbdtest.wimbo.at\/wp-content\/uploads\/2019\/10\/sterne.png\"},{\"@type\":\"WebPage\",\"@id\":\"https:\/\/cbdtest.wimbo.at\/en\/about-us\/#webpage\",\"url\":\"https:\/\/cbdtest.wimbo.at\/en\/about-us\/\",\"name\":\"About us: freya CBDCURE | Order CBD online now\",\"isPartOf\":{\"@id\":\"https:\/\/cbdtest.wimbo.at\/#website\"},\"primaryImageOfPage\":{\"@id\":\"https:\/\/cbdtest.wimbo.at\/en\/about-us\/#primaryimage\"},\"datePublished\":\"2020-10-07T18:22:27+00:00\",\"dateModified\":\"2021-03-06T16:00:15+00:00\",\"description\":\"The aim is to set high standards Andreina's preoccupation with the history of hemp with a tradition going back thousands of years all over the world\",\"breadcrumb\":{\"@id\":\"https:\/\/cbdtest.wimbo.at\/en\/about-us\/#breadcrumb\"},\"inLanguage\":\"en-US\",\"potentialAction\":[{\"@type\":\"ReadAction\",\"target\":[\"https:\/\/cbdtest.wimbo.at\/en\/about-us\/\"]}]},{\"@type\":\"BreadcrumbList\",\"@id\":\"https:\/\/cbdtest.wimbo.at\/en\/about-us\/#breadcrumb\",\"itemListElement\":[{\"@type\":\"ListItem\",\"position\":1,\"name\":\"Startseite\",\"item\":\"https:\/\/cbdtest.wimbo.at\/en\/\"},{\"@type\":\"ListItem\",\"position\":2,\"name\":\"About us\"}]}]}<\/script>\n<!-- \/ Yoast SEO plugin. -->","yoast_head_json":{"title":"About us: freya CBDCURE | Order CBD online now","description":"The aim is to set high standards Andreina's preoccupation with the history of hemp with a tradition going back thousands of years all over the world","robots":{"index":"noindex","follow":"follow","max-snippet":"max-snippet:-1","max-image-preview":"max-image-preview:large","max-video-preview":"max-video-preview:-1"},"og_locale":"en_US","og_type":"article","og_title":"About us: freya CBDCURE | Order CBD online now","og_description":"The aim is to set high standards Andreina's preoccupation with the history of hemp with a tradition going back thousands of years all over the world","og_url":"https:\/\/cbdtest.wimbo.at\/en\/about-us\/","og_site_name":"CBD Bl\u00fcten | CBD \u00d6l online bestellen | FREYA CBDCURE","article_publisher":"https:\/\/www.facebook.com\/freyacbdcure\/","article_modified_time":"2021-03-06T16:00:15+00:00","og_image":[{"url":"http:\/\/cbdtest.wimbo.at\/wp-content\/uploads\/2019\/10\/sterne.png"}],"twitter_card":"summary_large_image","twitter_site":"@freya_cbd_cure","twitter_misc":{"Est. reading time":"2 minutes"},"schema":{"@context":"https:\/\/schema.org","@graph":[{"@type":"Organization","@id":"https:\/\/cbdtest.wimbo.at\/#organization","name":"CBD Bl\u00fcten, \u00d6l online kaufen | Freya cbdcure","url":"https:\/\/cbdtest.wimbo.at\/","sameAs":["https:\/\/www.facebook.com\/freyacbdcure\/","https:\/\/www.instagram.com\/freya_cbd_cure\/","https:\/\/www.linkedin.com\/company\/freya-cbdcure\/","https:\/\/www.pinterest.at\/freyacbdcure\/","https:\/\/twitter.com\/freya_cbd_cure"],"logo":{"@type":"ImageObject","@id":"https:\/\/cbdtest.wimbo.at\/#logo","inLanguage":"en-US","url":"http:\/\/cbdtest.wimbo.at\/wp-content\/uploads\/2020\/09\/freya_logo.png","contentUrl":"http:\/\/cbdtest.wimbo.at\/wp-content\/uploads\/2020\/09\/freya_logo.png","width":800,"height":1073,"caption":"CBD Bl\u00fcten, \u00d6l online kaufen | Freya cbdcure"},"image":{"@id":"https:\/\/cbdtest.wimbo.at\/#logo"}},{"@type":"WebSite","@id":"https:\/\/cbdtest.wimbo.at\/#website","url":"https:\/\/cbdtest.wimbo.at\/","name":"CBD Bl\u00fcten | CBD \u00d6l online bestellen | FREYA CBDCURE","description":"CBD \u00d6l Produkte \/ CBD Bl\u00fcten Bio Hanf einfach und bequem Online Kaufen","publisher":{"@id":"https:\/\/cbdtest.wimbo.at\/#organization"},"potentialAction":[{"@type":"SearchAction","target":{"@type":"EntryPoint","urlTemplate":"https:\/\/cbdtest.wimbo.at\/?s={search_term_string}"},"query-input":"required name=search_term_string"}],"inLanguage":"en-US"},{"@type":"ImageObject","@id":"https:\/\/cbdtest.wimbo.at\/en\/about-us\/#primaryimage","inLanguage":"en-US","url":"http:\/\/cbdtest.wimbo.at\/wp-content\/uploads\/2019\/10\/sterne.png","contentUrl":"http:\/\/cbdtest.wimbo.at\/wp-content\/uploads\/2019\/10\/sterne.png"},{"@type":"WebPage","@id":"https:\/\/cbdtest.wimbo.at\/en\/about-us\/#webpage","url":"https:\/\/cbdtest.wimbo.at\/en\/about-us\/","name":"About us: freya CBDCURE | Order CBD online now","isPartOf":{"@id":"https:\/\/cbdtest.wimbo.at\/#website"},"primaryImageOfPage":{"@id":"https:\/\/cbdtest.wimbo.at\/en\/about-us\/#primaryimage"},"datePublished":"2020-10-07T18:22:27+00:00","dateModified":"2021-03-06T16:00:15+00:00","description":"The aim is to set high standards Andreina's preoccupation with the history of hemp with a tradition going back thousands of years all over the world","breadcrumb":{"@id":"https:\/\/cbdtest.wimbo.at\/en\/about-us\/#breadcrumb"},"inLanguage":"en-US","potentialAction":[{"@type":"ReadAction","target":["https:\/\/cbdtest.wimbo.at\/en\/about-us\/"]}]},{"@type":"BreadcrumbList","@id":"https:\/\/cbdtest.wimbo.at\/en\/about-us\/#breadcrumb","itemListElement":[{"@type":"ListItem","position":1,"name":"Startseite","item":"https:\/\/cbdtest.wimbo.at\/en\/"},{"@type":"ListItem","position":2,"name":"About us"}]}]}},"_links":{"self":[{"href":"https:\/\/cbdtest.wimbo.at\/en\/wp-json\/wp\/v2\/pages\/5232"}],"collection":[{"href":"https:\/\/cbdtest.wimbo.at\/en\/wp-json\/wp\/v2\/pages"}],"about":[{"href":"https:\/\/cbdtest.wimbo.at\/en\/wp-json\/wp\/v2\/types\/page"}],"author":[{"embeddable":true,"href":"https:\/\/cbdtest.wimbo.at\/en\/wp-json\/wp\/v2\/users\/1"}],"replies":[{"embeddable":true,"href":"https:\/\/cbdtest.wimbo.at\/en\/wp-json\/wp\/v2\/comments?post=5232"}],"version-history":[{"count":0,"href":"https:\/\/cbdtest.wimbo.at\/en\/wp-json\/wp\/v2\/pages\/5232\/revisions"}],"wp:attachment":[{"href":"https:\/\/cbdtest.wimbo.at\/en\/wp-json\/wp\/v2\/media?parent=5232"}],"curies":[{"name":"wp","href":"https:\/\/api.w.org\/{rel}","templated":true}]}}